{"id":2672,"date":"2025-10-15T13:45:59","date_gmt":"2025-10-15T11:45:59","guid":{"rendered":"https:\/\/cosmosolar.com\/fr\/?post_type=product&#038;p=2672"},"modified":"2025-11-11T14:49:05","modified_gmt":"2025-11-11T12:49:05","slug":"boiler-%ce%bb%ce%b5%ce%b2%ce%b7%cf%84%ce%bf%cf%83%cf%84%ce%b1%cf%83%ce%af%ce%bf%cf%85-glass-160l-1000l","status":"publish","type":"product","link":"https:\/\/cosmosolar.com\/pt\/product\/boiler-%ce%bb%ce%b5%ce%b2%ce%b7%cf%84%ce%bf%cf%83%cf%84%ce%b1%cf%83%ce%af%ce%bf%cf%85-glass-160l-1000l\/","title":{"rendered":"Acumuladores vertic\u00e1is esmaltados 160L-1000L pela produ\u00e7\u00e3o de \u00e1gua quente sanit\u00e1ria, ESPECIALMENTE DISENHADOS PARA BOMBAS DE CALOR"},"content":{"rendered":"<div class=\"wpb-content-wrapper\"><p>[vc_row][vc_column][vc_tta_accordion][vc_tta_section title=&#8221;Documentos&#8221; tab_id=&#8221;1761317686441-a27310a9-4b8f&#8221;][vc_column_text]<br \/>\n<h4 style='margin-top: 0px;'>Acumuladores vertic\u00e1is esmaltados 160L-1000L pela produ\u00e7\u00e3o de \u00e1gua quente sanit\u00e1ria, ESPECIALMENTE DISENHADOS PARA BOMBAS DE CALOR<\/h4><ul style='margin-left: 0px;'><\/ul><h4 style='margin-top: 15px;'>Ficha t\u00e9cnica<\/h4><ul style='margin-left: 20px;'><li><a href=\"https:\/\/cosmosolar.com\/wp-content\/uploads\/documents\/english\/HEAT_PUMP_VERTICAL_ENAMELED\/Datasheet\/vertical_tanks_for_heat_pumps.pdf\" target=\"_blank\" rel=\"noopener\">\ud83d\udcc4 vertical_tanks_for_heat_pumps.pdf<\/a><\/li><\/ul><br \/>\n[\/vc_column_text][\/vc_tta_section][vc_tta_section title=&#8221;Descri\u00e7\u00e3o&#8221; tab_id=&#8221;1761317686455-d10a3957-cc5d&#8221;][vc_column_text]<br \/>\n<span style=\"color: #008000;\"><strong>Sob pedido, os acumuladores podem incluir:<\/strong><\/span><\/p>\n<p><em>revestimento met\u00e1lico<\/em><\/p>\n<p><em>resist\u00eancia el\u00e9trica com termostato de 1,5 at\u00e9 4 kw<\/em><\/p>\n<p><em>reisist\u00eancia el\u00e9trica trif\u00e1ssica com termostato 1 \u00bd&#8221; com pot\u00eancia de 6 ou 9 kW<\/em><\/p>\n<p>&nbsp;<\/p>\n<table class=\"rtable rtable--flip\" style=\"width: 914px;\">\n<tbody>\n<tr style=\"height: 48px;\">\n<th style=\"width: 335px; height: 48px;\"><strong>ESPECIFICA\u00c7\u00d5ES T\u00c9CNICAS<\/strong><\/th>\n<th style=\"width: 10px; height: 48px;\"><\/th>\n<th style=\"width: 33px; height: 48px;\"><\/th>\n<th style=\"width: 10px; height: 48px;\"><\/th>\n<th style=\"width: 103px; height: 48px;\"><strong>BLGLLA 200<\/strong><\/th>\n<th style=\"width: 83px; height: 48px;\"><strong>BLGLLA 300<\/strong><\/th>\n<th style=\"width: 120px; height: 48px;\"><strong>BLGLLA 500\/600<\/strong><\/th>\n<th style=\"width: 80px; height: 48px;\"><strong>BLGLLA 800<\/strong><\/th>\n<th style=\"width: 88px; height: 48px;\"><strong>BLGLLA 1000<\/strong><\/th>\n<\/tr>\n<tr style=\"height: 24px;\">\n<td style=\"width: 335px; height: 24px;\">Di\u00e2metro interno<\/td>\n<td style=\"width: 10px; height: 24px;\"><\/td>\n<td style=\"width: 33px; height: 24px;\">mm<\/td>\n<td style=\"width: 10px; height: 24px;\"><\/td>\n<td style=\"width: 103px; height: 24px;\">510<\/td>\n<td style=\"width: 83px; height: 24px;\">510<\/td>\n<td style=\"width: 120px; height: 24px;\">650<\/td>\n<td style=\"width: 80px; height: 24px;\">850<\/td>\n<td style=\"width: 88px; height: 24px;\">850<\/td>\n<\/tr>\n<tr style=\"height: 24px;\">\n<td style=\"width: 335px; height: 24px;\">Di\u00e2metro esterno<\/td>\n<td style=\"width: 10px; height: 24px;\"><\/td>\n<td style=\"width: 33px; height: 24px;\">mm<\/td>\n<td style=\"width: 10px; height: 24px;\"><\/td>\n<td style=\"width: 103px; height: 24px;\">630<\/td>\n<td style=\"width: 83px; height: 24px;\">630<\/td>\n<td style=\"width: 120px; height: 24px;\">850<\/td>\n<td style=\"width: 80px; height: 24px;\">1050<\/td>\n<td style=\"width: 88px; height: 24px;\">1050<\/td>\n<\/tr>\n<tr style=\"height: 24px;\">\n<td style=\"width: 335px; height: 24px;\">Altura<\/td>\n<td style=\"width: 10px; height: 24px;\"><\/td>\n<td style=\"width: 33px; height: 24px;\">mm<\/td>\n<td style=\"width: 10px; height: 24px;\"><\/td>\n<td style=\"width: 103px; height: 24px;\">1460<\/td>\n<td style=\"width: 83px; height: 24px;\">1800<\/td>\n<td style=\"width: 120px; height: 24px;\">1800\/2000<\/td>\n<td style=\"width: 80px; height: 24px;\">1800<\/td>\n<td style=\"width: 88px; height: 24px;\">2000<\/td>\n<\/tr>\n<tr style=\"height: 24px;\">\n<td style=\"width: 335px; height: 24px;\">Espessura do acumulador<\/td>\n<td style=\"width: 10px; height: 24px;\"><\/td>\n<td style=\"width: 33px; height: 24px;\">mm<\/td>\n<td style=\"width: 10px; height: 24px;\"><\/td>\n<td style=\"width: 103px; height: 24px;\">2,5<\/td>\n<td style=\"width: 83px; height: 24px;\">2,5<\/td>\n<td style=\"width: 120px; height: 24px;\">3<\/td>\n<td style=\"width: 80px; height: 24px;\">4<\/td>\n<td style=\"width: 88px; height: 24px;\">4<\/td>\n<\/tr>\n<tr style=\"height: 24px;\">\n<td style=\"width: 335px; height: 24px;\">Temperatura m\u00e1xima<\/td>\n<td style=\"width: 10px; height: 24px;\"><\/td>\n<td style=\"width: 33px; height: 24px;\">\u00b0C<\/td>\n<td style=\"width: 10px; height: 24px;\"><\/td>\n<td style=\"width: 103px; height: 24px;\">95<\/td>\n<td style=\"width: 83px; height: 24px;\">95<\/td>\n<td style=\"width: 120px; height: 24px;\">95<\/td>\n<td style=\"width: 80px; height: 24px;\">95<\/td>\n<td style=\"width: 88px; height: 24px;\">95<\/td>\n<\/tr>\n<tr style=\"height: 24px;\">\n<td style=\"width: 335px; height: 24px;\">Press\u00e2o m\u00e1xima de opera\u00e7\u00e3o<\/td>\n<td style=\"width: 10px; height: 24px;\"><\/td>\n<td style=\"width: 33px; height: 24px;\">bar<\/td>\n<td style=\"width: 10px; height: 24px;\"><\/td>\n<td style=\"width: 103px; height: 24px;\">10<\/td>\n<td style=\"width: 83px; height: 24px;\">10<\/td>\n<td style=\"width: 120px; height: 24px;\">10<\/td>\n<td style=\"width: 80px; height: 24px;\">10<\/td>\n<td style=\"width: 88px; height: 24px;\">10<\/td>\n<\/tr>\n<tr style=\"height: 24px;\">\n<td style=\"width: 335px; height: 24px;\">Press\u00e3o m\u00e1xima admiss\u00edvel da \u00e1gua sanit\u00e1ria<\/td>\n<td style=\"width: 10px; height: 24px;\"><\/td>\n<td style=\"width: 33px; height: 24px;\">bar<\/td>\n<td style=\"width: 10px; height: 24px;\"><\/td>\n<td style=\"width: 103px; height: 24px;\">10<\/td>\n<td style=\"width: 83px; height: 24px;\">10<\/td>\n<td style=\"width: 120px; height: 24px;\">10<\/td>\n<td style=\"width: 80px; height: 24px;\">10<\/td>\n<td style=\"width: 88px; height: 24px;\">10<\/td>\n<\/tr>\n<tr style=\"height: 24px;\">\n<td style=\"width: 335px; height: 24px;\">Press\u00e3o m\u00e1xima dos permutadores<\/td>\n<td style=\"width: 10px; height: 24px;\"><\/td>\n<td style=\"width: 33px; height: 24px;\">bar<\/td>\n<td style=\"width: 10px; height: 24px;\"><\/td>\n<td style=\"width: 103px; height: 24px;\">16<\/td>\n<td style=\"width: 83px; height: 24px;\">16<\/td>\n<td style=\"width: 120px; height: 24px;\">16<\/td>\n<td style=\"width: 80px; height: 24px;\">16<\/td>\n<td style=\"width: 88px; height: 24px;\">16<\/td>\n<\/tr>\n<tr style=\"height: 24px;\">\n<td style=\"width: 335px; height: 24px;\">Isolamento (P.U. )<\/td>\n<td style=\"width: 10px; height: 24px;\"><\/td>\n<td style=\"width: 33px; height: 24px;\"><\/td>\n<td style=\"width: 10px; height: 24px;\"><\/td>\n<td style=\"width: 103px; height: 24px;\">r\u00edgido<\/td>\n<td style=\"width: 83px; height: 24px;\">r\u00edgido<\/td>\n<td style=\"width: 120px; height: 24px;\">suave<\/td>\n<td style=\"width: 80px; height: 24px;\">suave<\/td>\n<td style=\"width: 88px; height: 24px;\">suave<\/td>\n<\/tr>\n<tr style=\"height: 24px;\">\n<td style=\"width: 335px; height: 24px;\">Espessura do isolamento<\/td>\n<td style=\"width: 10px; height: 24px;\"><\/td>\n<td style=\"width: 33px; height: 24px;\">mm<\/td>\n<td style=\"width: 10px; height: 24px;\"><\/td>\n<td style=\"width: 103px; height: 24px;\">60<\/td>\n<td style=\"width: 83px; height: 24px;\">60<\/td>\n<td style=\"width: 120px; height: 24px;\">100<\/td>\n<td style=\"width: 80px; height: 24px;\">100<\/td>\n<td style=\"width: 88px; height: 24px;\">100<\/td>\n<\/tr>\n<tr style=\"height: 24px;\">\n<td style=\"width: 335px; height: 24px;\">Temperatura m\u00e1xima dos permutadores<\/td>\n<td style=\"width: 10px; height: 24px;\"><\/td>\n<td style=\"width: 33px; height: 24px;\">\u00b0C<\/td>\n<td style=\"width: 10px; height: 24px;\"><\/td>\n<td style=\"width: 103px; height: 24px;\">130<\/td>\n<td style=\"width: 83px; height: 24px;\">130<\/td>\n<td style=\"width: 120px; height: 24px;\">130<\/td>\n<td style=\"width: 80px; height: 24px;\">130<\/td>\n<td style=\"width: 88px; height: 24px;\">130<\/td>\n<\/tr>\n<tr style=\"height: 24px;\">\n<td style=\"width: 335px; height: 24px;\">Superf\u00edcie do permutador <strong>\u0392<\/strong> (solar)<\/td>\n<td style=\"width: 10px; height: 24px;\"><\/td>\n<td style=\"width: 33px; height: 24px;\">m2<\/td>\n<td style=\"width: 10px; height: 24px;\"><\/td>\n<td style=\"width: 103px; height: 24px;\">0,70<\/td>\n<td style=\"width: 83px; height: 24px;\">1,00<\/td>\n<td style=\"width: 120px; height: 24px;\">1,20<\/td>\n<td style=\"width: 80px; height: 24px;\">1,70<\/td>\n<td style=\"width: 88px; height: 24px;\">2,00<\/td>\n<\/tr>\n<tr style=\"height: 24px;\">\n<td style=\"width: 335px; height: 24px;\">Superf\u00edcie do permutador <strong>\u0391 <\/strong>(bomba de calor)<\/td>\n<td style=\"width: 10px; height: 24px;\"><\/td>\n<td style=\"width: 33px; height: 24px;\">m2<\/td>\n<td style=\"width: 10px; height: 24px;\"><\/td>\n<td style=\"width: 103px; height: 24px;\">2,20<\/td>\n<td style=\"width: 83px; height: 24px;\">3,90<\/td>\n<td style=\"width: 120px; height: 24px;\">5,20<\/td>\n<td style=\"width: 80px; height: 24px;\">6,10<\/td>\n<td style=\"width: 88px; height: 24px;\">7,40<\/td>\n<\/tr>\n<tr style=\"height: 24px;\">\n<td style=\"width: 335px; height: 24px;\">Capacidade do permutador<strong> \u0392 <\/strong>(solar)<\/td>\n<td style=\"width: 10px; height: 24px;\"><\/td>\n<td style=\"width: 33px; height: 24px;\">Lt<\/td>\n<td style=\"width: 10px; height: 24px;\"><\/td>\n<td style=\"width: 103px; height: 24px;\">4,60<\/td>\n<td style=\"width: 83px; height: 24px;\">6,30<\/td>\n<td style=\"width: 120px; height: 24px;\">7,60<\/td>\n<td style=\"width: 80px; height: 24px;\">10,90<\/td>\n<td style=\"width: 88px; height: 24px;\">12,50<\/td>\n<\/tr>\n<tr style=\"height: 24px;\">\n<td style=\"width: 335px; height: 24px;\">Capacidade do permutador<strong> \u0391 <\/strong>(bomba de calor)<\/td>\n<td style=\"width: 10px; height: 24px;\"><\/td>\n<td style=\"width: 33px; height: 24px;\">Lt<\/td>\n<td style=\"width: 10px; height: 24px;\"><\/td>\n<td style=\"width: 103px; height: 24px;\">14,20<\/td>\n<td style=\"width: 83px; height: 24px;\">31,70<\/td>\n<td style=\"width: 120px; height: 24px;\">52,90<\/td>\n<td style=\"width: 80px; height: 24px;\">69,20<\/td>\n<td style=\"width: 88px; height: 24px;\">75,40<\/td>\n<\/tr>\n<tr style=\"height: 89px;\">\n<td style=\"width: 335px; height: 89px;\">* Falange inspe\u00e7\u00e3o <strong>F1 <\/strong>(acima) \/ \u00e1nodo de magnesio<\/td>\n<td style=\"width: 10px; height: 89px;\"><\/td>\n<td style=\"width: 33px; height: 89px;\">Inch<\/td>\n<td style=\"width: 10px; height: 89px;\"><\/td>\n<td style=\"width: 103px; height: 89px;\">140 \/ DIA22xL500mm<\/td>\n<td style=\"width: 83px; height: 89px;\">140 \/ DIA22xL500mm<\/td>\n<td style=\"width: 120px; height: 89px;\">140 \/ DIA32xL500mm<\/td>\n<td style=\"width: 80px; height: 89px;\">196 \/ DIA32xL500mm<\/td>\n<td style=\"width: 88px; height: 89px;\">196 \/ DIA32xL500mm<\/td>\n<\/tr>\n<tr style=\"height: 89px;\">\n<td style=\"width: 335px; height: 89px;\">* Falange inspe\u00e7\u00e3o <strong>F2 <\/strong>(abaixo) \/ \u00e1nodo de magnesio<\/td>\n<td style=\"width: 10px; height: 89px;\"><\/td>\n<td style=\"width: 33px; height: 89px;\">Inch<\/td>\n<td style=\"width: 10px; height: 89px;\"><\/td>\n<td style=\"width: 103px; height: 89px;\">140 \/ DIA22xL500mm<\/td>\n<td style=\"width: 83px; height: 89px;\">140 \/ DIA22xL500mm<\/td>\n<td style=\"width: 120px; height: 89px;\">193 \/ DIA32xL500mm<\/td>\n<td style=\"width: 80px; height: 89px;\">193 \/ DIA32xL500mm<\/td>\n<td style=\"width: 88px; height: 89px;\">193 \/ DIA32xL500mm<\/td>\n<\/tr>\n<tr style=\"height: 24px;\">\n<td style=\"width: 335px; height: 24px;\">Tomadas permutador <strong>\u0392\u00a0<\/strong>(BIN\/BOU)<\/td>\n<td style=\"width: 10px; height: 24px;\"><\/td>\n<td style=\"width: 33px; height: 24px;\">Inch<\/td>\n<td style=\"width: 10px; height: 24px;\"><\/td>\n<td style=\"width: 103px; height: 24px;\">1&#8243;<\/td>\n<td style=\"width: 83px; height: 24px;\">1&#8243;<\/td>\n<td style=\"width: 120px; height: 24px;\">1&#8243;<\/td>\n<td style=\"width: 80px; height: 24px;\">1&#8243;<\/td>\n<td style=\"width: 88px; height: 24px;\">1&#8243;<\/td>\n<\/tr>\n<tr style=\"height: 24px;\">\n<td style=\"width: 335px; height: 24px;\">Tomadas permutador <strong>A\u00a0<\/strong>(AIN\/AOU)<\/td>\n<td style=\"width: 10px; height: 24px;\"><\/td>\n<td style=\"width: 33px; height: 24px;\">Inch<\/td>\n<td style=\"width: 10px; height: 24px;\"><\/td>\n<td style=\"width: 103px; height: 24px;\">1 1\/2&#8243;<\/td>\n<td style=\"width: 83px; height: 24px;\">1 1\/2&#8243;<\/td>\n<td style=\"width: 120px; height: 24px;\">1 1\/2&#8243;<\/td>\n<td style=\"width: 80px; height: 24px;\">1 1\/2&#8243;<\/td>\n<td style=\"width: 88px; height: 24px;\">1 1\/2&#8243;<\/td>\n<\/tr>\n<tr style=\"height: 24px;\">\n<td style=\"width: 335px; height: 24px;\">Di\u00e2metro entrada \u00e1gua fria <strong>CW\u00a0<\/strong><\/td>\n<td style=\"width: 10px; height: 24px;\"><\/td>\n<td style=\"width: 33px; height: 24px;\">Inch<\/td>\n<td style=\"width: 10px; height: 24px;\"><\/td>\n<td style=\"width: 103px; height: 24px;\">1&#8243;<\/td>\n<td style=\"width: 83px; height: 24px;\">1&#8243;<\/td>\n<td style=\"width: 120px; height: 24px;\">1&#8243;<\/td>\n<td style=\"width: 80px; height: 24px;\">1 1\/2&#8243;<\/td>\n<td style=\"width: 88px; height: 24px;\">1 1\/2&#8243;<\/td>\n<\/tr>\n<tr style=\"height: 24px;\">\n<td style=\"width: 335px; height: 24px;\">Di\u00e2metro sa\u00edda \u00e1gua quente <strong>\u0397W<\/strong><\/td>\n<td style=\"width: 10px; height: 24px;\"><\/td>\n<td style=\"width: 33px; height: 24px;\">Inch<\/td>\n<td style=\"width: 10px; height: 24px;\"><\/td>\n<td style=\"width: 103px; height: 24px;\">1&#8243;<\/td>\n<td style=\"width: 83px; height: 24px;\">1&#8243;<\/td>\n<td style=\"width: 120px; height: 24px;\">1&#8243;<\/td>\n<td style=\"width: 80px; height: 24px;\">1 1\/2&#8243;<\/td>\n<td style=\"width: 88px; height: 24px;\">1 1\/2&#8243;<\/td>\n<\/tr>\n<tr style=\"height: 24.9844px;\">\n<td style=\"width: 335px; height: 24.9844px;\">Recircula\u00e7\u00e3o R<\/td>\n<td style=\"width: 10px; height: 24.9844px;\"><\/td>\n<td style=\"width: 33px; height: 24.9844px;\">Inch<\/td>\n<td style=\"width: 10px; height: 24.9844px;\"><\/td>\n<td style=\"width: 103px; height: 24.9844px;\">1&#8243;<\/td>\n<td style=\"width: 83px; height: 24.9844px;\">1&#8243;<\/td>\n<td style=\"width: 120px; height: 24.9844px;\">1&#8243;<\/td>\n<td style=\"width: 80px; height: 24.9844px;\">1 1\/2&#8243;<\/td>\n<td style=\"width: 88px; height: 24.9844px;\">1 1\/2&#8243;<\/td>\n<\/tr>\n<tr style=\"height: 24px;\">\n<td style=\"width: 335px; height: 24px;\">Sede pela resist\u00eancia el\u00e9trica <strong>\u0395\u0397<\/strong><\/td>\n<td style=\"width: 10px; height: 24px;\"><\/td>\n<td style=\"width: 33px; height: 24px;\">Inch<\/td>\n<td style=\"width: 10px; height: 24px;\"><\/td>\n<td style=\"width: 103px; height: 24px;\">falange F2<\/td>\n<td style=\"width: 83px; height: 24px;\">falange F2<\/td>\n<td style=\"width: 120px; height: 24px;\">falange F2<\/td>\n<td style=\"width: 80px; height: 24px;\">falange F2<\/td>\n<td style=\"width: 88px; height: 24px;\">falange F2<\/td>\n<\/tr>\n<tr style=\"height: 24px;\">\n<td style=\"width: 335px; height: 24px;\">Tomada pelos sensores <strong>S1, S2, S3<\/strong><\/td>\n<td style=\"width: 10px; height: 24px;\"><\/td>\n<td style=\"width: 33px; height: 24px;\">Inch<\/td>\n<td style=\"width: 10px; height: 24px;\"><\/td>\n<td style=\"width: 103px; height: 24px;\">1\/2&#8243;<\/td>\n<td style=\"width: 83px; height: 24px;\">1\/2&#8243;<\/td>\n<td style=\"width: 120px; height: 24px;\">1\/2&#8243;<\/td>\n<td style=\"width: 80px; height: 24px;\">1\/2&#8243;<\/td>\n<td style=\"width: 88px; height: 24px;\">1\/2&#8243;<\/td>\n<\/tr>\n<tr style=\"height: 24px;\">\n<td style=\"width: 335px; height: 24px;\">Tomada pelo term\u00f3metro <strong>\u03a4\u0397<\/strong><\/td>\n<td style=\"width: 10px; height: 24px;\"><\/td>\n<td style=\"width: 33px; height: 24px;\">Inch<\/td>\n<td style=\"width: 10px; height: 24px;\"><\/td>\n<td style=\"width: 103px; height: 24px;\">1\/2&#8243;<\/td>\n<td style=\"width: 83px; height: 24px;\">1\/2&#8243;<\/td>\n<td style=\"width: 120px; height: 24px;\">1\/2&#8243;<\/td>\n<td style=\"width: 80px; height: 24px;\">1\/2&#8243;<\/td>\n<td style=\"width: 88px; height: 24px;\">1\/2&#8243;<\/td>\n<\/tr>\n<\/tbody>\n<\/table>\n<p>[\/vc_column_text][\/vc_tta_section][\/vc_tta_accordion][\/vc_column][\/vc_row]<\/p>\n<\/div>","protected":false},"excerpt":{"rendered":"<p><span style=\"color: #ff6600;\"><em><strong>Acumuladores preparados por collegamento com colectores solares e\/ou bomba de calor como segunda fonte energ\u00e9tica. Porta serpentina com grande superf\u00edcie e capacidade que pode satisfazer as necessidades da bomba de calor.<\/strong><\/em><\/span><\/p>\n<p><span style=\"color: #0000ff;\"><strong>DESCRI\u00c7\u00c3O T\u00c9CNICA<\/strong><\/span><\/p>\n<table class=\"woocommerce-product-attributes shop_attributes\" style=\"width: 714px;\">\n<tbody>\n<tr class=\"woocommerce-product-attributes-item woocommerce-product-attributes-item--attribute_boiler\">\n<th class=\"woocommerce-product-attributes-item__label\" style=\"width: 368px;\"><span style=\"color: #008000;\">Material<\/span><\/th>\n<td class=\"woocommerce-product-attributes-item__value\" style=\"width: 330px;\">a\u00e7o<\/td>\n<\/tr>\n<tr class=\"woocommerce-product-attributes-item woocommerce-product-attributes-item--attribute_%ce%b5%cf%80%ce%b9%ce%ba%ce%ac%ce%bb%cf%85%cf%88%ce%b7-%cf%80%cf%81%ce%bf%cf%83%cf%84%ce%b1%cf%83%ce%af%ce%b1%cf%82\">\n<th class=\"woocommerce-product-attributes-item__label\" style=\"width: 368px;\"><span style=\"color: #008000;\">Tratamento<\/span><\/th>\n<td class=\"woocommerce-product-attributes-item__value\" style=\"width: 330px;\">esmaltado, d\u00b4acordo DIN4753-1 (860 graos)<\/td>\n<\/tr>\n<tr class=\"woocommerce-product-attributes-item woocommerce-product-attributes-item--attribute_%ce%ba%ce%b1%ce%b8%ce%bf%ce%b4%ce%b9%ce%ba%ce%ae-%cf%80%cf%81%ce%bf%cf%83%cf%84%ce%b1%cf%83%ce%af%ce%b1\">\n<th class=\"woocommerce-product-attributes-item__label\" style=\"width: 368px;\"><span style=\"color: #008000;\">Proce\u00e7\u00e3o cat\u00f3dica<\/span><\/th>\n<td class=\"woocommerce-product-attributes-item__value\" style=\"width: 330px;\">com \u00e2nodo de magnesio<\/td>\n<\/tr>\n<tr class=\"woocommerce-product-attributes-item woocommerce-product-attributes-item--attribute_%ce%b5%ce%bd%ce%b1%ce%bb%ce%bb%ce%ac%ce%ba%cf%84%ce%b7%cf%82\">\n<th class=\"woocommerce-product-attributes-item__label\" style=\"width: 368px;\"><span style=\"color: #008000;\">Permutadores<\/span><\/th>\n<td class=\"woocommerce-product-attributes-item__value\" style=\"width: 330px;\">tubo de a\u00e7o esmaltado<\/td>\n<\/tr>\n<tr class=\"woocommerce-product-attributes-item woocommerce-product-attributes-item--attribute_%ce%bc%ce%ad%ce%b3%ce%b9%cf%83%cf%84%ce%b7-%cf%80%ce%af%ce%b5%cf%83%ce%b7-%ce%bb%ce%b5%ce%b9%cf%84%ce%bf%cf%85%cf%81%ce%b3%ce%af%ce%b1%cf%82\">\n<th class=\"woocommerce-product-attributes-item__label\" style=\"width: 368px;\"><span style=\"color: #008000;\">Press\u00e3o m\u00e1xima de opera\u00e7\u00e3o acumulador<\/span><\/th>\n<td class=\"woocommerce-product-attributes-item__value\" style=\"width: 330px;\">10 bar<\/td>\n<\/tr>\n<tr class=\"woocommerce-product-attributes-item woocommerce-product-attributes-item--attribute_%ce%bc%ce%ad%ce%b3%ce%b9%cf%83%cf%84%ce%b7-%ce%b8%ce%b5%ce%bc%ce%bf%ce%ba%cf%81%ce%b1%cf%83%ce%af%ce%b1-%ce%bb%ce%b5%ce%b9%cf%84%ce%bf%cf%85%cf%81%ce%b3%ce%af%ce%b1%cf%82-%ce%b4%ce%bf%cf%87%ce%b5\">\n<th class=\"woocommerce-product-attributes-item__label\" style=\"width: 368px;\"><span style=\"color: #008000;\">Temperatura m\u00e1xima de opera\u00e7\u00e3o acumulador<\/span><\/th>\n<td class=\"woocommerce-product-attributes-item__value\" style=\"width: 330px;\">95\u00b0C<\/td>\n<\/tr>\n<tr class=\"woocommerce-product-attributes-item woocommerce-product-attributes-item--attribute_%ce%bc%ce%ad%ce%b3%ce%b9%cf%83%cf%84%ce%b7-%cf%80%ce%af%ce%b5%cf%83%ce%b7-%ce%b1%ce%bd%cf%84%ce%bf%cf%87%ce%ae%cf%82-%ce%b5%ce%bd%ce%b1%ce%bb%ce%bb%ce%ac%ce%ba%cf%84%ce%b7\">\n<th class=\"woocommerce-product-attributes-item__label\" style=\"width: 368px;\"><span style=\"color: #008000;\">Press\u00e3o m\u00e1xima dos permutadores<\/span><\/th>\n<td class=\"woocommerce-product-attributes-item__value\" style=\"width: 330px;\">16 bar<\/td>\n<\/tr>\n<tr class=\"woocommerce-product-attributes-item woocommerce-product-attributes-item--attribute_%ce%bc%ce%ad%ce%b3%ce%b9%cf%83%cf%84%ce%b7-%ce%b8%ce%b5%cf%81%ce%bc%ce%bf%ce%ba%cf%81%ce%b1%cf%83%ce%af%ce%b1-%ce%bb%ce%b5%ce%b9%cf%84%ce%bf%cf%85%cf%81%ce%b3%ce%af%ce%b1%cf%82-%ce%b5%ce%bd%ce%b1\">\n<th class=\"woocommerce-product-attributes-item__label\" style=\"width: 368px;\"><span style=\"color: #008000;\">Temperatura m\u00e1xima dos permutadores<\/span><\/th>\n<td class=\"woocommerce-product-attributes-item__value\" style=\"width: 330px;\">130\u00b0C<\/td>\n<\/tr>\n<tr class=\"woocommerce-product-attributes-item woocommerce-product-attributes-item--attribute_%ce%bc%cf%8c%ce%bd%cf%89%cf%83%ce%b7\">\n<th class=\"woocommerce-product-attributes-item__label\" style=\"width: 368px;\"><span style=\"color: #008000;\">Isolamento<\/span><\/th>\n<td class=\"woocommerce-product-attributes-item__value\" style=\"width: 330px;\">pelos acumuladores de 60 at\u00e9 300 L de P.U. com espessura 60mm e densidade 52kg\/m3, para os dem\u00e1is modelos P.U. suave com espessura de 100mm<\/td>\n<\/tr>\n<tr class=\"woocommerce-product-attributes-item woocommerce-product-attributes-item--attribute_%ce%b5%ce%be%cf%89%cf%84%ce%b5%cf%81%ce%b9%ce%ba%ce%ae-%ce%b5%cf%80%ce%ad%ce%bd%ce%b4%cf%85%cf%83%ce%b7\">\n<th class=\"woocommerce-product-attributes-item__label\" style=\"width: 368px;\"><span style=\"color: #008000;\">Revestimento<\/span><\/th>\n<td class=\"woocommerce-product-attributes-item__value\" style=\"width: 330px;\">PVC<\/td>\n<\/tr>\n<\/tbody>\n<\/table>\n","protected":false},"featured_media":2210,"comment_status":"open","ping_status":"closed","template":"","meta":[],"product_brand":[],"product_cat":[62],"product_tag":[211,212,100,210],"class_list":{"0":"post-2672","1":"product","2":"type-product","3":"status-publish","4":"has-post-thumbnail","6":"product_cat-tanks-for-forced-circulation-system","7":"product_tag-750l","8":"product_tag-9000l","9":"product_tag-boiler","10":"product_tag-210","12":"first","13":"instock","14":"taxable","15":"shipping-taxable","16":"product-type-simple"},"_links":{"self":[{"href":"https:\/\/cosmosolar.com\/pt\/wp-json\/wp\/v2\/product\/2672","targetHints":{"allow":["GET"]}}],"collection":[{"href":"https:\/\/cosmosolar.com\/pt\/wp-json\/wp\/v2\/product"}],"about":[{"href":"https:\/\/cosmosolar.com\/pt\/wp-json\/wp\/v2\/types\/product"}],"replies":[{"embeddable":true,"href":"https:\/\/cosmosolar.com\/pt\/wp-json\/wp\/v2\/comments?post=2672"}],"wp:featuredmedia":[{"embeddable":true,"href":"https:\/\/cosmosolar.com\/pt\/wp-json\/wp\/v2\/media\/2210"}],"wp:attachment":[{"href":"https:\/\/cosmosolar.com\/pt\/wp-json\/wp\/v2\/media?parent=2672"}],"wp:term":[{"taxonomy":"product_brand","embeddable":true,"href":"https:\/\/cosmosolar.com\/pt\/wp-json\/wp\/v2\/product_brand?post=2672"},{"taxonomy":"product_cat","embeddable":true,"href":"https:\/\/cosmosolar.com\/pt\/wp-json\/wp\/v2\/product_cat?post=2672"},{"taxonomy":"product_tag","embeddable":true,"href":"https:\/\/cosmosolar.com\/pt\/wp-json\/wp\/v2\/product_tag?post=2672"}],"curies":[{"name":"wp","href":"https:\/\/api.w.org\/{rel}","templated":true}]}}