{"id":1810,"date":"2020-04-22T10:28:52","date_gmt":"2020-04-22T10:28:52","guid":{"rendered":"https:\/\/www.cosmosolar.com\/?post_type=product&#038;p=1810"},"modified":"2026-04-27T21:42:43","modified_gmt":"2026-04-27T19:42:43","slug":"boiler-%ce%bb%ce%b5%ce%b2%ce%b7%cf%84%ce%bf%cf%83%cf%84%ce%b1%cf%83%ce%af%ce%bf%cf%85-750l-9000l","status":"publish","type":"product","link":"https:\/\/cosmosolar.com\/pt\/product\/boiler-%ce%bb%ce%b5%ce%b2%ce%b7%cf%84%ce%bf%cf%83%cf%84%ce%b1%cf%83%ce%af%ce%bf%cf%85-750l-9000l\/","title":{"rendered":"Acumuladores vertic\u00e1is esmaltados 160L-1000L pela produ\u00e7\u00e3o de \u00e1gua quente sanit\u00e1ria"},"content":{"rendered":"<div class=\"wpb-content-wrapper\"><p>[vc_row][vc_column][vc_tta_accordion][vc_tta_section title=&#8221;Documentos&#8221; tab_id=&#8221;1761317686441-a27310a9-4b8f&#8221;][vc_column_text]<br \/>\n<h4 style='margin-top: 0px;'>Acumuladores vertic\u00e1is esmaltados 160L-1000L pela produ\u00e7\u00e3o de \u00e1gua quente sanit\u00e1ria<\/h4><ul style='margin-left: 0px;'><\/ul><h4 style='margin-top: 15px;'>Ficha t\u00e9cnica<\/h4><ul style='margin-left: 20px;'><li><a href=\"https:\/\/cosmosolar.com\/wp-content\/uploads\/documents\/english\/VERTICAL_ENAMELED_STORAGE_TANKS_160-1000L\/Datasheet\/COILED_TANKS_-_HORIZONTAL_POSITIONING.pdf\" target=\"_blank\" rel=\"noopener\">\ud83d\udcc4 COILED_TANKS_-_HORIZONTAL_POSITIONING.pdf<\/a><\/li><li><a href=\"https:\/\/cosmosolar.com\/wp-content\/uploads\/documents\/english\/VERTICAL_ENAMELED_STORAGE_TANKS_160-1000L\/Datasheet\/STAINLESS_STEEL_VERTICAL_TANKS_special_300L.pdf\" target=\"_blank\" rel=\"noopener\">\ud83d\udcc4 STAINLESS_STEEL_VERTICAL_TANKS_special_300L.pdf<\/a><\/li><li><a href=\"https:\/\/cosmosolar.com\/wp-content\/uploads\/documents\/english\/VERTICAL_ENAMELED_STORAGE_TANKS_160-1000L\/Datasheet\/vertical_tanks_catalogue.pdf\" target=\"_blank\" rel=\"noopener\">\ud83d\udcc4 vertical_tanks_catalogue.pdf<\/a><\/li><\/ul><br \/>\n[\/vc_column_text][\/vc_tta_section][vc_tta_section title=&#8221;Descri\u00e7\u00e3o&#8221; tab_id=&#8221;1761317686455-d10a3957-cc5d&#8221;][vc_column_text]<br \/>\n<strong><em><span style=\"color: #0000ff;\">Sob pedido, os acumuladores podem incluir:<\/span><\/em><\/strong><\/p>\n<p>revestimento met\u00e1lico<br \/>\nresist\u00eancia el\u00e9trica com termostato de 1,5 at\u00e9 4 kw<\/p>\n<p>resist\u00eancia el\u00e9trica trif\u00e1ssica com termostato 1 \u00bd&#8221; com pot\u00eancia de 6 ou 9 kW<\/p>\n<p>posicionamento horizontal<\/p>\n<p>a\u00e7o inoxid\u00e1vel 316L<\/p>\n<table class=\"rtable rtable--flip\" style=\"width: 914px;\">\n<tbody>\n<tr>\n<th style=\"width: 335px;\"><strong>ESPECIFICA\u00c7\u00d5ES T\u00c9CNICAS<\/strong><\/th>\n<th style=\"width: 10px;\"><\/th>\n<th style=\"width: 33px;\"><\/th>\n<th style=\"width: 80px;\"><strong>BLGLL 160<\/strong><\/th>\n<th style=\"width: 80px;\"><strong>BLGLL 200<\/strong><\/th>\n<th style=\"width: 81px;\"><strong>BLGLL 300<\/strong><\/th>\n<th style=\"width: 79px;\"><strong>BLGLL 500<\/strong><\/th>\n<th style=\"width: 80px;\"><strong>BLGLL 800<\/strong><\/th>\n<th style=\"width: 88px;\"><strong>BLGLL 1000<\/strong><\/th>\n<\/tr>\n<tr>\n<td style=\"width: 335px;\">Di\u00e2metro interno<\/td>\n<td style=\"width: 10px;\"><\/td>\n<td style=\"width: 33px;\">mm<\/td>\n<td style=\"width: 80px;\">480<\/td>\n<td style=\"width: 80px;\">480<\/td>\n<td style=\"width: 81px;\">510<\/td>\n<td style=\"width: 79px;\">650<\/td>\n<td style=\"width: 80px;\">850<\/td>\n<td style=\"width: 88px;\">850<\/td>\n<\/tr>\n<tr>\n<td style=\"width: 335px;\">Di\u00e2metro esterno<\/td>\n<td style=\"width: 10px;\"><\/td>\n<td style=\"width: 33px;\">mm<\/td>\n<td style=\"width: 80px;\">600<\/td>\n<td style=\"width: 80px;\">600<\/td>\n<td style=\"width: 81px;\">630<\/td>\n<td style=\"width: 79px;\">850<\/td>\n<td style=\"width: 80px;\">1050<\/td>\n<td style=\"width: 88px;\">1050<\/td>\n<\/tr>\n<tr>\n<td style=\"width: 335px;\">Altura<\/td>\n<td style=\"width: 10px;\"><\/td>\n<td style=\"width: 33px;\">mm<\/td>\n<td style=\"width: 80px;\">1070<\/td>\n<td style=\"width: 80px;\">1460<\/td>\n<td style=\"width: 81px;\">1800<\/td>\n<td style=\"width: 79px;\">1800<\/td>\n<td style=\"width: 80px;\">1800<\/td>\n<td style=\"width: 88px;\">2000<\/td>\n<\/tr>\n<tr>\n<td style=\"width: 335px;\">Espessura do acumulador<\/td>\n<td style=\"width: 10px;\"><\/td>\n<td style=\"width: 33px;\">mm<\/td>\n<td style=\"width: 80px;\">2,5<\/td>\n<td style=\"width: 80px;\">2,5<\/td>\n<td style=\"width: 81px;\">2,5<\/td>\n<td style=\"width: 79px;\">3<\/td>\n<td style=\"width: 80px;\">4<\/td>\n<td style=\"width: 88px;\">4<\/td>\n<\/tr>\n<tr>\n<td style=\"width: 335px;\">Temperatura m\u00e1xima<\/td>\n<td style=\"width: 10px;\"><\/td>\n<td style=\"width: 33px;\">\u00b0C<\/td>\n<td style=\"width: 80px;\">95<\/td>\n<td style=\"width: 80px;\">95<\/td>\n<td style=\"width: 81px;\">95<\/td>\n<td style=\"width: 79px;\">95<\/td>\n<td style=\"width: 80px;\">95<\/td>\n<td style=\"width: 88px;\">95<\/td>\n<\/tr>\n<tr>\n<td style=\"width: 335px;\">Press\u00e2o m\u00e1xima de opera\u00e7\u00e3o<\/td>\n<td style=\"width: 10px;\"><\/td>\n<td style=\"width: 33px;\">bar<\/td>\n<td style=\"width: 80px;\">10<\/td>\n<td style=\"width: 80px;\">10<\/td>\n<td style=\"width: 81px;\">10<\/td>\n<td style=\"width: 79px;\">10<\/td>\n<td style=\"width: 80px;\">10<\/td>\n<td style=\"width: 88px;\">10<\/td>\n<\/tr>\n<tr>\n<td style=\"width: 335px;\">Press\u00e3o m\u00e1xima admiss\u00edvel da \u00e1gua sanit\u00e1ria<\/td>\n<td style=\"width: 10px;\"><\/td>\n<td style=\"width: 33px;\">bar<\/td>\n<td style=\"width: 80px;\">10<\/td>\n<td style=\"width: 80px;\">10<\/td>\n<td style=\"width: 81px;\">10<\/td>\n<td style=\"width: 79px;\">10<\/td>\n<td style=\"width: 80px;\">10<\/td>\n<td style=\"width: 88px;\">10<\/td>\n<\/tr>\n<tr>\n<td style=\"width: 335px;\">Press\u00e3o m\u00e1xima admiss\u00edvel do circuito solar<\/td>\n<td style=\"width: 10px;\"><\/td>\n<td style=\"width: 33px;\">bar<\/td>\n<td style=\"width: 80px;\">10<\/td>\n<td style=\"width: 80px;\">10<\/td>\n<td style=\"width: 81px;\">10<\/td>\n<td style=\"width: 79px;\">10<\/td>\n<td style=\"width: 80px;\">10<\/td>\n<td style=\"width: 88px;\">10<\/td>\n<\/tr>\n<tr>\n<td style=\"width: 335px;\">Press\u00e3o m\u00e1xima dos permutadores<\/td>\n<td style=\"width: 10px;\"><\/td>\n<td style=\"width: 33px;\">bar<\/td>\n<td style=\"width: 80px;\">16<\/td>\n<td style=\"width: 80px;\">16<\/td>\n<td style=\"width: 81px;\">16<\/td>\n<td style=\"width: 79px;\">16<\/td>\n<td style=\"width: 80px;\">16<\/td>\n<td style=\"width: 88px;\">16<\/td>\n<\/tr>\n<tr>\n<td style=\"width: 335px;\">Isolamento (P.U. )<\/td>\n<td style=\"width: 10px;\"><\/td>\n<td style=\"width: 33px;\"><\/td>\n<td style=\"width: 80px;\">r\u00edgido<\/td>\n<td style=\"width: 80px;\">r\u00edgido<\/td>\n<td style=\"width: 81px;\">r\u00edgido<\/td>\n<td style=\"width: 79px;\">suave<\/td>\n<td style=\"width: 80px;\">suave<\/td>\n<td style=\"width: 88px;\">suave<\/td>\n<\/tr>\n<tr>\n<td style=\"width: 335px;\">Espessura do isolamento<\/td>\n<td style=\"width: 10px;\"><\/td>\n<td style=\"width: 33px;\">mm<\/td>\n<td style=\"width: 80px;\">60<\/td>\n<td style=\"width: 80px;\">60<\/td>\n<td style=\"width: 81px;\">60<\/td>\n<td style=\"width: 79px;\">100<\/td>\n<td style=\"width: 80px;\">100<\/td>\n<td style=\"width: 88px;\">100<\/td>\n<\/tr>\n<tr>\n<td style=\"width: 335px;\">Temperatura m\u00e1xima dos permutadores<\/td>\n<td style=\"width: 10px;\"><\/td>\n<td style=\"width: 33px;\">\u00b0C<\/td>\n<td style=\"width: 80px;\">130<\/td>\n<td style=\"width: 80px;\">130<\/td>\n<td style=\"width: 81px;\">130<\/td>\n<td style=\"width: 79px;\">130<\/td>\n<td style=\"width: 80px;\">130<\/td>\n<td style=\"width: 88px;\">130<\/td>\n<\/tr>\n<tr>\n<td style=\"width: 335px;\">Superf\u00edcie do permutador <strong>\u0392<\/strong> (aquecimento)<\/td>\n<td style=\"width: 10px;\"><\/td>\n<td style=\"width: 33px;\">m2<\/td>\n<td style=\"width: 80px;\">0,55<\/td>\n<td style=\"width: 80px;\">0,80<\/td>\n<td style=\"width: 81px;\">1,00<\/td>\n<td style=\"width: 79px;\">1,23<\/td>\n<td style=\"width: 80px;\">1,33<\/td>\n<td style=\"width: 88px;\">1,99<\/td>\n<\/tr>\n<tr>\n<td style=\"width: 335px;\">Superf\u00edcie do permutador <strong>\u0391 <\/strong>(solar)<\/td>\n<td style=\"width: 10px;\"><\/td>\n<td style=\"width: 33px;\">m2<\/td>\n<td style=\"width: 80px;\">0,80<\/td>\n<td style=\"width: 80px;\">1,00<\/td>\n<td style=\"width: 81px;\">1,55<\/td>\n<td style=\"width: 79px;\">1,95<\/td>\n<td style=\"width: 80px;\">2,36<\/td>\n<td style=\"width: 88px;\">2,99<\/td>\n<\/tr>\n<tr>\n<td style=\"width: 335px;\">Capacidade do permutador<strong> \u0392 <\/strong>(aquecimento)<\/td>\n<td style=\"width: 10px;\"><\/td>\n<td style=\"width: 33px;\">Lt<\/td>\n<td style=\"width: 80px;\">3,10<\/td>\n<td style=\"width: 80px;\">5,10<\/td>\n<td style=\"width: 81px;\">6,40<\/td>\n<td style=\"width: 79px;\">7,80<\/td>\n<td style=\"width: 80px;\">8,40<\/td>\n<td style=\"width: 88px;\">12,70<\/td>\n<\/tr>\n<tr>\n<td style=\"width: 335px;\">Capacidade do permutador<strong> \u0391 <\/strong>(solar)<\/td>\n<td style=\"width: 10px;\"><\/td>\n<td style=\"width: 33px;\">Lt<\/td>\n<td style=\"width: 80px;\">5,10<\/td>\n<td style=\"width: 80px;\">6,50<\/td>\n<td style=\"width: 81px;\">10,00<\/td>\n<td style=\"width: 79px;\">12,40<\/td>\n<td style=\"width: 80px;\">14,90<\/td>\n<td style=\"width: 88px;\">19,10<\/td>\n<\/tr>\n<tr>\n<td style=\"width: 335px;\">* Produ\u00e7\u00e3o permutador <strong>\u0392\u00a0<\/strong>(aquecimento)<\/td>\n<td style=\"width: 10px;\"><\/td>\n<td style=\"width: 33px;\">Kw<\/p>\n<p>lt\/h<\/td>\n<td style=\"width: 80px;\">10,40<\/p>\n<p>900<\/td>\n<td style=\"width: 80px;\">13,60<\/p>\n<p>900<\/td>\n<td style=\"width: 81px;\">16,40<\/p>\n<p>900<\/td>\n<td style=\"width: 79px;\">19,20<\/p>\n<p>900<\/td>\n<td style=\"width: 80px;\">20,50<\/p>\n<p>900<\/td>\n<td style=\"width: 88px;\">25,50<\/p>\n<p>900<\/td>\n<\/tr>\n<tr>\n<td style=\"width: 335px;\">* Produ\u00e7\u00e3o permutador <strong>A <\/strong>(solar)<\/td>\n<td style=\"width: 10px;\"><\/td>\n<td style=\"width: 33px;\">Kw<\/p>\n<p>lt\/h<\/td>\n<td style=\"width: 80px;\">13,10<\/p>\n<p>900<\/td>\n<td style=\"width: 80px;\">14,40<\/p>\n<p>900<\/td>\n<td style=\"width: 81px;\">22,90<\/p>\n<p>900<\/td>\n<td style=\"width: 79px;\">25,80<\/p>\n<p>900<\/td>\n<td style=\"width: 80px;\">30,15<\/p>\n<p>900<\/td>\n<td style=\"width: 88px;\">38,50<\/p>\n<p>900<\/td>\n<\/tr>\n<tr>\n<td style=\"width: 335px;\">Tomadas permutador <strong>\u0392\u00a0<\/strong>(BIN\/BOU)<\/td>\n<td style=\"width: 10px;\"><\/td>\n<td style=\"width: 33px;\">Inch<\/td>\n<td style=\"width: 80px;\">1&#8243;<\/td>\n<td style=\"width: 80px;\">1&#8243;<\/td>\n<td style=\"width: 81px;\">1&#8243;<\/td>\n<td style=\"width: 79px;\">1&#8243;<\/td>\n<td style=\"width: 80px;\">1&#8243;<\/td>\n<td style=\"width: 88px;\">1&#8243;<\/td>\n<\/tr>\n<tr>\n<td style=\"width: 335px;\">Tomadas permutador <strong>A\u00a0<\/strong>(AIN\/AOU)<\/td>\n<td style=\"width: 10px;\"><\/td>\n<td style=\"width: 33px;\">Inch<\/td>\n<td style=\"width: 80px;\">1&#8243;<\/td>\n<td style=\"width: 80px;\">1&#8243;<\/td>\n<td style=\"width: 81px;\">1&#8243;<\/td>\n<td style=\"width: 79px;\">1&#8243;<\/td>\n<td style=\"width: 80px;\">1&#8243;<\/td>\n<td style=\"width: 88px;\">1&#8243;<\/td>\n<\/tr>\n<tr>\n<td style=\"width: 335px;\">Di\u00e2metro das tomadas livres <strong>B<\/strong><\/td>\n<td style=\"width: 10px;\"><\/td>\n<td style=\"width: 33px;\">Inch<\/td>\n<td style=\"width: 80px;\">1&#8243;<\/td>\n<td style=\"width: 80px;\">1&#8243;<\/td>\n<td style=\"width: 81px;\">1&#8243;<\/td>\n<td style=\"width: 79px;\">1&#8243;<\/td>\n<td style=\"width: 80px;\">1&#8243;<\/td>\n<td style=\"width: 88px;\">1&#8243;<\/td>\n<\/tr>\n<tr>\n<td style=\"width: 335px;\">Di\u00e2metro entrada \u00e1gua fria <strong>CW\u00a0<\/strong><\/td>\n<td style=\"width: 10px;\"><\/td>\n<td style=\"width: 33px;\">Inch<\/td>\n<td style=\"width: 80px;\">1&#8243;<\/td>\n<td style=\"width: 80px;\">1&#8243;<\/td>\n<td style=\"width: 81px;\">1&#8243;<\/td>\n<td style=\"width: 79px;\">1&#8243;<\/td>\n<td style=\"width: 80px;\">1 1\/2&#8243;<\/td>\n<td style=\"width: 88px;\">1 1\/2&#8243;<\/td>\n<\/tr>\n<tr>\n<td style=\"width: 335px;\">Di\u00e2metro sa\u00edda \u00e1gua quente <strong>\u0397W<\/strong><\/td>\n<td style=\"width: 10px;\"><\/td>\n<td style=\"width: 33px;\">Inch<\/td>\n<td style=\"width: 80px;\">1&#8243;<\/td>\n<td style=\"width: 80px;\">1&#8243;<\/td>\n<td style=\"width: 81px;\">1&#8243;<\/td>\n<td style=\"width: 79px;\">1&#8243;<\/td>\n<td style=\"width: 80px;\">1 1\/2&#8243;<\/td>\n<td style=\"width: 88px;\">1 1\/2&#8243;<\/td>\n<\/tr>\n<tr>\n<td style=\"width: 335px;\">Recircula\u00e7\u00e3o R<\/td>\n<td style=\"width: 10px;\"><\/td>\n<td style=\"width: 33px;\">Inch<\/td>\n<td style=\"width: 80px;\">1&#8243;<\/td>\n<td style=\"width: 80px;\">1&#8243;<\/td>\n<td style=\"width: 81px;\">1&#8243;<\/td>\n<td style=\"width: 79px;\">1&#8243;<\/td>\n<td style=\"width: 80px;\">1 1\/2&#8243;<\/td>\n<td style=\"width: 88px;\">1 1\/2&#8243;<\/td>\n<\/tr>\n<tr>\n<td style=\"width: 335px;\">Tomada pela resist\u00eancia el\u00e9trica <strong>\u0395\u0397<\/strong><\/td>\n<td style=\"width: 10px;\"><\/td>\n<td style=\"width: 33px;\">Inch<\/td>\n<td style=\"width: 80px;\">1\/2&#8243;<\/td>\n<td style=\"width: 80px;\">1\/2&#8243;<\/td>\n<td style=\"width: 81px;\">1\/2&#8243;<\/td>\n<td style=\"width: 79px;\">1\/2&#8243;<\/td>\n<td style=\"width: 80px;\">1\/2&#8243;<\/td>\n<td style=\"width: 88px;\">1\/2&#8243;<\/td>\n<\/tr>\n<tr>\n<td style=\"width: 335px;\">Tomada pelos sensores <strong>S1, S2, S3<\/strong><\/td>\n<td style=\"width: 10px;\"><\/td>\n<td style=\"width: 33px;\">Inch<\/td>\n<td style=\"width: 80px;\">1\/2&#8243;<\/td>\n<td style=\"width: 80px;\">1\/2&#8243;<\/td>\n<td style=\"width: 81px;\">1\/2&#8243;<\/td>\n<td style=\"width: 79px;\">1\/2&#8243;<\/td>\n<td style=\"width: 80px;\">1\/2&#8243;<\/td>\n<td style=\"width: 88px;\">1\/2&#8243;<\/td>\n<\/tr>\n<tr>\n<td style=\"width: 335px;\">Tomada pelo term\u00f3metro <strong>\u03a4\u0397<\/strong><\/td>\n<td style=\"width: 10px;\"><\/td>\n<td style=\"width: 33px;\">Inch<\/td>\n<td style=\"width: 80px;\">1\/2&#8243;<\/td>\n<td style=\"width: 80px;\">1\/2&#8243;<\/td>\n<td style=\"width: 81px;\">1\/2&#8243;<\/td>\n<td style=\"width: 79px;\">1\/2&#8243;<\/td>\n<td style=\"width: 80px;\">1\/2&#8243;<\/td>\n<td style=\"width: 88px;\">1\/2&#8243;<\/td>\n<\/tr>\n<\/tbody>\n<\/table>\n<p><img loading=\"lazy\" decoding=\"async\" class=\"aligncenter wp-image-2199 size-full\" src=\"https:\/\/cosmosolar.com\/wp-content\/uploads\/2020\/04\/11111.jpg\" alt=\"\" width=\"877\" height=\"383\" srcset=\"https:\/\/cosmosolar.com\/wp-content\/uploads\/2020\/04\/11111.jpg 877w, https:\/\/cosmosolar.com\/wp-content\/uploads\/2020\/04\/11111-300x131.jpg 300w, https:\/\/cosmosolar.com\/wp-content\/uploads\/2020\/04\/11111-600x262.jpg 600w, https:\/\/cosmosolar.com\/wp-content\/uploads\/2020\/04\/11111-768x335.jpg 768w\" sizes=\"auto, (max-width: 877px) 100vw, 877px\" \/><br \/>\n[\/vc_column_text][\/vc_tta_section][\/vc_tta_accordion][\/vc_column][\/vc_row]<\/p>\n<\/div>","protected":false},"excerpt":{"rendered":"<p><span style=\"color: #ff6600;\"><strong>DESCRI\u00c7\u00c3O T\u00c9CNICA<\/strong><\/span><\/p>\n<table class=\"woocommerce-product-attributes shop_attributes\" style=\"width: 714px;\">\n<tbody>\n<tr class=\"woocommerce-product-attributes-item woocommerce-product-attributes-item--attribute_boiler\">\n<th class=\"woocommerce-product-attributes-item__label\" style=\"width: 368px;\"><span style=\"color: #008000;\">Material<\/span><\/th>\n<td class=\"woocommerce-product-attributes-item__value\" style=\"width: 330px;\">a\u00e7o<\/td>\n<\/tr>\n<tr class=\"woocommerce-product-attributes-item woocommerce-product-attributes-item--attribute_%ce%b5%cf%80%ce%b9%ce%ba%ce%ac%ce%bb%cf%85%cf%88%ce%b7-%cf%80%cf%81%ce%bf%cf%83%cf%84%ce%b1%cf%83%ce%af%ce%b1%cf%82\">\n<th class=\"woocommerce-product-attributes-item__label\" style=\"width: 368px;\"><span style=\"color: #008000;\">Tratamento<\/span><\/th>\n<td class=\"woocommerce-product-attributes-item__value\" style=\"width: 330px;\">esmaltado, d\u00b4acordo DIN4753-1 (860 graos)<\/td>\n<\/tr>\n<tr class=\"woocommerce-product-attributes-item woocommerce-product-attributes-item--attribute_%ce%ba%ce%b1%ce%b8%ce%bf%ce%b4%ce%b9%ce%ba%ce%ae-%cf%80%cf%81%ce%bf%cf%83%cf%84%ce%b1%cf%83%ce%af%ce%b1\">\n<th class=\"woocommerce-product-attributes-item__label\" style=\"width: 368px;\"><span style=\"color: #008000;\">Proce\u00e7\u00e3o cat\u00f3dica<\/span><\/th>\n<td class=\"woocommerce-product-attributes-item__value\" style=\"width: 330px;\">com \u00e2nodo de magnesio<\/td>\n<\/tr>\n<tr class=\"woocommerce-product-attributes-item woocommerce-product-attributes-item--attribute_%ce%b5%ce%bd%ce%b1%ce%bb%ce%bb%ce%ac%ce%ba%cf%84%ce%b7%cf%82\">\n<th class=\"woocommerce-product-attributes-item__label\" style=\"width: 368px;\"><span style=\"color: #008000;\">Permutadores<\/span><\/th>\n<td class=\"woocommerce-product-attributes-item__value\" style=\"width: 330px;\">tubo de a\u00e7o esmaltado<\/td>\n<\/tr>\n<tr class=\"woocommerce-product-attributes-item woocommerce-product-attributes-item--attribute_%ce%bc%ce%ad%ce%b3%ce%b9%cf%83%cf%84%ce%b7-%cf%80%ce%af%ce%b5%cf%83%ce%b7-%ce%bb%ce%b5%ce%b9%cf%84%ce%bf%cf%85%cf%81%ce%b3%ce%af%ce%b1%cf%82\">\n<th class=\"woocommerce-product-attributes-item__label\" style=\"width: 368px;\"><span style=\"color: #008000;\">Press\u00e3o m\u00e1xima de opera\u00e7\u00e3o acumulador<\/span><\/th>\n<td class=\"woocommerce-product-attributes-item__value\" style=\"width: 330px;\">10 bar<\/td>\n<\/tr>\n<tr class=\"woocommerce-product-attributes-item woocommerce-product-attributes-item--attribute_%ce%bc%ce%ad%ce%b3%ce%b9%cf%83%cf%84%ce%b7-%ce%b8%ce%b5%ce%bc%ce%bf%ce%ba%cf%81%ce%b1%cf%83%ce%af%ce%b1-%ce%bb%ce%b5%ce%b9%cf%84%ce%bf%cf%85%cf%81%ce%b3%ce%af%ce%b1%cf%82-%ce%b4%ce%bf%cf%87%ce%b5\">\n<th class=\"woocommerce-product-attributes-item__label\" style=\"width: 368px;\"><span style=\"color: #008000;\">Temperatura m\u00e1xima de opera\u00e7\u00e3o acumulador<\/span><\/th>\n<td class=\"woocommerce-product-attributes-item__value\" style=\"width: 330px;\">95\u00b0C<\/td>\n<\/tr>\n<tr class=\"woocommerce-product-attributes-item woocommerce-product-attributes-item--attribute_%ce%bc%ce%ad%ce%b3%ce%b9%cf%83%cf%84%ce%b7-%cf%80%ce%af%ce%b5%cf%83%ce%b7-%ce%b1%ce%bd%cf%84%ce%bf%cf%87%ce%ae%cf%82-%ce%b5%ce%bd%ce%b1%ce%bb%ce%bb%ce%ac%ce%ba%cf%84%ce%b7\">\n<th class=\"woocommerce-product-attributes-item__label\" style=\"width: 368px;\"><span style=\"color: #008000;\">Press\u00e3o m\u00e1xima dos permutadores<\/span><\/th>\n<td class=\"woocommerce-product-attributes-item__value\" style=\"width: 330px;\">16 bar<\/td>\n<\/tr>\n<tr class=\"woocommerce-product-attributes-item woocommerce-product-attributes-item--attribute_%ce%bc%ce%ad%ce%b3%ce%b9%cf%83%cf%84%ce%b7-%ce%b8%ce%b5%cf%81%ce%bc%ce%bf%ce%ba%cf%81%ce%b1%cf%83%ce%af%ce%b1-%ce%bb%ce%b5%ce%b9%cf%84%ce%bf%cf%85%cf%81%ce%b3%ce%af%ce%b1%cf%82-%ce%b5%ce%bd%ce%b1\">\n<th class=\"woocommerce-product-attributes-item__label\" style=\"width: 368px;\"><span style=\"color: #008000;\">Temperatura m\u00e1xima dos permutadores<\/span><\/th>\n<td class=\"woocommerce-product-attributes-item__value\" style=\"width: 330px;\">130\u00b0C<\/td>\n<\/tr>\n<tr class=\"woocommerce-product-attributes-item woocommerce-product-attributes-item--attribute_%ce%bc%cf%8c%ce%bd%cf%89%cf%83%ce%b7\">\n<th class=\"woocommerce-product-attributes-item__label\" style=\"width: 368px;\"><span style=\"color: #008000;\">Isolamento<\/span><\/th>\n<td class=\"woocommerce-product-attributes-item__value\" style=\"width: 330px;\">pelos acumuladores de 60 at\u00e9 300 L de P.U. com espessura 60mm e densidade 52kg\/m3, para os dem\u00e1is modelos P.U. suave com espessura de 100mm<\/td>\n<\/tr>\n<tr class=\"woocommerce-product-attributes-item woocommerce-product-attributes-item--attribute_%ce%b5%ce%be%cf%89%cf%84%ce%b5%cf%81%ce%b9%ce%ba%ce%ae-%ce%b5%cf%80%ce%ad%ce%bd%ce%b4%cf%85%cf%83%ce%b7\">\n<th class=\"woocommerce-product-attributes-item__label\" style=\"width: 368px;\"><span style=\"color: #008000;\">Revestimento<\/span><\/th>\n<td class=\"woocommerce-product-attributes-item__value\" style=\"width: 330px;\">PVC<\/td>\n<\/tr>\n<\/tbody>\n<\/table>\n","protected":false},"featured_media":2210,"comment_status":"open","ping_status":"closed","template":"","meta":[],"product_brand":[],"product_cat":[62],"product_tag":[211,212,100,210],"class_list":{"0":"post-1810","1":"product","2":"type-product","3":"status-publish","4":"has-post-thumbnail","6":"product_cat-tanks-for-forced-circulation-system","7":"product_tag-750l","8":"product_tag-9000l","9":"product_tag-boiler","10":"product_tag-210","12":"first","13":"instock","14":"taxable","15":"shipping-taxable","16":"product-type-simple"},"_links":{"self":[{"href":"https:\/\/cosmosolar.com\/pt\/wp-json\/wp\/v2\/product\/1810","targetHints":{"allow":["GET"]}}],"collection":[{"href":"https:\/\/cosmosolar.com\/pt\/wp-json\/wp\/v2\/product"}],"about":[{"href":"https:\/\/cosmosolar.com\/pt\/wp-json\/wp\/v2\/types\/product"}],"replies":[{"embeddable":true,"href":"https:\/\/cosmosolar.com\/pt\/wp-json\/wp\/v2\/comments?post=1810"}],"wp:featuredmedia":[{"embeddable":true,"href":"https:\/\/cosmosolar.com\/pt\/wp-json\/wp\/v2\/media\/2210"}],"wp:attachment":[{"href":"https:\/\/cosmosolar.com\/pt\/wp-json\/wp\/v2\/media?parent=1810"}],"wp:term":[{"taxonomy":"product_brand","embeddable":true,"href":"https:\/\/cosmosolar.com\/pt\/wp-json\/wp\/v2\/product_brand?post=1810"},{"taxonomy":"product_cat","embeddable":true,"href":"https:\/\/cosmosolar.com\/pt\/wp-json\/wp\/v2\/product_cat?post=1810"},{"taxonomy":"product_tag","embeddable":true,"href":"https:\/\/cosmosolar.com\/pt\/wp-json\/wp\/v2\/product_tag?post=1810"}],"curies":[{"name":"wp","href":"https:\/\/api.w.org\/{rel}","templated":true}]}}