{"id":1806,"date":"2020-04-22T09:59:03","date_gmt":"2020-04-22T09:59:03","guid":{"rendered":"https:\/\/www.cosmosolar.com\/?post_type=product&#038;p=1806"},"modified":"2025-11-11T14:38:16","modified_gmt":"2025-11-11T12:38:16","slug":"%ce%b5%cf%80%ce%b9%ce%bb%ce%b5%ce%ba%cf%84%ce%b9%ce%ba%ce%bf%ce%af-%cf%83%cf%85%ce%bb%ce%bb%ce%ad%ce%ba%cf%84%ce%b5%cf%82-epi-cs","status":"publish","type":"product","link":"https:\/\/cosmosolar.com\/pt\/product\/%ce%b5%cf%80%ce%b9%ce%bb%ce%b5%ce%ba%cf%84%ce%b9%ce%ba%ce%bf%ce%af-%cf%83%cf%85%ce%bb%ce%bb%ce%ad%ce%ba%cf%84%ce%b5%cf%82-epi-cs\/","title":{"rendered":"Coletores solares modelos EPI &#8211; CS"},"content":{"rendered":"<div class=\"wpb-content-wrapper\"><p>[vc_row][vc_column][vc_tta_accordion][vc_tta_section title=&#8221;Documentos&#8221; tab_id=&#8221;1761317686441-a27310a9-4b8f&#8221;][vc_column_text]<br \/>\n<p>\u274c Folder not found: <code>documents\/english\/BUFFER_TANKS\/SOLAR_COLLECTORS\/EPI_-_CS<\/code><\/p><br \/>\n[\/vc_column_text][\/vc_tta_section][vc_tta_section title=&#8221;Descri\u00e7\u00e3o&#8221; tab_id=&#8221;1761317686455-d10a3957-cc5d&#8221;][vc_column_text]<br \/>\n<span style=\"color: #0000ff;\"><strong>MODELOS E CARATER\u00ccSTICAS T\u00c9CNICAS<\/strong><\/span><\/p>\n<table class=\"rtable rtable--flip\" style=\"width: 881px;\">\n<thead>\n<tr>\n<th style=\"text-align: center; width: 65px;\"><strong>MODELO<\/strong><\/th>\n<th style=\"text-align: center; width: 88px;\"><strong>INSTALA\u00c7\u00c3O<\/strong><\/th>\n<th style=\"text-align: center; width: 168px;\"><strong>MEDIDAS C x A x L (mm x mm x mm)<\/strong><\/th>\n<th style=\"text-align: center; width: 140px;\"><strong>SUPERF\u00cdCIE TOTAL (m\u00b2)<\/strong><\/th>\n<th style=\"text-align: center; width: 135px;\"><strong>SUPERF\u00cdCIE APERTURA (m\u00b2)<\/strong><\/th>\n<th style=\"text-align: center; width: 119px;\"><strong>CAPACIDADE (lt)<\/strong><\/th>\n<th style=\"text-align: center; width: 120px;\"><strong>PESO VAZIO (kg)<\/strong><\/th>\n<\/tr>\n<\/thead>\n<tbody>\n<tr>\n<td style=\"text-align: center; width: 65px;\"><strong>EPI 25 CS<\/strong><\/td>\n<td style=\"text-align: center; width: 88px;\">VERTICAL<\/td>\n<td style=\"text-align: center; width: 168px;\">1000 x 2000 x 90<\/td>\n<td style=\"text-align: center; width: 140px;\">2,00<\/td>\n<td style=\"text-align: center; width: 135px;\">1,768<\/td>\n<td style=\"text-align: center; width: 119px;\">1,435<\/td>\n<td style=\"text-align: center; width: 120px;\">37,50<\/td>\n<\/tr>\n<tr>\n<td style=\"text-align: center; width: 65px;\"><strong>EPI 54 CS<\/strong><\/td>\n<td style=\"text-align: center; width: 88px;\">VERTICAL<\/td>\n<td style=\"text-align: center; width: 168px;\">1260 x 2000 x 90<\/td>\n<td style=\"text-align: center; width: 140px;\">2,52<\/td>\n<td style=\"text-align: center; width: 135px;\">2,26<\/td>\n<td style=\"text-align: center; width: 119px;\">1,70<\/td>\n<td style=\"text-align: center; width: 120px;\">47,00<\/td>\n<\/tr>\n<tr>\n<td style=\"text-align: center; width: 65px;\"><strong>EPI 56 CS<\/strong><\/td>\n<td style=\"text-align: center; width: 88px;\">VERTICAL<\/td>\n<td style=\"text-align: center; width: 168px;\">1500 x 2000 x 90<\/td>\n<td style=\"text-align: center; width: 140px;\">3,00<\/td>\n<td style=\"text-align: center; width: 135px;\">2,63<\/td>\n<td style=\"text-align: center; width: 119px;\">1,98<\/td>\n<td style=\"text-align: center; width: 120px;\">58,00<\/td>\n<\/tr>\n<\/tbody>\n<\/table>\n<p><span style=\"color: #0000ff;\"><strong>COLECTORES SOLARES MODELOS EPI &#8211; CS<\/strong><\/span><\/p>\n<p><strong>\u0391. COLECTORES SELECTIVOS A TITANIO<\/strong><\/p>\n<table class=\"rtable rtable--flip\" style=\"width: 531px;\">\n<thead>\n<tr>\n<th style=\"text-align: center; width: 71px;\"><strong>MODELO<\/strong><\/th>\n<th style=\"text-align: center; width: 148px;\"><strong>SUPERF\u00cdCIE TOTAL (m\u00b2)<\/strong><\/th>\n<th style=\"text-align: center; width: 125px;\"><strong>INSTALA\u00c7\u00c3O<\/strong><\/th>\n<th style=\"text-align: center; width: 159px;\"><strong>MEDIDAS C x A x L (mm x mm x mm)<\/strong><\/th>\n<\/tr>\n<\/thead>\n<tbody>\n<tr>\n<td style=\"text-align: center; width: 71px;\"><strong>EPI 25 CS<\/strong><\/td>\n<td style=\"text-align: center; width: 148px;\">2,00<\/td>\n<td style=\"text-align: center; width: 125px;\">VERTICAL<\/td>\n<td style=\"text-align: center; width: 159px;\">1000 x 2000 x 90<\/td>\n<\/tr>\n<tr>\n<td style=\"text-align: center; width: 71px;\"><strong>EPI 54 CS<\/strong><\/td>\n<td style=\"text-align: center; width: 148px;\">2,52<\/td>\n<td style=\"text-align: center; width: 125px;\">VERTICAL<\/td>\n<td style=\"text-align: center; width: 159px;\">1260 x 2000 x 90<\/td>\n<\/tr>\n<tr>\n<td style=\"text-align: center; width: 71px;\"><strong>EPI 56 CS<\/strong><\/td>\n<td style=\"text-align: center; width: 148px;\">3,00<\/td>\n<td style=\"text-align: center; width: 125px;\">VERTICAL<\/td>\n<td style=\"text-align: center; width: 159px;\">1500 x 2000 x 90<\/td>\n<\/tr>\n<\/tbody>\n<\/table>\n<p><strong>\u0392. ESTRUCTURA UNIVERSAL &#8211; ALUM\u00cdNIO<\/strong><\/p>\n<table class=\"rtable rtable--flip\" style=\"width: 1061px;\">\n<thead>\n<tr style=\"height: 87px;\">\n<th class=\"colspan2\" style=\"text-align: center; width: 224px; height: 87px;\" colspan=\"2\"><strong>ARTIGO<\/strong><\/th>\n<th style=\"text-align: center; width: 71px; height: 87px;\"><strong>COLETOR<\/strong><\/th>\n<th style=\"text-align: center; width: 88px; height: 87px;\"><strong>INSTALA\u00c7\u00c3O<\/strong><\/th>\n<th style=\"font-size: 12px; text-align: center; width: 142px; height: 87px;\"><strong>MEDIDAS C x A x L <\/strong><\/p>\n<p><strong>(mm x mm x mm)<\/strong><\/th>\n<th class=\"colspan5\" style=\"text-align: center; width: 472px; height: 87px;\" colspan=\"5\">MEDIDAS ESTRUTURA INSTALADA<\/th>\n<\/tr>\n<\/thead>\n<tbody>\n<tr style=\"height: 48px;\">\n<th style=\"text-align: center; width: 101px; height: 48px;\">1 COLETOR<\/th>\n<th style=\"text-align: center; width: 123px; height: 48px;\">2 COLETORES<\/th>\n<th style=\"text-align: center; width: 71px; height: 48px;\"><\/th>\n<th style=\"text-align: center; width: 88px; height: 48px;\"><\/th>\n<th style=\"text-align: center; width: 142px; height: 48px;\"><\/th>\n<th style=\"text-align: center; width: 93px; height: 48px;\"><strong>(mm)<\/strong><\/th>\n<th style=\"text-align: center; width: 36px; height: 48px;\"><strong>(mm)<\/strong><\/th>\n<th style=\"text-align: center; width: 36px; height: 48px;\"><strong>(mm)<\/strong><\/th>\n<th style=\"text-align: center; width: 142px; height: 48px;\">1 COLETOR (mm)<\/th>\n<th style=\"text-align: center; width: 165px; height: 48px;\">2 COLETORES (mm)<\/th>\n<\/tr>\n<tr style=\"height: 24px;\">\n<td style=\"text-align: center; width: 101px; height: 24px;\"><\/td>\n<td style=\"text-align: center; width: 123px; height: 24px;\"><\/td>\n<td style=\"text-align: center; width: 71px; height: 24px;\"><\/td>\n<td style=\"text-align: center; width: 88px; height: 24px;\"><\/td>\n<td style=\"text-align: center; width: 142px; height: 24px;\"><\/td>\n<td style=\"text-align: center; width: 93px; height: 24px;\">K<\/td>\n<td style=\"text-align: center; width: 36px; height: 24px;\">H<\/td>\n<td style=\"text-align: center; width: 36px; height: 24px;\">N<\/td>\n<td style=\"text-align: center; width: 142px; height: 24px;\">I<\/td>\n<td style=\"text-align: center; width: 165px; height: 24px;\">\u0399<\/td>\n<\/tr>\n<tr style=\"height: 24px;\">\n<td style=\"text-align: center; width: 101px; height: 24px;\">BSP24<\/td>\n<td style=\"text-align: center; width: 123px; height: 24px;\">BSP29<\/td>\n<td style=\"text-align: center; width: 71px; height: 24px;\">EPI 25 CS<\/td>\n<td style=\"text-align: center; width: 88px; height: 24px;\">VERTICAL<\/td>\n<td style=\"text-align: center; width: 142px; height: 24px;\">1000 x 2000 x 90<\/td>\n<td style=\"text-align: center; width: 93px; height: 24px;\">2000<\/td>\n<td style=\"text-align: center; width: 36px; height: 24px;\">2013<\/td>\n<td style=\"text-align: center; width: 36px; height: 24px;\">1400<\/td>\n<td style=\"text-align: center; width: 142px; height: 24px;\">860<\/td>\n<td style=\"text-align: center; width: 165px; height: 24px;\">1040<\/td>\n<\/tr>\n<tr style=\"height: 24px;\">\n<td style=\"text-align: center; width: 101px; height: 24px;\">BSP24<\/td>\n<td style=\"text-align: center; width: 123px; height: 24px;\">&#8211;<\/td>\n<td style=\"text-align: center; width: 71px; height: 24px;\">EPI 54 CS<\/td>\n<td style=\"text-align: center; width: 88px; height: 24px;\">VERTICAL<\/td>\n<td style=\"text-align: center; width: 142px; height: 24px;\">1260 x 2000 x 90<\/td>\n<td style=\"text-align: center; width: 93px; height: 24px;\">2000<\/td>\n<td style=\"text-align: center; width: 36px; height: 24px;\">2013<\/td>\n<td style=\"text-align: center; width: 36px; height: 24px;\">1400<\/td>\n<td style=\"text-align: center; width: 142px; height: 24px;\">860<\/td>\n<td style=\"text-align: center; width: 165px; height: 24px;\">1040<\/td>\n<\/tr>\n<tr style=\"height: 24px;\">\n<td style=\"text-align: center; width: 101px; height: 24px;\">BSP24<\/td>\n<td style=\"text-align: center; width: 123px; height: 24px;\">&#8211;<\/td>\n<td style=\"text-align: center; width: 71px; height: 24px;\">EPI 56 CS<\/td>\n<td style=\"text-align: center; width: 88px; height: 24px;\">VERTICAL<\/td>\n<td style=\"text-align: center; width: 142px; height: 24px;\">1500 x 2000 x 90<\/td>\n<td style=\"text-align: center; width: 93px; height: 24px;\">2000<\/td>\n<td style=\"text-align: center; width: 36px; height: 24px;\">2013<\/td>\n<td style=\"text-align: center; width: 36px; height: 24px;\">1400<\/td>\n<td style=\"text-align: center; width: 142px; height: 24px;\">860<\/td>\n<td style=\"text-align: center; width: 165px; height: 24px;\">1040<\/td>\n<\/tr>\n<\/tbody>\n<\/table>\n<p><img loading=\"lazy\" decoding=\"async\" class=\"size-full wp-image-1808 aligncenter\" src=\"https:\/\/www.cosmosolar.com\/wp-content\/uploads\/2020\/04\/cosmosolar-image_texnika2.jpg\" alt=\"\" width=\"190\" height=\"146\" \/><br \/>\n[\/vc_column_text][\/vc_tta_section][\/vc_tta_accordion][\/vc_column][\/vc_row]<\/p>\n<\/div>","protected":false},"excerpt":{"rendered":"<p><span style=\"color: #ff6600;\"><strong>Descri\u00e7\u00e3o t\u00e9cnica dos coletores serie EPI &#8211; CS<\/strong><\/span><\/p>\n<table class=\"woocommerce-product-attributes shop_attributes\" style=\"width: 707px;\">\n<tbody>\n<tr class=\"woocommerce-product-attributes-item woocommerce-product-attributes-item--attribute_%cf%80%ce%bb%ce%b1%ce%af%cf%83%ce%b9%ce%bf-%cf%83%cf%85%ce%bb%ce%bb%ce%ad%ce%ba%cf%84%ce%b7\" style=\"height: 24px;\">\n<th class=\"woocommerce-product-attributes-item__label\" style=\"height: 24px; width: 252px;\"><span style=\"color: #008000;\">Perfil do coletor<\/span><\/th>\n<td class=\"woocommerce-product-attributes-item__value\" style=\"height: 24px; width: 439px;\">em aluminio (Al Mg Si 0.5) pintado eletrostaticamente em forno, tipo Seaside Class<\/td>\n<\/tr>\n<tr class=\"woocommerce-product-attributes-item woocommerce-product-attributes-item--attribute_%ce%b7%ce%bc%ce%b9%ce%b5%cf%80%ce%b9%ce%bb%ce%b5%ce%ba%cf%84%ce%b9%ce%ba%cf%8c%cf%82-%ce%b1%cf%80%ce%bf%cf%81%cf%81%ce%bf%cf%86%ce%b7%cf%84%ce%ae%cf%82-%cf%84%ce%b9%cf%84%ce%b1%ce%bd%ce%af%ce%bf%cf%85\" style=\"height: 24px;\">\n<th class=\"woocommerce-product-attributes-item__label\" style=\"height: 24px; width: 252px;\"><span style=\"color: #008000;\">Absor\u00e7or seletivo de tit\u00e2nio<\/span><\/th>\n<td class=\"woocommerce-product-attributes-item__value\" style=\"height: 24px; width: 439px;\">soldado \u00e0 grelha de tubos com laser<\/td>\n<\/tr>\n<tr class=\"woocommerce-product-attributes-item woocommerce-product-attributes-item--attribute_%cf%83%cf%85%ce%bd%cf%84%ce%b5%ce%bb%ce%b5%cf%83%cf%84%ce%ae%cf%82-%ce%b1%cf%80%ce%bf%cf%81%cf%81%cf%8c%cf%86%ce%b7%cf%83%ce%b7%cf%82\" style=\"height: 24px;\">\n<th class=\"woocommerce-product-attributes-item__label\" style=\"height: 24px; width: 252px;\"><span style=\"color: #008000;\">Coeficiente de absor\u00e7\u00e3o<\/span><\/th>\n<td class=\"woocommerce-product-attributes-item__value\" style=\"height: 24px; width: 439px;\">\u03b1 \u2265 0.95 \u00b1 0.02<\/td>\n<\/tr>\n<tr class=\"woocommerce-product-attributes-item woocommerce-product-attributes-item--attribute_%cf%83%cf%85%ce%bd%cf%84%ce%b5%ce%bb%ce%b5%cf%83%cf%84%ce%ae%cf%82-%ce%b5%ce%ba%cf%80%ce%bf%ce%bc%cf%80%ce%ae%cf%82\" style=\"height: 24px;\">\n<th class=\"woocommerce-product-attributes-item__label\" style=\"height: 24px; width: 252px;\"><span style=\"color: #008000;\">Coeficiente de emis\u00e3o<\/span><\/th>\n<td class=\"woocommerce-product-attributes-item__value\" style=\"height: 24px; width: 439px;\">\u03b5 \u2264 0.05 \u00b1 0.02<\/td>\n<\/tr>\n<tr class=\"woocommerce-product-attributes-item woocommerce-product-attributes-item--attribute_%cf%83%cf%89%ce%bb%ce%ae%ce%bd%ce%b5%cf%82-%cf%84%cf%81%ce%bf%cf%86%ce%bf%ce%b4%ce%bf%cf%83%ce%af%ce%b1%cf%82-%ce%ba%ce%b1%ce%b9-%ce%b5%cf%80%ce%b9%cf%83%cf%84%cf%81%ce%bf%cf%86%ce%ae%cf%82-%cf%83\" style=\"height: 24px;\">\n<th class=\"woocommerce-product-attributes-item__label\" style=\"height: 24px; width: 252px;\"><span style=\"color: #008000;\">Tubos horizont\u00e1is<\/span><\/th>\n<td class=\"woocommerce-product-attributes-item__value\" style=\"height: 24px; width: 439px;\">(headers) de cobre \u00d8 22mm<\/td>\n<\/tr>\n<tr class=\"woocommerce-product-attributes-item woocommerce-product-attributes-item--attribute_%cf%83%cf%89%ce%bb%ce%ae%ce%bd%ce%b5%cf%82-%ce%b1%cf%80%ce%bf%cf%81%cf%81%ce%bf%cf%86%ce%b7%cf%84%ce%ae\" style=\"height: 24px;\">\n<th class=\"woocommerce-product-attributes-item__label\" style=\"height: 24px; width: 252px;\"><span style=\"color: #008000;\">Tubos vertic\u00e1is<\/span><\/th>\n<td class=\"woocommerce-product-attributes-item__value\" style=\"height: 24px; width: 439px;\">(manifolds) de cobre \u00d8 10mm<\/td>\n<\/tr>\n<tr class=\"woocommerce-product-attributes-item woocommerce-product-attributes-item--attribute_%ce%ac%ce%b8%cf%81%ce%b1%cf%85%cf%83%cf%84%ce%bf-%ce%ba%cf%81%cf%8d%cf%83%cf%84%ce%b1%ce%bb%ce%bb%ce%bf-%ce%b1%cf%83%cf%86%ce%b1%ce%bb%ce%b5%ce%af%ce%b1%cf%82\" style=\"height: 24px;\">\n<th class=\"woocommerce-product-attributes-item__label\" style=\"height: 24px; width: 252px;\"><span style=\"color: #008000;\">Vidro altamente resistente<\/span><\/th>\n<td class=\"woocommerce-product-attributes-item__value\" style=\"height: 24px; width: 439px;\">de baixo conte\u00fado de ferro de 3,2mm\u00a0 de espessura<\/td>\n<\/tr>\n<tr class=\"woocommerce-product-attributes-item woocommerce-product-attributes-item--attribute_%cf%83%cf%85%ce%bd%cf%84%ce%b5%ce%bb%ce%b5%cf%83%cf%84%ce%ae%cf%82-%ce%b4%ce%b9%ce%b1%cf%80%ce%b5%cf%81%ce%b1%cf%84%cf%8c%cf%84%ce%b7%cf%84%ce%b1%cf%82-%cf%85%ce%b1%ce%bb%ce%bf%cf%80%ce%af%ce%bd%ce%b1\" style=\"height: 48px;\">\n<th class=\"woocommerce-product-attributes-item__label\" style=\"height: 48px; width: 252px;\"><span style=\"color: #008000;\">Coeficiente de trasmissividade<\/span><\/th>\n<td class=\"woocommerce-product-attributes-item__value\" style=\"height: 48px; width: 439px;\">do vidro \u03c4 \u2265 0.90<\/td>\n<\/tr>\n<tr class=\"woocommerce-product-attributes-item woocommerce-product-attributes-item--attribute_%ce%bf%cf%80%ce%af%cf%83%ce%b8%ce%b9%ce%b1-%cf%80%ce%bb%ce%ac%cf%84%ce%b7\" style=\"height: 24px;\">\n<th class=\"woocommerce-product-attributes-item__label\" style=\"height: 24px; width: 252px;\"><span style=\"color: #008000;\">Parte trasiera<\/span><\/th>\n<td class=\"woocommerce-product-attributes-item__value\" style=\"height: 24px; width: 439px;\">de aluminio<\/td>\n<\/tr>\n<tr class=\"woocommerce-product-attributes-item woocommerce-product-attributes-item--attribute_%ce%bf%cf%80%ce%af%cf%83%ce%b8%ce%b9%ce%b1-%ce%bc%cf%8c%ce%bd%cf%89%cf%83%ce%b7\" style=\"height: 48px;\">\n<th class=\"woocommerce-product-attributes-item__label\" style=\"height: 48px; width: 252px;\"><span style=\"color: #008000;\">Isolamento t\u00e9rmico trasiero<\/span><\/th>\n<td class=\"woocommerce-product-attributes-item__value\" style=\"height: 48px; width: 439px;\">de l\u00e3 de rocha de espessura 30mm com condutividade t\u00e9rmica \u03bb=0.035 W\/m grd (\u00e0 0\u00b0C)<\/td>\n<\/tr>\n<tr class=\"woocommerce-product-attributes-item woocommerce-product-attributes-item--attribute_%ce%bf%cf%80%ce%af%cf%83%ce%b8%ce%b9%ce%b1-%ce%bc%cf%8c%ce%bd%cf%89%cf%83%ce%b7\" style=\"height: 48px;\">\n<th class=\"woocommerce-product-attributes-item__label\" style=\"height: 48px; width: 252px;\"><span style=\"color: #008000;\">Isolamento t\u00e9rmico lateral<\/span><\/th>\n<td class=\"woocommerce-product-attributes-item__value\" style=\"height: 48px; width: 439px;\">de l\u00e3 de virdo de espessura 20mm<\/td>\n<\/tr>\n<tr class=\"woocommerce-product-attributes-item woocommerce-product-attributes-item--attribute_%cf%83%cf%84%ce%b5%ce%b3%ce%b1%ce%bd%ce%bf%cf%80%ce%bf%ce%af%ce%b7%cf%83%ce%b7\" style=\"height: 24px;\">\n<th class=\"woocommerce-product-attributes-item__label\" style=\"height: 24px; width: 252px;\"><span style=\"color: #008000;\">Imbermeabiliza\u00e7\u00e3o<\/span><\/th>\n<td class=\"woocommerce-product-attributes-item__value\" style=\"height: 24px; width: 439px;\">com silicone preto e EPDM<\/td>\n<\/tr>\n<\/tbody>\n<\/table>\n","protected":false},"featured_media":1807,"comment_status":"open","ping_status":"closed","template":"","meta":[],"product_brand":[],"product_cat":[59],"product_tag":[209,208],"class_list":{"0":"post-1806","1":"product","2":"type-product","3":"status-publish","4":"has-post-thumbnail","6":"product_cat-solar-panels","7":"product_tag-epi-cs","8":"product_tag-208","10":"first","11":"instock","12":"taxable","13":"shipping-taxable","14":"product-type-simple"},"_links":{"self":[{"href":"https:\/\/cosmosolar.com\/pt\/wp-json\/wp\/v2\/product\/1806","targetHints":{"allow":["GET"]}}],"collection":[{"href":"https:\/\/cosmosolar.com\/pt\/wp-json\/wp\/v2\/product"}],"about":[{"href":"https:\/\/cosmosolar.com\/pt\/wp-json\/wp\/v2\/types\/product"}],"replies":[{"embeddable":true,"href":"https:\/\/cosmosolar.com\/pt\/wp-json\/wp\/v2\/comments?post=1806"}],"wp:featuredmedia":[{"embeddable":true,"href":"https:\/\/cosmosolar.com\/pt\/wp-json\/wp\/v2\/media\/1807"}],"wp:attachment":[{"href":"https:\/\/cosmosolar.com\/pt\/wp-json\/wp\/v2\/media?parent=1806"}],"wp:term":[{"taxonomy":"product_brand","embeddable":true,"href":"https:\/\/cosmosolar.com\/pt\/wp-json\/wp\/v2\/product_brand?post=1806"},{"taxonomy":"product_cat","embeddable":true,"href":"https:\/\/cosmosolar.com\/pt\/wp-json\/wp\/v2\/product_cat?post=1806"},{"taxonomy":"product_tag","embeddable":true,"href":"https:\/\/cosmosolar.com\/pt\/wp-json\/wp\/v2\/product_tag?post=1806"}],"curies":[{"name":"wp","href":"https:\/\/api.w.org\/{rel}","templated":true}]}}