{"id":1786,"date":"2020-04-13T13:11:10","date_gmt":"2020-04-13T13:11:10","guid":{"rendered":"https:\/\/www.cosmosolar.com\/?post_type=product&#038;p=1786"},"modified":"2025-11-11T14:28:14","modified_gmt":"2025-11-11T12:28:14","slug":"%ce%b4%ce%bf%cf%87%ce%b5%ce%af%ce%b1-%ce%b1%ce%b4%cf%81%ce%b1%ce%bd%ce%b5%ce%af%ce%b1%cf%82-%ce%b3%ce%b9%ce%b1-%ce%b1%ce%bd%cf%84%ce%bb%ce%af%ce%b5%cf%82-%ce%b8%ce%b5%cf%81%ce%bc%cf%8c%cf%84%ce%b7","status":"publish","type":"product","link":"https:\/\/cosmosolar.com\/pt\/product\/%ce%b4%ce%bf%cf%87%ce%b5%ce%af%ce%b1-%ce%b1%ce%b4%cf%81%ce%b1%ce%bd%ce%b5%ce%af%ce%b1%cf%82-%ce%b3%ce%b9%ce%b1-%ce%b1%ce%bd%cf%84%ce%bb%ce%af%ce%b5%cf%82-%ce%b8%ce%b5%cf%81%ce%bc%cf%8c%cf%84%ce%b7\/","title":{"rendered":"Acumuladores de in\u00earcia 40L &#8211; 300L para bombas de calor"},"content":{"rendered":"<div class=\"wpb-content-wrapper\"><p>[vc_row][vc_column][vc_tta_accordion][vc_tta_section title=&#8221;Documentos&#8221; tab_id=&#8221;1761317686441-a27310a9-4b8f&#8221;][vc_column_text]<br \/>\n<h4 style='margin-top: 0px;'>40-300L<\/h4><ul style='margin-left: 0px;'><\/ul><h4 style='margin-top: 15px;'>Ficha t\u00e9cnica<\/h4><ul style='margin-left: 20px;'><li><a href=\"https:\/\/cosmosolar.com\/wp-content\/uploads\/documents\/english\/BUFFER_TANKS\/40-300L\/Datasheet\/BUFFER_TANKS_40-300L.pdf\" target=\"_blank\" rel=\"noopener\">\ud83d\udcc4 BUFFER_TANKS_40-300L.pdf<\/a><\/li><\/ul><br \/>\n[\/vc_column_text][\/vc_tta_section][vc_tta_section title=&#8221;Descri\u00e7\u00e3o&#8221; tab_id=&#8221;1761317686455-d10a3957-cc5d&#8221;][vc_column_text]<\/p>\n<p><span style=\"color: #0000ff;\">Sob pedido, os acumuladores podem ser fornecidos com<\/span><\/p>\n<p>Rest\u00eancia el\u00e9ctrica e termostato 1 \u00bd&#8221; &#8211; 4 kW<br \/>\nResist\u00eancia el\u00e9ctrica e termostato 1 \u00bd&#8221; com pot\u00eancia de 6 ou 9 kW<\/p>\n<table class=\"rtable rtable--flip\" style=\"width: 555px;\">\n<thead>\n<tr>\n<th style=\"width: 95.475px; text-align: center;\"><strong>MODELO<\/strong><\/th>\n<th class=\"colspan2\" style=\"width: 203.525px; text-align: center;\" colspan=\"2\"><strong>DIMENS\u00d5ES<\/strong><\/th>\n<th style=\"width: 134px; text-align: center;\"><strong>CAPACIDADE (L)<\/strong><\/th>\n<th style=\"width: 88px; text-align: center;\"><strong>PESO (kg)<\/strong><\/th>\n<\/tr>\n<\/thead>\n<tbody>\n<tr>\n<th style=\"width: 95.475px; text-align: center;\"><\/th>\n<th style=\"width: 123.525px; text-align: center;\"><strong>di\u00e2metro (mm)<\/strong><\/th>\n<th style=\"width: 80px; text-align: center;\"><strong>altura (mm)<\/strong><\/th>\n<th style=\"width: 134px; text-align: center;\"><\/th>\n<th style=\"width: 88px; text-align: center;\"><\/th>\n<\/tr>\n<tr>\n<td style=\"width: 95.475px; text-align: center;\">COS-40-OP<\/td>\n<td style=\"width: 123.525px; text-align: center;\">500<\/td>\n<td style=\"width: 80px; text-align: center;\">500<\/td>\n<td style=\"width: 134px; text-align: center;\">40<\/td>\n<td style=\"width: 88px; text-align: center;\">15<\/td>\n<\/tr>\n<tr>\n<td style=\"width: 95.475px; text-align: center;\">COS-60-OP<\/td>\n<td style=\"width: 123.525px; text-align: center;\">500<\/td>\n<td style=\"width: 80px; text-align: center;\">665<\/td>\n<td style=\"width: 134px; text-align: center;\">60<\/td>\n<td style=\"width: 88px; text-align: center;\">20<\/td>\n<\/tr>\n<tr>\n<td style=\"width: 95.475px; text-align: center;\">COS-80-OP<\/td>\n<td style=\"width: 123.525px; text-align: center;\">390<\/td>\n<td style=\"width: 80px; text-align: center;\">535<\/td>\n<td style=\"width: 134px; text-align: center;\">38<\/td>\n<td style=\"width: 88px; text-align: center;\">13<\/td>\n<\/tr>\n<tr>\n<td style=\"width: 95.475px; text-align: center;\">COS-110-OP<\/td>\n<td style=\"width: 123.525px; text-align: center;\">500<\/td>\n<td style=\"width: 80px; text-align: center;\">1100<\/td>\n<td style=\"width: 134px; text-align: center;\">110<\/td>\n<td style=\"width: 88px; text-align: center;\">30<\/td>\n<\/tr>\n<tr>\n<td style=\"width: 95.475px; text-align: center;\">COS-150-OP<\/td>\n<td style=\"width: 123.525px; text-align: center;\">530<\/td>\n<td style=\"width: 80px; text-align: center;\">1350<\/td>\n<td style=\"width: 134px; text-align: center;\">150<\/td>\n<td style=\"width: 88px; text-align: center;\">50<\/td>\n<\/tr>\n<tr>\n<td style=\"width: 95.475px; text-align: center;\">COS-200-OP<\/td>\n<td style=\"width: 123.525px; text-align: center;\">580<\/td>\n<td style=\"width: 80px; text-align: center;\">1350<\/td>\n<td style=\"width: 134px; text-align: center;\">186<\/td>\n<td style=\"width: 88px; text-align: center;\">56<\/td>\n<\/tr>\n<tr>\n<td style=\"width: 95.475px; text-align: center;\">COS-300-OP<\/td>\n<td style=\"width: 123.525px; text-align: center;\">580<\/td>\n<td style=\"width: 80px; text-align: center;\">1890<\/td>\n<td style=\"width: 134px; text-align: center;\">290<\/td>\n<td style=\"width: 88px; text-align: center;\">85<\/td>\n<\/tr>\n<\/tbody>\n<\/table>\n<table class=\"rtable rtable--flip\" style=\"width: 562px;\">\n<thead>\n<tr>\n<th style=\"text-align: center; width: 87px;\"><strong>MODELO<\/strong><\/th>\n<th class=\"colspan2\" style=\"text-align: center; width: 220px;\" colspan=\"2\"><strong>DIMENS\u00d5ES<\/strong><\/th>\n<th style=\"text-align: center; width: 226.75px;\"><strong>CAPACIDADE (L)<\/strong><\/th>\n<th style=\"text-align: center; width: 107.25px;\"><strong>PESO (kg)<\/strong><\/th>\n<\/tr>\n<\/thead>\n<tbody>\n<tr>\n<th style=\"text-align: center; width: 87px;\"><\/th>\n<th style=\"text-align: center; width: 123px;\"><strong>di\u00e2metro (mm)<\/strong><\/th>\n<th style=\"text-align: center; width: 97px;\"><strong>altura (mm)<\/strong><\/th>\n<th style=\"text-align: center; width: 226.75px;\"><\/th>\n<th style=\"text-align: center; width: 107.25px;\"><\/th>\n<\/tr>\n<tr>\n<td style=\"text-align: center; width: 87px;\">COS-110-IP<\/td>\n<td style=\"text-align: center; width: 123px;\">500<\/td>\n<td style=\"text-align: center; width: 97px;\">1100<\/td>\n<td style=\"text-align: center; width: 226.75px;\">110<\/td>\n<td style=\"text-align: center; width: 107.25px;\">38<\/td>\n<\/tr>\n<tr>\n<td style=\"text-align: center; width: 87px;\">COS-150-IP<\/td>\n<td style=\"text-align: center; width: 123px;\">530<\/td>\n<td style=\"text-align: center; width: 97px;\">1350<\/td>\n<td style=\"text-align: center; width: 226.75px;\">150<\/td>\n<td style=\"text-align: center; width: 107.25px;\">62<\/td>\n<\/tr>\n<tr>\n<td style=\"text-align: center; width: 87px;\">COS-200-IP<\/td>\n<td style=\"text-align: center; width: 123px;\">580<\/td>\n<td style=\"text-align: center; width: 97px;\">1350<\/td>\n<td style=\"text-align: center; width: 226.75px;\">186<\/td>\n<td style=\"text-align: center; width: 107.25px;\">71<\/td>\n<\/tr>\n<tr>\n<td style=\"text-align: center; width: 87px;\">COS-300-IP<\/td>\n<td style=\"text-align: center; width: 123px;\">580<\/td>\n<td style=\"text-align: center; width: 97px;\">1890<\/td>\n<td style=\"text-align: center; width: 226.75px;\">290<\/td>\n<td style=\"text-align: center; width: 107.25px;\">108<\/td>\n<\/tr>\n<\/tbody>\n<\/table>\n<table class=\"rtable rtable--flip\">\n<thead>\n<tr>\n<th style=\"text-align: center;\"><strong>MODELO<\/strong><\/th>\n<th class=\"colspan2\" style=\"text-align: center;\" colspan=\"2\"><strong>DIMENS\u00d5ES<\/strong><\/th>\n<th style=\"text-align: center;\"><strong>CAPACIDADE (L)<\/strong><\/th>\n<th style=\"text-align: center;\"><strong>PESO (kg)<\/strong><\/th>\n<\/tr>\n<\/thead>\n<tbody>\n<tr>\n<th style=\"text-align: center;\"><\/th>\n<th style=\"text-align: center;\"><strong>di\u00e2metro (mm)<\/strong><\/th>\n<th style=\"text-align: center;\"><strong>altura (mm)<\/strong><\/th>\n<th style=\"text-align: center;\"><\/th>\n<th style=\"text-align: center;\"><\/th>\n<\/tr>\n<tr>\n<td style=\"text-align: center;\">COS-150-2P<\/td>\n<td style=\"text-align: center;\">530<\/td>\n<td style=\"text-align: center;\">1350<\/td>\n<td style=\"text-align: center;\">150<\/td>\n<td style=\"text-align: center;\">72<\/td>\n<\/tr>\n<tr>\n<td style=\"text-align: center;\">COS-200-2P<\/td>\n<td style=\"text-align: center;\">580<\/td>\n<td style=\"text-align: center;\">1350<\/td>\n<td style=\"text-align: center;\">186<\/td>\n<td style=\"text-align: center;\">83<\/td>\n<\/tr>\n<tr>\n<td style=\"text-align: center;\">COS-300-2P<\/td>\n<td style=\"text-align: center;\">580<\/td>\n<td style=\"text-align: center;\">1890<\/td>\n<td style=\"text-align: center;\">290<\/td>\n<td style=\"text-align: center;\">123<\/td>\n<\/tr>\n<\/tbody>\n<\/table>\n<p>*Temperatura entrada \u00e1gua no permutador 80 \u00b0C. Temperatura inicial do tanque de 15 \u00b0C. para chegar a temperatura de 60 \u00b0C<\/p>\n<p><img loading=\"lazy\" decoding=\"async\" class=\"aligncenter wp-image-2066 size-full\" src=\"https:\/\/cosmosolar.com\/wp-content\/uploads\/2020\/04\/\u03b1\u03b4\u03c1\u03b1\u03bd\u03b5\u03b9\u03b1\u03c2-\u03bc\u03b9\u03ba\u03c1\u03bf-2.jpg\" alt=\"\" width=\"564\" height=\"240\" srcset=\"https:\/\/cosmosolar.com\/wp-content\/uploads\/2020\/04\/\u03b1\u03b4\u03c1\u03b1\u03bd\u03b5\u03b9\u03b1\u03c2-\u03bc\u03b9\u03ba\u03c1\u03bf-2.jpg 564w, https:\/\/cosmosolar.com\/wp-content\/uploads\/2020\/04\/\u03b1\u03b4\u03c1\u03b1\u03bd\u03b5\u03b9\u03b1\u03c2-\u03bc\u03b9\u03ba\u03c1\u03bf-2-300x128.jpg 300w\" sizes=\"auto, (max-width: 564px) 100vw, 564px\" \/><br \/>\n[\/vc_column_text][\/vc_tta_section][\/vc_tta_accordion][\/vc_column][\/vc_row]<\/p>\n<\/div>","protected":false},"excerpt":{"rendered":"<p><span style=\"color: #ff6600;\">Acumuladores de in\u00earcia para bombas de calor<\/span><\/p>\n<table class=\"woocommerce-product-attributes shop_attributes\">\n<tbody>\n<tr class=\"woocommerce-product-attributes-item woocommerce-product-attributes-item--attribute_%ce%b5%ce%be%cf%89%cf%84%ce%b5%cf%81%ce%b9%ce%ba%cf%8c-%cf%80%ce%b5%cf%81%ce%af%ce%b2%ce%bb%ce%b7%ce%bc%ce%b1-%ce%b4%ce%bf%cf%87%ce%b5%ce%af%ce%bf%cf%85\" style=\"height: 24px;\">\n<th class=\"woocommerce-product-attributes-item__label\" style=\"height: 24px;\"><span style=\"color: #008000;\">Material de acumulador<\/span><\/th>\n<td class=\"woocommerce-product-attributes-item__value\" style=\"height: 24px;\">a\u00e7o<\/td>\n<\/tr>\n<tr class=\"woocommerce-product-attributes-item woocommerce-product-attributes-item--attribute_%cf%80%ce%af%ce%b5%cf%83%ce%b7-%ce%bb%ce%b5%ce%b9%cf%84%ce%bf%cf%85%cf%81%ce%b3%ce%af%ce%b1%cf%82\" style=\"height: 24px;\">\n<th class=\"woocommerce-product-attributes-item__label\" style=\"height: 24px;\"><span style=\"color: #008000;\">Press\u00e3o de operac\u00e3o<\/span><\/th>\n<td class=\"woocommerce-product-attributes-item__value\" style=\"height: 24px;\">4 bar<\/td>\n<\/tr>\n<tr class=\"woocommerce-product-attributes-item woocommerce-product-attributes-item--attribute_%ce%bc%ce%ad%ce%b3%ce%b9%cf%83%cf%84%ce%b7-%cf%80%ce%af%ce%b5%cf%83%ce%b7-%ce%b1%ce%bd%cf%84%ce%bf%cf%87%ce%ae%cf%82\" style=\"height: 24.4px;\">\n<th class=\"woocommerce-product-attributes-item__label\" style=\"height: 24.4px;\"><span style=\"color: #008000;\">Press\u00e3o m\u00e1xima de operac\u00e3o<\/span><\/th>\n<td class=\"woocommerce-product-attributes-item__value\" style=\"height: 24.4px;\">6 bar<\/td>\n<\/tr>\n<tr class=\"woocommerce-product-attributes-item woocommerce-product-attributes-item--attribute_%ce%bc%ce%ad%ce%b3%ce%b9%cf%83%cf%84%ce%b7-%ce%b8%ce%b5%cf%81%ce%bc%ce%bf%ce%ba%cf%81%ce%b1%cf%83%ce%af%ce%b1\" style=\"height: 24px;\">\n<th class=\"woocommerce-product-attributes-item__label\" style=\"height: 24px;\"><span style=\"color: #008000;\">Temperatura m\u00e1xima de operac\u00e3o<\/span><\/th>\n<td class=\"woocommerce-product-attributes-item__value\" style=\"height: 24px;\">95\u00b0C<\/td>\n<\/tr>\n<tr class=\"woocommerce-product-attributes-item woocommerce-product-attributes-item--attribute_%ce%bc%cf%8c%ce%bd%cf%89%cf%83%ce%b7\" style=\"height: 24px;\">\n<th class=\"woocommerce-product-attributes-item__label\" style=\"height: 24px;\"><span style=\"color: #008000;\">Isolamento<\/span><\/th>\n<td class=\"woocommerce-product-attributes-item__value\" style=\"height: 24px;\">P.U. 50mm da densidade 52 kg\/m3<\/td>\n<\/tr>\n<\/tbody>\n<\/table>\n","protected":false},"featured_media":2067,"comment_status":"open","ping_status":"closed","template":"","meta":[],"product_brand":[],"product_cat":[63],"product_tag":[200,199,198,188],"class_list":{"0":"post-1786","1":"product","2":"type-product","3":"status-publish","4":"has-post-thumbnail","6":"product_cat-buffer-tanks-accumulators","7":"product_tag-300l","8":"product_tag-40l","9":"product_tag-198","10":"product_tag-188","12":"first","13":"instock","14":"taxable","15":"shipping-taxable","16":"product-type-simple"},"_links":{"self":[{"href":"https:\/\/cosmosolar.com\/pt\/wp-json\/wp\/v2\/product\/1786","targetHints":{"allow":["GET"]}}],"collection":[{"href":"https:\/\/cosmosolar.com\/pt\/wp-json\/wp\/v2\/product"}],"about":[{"href":"https:\/\/cosmosolar.com\/pt\/wp-json\/wp\/v2\/types\/product"}],"replies":[{"embeddable":true,"href":"https:\/\/cosmosolar.com\/pt\/wp-json\/wp\/v2\/comments?post=1786"}],"wp:featuredmedia":[{"embeddable":true,"href":"https:\/\/cosmosolar.com\/pt\/wp-json\/wp\/v2\/media\/2067"}],"wp:attachment":[{"href":"https:\/\/cosmosolar.com\/pt\/wp-json\/wp\/v2\/media?parent=1786"}],"wp:term":[{"taxonomy":"product_brand","embeddable":true,"href":"https:\/\/cosmosolar.com\/pt\/wp-json\/wp\/v2\/product_brand?post=1786"},{"taxonomy":"product_cat","embeddable":true,"href":"https:\/\/cosmosolar.com\/pt\/wp-json\/wp\/v2\/product_cat?post=1786"},{"taxonomy":"product_tag","embeddable":true,"href":"https:\/\/cosmosolar.com\/pt\/wp-json\/wp\/v2\/product_tag?post=1786"}],"curies":[{"name":"wp","href":"https:\/\/api.w.org\/{rel}","templated":true}]}}