{"id":1761,"date":"2020-04-13T10:52:18","date_gmt":"2020-04-13T10:52:18","guid":{"rendered":"https:\/\/www.cosmosolar.com\/?post_type=product&#038;p=1761"},"modified":"2025-11-11T14:18:16","modified_gmt":"2025-11-11T12:18:16","slug":"%ce%b4%ce%bf%cf%87%ce%b5%ce%af%ce%b1-%ce%b1%ce%b4%cf%81%ce%b1%ce%bd%ce%b5%ce%af%ce%b1%cf%82-500l-2000l-%ce%b3%ce%b9%ce%b1-%ce%b8%ce%ad%cf%81%ce%bc%ce%b1%ce%bd%cf%83%ce%b7","status":"publish","type":"product","link":"https:\/\/cosmosolar.com\/pt\/product\/%ce%b4%ce%bf%cf%87%ce%b5%ce%af%ce%b1-%ce%b1%ce%b4%cf%81%ce%b1%ce%bd%ce%b5%ce%af%ce%b1%cf%82-500l-2000l-%ce%b3%ce%b9%ce%b1-%ce%b8%ce%ad%cf%81%ce%bc%ce%b1%ce%bd%cf%83%ce%b7\/","title":{"rendered":"Acumuladores de in\u00earcia 500L &#8211; 2000L para aquecimento \/ resfriamento"},"content":{"rendered":"<div class=\"wpb-content-wrapper\"><p>[vc_row][vc_column][vc_tta_accordion][vc_tta_section title=&#8221;Documentos&#8221; tab_id=&#8221;1761317686441-a27310a9-4b8f&#8221;][vc_column_text]<br \/>\n<h4 style='margin-top: 0px;'>500-2000L<\/h4><ul style='margin-left: 0px;'><\/ul><h4 style='margin-top: 15px;'>Ficha t\u00e9cnica<\/h4><ul style='margin-left: 20px;'><li><a href=\"https:\/\/cosmosolar.com\/wp-content\/uploads\/documents\/english\/BUFFER_TANKS\/500-2000L\/Datasheet\/BUFFERS_500_-_2000L.pdf\" target=\"_blank\" rel=\"noopener\">\ud83d\udcc4 BUFFERS_500_-_2000L.pdf<\/a><\/li><\/ul><br \/>\n[\/vc_column_text][\/vc_tta_section][vc_tta_section title=&#8221;Descri\u00e7\u00e3o&#8221; tab_id=&#8221;1761317686455-d10a3957-cc5d&#8221;][vc_column_text]<br \/>\n<span style=\"font-family: monospace; color: #0000ff;\"><b>Sob pedido, os acumuladores podem ser fornecidos com<\/b><\/span><\/p>\n<p>Resist\u00eancia el\u00e9ctrica com termostato com di\u00e2metro 1 \u00bd&#8221; e pot\u00eancia 4 kW<br \/>\nResist\u00eancia el\u00e9ctrica trif\u00e1ssica com termostato com di\u00e2metro 1 \u00bd&#8221; e pot\u00eancia de 6 ou 9 kW<br \/>\nConfigura\u00e7\u00e2o especial para resfriamento<br \/>\nMaterial externo met\u00e1lico<\/p>\n<table class=\"rtable rtable--flip\">\n<thead>\n<tr>\n<th style=\"text-align: center;\"><strong>MODELO<\/strong><\/th>\n<th class=\"colspan2\" style=\"text-align: center;\" colspan=\"2\"><strong>DIMENS\u00d5ES<\/strong><\/th>\n<th style=\"text-align: center;\"><strong>CAPACIDADE (L)<\/strong><\/th>\n<th style=\"text-align: center;\"><strong>PESO (kg)<\/strong><\/th>\n<\/tr>\n<\/thead>\n<tbody>\n<tr>\n<th style=\"text-align: center;\"><\/th>\n<th style=\"text-align: center;\"><strong>Di\u00e2m. (mm)<\/strong><\/th>\n<th style=\"text-align: center;\"><strong>alt. (mm)<\/strong><\/th>\n<th style=\"text-align: center;\"><\/th>\n<th style=\"text-align: center;\"><\/th>\n<\/tr>\n<tr>\n<td style=\"text-align: center;\">COS-500-OP<\/td>\n<td style=\"text-align: center;\">850<\/td>\n<td style=\"text-align: center;\">1800<\/td>\n<td style=\"text-align: center;\">520<\/td>\n<td style=\"text-align: center;\">117<\/td>\n<\/tr>\n<tr>\n<td style=\"text-align: center;\">COS-800-OP<\/td>\n<td style=\"text-align: center;\">1050<\/td>\n<td style=\"text-align: center;\">1800<\/td>\n<td style=\"text-align: center;\">830<\/td>\n<td style=\"text-align: center;\">170<\/td>\n<\/tr>\n<tr>\n<td style=\"text-align: center;\">COS-1000-OP<\/td>\n<td style=\"text-align: center;\">1050<\/td>\n<td style=\"text-align: center;\">2000<\/td>\n<td style=\"text-align: center;\">1040<\/td>\n<td style=\"text-align: center;\">195<\/td>\n<\/tr>\n<tr>\n<td style=\"text-align: center;\">COS-1500-OP<\/td>\n<td style=\"text-align: center;\">1300<\/td>\n<td style=\"text-align: center;\">2000<\/td>\n<td style=\"text-align: center;\">1626<\/td>\n<td style=\"text-align: center;\">267<\/td>\n<\/tr>\n<tr>\n<td style=\"text-align: center;\">COS-2000-OP<\/td>\n<td style=\"text-align: center;\">1400<\/td>\n<td style=\"text-align: center;\">2000<\/td>\n<td style=\"text-align: center;\">2000<\/td>\n<td style=\"text-align: center;\">302<\/td>\n<\/tr>\n<\/tbody>\n<\/table>\n<table class=\"rtable rtable--flip\">\n<thead>\n<tr>\n<th style=\"text-align: center;\"><strong>MODELO<\/strong><\/th>\n<th class=\"colspan2\" style=\"text-align: center;\" colspan=\"2\"><strong>DIMENS\u00d5ES<\/strong><\/th>\n<th style=\"text-align: center;\"><strong>CAPACIDADE (L)<\/strong><\/th>\n<th style=\"text-align: center;\"><strong>PESO (kg)<\/strong><\/th>\n<\/tr>\n<\/thead>\n<tbody>\n<tr>\n<th style=\"text-align: center;\"><\/th>\n<th style=\"text-align: center;\"><strong>Di\u00e2m. (mm)<\/strong><\/th>\n<th style=\"text-align: center;\"><strong>alt. (mm)<\/strong><\/th>\n<th style=\"text-align: center;\"><\/th>\n<th style=\"text-align: center;\"><\/th>\n<\/tr>\n<tr>\n<td style=\"text-align: center;\">COS-500-IP<\/td>\n<td style=\"text-align: center;\">850<\/td>\n<td style=\"text-align: center;\">1800<\/td>\n<td style=\"text-align: center;\">505<\/td>\n<td style=\"text-align: center;\">147<\/td>\n<\/tr>\n<tr>\n<td style=\"text-align: center;\">COS-800-IP<\/td>\n<td style=\"text-align: center;\">1050<\/td>\n<td style=\"text-align: center;\">1800<\/td>\n<td style=\"text-align: center;\">817<\/td>\n<td style=\"text-align: center;\">215<\/td>\n<\/tr>\n<tr>\n<td style=\"text-align: center;\">COS-1000-IP<\/td>\n<td style=\"text-align: center;\">1050<\/td>\n<td style=\"text-align: center;\">2000<\/td>\n<td style=\"text-align: center;\">1023<\/td>\n<td style=\"text-align: center;\">245<\/td>\n<\/tr>\n<tr>\n<td style=\"text-align: center;\">COS-1500-IP<\/td>\n<td style=\"text-align: center;\">1300<\/td>\n<td style=\"text-align: center;\">2000<\/td>\n<td style=\"text-align: center;\">1603<\/td>\n<td style=\"text-align: center;\">324<\/td>\n<\/tr>\n<tr>\n<td style=\"text-align: center;\">COS-2000-IP<\/td>\n<td style=\"text-align: center;\">1400<\/td>\n<td style=\"text-align: center;\">2000<\/td>\n<td style=\"text-align: center;\">1880<\/td>\n<td style=\"text-align: center;\">362<\/td>\n<\/tr>\n<\/tbody>\n<\/table>\n<table class=\"rtable rtable--flip\" style=\"width: 551px;\">\n<thead>\n<tr>\n<th style=\"width: 101px; text-align: center;\"><strong>MODELO<\/strong><\/th>\n<th class=\"colspan2\" style=\"width: 204px; text-align: center;\" colspan=\"2\"><strong>DIMENS\u00d5ES<\/strong><\/th>\n<th style=\"width: 129px; text-align: center;\"><strong>CAPACIDADE (L)<\/strong><\/th>\n<th style=\"width: 83px; text-align: center;\"><strong>PESO (kg)<\/strong><\/th>\n<\/tr>\n<\/thead>\n<tbody>\n<tr>\n<th style=\"width: 101px; text-align: center;\"><\/th>\n<th style=\"width: 124px; text-align: center;\"><strong>Di\u00e2m. (mm)<\/strong><\/th>\n<th style=\"width: 80px; text-align: center;\"><strong>alt. (mm)<\/strong><\/th>\n<th style=\"width: 129px; text-align: center;\"><\/th>\n<th style=\"width: 83px; text-align: center;\"><\/th>\n<\/tr>\n<tr>\n<td style=\"width: 101px; text-align: center;\">COS-500-2P<\/td>\n<td style=\"width: 124px; text-align: center;\">850<\/td>\n<td style=\"width: 80px; text-align: center;\">1800<\/td>\n<td style=\"width: 129px; text-align: center;\">497<\/td>\n<td style=\"width: 83px; text-align: center;\">165<\/td>\n<\/tr>\n<tr>\n<td style=\"width: 101px; text-align: center;\">COS-800-2P<\/td>\n<td style=\"width: 124px; text-align: center;\">1050<\/td>\n<td style=\"width: 80px; text-align: center;\">1800<\/td>\n<td style=\"width: 129px; text-align: center;\">800<\/td>\n<td style=\"width: 83px; text-align: center;\">240<\/td>\n<\/tr>\n<tr>\n<td style=\"width: 101px; text-align: center;\">COS-1000-2P<\/td>\n<td style=\"width: 124px; text-align: center;\">1050<\/td>\n<td style=\"width: 80px; text-align: center;\">2000<\/td>\n<td style=\"width: 129px; text-align: center;\">998<\/td>\n<td style=\"width: 83px; text-align: center;\">275<\/td>\n<\/tr>\n<tr>\n<td style=\"width: 101px; text-align: center;\">COS-1500-2P<\/td>\n<td style=\"width: 124px; text-align: center;\">1300<\/td>\n<td style=\"width: 80px; text-align: center;\">2000<\/td>\n<td style=\"width: 129px; text-align: center;\">1579<\/td>\n<td style=\"width: 83px; text-align: center;\">362<\/td>\n<\/tr>\n<tr>\n<td style=\"width: 101px; text-align: center;\">COS-2000-2P<\/td>\n<td style=\"width: 124px; text-align: center;\">1400<\/td>\n<td style=\"width: 80px; text-align: center;\">2000<\/td>\n<td style=\"width: 129px; text-align: center;\">1865<\/td>\n<td style=\"width: 83px; text-align: center;\">404<\/td>\n<\/tr>\n<\/tbody>\n<\/table>\n<table class=\"rtable rtable--flip\" style=\"width: 823px;\">\n<tbody>\n<tr style=\"height: 24px;\">\n<th style=\"width: 407px; height: 24px;\"><strong>ESPECIFICA\u00c7\u00d5ES T\u00c9CNICAS<\/strong><\/th>\n<th style=\"width: 33px; height: 24px;\"><\/th>\n<th style=\"width: 62px; height: 24px;\"><strong>COS-500<\/strong><\/th>\n<th style=\"width: 62px; height: 24px;\"><strong>COS-800<\/strong><\/th>\n<th style=\"width: 71px; height: 24px;\"><strong>COS-1000<\/strong><\/th>\n<th style=\"width: 71px; height: 24px;\"><strong>COS-1500<\/strong><\/th>\n<th style=\"width: 71px; height: 24px;\"><strong>COS-2000<\/strong><\/th>\n<\/tr>\n<tr style=\"height: 24px;\">\n<td style=\"width: 407px; height: 24px;\">Classifica\u00e7\u00e3o energ\u00e9tica<\/td>\n<td style=\"width: 33px; height: 24px;\"><\/td>\n<td style=\"width: 62px; height: 24px;\">C<\/td>\n<td style=\"width: 62px; height: 24px;\">C<\/td>\n<td style=\"width: 71px; height: 24px;\">C<\/td>\n<td style=\"width: 71px; height: 24px;\">&#8211;<\/td>\n<td style=\"width: 71px; height: 24px;\">&#8211;<\/td>\n<\/tr>\n<tr style=\"height: 24px;\">\n<td style=\"width: 407px; height: 24px;\">Di\u00e2metro interno<\/td>\n<td style=\"width: 33px; height: 24px;\">mm<\/td>\n<td style=\"width: 62px; height: 24px;\">650<\/td>\n<td style=\"width: 62px; height: 24px;\">850<\/td>\n<td style=\"width: 71px; height: 24px;\">850<\/td>\n<td style=\"width: 71px; height: 24px;\">1100<\/td>\n<td style=\"width: 71px; height: 24px;\">1200<\/td>\n<\/tr>\n<tr style=\"height: 24px;\">\n<td style=\"width: 407px; height: 24px;\">Di\u00e2metro externo<\/td>\n<td style=\"width: 33px; height: 24px;\">mm<\/td>\n<td style=\"width: 62px; height: 24px;\">850<\/td>\n<td style=\"width: 62px; height: 24px;\">1050<\/td>\n<td style=\"width: 71px; height: 24px;\">1050<\/td>\n<td style=\"width: 71px; height: 24px;\">1300<\/td>\n<td style=\"width: 71px; height: 24px;\">1400<\/td>\n<\/tr>\n<tr style=\"height: 24px;\">\n<td style=\"width: 407px; height: 24px;\">Altura<\/td>\n<td style=\"width: 33px; height: 24px;\">mm<\/td>\n<td style=\"width: 62px; height: 24px;\">1800<\/td>\n<td style=\"width: 62px; height: 24px;\">1800<\/td>\n<td style=\"width: 71px; height: 24px;\">2000<\/td>\n<td style=\"width: 71px; height: 24px;\">2000<\/td>\n<td style=\"width: 71px; height: 24px;\">2000<\/td>\n<\/tr>\n<tr style=\"height: 24px;\">\n<td style=\"width: 407px; height: 24px;\">Temperatura m\u00e1x. de opera\u00e7\u00e3o do tanque<\/td>\n<td style=\"width: 33px; height: 24px;\">\u00b0C<\/td>\n<td style=\"width: 62px; height: 24px;\">95<\/td>\n<td style=\"width: 62px; height: 24px;\">95<\/td>\n<td style=\"width: 71px; height: 24px;\">95<\/td>\n<td style=\"width: 71px; height: 24px;\">95<\/td>\n<td style=\"width: 71px; height: 24px;\">95<\/td>\n<\/tr>\n<tr style=\"height: 24px;\">\n<td style=\"width: 407px; height: 24px;\">Press\u00e3o m\u00e1x. de opera\u00e7\u00e3o do tanque<\/td>\n<td style=\"width: 33px; height: 24px;\">bar<\/td>\n<td style=\"width: 62px; height: 24px;\">6<\/td>\n<td style=\"width: 62px; height: 24px;\">6<\/td>\n<td style=\"width: 71px; height: 24px;\">6<\/td>\n<td style=\"width: 71px; height: 24px;\">6<\/td>\n<td style=\"width: 71px; height: 24px;\">6<\/td>\n<\/tr>\n<tr style=\"height: 24px;\">\n<td style=\"width: 407px; height: 24px;\">Press\u00e3o m\u00e1x. de opera\u00e7\u00e3o do permutador<\/td>\n<td style=\"width: 33px; height: 24px;\">bar<\/td>\n<td style=\"width: 62px; height: 24px;\">16<\/td>\n<td style=\"width: 62px; height: 24px;\">16<\/td>\n<td style=\"width: 71px; height: 24px;\">16<\/td>\n<td style=\"width: 71px; height: 24px;\">16<\/td>\n<td style=\"width: 71px; height: 24px;\">16<\/td>\n<\/tr>\n<tr style=\"height: 24px;\">\n<td style=\"width: 407px; height: 24px;\">Isolamento ( P.U. )<\/td>\n<td style=\"width: 33px; height: 24px;\"><\/td>\n<td style=\"width: 62px; height: 24px;\">suave<\/td>\n<td style=\"width: 62px; height: 24px;\">suave<\/td>\n<td style=\"width: 71px; height: 24px;\">suave<\/td>\n<td style=\"width: 71px; height: 24px;\">suave<\/td>\n<td style=\"width: 71px; height: 24px;\">suave<\/td>\n<\/tr>\n<tr style=\"height: 24px;\">\n<td style=\"width: 407px; height: 24px;\">Espessura do isolamento<\/td>\n<td style=\"width: 33px; height: 24px;\">mm<\/td>\n<td style=\"width: 62px; height: 24px;\">100<\/td>\n<td style=\"width: 62px; height: 24px;\">100<\/td>\n<td style=\"width: 71px; height: 24px;\">100<\/td>\n<td style=\"width: 71px; height: 24px;\">100<\/td>\n<td style=\"width: 71px; height: 24px;\">100<\/td>\n<\/tr>\n<tr style=\"height: 24px;\">\n<td style=\"width: 407px; height: 24px;\">Temperatura m\u00e1x. de opera\u00e7\u00e3o do permutador<\/td>\n<td style=\"width: 33px; height: 24px;\">\u00b0C<\/td>\n<td style=\"width: 62px; height: 24px;\">130<\/td>\n<td style=\"width: 62px; height: 24px;\">130<\/td>\n<td style=\"width: 71px; height: 24px;\">130<\/td>\n<td style=\"width: 71px; height: 24px;\">130<\/td>\n<td style=\"width: 71px; height: 24px;\">130<\/td>\n<\/tr>\n<tr style=\"height: 24px;\">\n<td style=\"width: 407px; height: 24px;\">Superf\u00edcie do permutador \u0392 (Caldeira)<\/td>\n<td style=\"width: 33px; height: 24px;\">m\u00b2<\/td>\n<td style=\"width: 62px; height: 24px;\">1,23<\/td>\n<td style=\"width: 62px; height: 24px;\">1,33<\/td>\n<td style=\"width: 71px; height: 24px;\">1,99<\/td>\n<td style=\"width: 71px; height: 24px;\">2,50<\/td>\n<td style=\"width: 71px; height: 24px;\">2,70<\/td>\n<\/tr>\n<tr style=\"height: 24px;\">\n<td style=\"width: 407px; height: 24px;\">Superf\u00edcie do permutador \u0391 (Solar)<\/td>\n<td style=\"width: 33px; height: 24px;\">m\u00b2<\/td>\n<td style=\"width: 62px; height: 24px;\">1,95<\/td>\n<td style=\"width: 62px; height: 24px;\">2,36<\/td>\n<td style=\"width: 71px; height: 24px;\">2,99<\/td>\n<td style=\"width: 71px; height: 24px;\">3,70<\/td>\n<td style=\"width: 71px; height: 24px;\">4,00<\/td>\n<\/tr>\n<tr style=\"height: 24px;\">\n<td style=\"width: 407px; height: 24px;\">Capacidade do permutador \u0392 (Caldeira)<\/td>\n<td style=\"width: 33px; height: 24px;\">L<\/td>\n<td style=\"width: 62px; height: 24px;\">7,8<\/td>\n<td style=\"width: 62px; height: 24px;\">8,4<\/td>\n<td style=\"width: 71px; height: 24px;\">12,7<\/td>\n<td style=\"width: 71px; height: 24px;\">18,40<\/td>\n<td style=\"width: 71px; height: 24px;\">19,80<\/td>\n<\/tr>\n<tr style=\"height: 24px;\">\n<td style=\"width: 407px; height: 24px;\">Capacidade do permutador \u0391 (Solar)<\/td>\n<td style=\"width: 33px; height: 24px;\">L<\/td>\n<td style=\"width: 62px; height: 24px;\">12,40<\/td>\n<td style=\"width: 62px; height: 24px;\">14,90<\/td>\n<td style=\"width: 71px; height: 24px;\">19,10<\/td>\n<td style=\"width: 71px; height: 24px;\">27,20<\/td>\n<td style=\"width: 71px; height: 24px;\">29,40<\/td>\n<\/tr>\n<tr style=\"height: 24px;\">\n<td style=\"width: 407px; height: 24px;\">Sa\u00eddas do permutador \u0392 (BIN\/BOU)<\/td>\n<td style=\"width: 33px; height: 24px;\">Inch<\/td>\n<td style=\"width: 62px; height: 24px;\">1&#8243;<\/td>\n<td style=\"width: 62px; height: 24px;\">1&#8243;<\/td>\n<td style=\"width: 71px; height: 24px;\">1&#8243;<\/td>\n<td style=\"width: 71px; height: 24px;\">1&#8243;<\/td>\n<td style=\"width: 71px; height: 24px;\">1&#8243;<\/td>\n<\/tr>\n<tr style=\"height: 24px;\">\n<td style=\"width: 407px; height: 24px;\">Sa\u00eddas do permutador \u0391 (\u0391IN\/\u0391OU)<\/td>\n<td style=\"width: 33px; height: 24px;\">Inch<\/td>\n<td style=\"width: 62px; height: 24px;\">1&#8243;<\/td>\n<td style=\"width: 62px; height: 24px;\">1&#8243;<\/td>\n<td style=\"width: 71px; height: 24px;\">1&#8243;<\/td>\n<td style=\"width: 71px; height: 24px;\">1&#8243;<\/td>\n<td style=\"width: 71px; height: 24px;\">1&#8243;<\/td>\n<\/tr>\n<tr style=\"height: 24px;\">\n<td style=\"width: 407px; height: 24px;\">No de sa\u00eddas livres F<\/td>\n<td style=\"width: 33px; height: 24px;\"><\/td>\n<td style=\"width: 62px; height: 24px;\">6<\/td>\n<td style=\"width: 62px; height: 24px;\">6<\/td>\n<td style=\"width: 71px; height: 24px;\">6<\/td>\n<td style=\"width: 71px; height: 24px;\">6<\/td>\n<td style=\"width: 71px; height: 24px;\">6<\/td>\n<\/tr>\n<tr style=\"height: 24px;\">\n<td style=\"width: 407px; height: 24px;\">Di\u00e2metro das sa\u00eddas livres F<\/td>\n<td style=\"width: 33px; height: 24px;\">Inch<\/td>\n<td style=\"width: 62px; height: 24px;\">1 1\/2&#8243;<\/td>\n<td style=\"width: 62px; height: 24px;\">1 1\/2&#8243;<\/td>\n<td style=\"width: 71px; height: 24px;\">1 1\/2&#8243;<\/td>\n<td style=\"width: 71px; height: 24px;\">3&#8243;<\/td>\n<td style=\"width: 71px; height: 24px;\">3&#8243;<\/td>\n<\/tr>\n<tr style=\"height: 24px;\">\n<td style=\"width: 407px; height: 24px;\">Tomada para resist\u00eancia el\u00e9ctrica \u0395\u0397<\/td>\n<td style=\"width: 33px; height: 24px;\">Inch<\/td>\n<td style=\"width: 62px; height: 24px;\">dis\/ble<\/td>\n<td style=\"width: 62px; height: 24px;\">dis\/ble<\/td>\n<td style=\"width: 71px; height: 24px;\">dis\/ble<\/td>\n<td style=\"width: 71px; height: 24px;\">dis\/ble<\/td>\n<td style=\"width: 71px; height: 24px;\">dis\/ble<\/td>\n<\/tr>\n<tr style=\"height: 24px;\">\n<td style=\"width: 407px; height: 24px;\">Di\u00e2metro da tomada para resist\u00e8ncia el\u00e9ctrica \u0395\u0397<\/td>\n<td style=\"width: 33px; height: 24px;\">Inch<\/td>\n<td style=\"width: 62px; height: 24px;\">1 1\/2&#8243;<\/td>\n<td style=\"width: 62px; height: 24px;\">1 1\/2&#8243;<\/td>\n<td style=\"width: 71px; height: 24px;\">1 1\/2&#8243;<\/td>\n<td style=\"width: 71px; height: 24px;\">1 1\/2&#8243;<\/td>\n<td style=\"width: 71px; height: 24px;\">1 1\/2&#8243;<\/td>\n<\/tr>\n<tr style=\"height: 24px;\">\n<td style=\"width: 407px; height: 24px;\">Tomada para ventila\u00e7\u00e3o EV<\/td>\n<td style=\"width: 33px; height: 24px;\"><\/td>\n<td style=\"width: 62px; height: 24px;\">dis\/ble<\/td>\n<td style=\"width: 62px; height: 24px;\">dis\/ble<\/td>\n<td style=\"width: 71px; height: 24px;\">dis\/ble<\/td>\n<td style=\"width: 71px; height: 24px;\">dis\/ble<\/td>\n<td style=\"width: 71px; height: 24px;\">dis\/ble<\/td>\n<\/tr>\n<tr style=\"height: 24px;\">\n<td style=\"width: 407px; height: 24px;\">Di\u00e2metro da tomada para ventila\u00e7\u00e3o EV<\/td>\n<td style=\"width: 33px; height: 24px;\">Inch<\/td>\n<td style=\"width: 62px; height: 24px;\">1&#8243;<\/td>\n<td style=\"width: 62px; height: 24px;\">1&#8243;<\/td>\n<td style=\"width: 71px; height: 24px;\">1&#8243;<\/td>\n<td style=\"width: 71px; height: 24px;\">1&#8243;<\/td>\n<td style=\"width: 71px; height: 24px;\">1&#8243;<\/td>\n<\/tr>\n<tr style=\"height: 24px;\">\n<td style=\"width: 407px; height: 24px;\">Tomada sensor S1, S2, S3<\/td>\n<td style=\"width: 33px; height: 24px;\">Inch<\/td>\n<td style=\"width: 62px; height: 24px;\">1\/2&#8243;<\/td>\n<td style=\"width: 62px; height: 24px;\">1\/2&#8243;<\/td>\n<td style=\"width: 71px; height: 24px;\">1\/2&#8243;<\/td>\n<td style=\"width: 71px; height: 24px;\">1\/2&#8243;<\/td>\n<td style=\"width: 71px; height: 24px;\">1\/2&#8243;<\/td>\n<\/tr>\n<\/tbody>\n<\/table>\n<p><img loading=\"lazy\" decoding=\"async\" class=\"wp-image-2070 size-medium aligncenter\" src=\"https:\/\/cosmosolar.com\/wp-content\/uploads\/2020\/04\/\u03b1\u03b4\u03c1\u03b1\u03bd\u03b5\u03b9\u03b1\u03c2-\u03bc\u03b5\u03b3\u03b1\u03bb\u03bf-2-198x300.jpg\" alt=\"\" width=\"198\" height=\"300\" srcset=\"https:\/\/cosmosolar.com\/wp-content\/uploads\/2020\/04\/\u03b1\u03b4\u03c1\u03b1\u03bd\u03b5\u03b9\u03b1\u03c2-\u03bc\u03b5\u03b3\u03b1\u03bb\u03bf-2-198x300.jpg 198w, https:\/\/cosmosolar.com\/wp-content\/uploads\/2020\/04\/\u03b1\u03b4\u03c1\u03b1\u03bd\u03b5\u03b9\u03b1\u03c2-\u03bc\u03b5\u03b3\u03b1\u03bb\u03bf-2.jpg 200w\" sizes=\"auto, (max-width: 198px) 100vw, 198px\" \/><br \/>\n[\/vc_column_text][\/vc_tta_section][\/vc_tta_accordion][\/vc_column][\/vc_row]<\/p>\n<\/div>","protected":false},"excerpt":{"rendered":"<p><span style=\"color: #ff6600;\"><strong>DISPON\u00cdVEIS COM UM OU DOIS PERMUTADORES<\/strong><\/span><\/p>\n<p><span style=\"color: #ff6600;\"><strong><em>Ideales para circuitos fechados de refrigera\u00e7\u00e3o e\/ou aquecimento<\/em><\/strong><\/span><\/p>\n<table class=\"woocommerce-product-attributes shop_attributes\" style=\"width: 576px;\">\n<tbody>\n<tr class=\"woocommerce-product-attributes-item woocommerce-product-attributes-item--attribute_%ce%b5%ce%be%cf%89%cf%84%ce%b5%cf%81%ce%b9%ce%ba%cf%8c-%cf%80%ce%b5%cf%81%ce%af%ce%b2%ce%bb%ce%b7%ce%bc%ce%b1-%ce%b4%ce%bf%cf%87%ce%b5%ce%af%ce%bf%cf%85\" style=\"height: 24.5938px;\">\n<th class=\"woocommerce-product-attributes-item__label\" style=\"height: 24.5938px; width: 288.203px;\"><span style=\"color: #008000;\"><strong>Acumulador <\/strong><\/span><\/th>\n<td class=\"woocommerce-product-attributes-item__value\" style=\"height: 24.5938px; width: 270.797px;\">de a\u00e7o<\/td>\n<\/tr>\n<tr class=\"woocommerce-product-attributes-item woocommerce-product-attributes-item--attribute_%ce%b4%ce%bf%cf%87%ce%b5%ce%af%ce%bf-%ce%b1%ce%b4%cf%81%ce%b1%ce%bd%ce%b5%ce%af%ce%b1%cf%82\" style=\"height: 24px;\">\n<th class=\"woocommerce-product-attributes-item__label\" style=\"height: 24px; width: 288.203px;\"><span style=\"color: #008000;\"><strong>Press\u00e3o de opera\u00e7\u00e3o<\/strong><\/span><\/th>\n<td class=\"woocommerce-product-attributes-item__value\" style=\"height: 24px; width: 270.797px;\">4 bar<\/td>\n<\/tr>\n<tr class=\"woocommerce-product-attributes-item woocommerce-product-attributes-item--attribute_%cf%80%ce%af%ce%b5%cf%83%ce%b7-%ce%bb%ce%b5%ce%b9%cf%84%ce%bf%cf%85%cf%81%ce%b3%ce%af%ce%b1%cf%82\" style=\"height: 24px;\">\n<th class=\"woocommerce-product-attributes-item__label\" style=\"height: 24px; width: 288.203px;\"><span style=\"font-family: monospace; color: #008000;\"><b>Press\u00e3o m\u00e1xima de opera\u00e7\u00e3o<\/b><\/span><\/th>\n<td class=\"woocommerce-product-attributes-item__value\" style=\"height: 24px; width: 270.797px;\">6 bar<\/td>\n<\/tr>\n<tr class=\"woocommerce-product-attributes-item woocommerce-product-attributes-item--attribute_%ce%bc%ce%ad%ce%b3%ce%b9%cf%83%cf%84%ce%b7-%cf%80%ce%af%ce%b5%cf%83%ce%b7-%ce%b1%ce%bd%cf%84%ce%bf%cf%87%ce%ae%cf%82\" style=\"height: 24px;\">\n<th class=\"woocommerce-product-attributes-item__label\" style=\"height: 24px; width: 288.203px;\"><span style=\"font-family: monospace; color: #008000;\"><b>Temperatura m\u00e1xima de opera\u00e7\u00e3o<\/b><\/span><\/th>\n<td class=\"woocommerce-product-attributes-item__value\" style=\"height: 24px; width: 270.797px;\">95\u00b0C<\/td>\n<\/tr>\n<tr class=\"woocommerce-product-attributes-item woocommerce-product-attributes-item--attribute_%ce%bc%ce%ad%ce%b3%ce%b9%cf%83%cf%84%ce%b7-%ce%b8%ce%b5%cf%81%ce%bc%ce%bf%ce%ba%cf%81%ce%b1%cf%83%ce%af%ce%b1\" style=\"height: 24px;\">\n<th class=\"woocommerce-product-attributes-item__label\" style=\"height: 24px; width: 288.203px;\"><span style=\"color: #008000;\"><strong>Isolamento remov\u00edvel<\/strong><\/span><\/th>\n<td class=\"woocommerce-product-attributes-item__value\" style=\"height: 24px; width: 270.797px;\"><strong>\u00a0<\/strong>de P.U. suave com espessura\u00a0100 mm<\/td>\n<\/tr>\n<tr class=\"woocommerce-product-attributes-item woocommerce-product-attributes-item--attribute_%ce%bc%cf%8c%ce%bd%cf%89%cf%83%ce%b7\" style=\"height: 24px;\">\n<th class=\"woocommerce-product-attributes-item__label\" style=\"height: 24px; width: 288.203px;\"><span style=\"color: #008000;\"><strong>Permutador <\/strong><\/span><\/th>\n<td class=\"woocommerce-product-attributes-item__value\" style=\"height: 24px; width: 270.797px;\">de tubo de a\u00e7o<\/td>\n<\/tr>\n<tr class=\"woocommerce-product-attributes-item woocommerce-product-attributes-item--attribute_%ce%bc%cf%8c%ce%bd%cf%89%cf%83%ce%b7-%ce%b4%ce%bf%cf%87%ce%b5%ce%af%ce%bf%cf%85-eco\" style=\"height: 24px;\">\n<th class=\"woocommerce-product-attributes-item__label\" style=\"height: 24px; width: 288.203px;\"><span style=\"color: #008000;\"><strong>Press\u00e3o m\u00e1xima de opera\u00e7\u00e3o<\/strong><\/span><\/th>\n<td class=\"woocommerce-product-attributes-item__value\" style=\"height: 24px; width: 270.797px;\">do permutador 16 bar<\/td>\n<\/tr>\n<tr class=\"woocommerce-product-attributes-item woocommerce-product-attributes-item--attribute_%ce%bc%cf%8c%ce%bd%cf%89%cf%83%ce%b7-%ce%b4%ce%bf%cf%87%ce%b5%ce%af%ce%bf%cf%85-eco\" style=\"height: 24px;\">\n<th class=\"woocommerce-product-attributes-item__label\" style=\"height: 24px; width: 288.203px;\"><span style=\"color: #008000;\"><strong>Temperatura m\u00e1xima de opera\u00e7\u00e3o<\/strong><\/span><\/th>\n<td class=\"woocommerce-product-attributes-item__value\" style=\"height: 24px; width: 270.797px;\"><strong>\u00a0<\/strong>de permutador 160\u00b0C<\/td>\n<\/tr>\n<\/tbody>\n<\/table>\n","protected":false},"featured_media":2069,"comment_status":"open","ping_status":"closed","template":"","meta":[],"product_brand":[],"product_cat":[63],"product_tag":[196,195,188,197],"class_list":{"0":"post-1761","1":"product","2":"type-product","3":"status-publish","4":"has-post-thumbnail","6":"product_cat-buffer-tanks-accumulators","7":"product_tag-2000l","8":"product_tag-500l","9":"product_tag-188","10":"product_tag-197","12":"first","13":"instock","14":"taxable","15":"shipping-taxable","16":"product-type-simple"},"_links":{"self":[{"href":"https:\/\/cosmosolar.com\/pt\/wp-json\/wp\/v2\/product\/1761","targetHints":{"allow":["GET"]}}],"collection":[{"href":"https:\/\/cosmosolar.com\/pt\/wp-json\/wp\/v2\/product"}],"about":[{"href":"https:\/\/cosmosolar.com\/pt\/wp-json\/wp\/v2\/types\/product"}],"replies":[{"embeddable":true,"href":"https:\/\/cosmosolar.com\/pt\/wp-json\/wp\/v2\/comments?post=1761"}],"wp:featuredmedia":[{"embeddable":true,"href":"https:\/\/cosmosolar.com\/pt\/wp-json\/wp\/v2\/media\/2069"}],"wp:attachment":[{"href":"https:\/\/cosmosolar.com\/pt\/wp-json\/wp\/v2\/media?parent=1761"}],"wp:term":[{"taxonomy":"product_brand","embeddable":true,"href":"https:\/\/cosmosolar.com\/pt\/wp-json\/wp\/v2\/product_brand?post=1761"},{"taxonomy":"product_cat","embeddable":true,"href":"https:\/\/cosmosolar.com\/pt\/wp-json\/wp\/v2\/product_cat?post=1761"},{"taxonomy":"product_tag","embeddable":true,"href":"https:\/\/cosmosolar.com\/pt\/wp-json\/wp\/v2\/product_tag?post=1761"}],"curies":[{"name":"wp","href":"https:\/\/api.w.org\/{rel}","templated":true}]}}