{"id":1719,"date":"2020-04-12T14:01:47","date_gmt":"2020-04-12T14:01:47","guid":{"rendered":"https:\/\/www.cosmosolar.com\/?post_type=product&#038;p=1719"},"modified":"2025-10-17T12:44:41","modified_gmt":"2025-10-17T10:44:41","slug":"%cf%85%ce%b4%cf%81%ce%b1%cf%85%ce%bb%ce%b9%ce%ba%ce%ac-%ce%b4%ce%b9%ce%b1%ce%b3%cf%81%ce%ac%ce%bc%ce%bc%ce%b1%cf%84%ce%b1-%ce%b5%cf%86%ce%b1%cf%81%ce%bc%ce%bf%ce%b3%ce%ae%cf%82","status":"publish","type":"product","link":"https:\/\/cosmosolar.com\/pt\/product\/%cf%85%ce%b4%cf%81%ce%b1%cf%85%ce%bb%ce%b9%ce%ba%ce%ac-%ce%b4%ce%b9%ce%b1%ce%b3%cf%81%ce%ac%ce%bc%ce%bc%ce%b1%cf%84%ce%b1-%ce%b5%cf%86%ce%b1%cf%81%ce%bc%ce%bf%ce%b3%ce%ae%cf%82\/","title":{"rendered":"Desenhos de instala\u00e7\u00f5es for\u00e7adas"},"content":{"rendered":"<p><strong>Produ\u00e7\u00e3o de \u00e1gua quente sanit\u00e1ria com apoio de aquicimento com uso de acumulador de in\u00earcia<\/strong><\/p>\n<p><img loading=\"lazy\" decoding=\"async\" class=\"aligncenter wp-image-2145 size-full\" src=\"https:\/\/cosmosolar.com\/wp-content\/uploads\/2020\/04\/30793-8_PT.jpg\" alt=\"\" width=\"880\" height=\"591\" srcset=\"https:\/\/cosmosolar.com\/wp-content\/uploads\/2020\/04\/30793-8_PT.jpg 880w, https:\/\/cosmosolar.com\/wp-content\/uploads\/2020\/04\/30793-8_PT-300x201.jpg 300w, https:\/\/cosmosolar.com\/wp-content\/uploads\/2020\/04\/30793-8_PT-600x403.jpg 600w, https:\/\/cosmosolar.com\/wp-content\/uploads\/2020\/04\/30793-8_PT-768x516.jpg 768w, https:\/\/cosmosolar.com\/wp-content\/uploads\/2020\/04\/30793-8_PT-380x254.jpg 380w\" sizes=\"auto, (max-width: 880px) 100vw, 880px\" \/><\/p>\n<p>&nbsp;<\/p>\n<p><strong>Carregamento de mais de um acumulador em serie<\/strong><\/p>\n<p><img loading=\"lazy\" decoding=\"async\" class=\"aligncenter wp-image-2142 size-full\" src=\"https:\/\/cosmosolar.com\/wp-content\/uploads\/2020\/04\/preliminaty-scheme-of-installation.jpg\" alt=\"\" width=\"828\" height=\"578\" srcset=\"https:\/\/cosmosolar.com\/wp-content\/uploads\/2020\/04\/preliminaty-scheme-of-installation.jpg 828w, https:\/\/cosmosolar.com\/wp-content\/uploads\/2020\/04\/preliminaty-scheme-of-installation-300x209.jpg 300w, https:\/\/cosmosolar.com\/wp-content\/uploads\/2020\/04\/preliminaty-scheme-of-installation-600x419.jpg 600w, https:\/\/cosmosolar.com\/wp-content\/uploads\/2020\/04\/preliminaty-scheme-of-installation-768x536.jpg 768w\" sizes=\"auto, (max-width: 828px) 100vw, 828px\" \/><\/p>\n<p>&nbsp;<\/p>\n<p><strong>Produ\u00e7\u00e3o de \u00e1gua quente sanit\u00e1ria e aquicimento piscina<\/strong><\/p>\n<p><img loading=\"lazy\" decoding=\"async\" class=\"aligncenter wp-image-2146 size-full\" src=\"https:\/\/cosmosolar.com\/wp-content\/uploads\/2020\/04\/30792-10_PT.jpg\" alt=\"\" width=\"880\" height=\"591\" srcset=\"https:\/\/cosmosolar.com\/wp-content\/uploads\/2020\/04\/30792-10_PT.jpg 880w, https:\/\/cosmosolar.com\/wp-content\/uploads\/2020\/04\/30792-10_PT-300x201.jpg 300w, https:\/\/cosmosolar.com\/wp-content\/uploads\/2020\/04\/30792-10_PT-600x403.jpg 600w, https:\/\/cosmosolar.com\/wp-content\/uploads\/2020\/04\/30792-10_PT-768x516.jpg 768w, https:\/\/cosmosolar.com\/wp-content\/uploads\/2020\/04\/30792-10_PT-380x254.jpg 380w\" sizes=\"auto, (max-width: 880px) 100vw, 880px\" \/><\/p>\n","protected":false},"excerpt":{"rendered":"<p>Produ\u00e7\u00e3o de \u00e1gua quente sanit\u00e1ria com apoio de aquicimento com uso de acumulador de in\u00earcia &nbsp; Carregamento de mais de um acumulador em serie &nbsp; Produ\u00e7\u00e3o de \u00e1gua quente sanit\u00e1ria e aquicimento piscina<\/p>\n","protected":false},"featured_media":2139,"comment_status":"open","ping_status":"closed","template":"","meta":[],"product_brand":[],"product_cat":[65],"product_tag":[192,191],"class_list":{"0":"post-1719","1":"product","2":"type-product","3":"status-publish","4":"has-post-thumbnail","6":"product_cat-complete-space-heating-systems","7":"product_tag-192","8":"product_tag-191","10":"first","11":"instock","12":"taxable","13":"shipping-taxable","14":"product-type-simple"},"_links":{"self":[{"href":"https:\/\/cosmosolar.com\/pt\/wp-json\/wp\/v2\/product\/1719","targetHints":{"allow":["GET"]}}],"collection":[{"href":"https:\/\/cosmosolar.com\/pt\/wp-json\/wp\/v2\/product"}],"about":[{"href":"https:\/\/cosmosolar.com\/pt\/wp-json\/wp\/v2\/types\/product"}],"replies":[{"embeddable":true,"href":"https:\/\/cosmosolar.com\/pt\/wp-json\/wp\/v2\/comments?post=1719"}],"wp:featuredmedia":[{"embeddable":true,"href":"https:\/\/cosmosolar.com\/pt\/wp-json\/wp\/v2\/media\/2139"}],"wp:attachment":[{"href":"https:\/\/cosmosolar.com\/pt\/wp-json\/wp\/v2\/media?parent=1719"}],"wp:term":[{"taxonomy":"product_brand","embeddable":true,"href":"https:\/\/cosmosolar.com\/pt\/wp-json\/wp\/v2\/product_brand?post=1719"},{"taxonomy":"product_cat","embeddable":true,"href":"https:\/\/cosmosolar.com\/pt\/wp-json\/wp\/v2\/product_cat?post=1719"},{"taxonomy":"product_tag","embeddable":true,"href":"https:\/\/cosmosolar.com\/pt\/wp-json\/wp\/v2\/product_tag?post=1719"}],"curies":[{"name":"wp","href":"https:\/\/api.w.org\/{rel}","templated":true}]}}