{"id":1710,"date":"2020-04-12T13:26:55","date_gmt":"2020-04-12T13:26:55","guid":{"rendered":"https:\/\/www.cosmosolar.com\/?post_type=product&#038;p=1710"},"modified":"2025-10-31T14:47:26","modified_gmt":"2025-10-31T12:47:26","slug":"%cf%83%cf%85%cf%83%cf%84%ce%ae%ce%bc%ce%b1%cf%84%ce%b1-%ce%bc%ce%b5-%ce%b4%ce%bf%cf%87%ce%b5%ce%af%ce%b1-%ce%b1%ce%b4%cf%81%ce%b1%ce%bd%ce%b5%ce%af%ce%b1%cf%82","status":"publish","type":"product","link":"https:\/\/cosmosolar.com\/pt\/product\/%cf%83%cf%85%cf%83%cf%84%ce%ae%ce%bc%ce%b1%cf%84%ce%b1-%ce%bc%ce%b5-%ce%b4%ce%bf%cf%87%ce%b5%ce%af%ce%b1-%ce%b1%ce%b4%cf%81%ce%b1%ce%bd%ce%b5%ce%af%ce%b1%cf%82\/","title":{"rendered":"Sistemas de apoio a aquecimento"},"content":{"rendered":"<p><strong>NOTA: os sistemas de abaixo, s\u00e3o indicativos. O n\u00famero e o modelo dos coletores pode se alterar d\u00b4acordo com as necessidades de cada lugar de instala\u00e7\u00e3o. Em todo caso, fica essential a projeta\u00e7\u00e3o para engenheros especi\u00e1is.<\/strong><\/p>\n<p><strong>inclu\u00eddos:<\/strong><\/p>\n<p>Coletores solares modelo EPI 25 NV<br \/>\nLiga\u00e7\u00f5es para a conex\u00e3o dos coletores em paralelo<\/p>\n<p>Estruturas (telhado ou terra\u00e7o)<br \/>\nLiga\u00e7\u00e3o cruz com sonda<br \/>\nAcumulador de in\u00earcia<br \/>\nDois vasos de expans\u00e3o: um para o circuito fechado, outro para la tomada de entrada da \u00e1gua fria do acumulador<br \/>\nKit hidra\u00falico DN 20 &#8211; \u00be\u2019\u2019 (0,5 \u2013 15 lt\/min) ou DN 25 \u2013 1\u2019\u2019 (5 \u2013 40 lt\/min) com controlador<\/p>\n<p>o glicol nao est\u00e1 inclu\u00eddo<\/p>\n<p><strong>SISTEMAS DE APOIO A AQUECIMENTO<\/strong><br \/>\npara mais detalhes podem contactar-nos<\/p>\n<table class=\"rtable rtable--flip\">\n<thead>\n<tr>\n<th><strong>SISTEMA<\/strong><\/th>\n<th><strong>COLETOR<\/strong><\/th>\n<th><strong>No DE COLETORES<\/strong><\/th>\n<th><strong>KIT SOLAR<\/strong><\/th>\n<th><strong>VASO EXPANS\u00c3O SOLAR<\/strong><\/th>\n<th><strong>VASO EXPANS\u00c3O \u00c1GUA FRIA<\/strong><\/th>\n<\/tr>\n<\/thead>\n<tbody>\n<tr>\n<td>SK-500\/10,25<\/td>\n<td>EPI 25<\/td>\n<td>5 x 2,05 m\u00b2<\/td>\n<td>DN 20 -3\/4&#8243;<\/td>\n<td>35 lt<\/td>\n<td>35 lt<\/td>\n<\/tr>\n<tr>\n<td>SK-750\/12,30<\/td>\n<td>EPI 25<\/td>\n<td>6 x 2,05 m\u00b2<\/td>\n<td>DN 20 -3\/4&#8243;<\/td>\n<td>35 lt<\/td>\n<td>35 lt<\/td>\n<\/tr>\n<tr>\n<td>SK-1000\/16,40<\/td>\n<td>EPI 25<\/td>\n<td>8 x 2,05 m\u00b2<\/td>\n<td>DN 20 -3\/4&#8243;<\/td>\n<td>50 lt<\/td>\n<td>50 lt<\/td>\n<\/tr>\n<tr>\n<td>SK-1500\/20,50<\/td>\n<td>EPI 25<\/td>\n<td>10 x 2,05 m\u00b2<\/td>\n<td>DN 25 &#8211; 1&#8243;<\/td>\n<td>100 lt<\/td>\n<td>100 lt<\/td>\n<\/tr>\n<tr>\n<td>SK-2000\/24,60<\/td>\n<td>EPI 25<\/td>\n<td>12 x 2,05 m\u00b2<\/td>\n<td>DN 25 &#8211; 1&#8243;<\/td>\n<td>100 lt<\/td>\n<td>100 lt<\/td>\n<\/tr>\n<\/tbody>\n<\/table>\n<p><img loading=\"lazy\" decoding=\"async\" class=\"wp-image-1647 size-medium aligncenter\" src=\"https:\/\/cosmosolar.com\/wp-content\/uploads\/2020\/04\/thermal4-300x300.jpg\" alt=\"\" width=\"300\" height=\"300\" srcset=\"https:\/\/cosmosolar.com\/wp-content\/uploads\/2020\/04\/thermal4-300x300.jpg 300w, https:\/\/cosmosolar.com\/wp-content\/uploads\/2020\/04\/thermal4-100x100.jpg 100w, https:\/\/cosmosolar.com\/wp-content\/uploads\/2020\/04\/thermal4-150x150.jpg 150w, https:\/\/cosmosolar.com\/wp-content\/uploads\/2020\/04\/thermal4-250x250.jpg 250w, https:\/\/cosmosolar.com\/wp-content\/uploads\/2020\/04\/thermal4.jpg 563w\" sizes=\"auto, (max-width: 300px) 100vw, 300px\" \/><\/p>\n","protected":false},"excerpt":{"rendered":"<p>NOTA: os sistemas de abaixo, s\u00e3o indicativos. O n\u00famero e o modelo dos coletores pode se alterar d\u00b4acordo com as necessidades de cada lugar de instala\u00e7\u00e3o. Em todo caso, fica essential a projeta\u00e7\u00e3o para engenheros especi\u00e1is. inclu\u00eddos: Coletores solares modelo EPI 25 NV Liga\u00e7\u00f5es para a conex\u00e3o dos coletores em paralelo Estruturas (telhado ou terra\u00e7o) [&hellip;]<\/p>\n","protected":false},"featured_media":2213,"comment_status":"open","ping_status":"closed","template":"","meta":[],"product_brand":[],"product_cat":[65],"product_tag":[188,187],"class_list":{"0":"post-1710","1":"product","2":"type-product","3":"status-publish","4":"has-post-thumbnail","6":"product_cat-complete-space-heating-systems","7":"product_tag-188","8":"product_tag-187","10":"first","11":"instock","12":"taxable","13":"shipping-taxable","14":"product-type-simple"},"_links":{"self":[{"href":"https:\/\/cosmosolar.com\/pt\/wp-json\/wp\/v2\/product\/1710","targetHints":{"allow":["GET"]}}],"collection":[{"href":"https:\/\/cosmosolar.com\/pt\/wp-json\/wp\/v2\/product"}],"about":[{"href":"https:\/\/cosmosolar.com\/pt\/wp-json\/wp\/v2\/types\/product"}],"replies":[{"embeddable":true,"href":"https:\/\/cosmosolar.com\/pt\/wp-json\/wp\/v2\/comments?post=1710"}],"wp:featuredmedia":[{"embeddable":true,"href":"https:\/\/cosmosolar.com\/pt\/wp-json\/wp\/v2\/media\/2213"}],"wp:attachment":[{"href":"https:\/\/cosmosolar.com\/pt\/wp-json\/wp\/v2\/media?parent=1710"}],"wp:term":[{"taxonomy":"product_brand","embeddable":true,"href":"https:\/\/cosmosolar.com\/pt\/wp-json\/wp\/v2\/product_brand?post=1710"},{"taxonomy":"product_cat","embeddable":true,"href":"https:\/\/cosmosolar.com\/pt\/wp-json\/wp\/v2\/product_cat?post=1710"},{"taxonomy":"product_tag","embeddable":true,"href":"https:\/\/cosmosolar.com\/pt\/wp-json\/wp\/v2\/product_tag?post=1710"}],"curies":[{"name":"wp","href":"https:\/\/api.w.org\/{rel}","templated":true}]}}