{"id":1668,"date":"2020-04-12T09:54:02","date_gmt":"2020-04-12T09:54:02","guid":{"rendered":"https:\/\/www.cosmosolar.com\/?post_type=product&#038;p=1668"},"modified":"2025-10-30T12:24:04","modified_gmt":"2025-10-30T10:24:04","slug":"%cf%80%cf%81%ce%bf%ce%bc%ce%bf%ce%bd%cf%89%ce%bc%ce%b5%ce%bd%ce%bf%ce%b9-%ce%b5%cf%85%ce%ba%ce%b1%ce%bc%cf%80%cf%84%ce%bf%ce%b9-%ce%b1%ce%bd%ce%bf%ce%be%ce%b5%ce%b9%ce%b4%cf%89%cf%84%ce%bf%ce%b9","status":"publish","type":"product","link":"https:\/\/cosmosolar.com\/pt\/product\/%cf%80%cf%81%ce%bf%ce%bc%ce%bf%ce%bd%cf%89%ce%bc%ce%b5%ce%bd%ce%bf%ce%b9-%ce%b5%cf%85%ce%ba%ce%b1%ce%bc%cf%80%cf%84%ce%bf%ce%b9-%ce%b1%ce%bd%ce%bf%ce%be%ce%b5%ce%b9%ce%b4%cf%89%cf%84%ce%bf%ce%b9\/","title":{"rendered":"TUBOS FLEX\u00cdVEIS DE A\u00c7O INOXID\u00c1VEL SOLAR INOX FLEX 2 em 1"},"content":{"rendered":"<p><span style=\"color: #0000ff;\"><strong>Tubos de a\u00e7o inoxid\u00e1vel para instala\u00e7\u00f5es solares SOLAR INOX FLEX 2 em 1<\/strong><\/span><\/p>\n<p>Dois tubos de a\u00e7o inoxid\u00e1vel 316L, con cabo para a sonda. Desegnados para os circuitos fechados de instala\u00e7\u00f5es solares. Sua flexibilidade torna a instala\u00e7\u00e3o mais r\u00e1pida e f\u00e1cil.<\/p>\n<p>Isolamento com espessura de 13mm de borracha com baixo coeficiente de condutividade t\u00e9rmica \u03bb (0 0C) = 0,038 W\/m.k) e toler\u00e2ncia a temperaturas altas (175 0C).<\/p>\n<p>Prote\u00e7\u00e3o anti-UV com plumidona de nylon<\/p>\n<p><span style=\"color: #0000ff;\">Materi\u00e1is:<\/span><br \/>\nTubo: a\u00e7o inoxid\u00e1vel AISI 316L<br \/>\nIsolamento: Borracha<br \/>\nProte\u00e7\u00e3o anti-UV: plumidona de nylon<br \/>\nLigamentos:lat\u00e3o<\/p>\n<p>Press\u00e3o m\u00e1xima de opera\u00e7\u00e3o: 16 Bar<br \/>\nFaixa de temperatura: -40 0C &#8211; 150 0C.<br \/>\nTemperatura m\u00e1xima admiss\u00edvel: 175 0C<\/p>\n<table class=\"rtable rtable--flip\">\n<thead>\n<tr>\n<th><strong>DN<\/strong><\/th>\n<th><strong>DI\u00c2METRO INTERNO mm<\/strong><\/th>\n<th><strong>DI\u00c2METRO ESTERNO mm<\/strong><\/th>\n<th><strong>TOLER\u00c2NCIA mm<\/strong><\/th>\n<th><strong>RAIO DE CURVA M\u00cdNIMO mm<\/strong><\/th>\n<th><strong>RAIO DE CURVA NOMINAL mm<\/strong><\/th>\n<th><strong>PRESS\u00c3O bar<\/strong><\/th>\n<th><strong>PRESS\u00c3O NIMINAL (PN) DIN EN ISO 10380\/SF4<\/strong><\/th>\n<th><strong>mt \/ paquete<\/strong><\/th>\n<\/tr>\n<\/thead>\n<tbody>\n<tr>\n<td>16<\/td>\n<td>16.6<\/td>\n<td>21.4<\/td>\n<td>0.2<\/td>\n<td>25<\/td>\n<td>195<\/td>\n<td>13<\/td>\n<td>10<\/td>\n<td>25<\/td>\n<\/tr>\n<tr>\n<td>20<\/td>\n<td>20.9<\/td>\n<td>26.4<\/td>\n<td>0.2<\/td>\n<td>30<\/td>\n<td>225<\/td>\n<td>13<\/td>\n<td>10<\/td>\n<td>25<\/td>\n<\/tr>\n<tr>\n<td>25<\/td>\n<td>25.1<\/td>\n<td>31.8<\/td>\n<td>0.3<\/td>\n<td>35<\/td>\n<td>260<\/td>\n<td>8<\/td>\n<td>6<\/td>\n<td>25<\/td>\n<\/tr>\n<\/tbody>\n<\/table>\n<table class=\"rtable rtable--flip\" style=\"width: 495px;\">\n<thead>\n<tr>\n<th style=\"width: 143px;\"><strong>ARTIGO<\/strong><\/th>\n<th style=\"width: 336px;\"><strong>DESCI\u00c7\u00c3O<\/strong><\/th>\n<\/tr>\n<\/thead>\n<tbody>\n<tr>\n<td style=\"width: 143px;\"><strong>173.000.397.0100<\/strong><\/td>\n<td style=\"width: 336px;\">Tubo DN16 SOLAR INOX FLEX 2 em 1<\/td>\n<\/tr>\n<tr>\n<td style=\"width: 143px;\"><strong>173.000.397.0101<\/strong><\/td>\n<td style=\"width: 336px;\">Tubo DN20 SOLAR INOX FLEX 2 em 1<\/td>\n<\/tr>\n<tr>\n<td style=\"width: 143px;\"><strong>173.000.397.0102<\/strong><\/td>\n<td style=\"width: 336px;\">Tubo DN25 SOLAR INOX FLEX 2 em 1<\/td>\n<\/tr>\n<tr>\n<td style=\"width: 143px;\"><strong>191.000.418.0008<\/strong><\/td>\n<td style=\"width: 336px;\">Liga\u00e7\u00e3o H 16\u03a73\/4\u2019\u2019<\/td>\n<\/tr>\n<tr>\n<td style=\"width: 143px;\"><strong>191.000.418.0005<\/strong><\/td>\n<td style=\"width: 336px;\">Liga\u00e7\u00e3o M 16\u03a73\/4\u2019\u2019<\/td>\n<\/tr>\n<tr>\n<td style=\"width: 143px;\"><strong>191.000.205.0010<\/strong><\/td>\n<td style=\"width: 336px;\">Liga\u00e7\u00e3o 90 M 16\u03a73\/4\u2019\u2019<\/td>\n<\/tr>\n<tr>\n<td style=\"width: 143px;\"><strong>173.000.397.0050<\/strong><\/td>\n<td style=\"width: 336px;\">Liga\u00e7\u00e3o H 20\u03a71\u2019<\/td>\n<\/tr>\n<tr>\n<td style=\"width: 143px;\"><strong>173.000.397.0051<\/strong><\/td>\n<td style=\"width: 336px;\">Liga\u00e7\u00e3o M 20\u03a71\u2019<\/td>\n<\/tr>\n<tr>\n<td style=\"width: 143px;\"><strong>173.000.397.0052<\/strong><\/td>\n<td style=\"width: 336px;\">ousados com\u00a0 O-ring a borracha 1 1\/4&#8221;<\/td>\n<\/tr>\n<\/tbody>\n<\/table>\n","protected":false},"excerpt":{"rendered":"<p><span style=\"color: #ff6600;\"><strong>Tubos de a\u00e7o inoxid\u00e1vel para instala\u00e7\u00f5es solares SOLAR INOX FLEX 2 em 1<\/strong><\/span><\/p>\n<p><span style=\"color: #008000;\">Dois tubos de a\u00e7o inoxid\u00e1vel 316L, con cabo para a sonda. Desegnados para os circuitos fechados de instala\u00e7\u00f5es solares. Sua flexibilidade torna a instala\u00e7\u00e3o mais r\u00e1pida e f\u00e1cil.<\/span><\/p>\n<p><span style=\"color: #008000;\">Isolamento com espessura de 13mm de borracha com baixo coeficiente de condutividade t\u00e9rmica \u03bb (0 0C) = 0,038 W\/m.k) e toler\u00e2ncia a temperaturas altas (175 0C).<\/span><\/p>\n<p><span style=\"color: #008000;\">Prote\u00e7\u00e3o anti-UV com plumidona de nylon<\/span><\/p>\n<p>&nbsp;<\/p>\n","protected":false},"featured_media":1669,"comment_status":"open","ping_status":"closed","template":"","meta":[],"product_brand":[],"product_cat":[66,71],"product_tag":[158,153,152,157,156],"class_list":{"0":"post-1668","1":"product","2":"type-product","3":"status-publish","4":"has-post-thumbnail","6":"product_cat-hydraulic-kit","7":"product_cat-hydraulic-accessories","8":"product_tag-solar-inox-flex-2--1","9":"product_tag-153","10":"product_tag-152","11":"product_tag-157","12":"product_tag-156","14":"first","15":"instock","16":"taxable","17":"shipping-taxable","18":"product-type-simple"},"_links":{"self":[{"href":"https:\/\/cosmosolar.com\/pt\/wp-json\/wp\/v2\/product\/1668","targetHints":{"allow":["GET"]}}],"collection":[{"href":"https:\/\/cosmosolar.com\/pt\/wp-json\/wp\/v2\/product"}],"about":[{"href":"https:\/\/cosmosolar.com\/pt\/wp-json\/wp\/v2\/types\/product"}],"replies":[{"embeddable":true,"href":"https:\/\/cosmosolar.com\/pt\/wp-json\/wp\/v2\/comments?post=1668"}],"wp:featuredmedia":[{"embeddable":true,"href":"https:\/\/cosmosolar.com\/pt\/wp-json\/wp\/v2\/media\/1669"}],"wp:attachment":[{"href":"https:\/\/cosmosolar.com\/pt\/wp-json\/wp\/v2\/media?parent=1668"}],"wp:term":[{"taxonomy":"product_brand","embeddable":true,"href":"https:\/\/cosmosolar.com\/pt\/wp-json\/wp\/v2\/product_brand?post=1668"},{"taxonomy":"product_cat","embeddable":true,"href":"https:\/\/cosmosolar.com\/pt\/wp-json\/wp\/v2\/product_cat?post=1668"},{"taxonomy":"product_tag","embeddable":true,"href":"https:\/\/cosmosolar.com\/pt\/wp-json\/wp\/v2\/product_tag?post=1668"}],"curies":[{"name":"wp","href":"https:\/\/api.w.org\/{rel}","templated":true}]}}