{"id":1664,"date":"2020-04-12T09:31:13","date_gmt":"2020-04-12T09:31:13","guid":{"rendered":"https:\/\/www.cosmosolar.com\/?post_type=product&#038;p=1664"},"modified":"2025-10-29T16:10:03","modified_gmt":"2025-10-29T14:10:03","slug":"%ce%b5%cf%85%ce%ba%ce%b1%ce%bc%cf%80%cf%84%ce%bf%ce%b9-%ce%b1%ce%bd%ce%bf%ce%be%ce%b5%ce%b9%ce%b4%cf%89%cf%84%ce%bf%ce%b9-%cf%83%cf%89%ce%bb%ce%b7%ce%bd%ce%b5%cf%83-aisi-316l","status":"publish","type":"product","link":"https:\/\/cosmosolar.com\/pt\/product\/%ce%b5%cf%85%ce%ba%ce%b1%ce%bc%cf%80%cf%84%ce%bf%ce%b9-%ce%b1%ce%bd%ce%bf%ce%be%ce%b5%ce%b9%ce%b4%cf%89%cf%84%ce%bf%ce%b9-%cf%83%cf%89%ce%bb%ce%b7%ce%bd%ce%b5%cf%83-aisi-316l\/","title":{"rendered":"Tubo flex\u00edvel de a\u00e7o inoxid\u00e1vel AISI-316L"},"content":{"rendered":"<p><span style=\"color: #0000ff;\"><strong>TUBOS INOXID\u00c1VEIS AISI-316L<\/strong><\/span><\/p>\n<p><strong>Material:<\/strong> a\u00e7o inoxid\u00e1vel AISI 316L<br \/>\n<strong>Liga\u00e7\u00f5es:<\/strong> lat\u00e3o<br \/>\n<strong>Di\u00e2metros:<\/strong> tubo: DN16 ligac\u00f5es: 3\/4&#8243;<br \/>\n<strong>Press\u00e3o m\u00e1xima de opera\u00e7\u00e3o:<\/strong> 16 Bar<br \/>\n<strong>Temperaturas de opera\u00e7\u00e3o admiss\u00edveis:<\/strong> -40 0C \u03ad\u03c9\u03c2 150 0C.<br \/>\n<strong>Temperatura m\u00e1xima:<\/strong> 600 0C<\/p>\n<table class=\"rtable rtable--flip\">\n<thead>\n<tr>\n<th><strong>DN<\/strong><\/th>\n<th><strong>DI\u00c2METRO INTERIOR mm<\/strong><\/th>\n<th><strong>DI\u00c2METRO EXTERNO mm<\/strong><\/th>\n<th><strong>R mm<\/strong><\/th>\n<th><strong>RAIO DE CURVATURA M\u00cdNIMO mm<\/strong><\/th>\n<th><strong>RAIO DE CURVATURA NOMINAL mm<\/strong><\/th>\n<th><strong>PRESS\u00c3O DE OPERA\u00c7\u00c3O mm<\/strong><\/th>\n<th><strong>PRESS\u00c3O NOMINAL<\/strong><strong>(PN) DIN EN ISO 10380\/SF4<\/strong><\/th>\n<\/tr>\n<\/thead>\n<tbody>\n<tr>\n<td>16<\/td>\n<td>16.6<\/td>\n<td>21.4<\/td>\n<td>0.2<\/td>\n<td>25<\/td>\n<td>195<\/td>\n<td>13<\/td>\n<td>10<\/td>\n<\/tr>\n<\/tbody>\n<\/table>\n<table class=\"rtable rtable--flip\" style=\"width: 372px;\">\n<thead>\n<tr>\n<th style=\"width: 142px;\"><strong>Artigo<\/strong><\/th>\n<th style=\"width: 11px;\"><\/th>\n<th style=\"width: 399px;\"><strong>Descri\u00e7\u00e3o<\/strong><\/th>\n<\/tr>\n<\/thead>\n<tbody>\n<tr>\n<td style=\"width: 142px;\"><strong>173.000.397.0009<\/strong><\/td>\n<td style=\"width: 11px;\"><\/td>\n<td style=\"width: 399px;\">Tubo AISI-316L<\/td>\n<\/tr>\n<tr>\n<td style=\"width: 142px;\"><strong>191.000.418.0008<\/strong><\/td>\n<td style=\"width: 11px;\"><\/td>\n<td style=\"width: 399px;\">Liga\u00e7\u00e3o H 16\u03a73\/4\u2019\u2019<\/td>\n<\/tr>\n<tr>\n<td style=\"width: 142px;\"><strong>191.000.418.0008<\/strong><\/td>\n<td style=\"width: 11px;\"><\/td>\n<td style=\"width: 399px;\">Liga\u00e7\u00e3o M 16\u03a73\/4\u2019\u2019<\/td>\n<\/tr>\n<tr>\n<td style=\"width: 142px;\"><strong>191.000.205.0010<\/strong><\/td>\n<td style=\"width: 11px;\"><\/td>\n<td style=\"width: 399px;\">Liga\u00e7\u00e3o 90 gr\u00e3os M 16\u03a73\/4\u2019\u2019<\/td>\n<\/tr>\n<\/tbody>\n<\/table>\n","protected":false},"excerpt":{"rendered":"<p><span style=\"color: #ff6600;\"><strong>TUBOS INOXID\u00c1VEIS AISI-316L<\/strong><\/span><\/p>\n<p><span style=\"color: #008000;\"><em>ideal para criar circuitos fechados!<\/em><\/span><\/p>\n","protected":false},"featured_media":1665,"comment_status":"open","ping_status":"closed","template":"","meta":[],"product_brand":[],"product_cat":[66,71],"product_tag":[155,153,152],"class_list":{"0":"post-1664","1":"product","2":"type-product","3":"status-publish","4":"has-post-thumbnail","6":"product_cat-hydraulic-kit","7":"product_cat-hydraulic-accessories","8":"product_tag-aisi-316l","9":"product_tag-153","10":"product_tag-152","12":"first","13":"instock","14":"taxable","15":"shipping-taxable","16":"product-type-simple"},"_links":{"self":[{"href":"https:\/\/cosmosolar.com\/pt\/wp-json\/wp\/v2\/product\/1664","targetHints":{"allow":["GET"]}}],"collection":[{"href":"https:\/\/cosmosolar.com\/pt\/wp-json\/wp\/v2\/product"}],"about":[{"href":"https:\/\/cosmosolar.com\/pt\/wp-json\/wp\/v2\/types\/product"}],"replies":[{"embeddable":true,"href":"https:\/\/cosmosolar.com\/pt\/wp-json\/wp\/v2\/comments?post=1664"}],"wp:featuredmedia":[{"embeddable":true,"href":"https:\/\/cosmosolar.com\/pt\/wp-json\/wp\/v2\/media\/1665"}],"wp:attachment":[{"href":"https:\/\/cosmosolar.com\/pt\/wp-json\/wp\/v2\/media?parent=1664"}],"wp:term":[{"taxonomy":"product_brand","embeddable":true,"href":"https:\/\/cosmosolar.com\/pt\/wp-json\/wp\/v2\/product_brand?post=1664"},{"taxonomy":"product_cat","embeddable":true,"href":"https:\/\/cosmosolar.com\/pt\/wp-json\/wp\/v2\/product_cat?post=1664"},{"taxonomy":"product_tag","embeddable":true,"href":"https:\/\/cosmosolar.com\/pt\/wp-json\/wp\/v2\/product_tag?post=1664"}],"curies":[{"name":"wp","href":"https:\/\/api.w.org\/{rel}","templated":true}]}}