{"id":1631,"date":"2020-04-12T07:34:26","date_gmt":"2020-04-12T07:34:26","guid":{"rendered":"https:\/\/www.cosmosolar.com\/?post_type=product&#038;p=1631"},"modified":"2025-10-29T15:21:05","modified_gmt":"2025-10-29T13:21:05","slug":"%cf%81%cf%85%ce%b8%ce%bc%ce%b9%cf%83%cf%84%ce%b9%ce%ba%ce%ae-%ce%b2%ce%b1%ce%bb%ce%b2%ce%af%ce%b4%ce%b1-solar-dn20-4-%ce%ad%cf%89%cf%8216-l-min","status":"publish","type":"product","link":"https:\/\/cosmosolar.com\/pt\/product\/%cf%81%cf%85%ce%b8%ce%bc%ce%b9%cf%83%cf%84%ce%b9%ce%ba%ce%ae-%ce%b2%ce%b1%ce%bb%ce%b2%ce%af%ce%b4%ce%b1-solar-dn20-4-%ce%ad%cf%89%cf%8216-l-min\/","title":{"rendered":"V\u00e1lvula de regula\u00e7\u00e3o \u201cSolar DN20 &#8211; de 4 at\u00e9 16 l\/min \u201d"},"content":{"rendered":"<p><span style=\"color: #0000ff;\"><strong>Artigo: 49-223.7566.334<\/strong><\/span><\/p>\n<p><span style=\"color: #0000ff;\"><strong>V\u00e1lvula \u201cSolar DN20 &#8211; de 4 at\u00e9 16 l\/min \u201d pela regula\u00e7\u00e3o do fluixo em circuitos fechados solares<\/strong><\/span><\/p>\n<p>Instala\u00e7\u00e3o vertical ou horizontal<\/p>\n<p>Material: lat\u00e3o<br \/>\nLiga\u00e7\u00f5es: 1&#8243; M<br \/>\nPress\u00e3o m\u00e1xima de opera\u00e7\u00e3o: 8bar<br \/>\nTemperatura m\u00e1xima de opera\u00e7\u00e3o: 130\u00b0C<\/p>\n","protected":false},"excerpt":{"rendered":"<p><span style=\"color: #ff6600;\"><strong>V\u00e1lvula \u201cSolar DN20 &#8211; de 4 at\u00e9 16 l\/min \u201d pela regula\u00e7\u00e3o do fluixo em circuitos fechados solares<\/strong><\/span><\/p>\n<p><span style=\"color: #ff6600;\"><strong>Artigo: 49-223.7566.334<\/strong><\/span><\/p>\n<p><span style=\"color: #008000;\"><em>Instala\u00e7\u00e3o vertical ou horizontal<\/em><\/span><\/p>\n<p>&nbsp;<\/p>\n","protected":false},"featured_media":1632,"comment_status":"open","ping_status":"closed","template":"","meta":[],"product_brand":[],"product_cat":[66,71],"product_tag":[],"class_list":{"0":"post-1631","1":"product","2":"type-product","3":"status-publish","4":"has-post-thumbnail","6":"product_cat-hydraulic-kit","7":"product_cat-hydraulic-accessories","9":"first","10":"instock","11":"taxable","12":"shipping-taxable","13":"product-type-simple"},"_links":{"self":[{"href":"https:\/\/cosmosolar.com\/pt\/wp-json\/wp\/v2\/product\/1631","targetHints":{"allow":["GET"]}}],"collection":[{"href":"https:\/\/cosmosolar.com\/pt\/wp-json\/wp\/v2\/product"}],"about":[{"href":"https:\/\/cosmosolar.com\/pt\/wp-json\/wp\/v2\/types\/product"}],"replies":[{"embeddable":true,"href":"https:\/\/cosmosolar.com\/pt\/wp-json\/wp\/v2\/comments?post=1631"}],"wp:featuredmedia":[{"embeddable":true,"href":"https:\/\/cosmosolar.com\/pt\/wp-json\/wp\/v2\/media\/1632"}],"wp:attachment":[{"href":"https:\/\/cosmosolar.com\/pt\/wp-json\/wp\/v2\/media?parent=1631"}],"wp:term":[{"taxonomy":"product_brand","embeddable":true,"href":"https:\/\/cosmosolar.com\/pt\/wp-json\/wp\/v2\/product_brand?post=1631"},{"taxonomy":"product_cat","embeddable":true,"href":"https:\/\/cosmosolar.com\/pt\/wp-json\/wp\/v2\/product_cat?post=1631"},{"taxonomy":"product_tag","embeddable":true,"href":"https:\/\/cosmosolar.com\/pt\/wp-json\/wp\/v2\/product_tag?post=1631"}],"curies":[{"name":"wp","href":"https:\/\/api.w.org\/{rel}","templated":true}]}}