{"id":1626,"date":"2020-04-12T07:27:56","date_gmt":"2020-04-12T07:27:56","guid":{"rendered":"https:\/\/www.cosmosolar.com\/?post_type=product&#038;p=1626"},"modified":"2025-10-30T10:49:14","modified_gmt":"2025-10-30T08:49:14","slug":"%cf%84%cf%81%ce%af%ce%bf%ce%b4%ce%b7-%ce%b2%ce%ac%ce%bd%ce%b1-%ce%b5%ce%ba%cf%84%cf%81%ce%bf%cf%80%ce%ae%cf%82-%cf%85%cf%88%ce%b7%ce%bb%cf%8e%ce%bd-%ce%b8%ce%b5%cf%81%ce%bc%ce%bf%ce%ba%cf%81%ce%b1","status":"publish","type":"product","link":"https:\/\/cosmosolar.com\/pt\/product\/%cf%84%cf%81%ce%af%ce%bf%ce%b4%ce%b7-%ce%b2%ce%ac%ce%bd%ce%b1-%ce%b5%ce%ba%cf%84%cf%81%ce%bf%cf%80%ce%ae%cf%82-%cf%85%cf%88%ce%b7%ce%bb%cf%8e%ce%bd-%ce%b8%ce%b5%cf%81%ce%bc%ce%bf%ce%ba%cf%81%ce%b1\/","title":{"rendered":"V\u00e1vlula de 3 v\u00edas motorizada de devia\u00e7\u00e3o"},"content":{"rendered":"<p><span style=\"color: #0000ff;\"><strong>V\u00e1lvula de 3 v\u00edas<\/strong><\/span><\/p>\n<p>Material: lat\u00e3o<br \/>\nTens\u00e3o: AC230V \u03ae 24V (50\u2026.60Hz)<br \/>\nGr\u00e3o de prote\u00e7\u00e3o: IP44<br \/>\nSeguran\u00e7a: 5&#215;20 F350 mA<br \/>\nTemperatura de opera\u00e7\u00e3o: -5\u00b0C &#8211; 55\u00b0C<br \/>\nTemperatura m\u00e1xima de opera\u00e7\u00e3o: 100 0C<br \/>\nTempo rota\u00e7\u00e3o do motor (900): 80sec<br \/>\nToqrue m\u00e1ximo: 8Nm<br \/>\nLiga\u00e7\u00f5es: 1\u2019\u2019 H<br \/>\nPress\u00e3o nominal: PN16<\/p>\n<table class=\"rtable rtable--flip\">\n<thead>\n<tr>\n<th><strong>ARTIGO<\/strong><\/th>\n<th><strong>DESCRI\u00c7\u00c3O<\/strong><\/th>\n<\/tr>\n<\/thead>\n<tbody>\n<tr>\n<td><strong>472.0009<\/strong><\/td>\n<td>V\u00e1lvula de 3 v\u00edas\u00a0 DN20 &#8220;solar&#8221; &#8211; \u00be\u00b4\u00b4<\/td>\n<\/tr>\n<tr>\n<td><strong>472.0013<\/strong><\/td>\n<td>V\u00e1lvula de 3 v\u00edas\u00a0 DN25 \u201cSolar\u201d &#8211; 1\u00b4<\/td>\n<\/tr>\n<\/tbody>\n<\/table>\n<p><img loading=\"lazy\" decoding=\"async\" class=\"size-full wp-image-1627 aligncenter\" src=\"https:\/\/www.cosmosolar.com\/wp-content\/uploads\/2020\/04\/2137all.jpg\" alt=\"\" width=\"129\" height=\"132\" \/><\/p>\n","protected":false},"excerpt":{"rendered":"<p><span style=\"color: #ff6600;\"><strong>V\u00e1lvula de 3 v\u00edas para circuitos solares fechados<\/strong><\/span><\/p>\n","protected":false},"featured_media":1628,"comment_status":"open","ping_status":"closed","template":"","meta":[],"product_brand":[],"product_cat":[66,71],"product_tag":[126,124,127,128,123,125],"class_list":{"0":"post-1626","1":"product","2":"type-product","3":"status-publish","4":"has-post-thumbnail","6":"product_cat-hydraulic-kit","7":"product_cat-hydraulic-accessories","8":"product_tag-solar","9":"product_tag-124","10":"product_tag-127","11":"product_tag-128","12":"product_tag-123","13":"product_tag-125","15":"first","16":"instock","17":"taxable","18":"shipping-taxable","19":"product-type-simple"},"_links":{"self":[{"href":"https:\/\/cosmosolar.com\/pt\/wp-json\/wp\/v2\/product\/1626","targetHints":{"allow":["GET"]}}],"collection":[{"href":"https:\/\/cosmosolar.com\/pt\/wp-json\/wp\/v2\/product"}],"about":[{"href":"https:\/\/cosmosolar.com\/pt\/wp-json\/wp\/v2\/types\/product"}],"replies":[{"embeddable":true,"href":"https:\/\/cosmosolar.com\/pt\/wp-json\/wp\/v2\/comments?post=1626"}],"wp:featuredmedia":[{"embeddable":true,"href":"https:\/\/cosmosolar.com\/pt\/wp-json\/wp\/v2\/media\/1628"}],"wp:attachment":[{"href":"https:\/\/cosmosolar.com\/pt\/wp-json\/wp\/v2\/media?parent=1626"}],"wp:term":[{"taxonomy":"product_brand","embeddable":true,"href":"https:\/\/cosmosolar.com\/pt\/wp-json\/wp\/v2\/product_brand?post=1626"},{"taxonomy":"product_cat","embeddable":true,"href":"https:\/\/cosmosolar.com\/pt\/wp-json\/wp\/v2\/product_cat?post=1626"},{"taxonomy":"product_tag","embeddable":true,"href":"https:\/\/cosmosolar.com\/pt\/wp-json\/wp\/v2\/product_tag?post=1626"}],"curies":[{"name":"wp","href":"https:\/\/api.w.org\/{rel}","templated":true}]}}