{"id":1620,"date":"2020-04-12T07:06:16","date_gmt":"2020-04-12T07:06:16","guid":{"rendered":"https:\/\/www.cosmosolar.com\/?post_type=product&#038;p=1620"},"modified":"2025-10-30T15:27:21","modified_gmt":"2025-10-30T13:27:21","slug":"%ce%bc%ce%bf%ce%bd%ce%ac%ce%b4%ce%b1-%ce%b4%ce%b9%ce%b1%cf%86%ce%bf%cf%81%ce%b9%ce%ba%ce%bf%cf%8d-%ce%b5%ce%bb%ce%ad%ce%b3%cf%87%ce%bf%cf%85-%ce%b8%ce%b5%cf%81%ce%bc%ce%bf%ce%ba%cf%81%ce%b1%cf%83","status":"publish","type":"product","link":"https:\/\/cosmosolar.com\/pt\/product\/%ce%bc%ce%bf%ce%bd%ce%ac%ce%b4%ce%b1-%ce%b4%ce%b9%ce%b1%cf%86%ce%bf%cf%81%ce%b9%ce%ba%ce%bf%cf%8d-%ce%b5%ce%bb%ce%ad%ce%b3%cf%87%ce%bf%cf%85-%ce%b8%ce%b5%cf%81%ce%bc%ce%bf%ce%ba%cf%81%ce%b1%cf%83\/","title":{"rendered":"Termostato para sistemas de circula\u00e7\u00e3o for\u00e7ada \u201cRegtronic RC\u201d"},"content":{"rendered":"<p><strong>Artigo: 247.1369549<\/strong><\/p>\n<p><strong>Termostato Regtronic RC\u201d<\/strong><\/p>\n<p><strong>Regtronic RC:<\/strong>Termostato program\u00e1vel para instala\u00e7\u00f5es de circula\u00e7\u00e3o for\u00e7ada<br \/>\n4 \u03a7 termilanes de cabo para sensores PT1000, PT500 ou KTY<br \/>\n1 \u03a7 terminal para medidor de fluxo<br \/>\n3 \u03a7 terminales de sa\u00edda uma destas fria<br \/>\n2 \u03a7 terminales de sa\u00edda PWM para o controle das bombas<br \/>\nS-Bus, terminal para tresfer\u00eancia de dados<br \/>\n<strong>Possibilidade de selecionar entre 10 sistemas de instala\u00e7\u00e3o<\/strong><br \/>\nControle autom\u00e1tico d\u00b4acordo VDI 2169<br \/>\n<strong>Inclu\u00eddos:<\/strong><br \/>\n1 \u03a7 sonda para os colectores solares<br \/>\n3 \u03a7 sondas para os acumuladores<\/p>\n<table class=\"rtable rtable--flip\">\n<thead>\n<tr>\n<th><strong>Artigo<\/strong><\/th>\n<th><strong>Descri\u00e7\u00e3o<\/strong><\/th>\n<\/tr>\n<\/thead>\n<tbody>\n<tr>\n<td><strong>247.1369094<\/strong><\/td>\n<td>sonda para os colectores solares<\/td>\n<\/tr>\n<tr>\n<td><strong>247.1369093<\/strong><\/td>\n<td>sonda para os acumuladores<\/td>\n<\/tr>\n<\/tbody>\n<\/table>\n<p><img loading=\"lazy\" decoding=\"async\" class=\"size-full wp-image-1621 aligncenter\" src=\"https:\/\/www.cosmosolar.com\/wp-content\/uploads\/2020\/04\/\u03bc\u03bf\u03bd1-2.jpg\" alt=\"\" width=\"450\" height=\"313\" srcset=\"https:\/\/cosmosolar.com\/wp-content\/uploads\/2020\/04\/\u03bc\u03bf\u03bd1-2.jpg 450w, https:\/\/cosmosolar.com\/wp-content\/uploads\/2020\/04\/\u03bc\u03bf\u03bd1-2-300x209.jpg 300w\" sizes=\"auto, (max-width: 450px) 100vw, 450px\" \/><\/p>\n<p><img loading=\"lazy\" decoding=\"async\" class=\"aligncenter wp-image-2126 size-large\" src=\"https:\/\/cosmosolar.com\/wp-content\/uploads\/2020\/04\/10-systems-regtronic-756x1024.jpg\" alt=\"\" width=\"625\" height=\"847\" srcset=\"https:\/\/cosmosolar.com\/wp-content\/uploads\/2020\/04\/10-systems-regtronic-756x1024.jpg 756w, https:\/\/cosmosolar.com\/wp-content\/uploads\/2020\/04\/10-systems-regtronic-300x406.jpg 300w, https:\/\/cosmosolar.com\/wp-content\/uploads\/2020\/04\/10-systems-regtronic-600x812.jpg 600w, https:\/\/cosmosolar.com\/wp-content\/uploads\/2020\/04\/10-systems-regtronic-222x300.jpg 222w, https:\/\/cosmosolar.com\/wp-content\/uploads\/2020\/04\/10-systems-regtronic-768x1040.jpg 768w, https:\/\/cosmosolar.com\/wp-content\/uploads\/2020\/04\/10-systems-regtronic-1134x1536.jpg 1134w, https:\/\/cosmosolar.com\/wp-content\/uploads\/2020\/04\/10-systems-regtronic.jpg 1234w\" sizes=\"auto, (max-width: 625px) 100vw, 625px\" \/><\/p>\n","protected":false},"excerpt":{"rendered":"<p><span style=\"color: #ff6600;\"><strong>Termostato Regtronic RC\u201d<\/strong><\/span><\/p>\n<p><strong>Regtronic RC:<\/strong>Termostato program\u00e1vel para instala\u00e7\u00f5es de circula\u00e7\u00e3o for\u00e7ada<br \/>\n<em><span style=\"color: #0000ff;\">a melhor solu\u00e7\u00e3o para casas e instala\u00e7\u00f5es pequenas<\/span><\/em><\/p>\n","protected":false},"featured_media":1624,"comment_status":"open","ping_status":"closed","template":"","meta":[],"product_brand":[],"product_cat":[66,70],"product_tag":[120,119],"class_list":{"0":"post-1620","1":"product","2":"type-product","3":"status-publish","4":"has-post-thumbnail","6":"product_cat-hydraulic-kit","7":"product_cat-differential-temperature-controllers-solar","8":"product_tag-regtronic-rc","9":"product_tag-119","11":"first","12":"instock","13":"taxable","14":"shipping-taxable","15":"product-type-simple"},"_links":{"self":[{"href":"https:\/\/cosmosolar.com\/pt\/wp-json\/wp\/v2\/product\/1620","targetHints":{"allow":["GET"]}}],"collection":[{"href":"https:\/\/cosmosolar.com\/pt\/wp-json\/wp\/v2\/product"}],"about":[{"href":"https:\/\/cosmosolar.com\/pt\/wp-json\/wp\/v2\/types\/product"}],"replies":[{"embeddable":true,"href":"https:\/\/cosmosolar.com\/pt\/wp-json\/wp\/v2\/comments?post=1620"}],"wp:featuredmedia":[{"embeddable":true,"href":"https:\/\/cosmosolar.com\/pt\/wp-json\/wp\/v2\/media\/1624"}],"wp:attachment":[{"href":"https:\/\/cosmosolar.com\/pt\/wp-json\/wp\/v2\/media?parent=1620"}],"wp:term":[{"taxonomy":"product_brand","embeddable":true,"href":"https:\/\/cosmosolar.com\/pt\/wp-json\/wp\/v2\/product_brand?post=1620"},{"taxonomy":"product_cat","embeddable":true,"href":"https:\/\/cosmosolar.com\/pt\/wp-json\/wp\/v2\/product_cat?post=1620"},{"taxonomy":"product_tag","embeddable":true,"href":"https:\/\/cosmosolar.com\/pt\/wp-json\/wp\/v2\/product_tag?post=1620"}],"curies":[{"name":"wp","href":"https:\/\/api.w.org\/{rel}","templated":true}]}}