{"id":1618,"date":"2020-04-12T06:58:22","date_gmt":"2020-04-12T06:58:22","guid":{"rendered":"https:\/\/www.cosmosolar.com\/?post_type=product&#038;p=1618"},"modified":"2025-10-31T11:16:14","modified_gmt":"2025-10-31T09:16:14","slug":"%ce%b7%ce%bb%ce%b9%ce%b1%ce%ba%cf%8c%cf%82-%cf%83%cf%84%ce%b1%ce%b8%ce%bc%cf%8c%cf%82-regusol-mega-sh-180-station-dn-32-%cf%87%cf%89%cf%81%ce%af%cf%82-%ce%b7%ce%bb%ce%b5%ce%ba","status":"publish","type":"product","link":"https:\/\/cosmosolar.com\/pt\/product\/%ce%b7%ce%bb%ce%b9%ce%b1%ce%ba%cf%8c%cf%82-%cf%83%cf%84%ce%b1%ce%b8%ce%bc%cf%8c%cf%82-regusol-mega-sh-180-station-dn-32-%cf%87%cf%89%cf%81%ce%af%cf%82-%ce%b7%ce%bb%ce%b5%ce%ba\/","title":{"rendered":"Kit hidr\u00e1ulico \u201cRegusol MEGA SH-180 &#8211; Station DN 32\u201d &#8211; sem termostato"},"content":{"rendered":"<p><strong>Kit hidr\u00e1ulico \u201cRegusol MEGA SH-180 &#8211; Station DN 32\u201d<br \/>\nArtigo: 247.1368251<\/strong><\/p>\n<p>at\u00e9 <strong>140m\u00b2<\/strong> de superf\u00edcie de coletores solares<\/p>\n<p>Kit para sistemas for\u00e7ados DN32 pela programa\u00e7\u00e3o e controlo do circuito solar dos coletores e acumulador (ou permutador).<\/p>\n<p><strong>Inclu\u00eddos:<\/strong> bomba <strong>Inverter<\/strong> modelo <strong>WILO &#8211; Yonos PARA 1-9 PWM<\/strong>, regulador de fluxo <strong>7-40 l\/min<\/strong> com v\u00e1lvula esfera para o enchimento \/ esvaziamento do circuito, dois term\u00f3metros (quente &#8211; fr\u00edo) v\u00e1lvula anti-retorno na entrada, purificador do ar manual, grupo de seguran\u00e7a com v\u00e1lvula de 6 bar e man\u00f3metro 0- 10 bar, e liga\u00e7\u00e3o de \u00be\u2019\u2019H para o vaso de expans\u00e3o.<\/p>\n<p>Tamb\u00e9m est\u00e3o fornecidos:<br \/>\n<strong>1 \u03a7 sensor para coletores<\/strong><br \/>\n<strong>1 \u03a7 sensor para acumulador\u00a0<\/strong><\/p>\n<p>Dimens\u00f5es: A x L: DN32 530mm x 350mm<br \/>\nMaterial: lat\u00e3o<br \/>\nIsolamento: EPP<br \/>\nPress\u00e3o m\u00e1xima de opera\u00e7\u00e3o: 6bar<\/p>\n<p>Temperatura de opera\u00e7\u00e3o: at\u00e9 os 120\u00b0C<br \/>\n* at\u00e9 <strong>80 m2<\/strong> de superf\u00edcie de coletores com fluxo alto <strong>High-flow: 0,7l\/min<\/strong> para cada m2 de superf\u00edcie de coletores e altura manom\u00e9trica <strong>\u0397: 5,5m<\/strong><br \/>\nat\u00e9 <strong>140 m2<\/strong> de superf\u00edcie de coletores com fluxo baixo <strong>Low-flow: 0,3l\/min<\/strong> para cada m2 de superf\u00edcie de coletores e altura manom\u00e9trica <strong>\u0397: 5,5m<\/strong><\/p>\n<p>&nbsp;<\/p>\n<p><img loading=\"lazy\" decoding=\"async\" class=\"size-full wp-image-1619 aligncenter\" src=\"https:\/\/www.cosmosolar.com\/wp-content\/uploads\/2020\/04\/solar4.png\" alt=\"\" width=\"580\" height=\"476\" srcset=\"https:\/\/cosmosolar.com\/wp-content\/uploads\/2020\/04\/solar4.png 580w, https:\/\/cosmosolar.com\/wp-content\/uploads\/2020\/04\/solar4-300x246.png 300w\" sizes=\"auto, (max-width: 580px) 100vw, 580px\" \/><\/p>\n","protected":false},"excerpt":{"rendered":"<p><strong><span style=\"color: #ff6600;\">Kit hidr\u00e1ulico \u201cRegusol MEGA SH-180 &#8211; Station DN 32\u201d<\/span><br \/>\nArtigo: 247.1368251<\/strong><\/p>\n<p><span style=\"color: #0000ff;\">at\u00e9 <strong>140m\u00b2<\/strong> de superf\u00edcie de coletores solares<\/span><\/p>\n","protected":false},"featured_media":2675,"comment_status":"open","ping_status":"closed","template":"","meta":[],"product_brand":[],"product_cat":[66,67],"product_tag":[117,118,115],"class_list":{"0":"post-1618","1":"product","2":"type-product","3":"status-publish","4":"has-post-thumbnail","6":"product_cat-hydraulic-kit","7":"product_cat-hydraulic-kits-for-solar-systems-solar","8":"product_tag-regusol-mega-sh-180","9":"product_tag-station-dn-32","10":"product_tag-115","12":"first","13":"instock","14":"taxable","15":"shipping-taxable","16":"product-type-simple"},"_links":{"self":[{"href":"https:\/\/cosmosolar.com\/pt\/wp-json\/wp\/v2\/product\/1618","targetHints":{"allow":["GET"]}}],"collection":[{"href":"https:\/\/cosmosolar.com\/pt\/wp-json\/wp\/v2\/product"}],"about":[{"href":"https:\/\/cosmosolar.com\/pt\/wp-json\/wp\/v2\/types\/product"}],"replies":[{"embeddable":true,"href":"https:\/\/cosmosolar.com\/pt\/wp-json\/wp\/v2\/comments?post=1618"}],"wp:featuredmedia":[{"embeddable":true,"href":"https:\/\/cosmosolar.com\/pt\/wp-json\/wp\/v2\/media\/2675"}],"wp:attachment":[{"href":"https:\/\/cosmosolar.com\/pt\/wp-json\/wp\/v2\/media?parent=1618"}],"wp:term":[{"taxonomy":"product_brand","embeddable":true,"href":"https:\/\/cosmosolar.com\/pt\/wp-json\/wp\/v2\/product_brand?post=1618"},{"taxonomy":"product_cat","embeddable":true,"href":"https:\/\/cosmosolar.com\/pt\/wp-json\/wp\/v2\/product_cat?post=1618"},{"taxonomy":"product_tag","embeddable":true,"href":"https:\/\/cosmosolar.com\/pt\/wp-json\/wp\/v2\/product_tag?post=1618"}],"curies":[{"name":"wp","href":"https:\/\/api.w.org\/{rel}","templated":true}]}}