{"id":1611,"date":"2020-04-11T18:09:46","date_gmt":"2020-04-11T18:09:46","guid":{"rendered":"https:\/\/www.cosmosolar.com\/?post_type=product&#038;p=1611"},"modified":"2025-10-31T12:14:15","modified_gmt":"2025-10-31T10:14:15","slug":"%ce%b7%ce%bb%ce%b9%ce%b1%ce%ba%cf%8c%cf%82-%cf%83%cf%84%ce%b1%ce%b8%ce%bc%cf%8c%cf%82-regusol-midi-elh-130-rc-station-dn-25-%ce%bc%ce%b5-%ce%bc%ce%bf%ce%bd%ce%ac%ce%b4%ce%b1-%ce%b5","status":"publish","type":"product","link":"https:\/\/cosmosolar.com\/pt\/product\/%ce%b7%ce%bb%ce%b9%ce%b1%ce%ba%cf%8c%cf%82-%cf%83%cf%84%ce%b1%ce%b8%ce%bc%cf%8c%cf%82-regusol-midi-elh-130-rc-station-dn-25-%ce%bc%ce%b5-%ce%bc%ce%bf%ce%bd%ce%ac%ce%b4%ce%b1-%ce%b5\/","title":{"rendered":"Kit hidr\u00e1ulico \u201cRegusol MIDI ELH-130 RC- Station DN 25\u201d com termostato RC"},"content":{"rendered":"<p><strong>Kit hdra\u00falico &#8220;Regusol MIDI ELH-130 RC- Station DN 25&#8221; com regulador RC<br \/>\nArtigo: 247.1366597<\/strong><\/p>\n<p>at\u00e9 <strong>30m\u00b2<\/strong> de superf\u00edcie de coletores solares<\/p>\n<p>Kit para sistemas for\u00e7ados DN25 <strong>com regulador (termostato) Regtronic RC<\/strong> pela programa\u00e7\u00e3o e controlo do circuito solar dos coletores e acumulador (ou permutador).<\/p>\n<p><strong>Inclu\u00eddos:<\/strong> termostato <strong>Regtronic RC<\/strong> com 4 sedes para sensor e 3 comandos, bomba <strong>Inverter<\/strong> modelo <strong>WILO &#8211; Yonos PARA ST 25\/7 PWM<\/strong>, regulador de fluxo <strong>2 -15 l\/min<\/strong> com v\u00e1lvula esfera para o enchimento \/ esvaziamento do circuito, dois term\u00f3metros (quente &#8211; fr\u00edo) v\u00e1lvula anti-retorno na entrada, purificador do ar manual, grupo de seguran\u00e7a com v\u00e1lvula de 6 bar e man\u00f3metro 0- 10 bar, e liga\u00e7\u00e3o de \u00be\u2019\u2019H para o vaso de expans\u00e3o.<\/p>\n<p>Tamb\u00e9m est\u00e3o fornecidos:<br \/>\n<strong>1 \u03a7 sensor para coletores<\/strong><br \/>\n<strong>1 \u03a7 sensor para acumulador\u00a0<\/strong><\/p>\n<p><strong>Liga\u00e7\u00f5es: 1&#8243;H.<\/strong><br \/>\nDimens\u00f5es: A x L: DN25 375mm x 250mm<br \/>\nMaterial: lat\u00e3o<br \/>\nIsolamento: EPP<br \/>\nPress\u00e3o m\u00e1xima de opera\u00e7\u00e3o: 6bar<\/p>\n<p>Temperatura de opera\u00e7a\u00f3: at\u00e9 os 120\u00b0C<br \/>\n* at\u00e9 <strong>30 m2<\/strong> de superf\u00edcie de coletores com fluxo alto <strong>High-flow: 0,7l\/min<\/strong> para cada m2 de superf\u00edcie de coletores e altura manom\u00e9trica <strong>\u0397: 5m<\/strong><br \/>\nat\u00e9 <strong>60 m2<\/strong> de superf\u00edcie de coletores com fluxo baixo <strong>Low-flow: 0,3l\/min<\/strong> para cada m2 de superf\u00edcie de coletores e altura manom\u00e9trica <strong>\u0397: 5m<\/strong><\/p>\n<p><img loading=\"lazy\" decoding=\"async\" class=\"size-full wp-image-1612 aligncenter\" src=\"https:\/\/www.cosmosolar.com\/wp-content\/uploads\/2020\/04\/solar2.png\" alt=\"\" width=\"420\" height=\"541\" srcset=\"https:\/\/cosmosolar.com\/wp-content\/uploads\/2020\/04\/solar2.png 420w, https:\/\/cosmosolar.com\/wp-content\/uploads\/2020\/04\/solar2-300x386.png 300w, https:\/\/cosmosolar.com\/wp-content\/uploads\/2020\/04\/solar2-233x300.png 233w\" sizes=\"auto, (max-width: 420px) 100vw, 420px\" \/><\/p>\n","protected":false},"excerpt":{"rendered":"<p><strong>Kit hdra\u00falico &#8220;Regusol MIDI ELH-130 RC- Station DN 25&#8221; com regulador RC<br \/>\nArtigo: 247.1366597<\/strong><\/p>\n<p>at\u00e9 <strong>30m\u00b2<\/strong> de superf\u00edcie de coletores solares<\/p>\n<p>Kit para sistemas for\u00e7ados DN25 <strong>com regulador (termostato) Regtronic RC<\/strong> pela programa\u00e7\u00e3o e controlo do circuito solar dos coletores e acumulador (ou permutador).<\/p>\n","protected":false},"featured_media":1614,"comment_status":"open","ping_status":"closed","template":"","meta":[],"product_brand":[],"product_cat":[67],"product_tag":[111,110,112,109,113],"class_list":{"0":"post-1611","1":"product","2":"type-product","3":"status-publish","4":"has-post-thumbnail","6":"product_cat-hydraulic-kits-for-solar-systems-solar","7":"product_tag-130-rc","8":"product_tag-regusol-midi-elh-130-rc","9":"product_tag-station-dn-25","10":"product_tag-109","11":"product_tag---rc","13":"first","14":"instock","15":"taxable","16":"shipping-taxable","17":"product-type-simple"},"_links":{"self":[{"href":"https:\/\/cosmosolar.com\/pt\/wp-json\/wp\/v2\/product\/1611","targetHints":{"allow":["GET"]}}],"collection":[{"href":"https:\/\/cosmosolar.com\/pt\/wp-json\/wp\/v2\/product"}],"about":[{"href":"https:\/\/cosmosolar.com\/pt\/wp-json\/wp\/v2\/types\/product"}],"replies":[{"embeddable":true,"href":"https:\/\/cosmosolar.com\/pt\/wp-json\/wp\/v2\/comments?post=1611"}],"wp:featuredmedia":[{"embeddable":true,"href":"https:\/\/cosmosolar.com\/pt\/wp-json\/wp\/v2\/media\/1614"}],"wp:attachment":[{"href":"https:\/\/cosmosolar.com\/pt\/wp-json\/wp\/v2\/media?parent=1611"}],"wp:term":[{"taxonomy":"product_brand","embeddable":true,"href":"https:\/\/cosmosolar.com\/pt\/wp-json\/wp\/v2\/product_brand?post=1611"},{"taxonomy":"product_cat","embeddable":true,"href":"https:\/\/cosmosolar.com\/pt\/wp-json\/wp\/v2\/product_cat?post=1611"},{"taxonomy":"product_tag","embeddable":true,"href":"https:\/\/cosmosolar.com\/pt\/wp-json\/wp\/v2\/product_tag?post=1611"}],"curies":[{"name":"wp","href":"https:\/\/api.w.org\/{rel}","templated":true}]}}