{"id":1586,"date":"2020-04-11T13:36:24","date_gmt":"2020-04-11T13:36:24","guid":{"rendered":"https:\/\/www.cosmosolar.com\/?post_type=product&#038;p=1586"},"modified":"2026-01-09T11:58:21","modified_gmt":"2026-01-09T09:58:21","slug":"%cf%83%ce%b2%ce%ba-%cf%83%cf%85%cf%83%cf%84%ce%b7%ce%bc%ce%b1%cf%84%ce%b1-%ce%bc%ce%b5-glass-boiler","status":"publish","type":"product","link":"https:\/\/cosmosolar.com\/pt\/product\/%cf%83%ce%b2%ce%ba-%cf%83%cf%85%cf%83%cf%84%ce%b7%ce%bc%ce%b1%cf%84%ce%b1-%ce%bc%ce%b5-glass-boiler\/","title":{"rendered":"Sistemas completos de circula\u00e7\u00e3o for\u00e7ada"},"content":{"rendered":"<div class=\"wpb-content-wrapper\"><p>[vc_row][vc_column][vc_tta_accordion][vc_tta_section title=&#8221;Documentos&#8221; tab_id=&#8221;1761317686441-a27310a9-4b8f&#8221;][vc_column_text]<br \/>\n<h4 style='margin-top: 0px;'>Sistemas completos de circula\u00e7\u00e3o for\u00e7ada<\/h4><ul style='margin-left: 0px;'><\/ul><h4 style='margin-top: 15px;'>Ficha t\u00e9cnica<\/h4><ul style='margin-left: 20px;'><li><a href=\"https:\/\/cosmosolar.com\/wp-content\/uploads\/documents\/english\/COMPLETE_FORCED_CIRCULATION_SYSTEMS\/Datasheet\/Cosmosolar_forced_circulation_data_sheet.pdf\" target=\"_blank\" rel=\"noopener\">\ud83d\udcc4 Cosmosolar_forced_circulation_data_sheet.pdf<\/a><\/li><\/ul><br \/>\n[\/vc_column_text][\/vc_tta_section][vc_tta_section title=&#8221;Descri\u00e7\u00e3o&#8221; tab_id=&#8221;1761317686455-d10a3957-cc5d&#8221;][vc_column_text]<br \/>\n<strong>MODELOS DISPON\u00cdVEIS<\/strong><\/p>\n<p><em>Nota: os modelos podem ser alterados trocando o n\u00famero e\/ou o modelo dos colectores<\/em><\/p>\n<table class=\"rtable rtable--flip\" style=\"width: 899px;\">\n<tbody>\n<tr style=\"height: 48px;\">\n<th style=\"width: 122px; height: 48px;\"><strong>MODELO<\/strong><\/th>\n<th style=\"width: 107px; height: 48px;\"><strong>COLECTOR\u00a0<\/strong><\/th>\n<th style=\"width: 130px; height: 48px;\"><strong>No DE COLLECTORES<\/strong><\/th>\n<th style=\"width: 146px; height: 48px;\"><strong>KIT HIDR\u00c1ULICO<\/strong><\/th>\n<th style=\"width: 368px; height: 48px;\"><strong>STRUTURA<\/strong><\/th>\n<th style=\"width: 10px; height: 48px;\"><\/th>\n<\/tr>\n<tr style=\"height: 24px;\">\n<td style=\"width: 122px; height: 24px;\">SK-160\/2,53<\/td>\n<td style=\"width: 107px; height: 24px;\">EPI 54<\/td>\n<td style=\"width: 130px; height: 24px;\">1 x 2,53 m\u00b2<\/td>\n<td style=\"width: 146px; height: 24px;\">DN 20 &#8211; \u00be\u2019\u2019<\/td>\n<td style=\"width: 368px; height: 24px;\">1 de um colector<\/td>\n<td style=\"width: 10px; height: 24px;\"><\/td>\n<\/tr>\n<tr style=\"height: 24px;\">\n<td style=\"width: 122px; height: 24px;\">SK-200\/2,53<\/td>\n<td style=\"width: 107px; height: 24px;\">EPI 54<\/td>\n<td style=\"width: 130px; height: 24px;\">1 x 2,53 m\u00b2<\/td>\n<td style=\"width: 146px; height: 24px;\">DN 20 &#8211; \u00be\u2019\u2019<\/td>\n<td style=\"width: 368px; height: 24px;\">1 de um colector<\/td>\n<td style=\"width: 10px; height: 24px;\"><\/td>\n<\/tr>\n<tr style=\"height: 24px;\">\n<td style=\"width: 122px; height: 24px;\">SK-200\/4,00<\/td>\n<td style=\"width: 107px; height: 24px;\">EPI 25<\/td>\n<td style=\"width: 130px; height: 24px;\">2 x 2,00 m\u00b2<\/td>\n<td style=\"width: 146px; height: 24px;\">DN 20 &#8211; \u00be\u2019\u2019<\/td>\n<td style=\"width: 368px; height: 24px;\">1 de dois colectores<\/td>\n<td style=\"width: 10px; height: 24px;\"><\/td>\n<\/tr>\n<tr style=\"height: 24px;\">\n<td style=\"width: 122px; height: 24px;\">SK-300\/4,00<\/td>\n<td style=\"width: 107px; height: 24px;\">EPI 25<\/td>\n<td style=\"width: 130px; height: 24px;\">2 x 2,00 m\u00b2<\/td>\n<td style=\"width: 146px; height: 24px;\">DN 20 &#8211; \u00be\u2019\u2019<\/td>\n<td style=\"width: 368px; height: 24px;\">1 de dois colectores<\/td>\n<td style=\"width: 10px; height: 24px;\"><\/td>\n<\/tr>\n<tr style=\"height: 24px;\">\n<td style=\"width: 122px; height: 24px;\">SK-300\/5,06<\/td>\n<td style=\"width: 107px; height: 24px;\">EPI 54<\/td>\n<td style=\"width: 130px; height: 24px;\">2 x 2,53 m\u00b2<\/td>\n<td style=\"width: 146px; height: 24px;\">DN 20 &#8211; \u00be\u2019\u2019<\/td>\n<td style=\"width: 368px; height: 24px;\">1 de dois colectores<\/td>\n<td style=\"width: 10px; height: 24px;\"><\/td>\n<\/tr>\n<tr style=\"height: 24px;\">\n<td style=\"width: 122px; height: 24px;\">SK-500\/6,00<\/td>\n<td style=\"width: 107px; height: 24px;\">EPI 25<\/td>\n<td style=\"width: 130px; height: 24px;\">3 x 2,00 m\u00b2<\/td>\n<td style=\"width: 146px; height: 24px;\">DN 20 &#8211; \u00be\u2019\u2019<\/td>\n<td style=\"width: 368px; height: 24px;\">1 de dois colectores + 1 de um colector<\/td>\n<td style=\"width: 10px; height: 24px;\"><\/td>\n<\/tr>\n<tr style=\"height: 24px;\">\n<td style=\"width: 122px; height: 24px;\">SK-800\/8,00<\/td>\n<td style=\"width: 107px; height: 24px;\">EPI 25<\/td>\n<td style=\"width: 130px; height: 24px;\">4 x 2,05 m\u00b2<\/td>\n<td style=\"width: 146px; height: 24px;\">DN 20 &#8211; \u00be\u2019\u2019<\/td>\n<td style=\"width: 368px; height: 24px;\">2 de dois colectores<\/td>\n<td style=\"width: 10px; height: 24px;\"><\/td>\n<\/tr>\n<tr style=\"height: 24px;\">\n<td style=\"width: 122px; height: 24px;\">SK-1000\/12,00<\/td>\n<td style=\"width: 107px; height: 24px;\">EPI 25<\/td>\n<td style=\"width: 130px; height: 24px;\">6 x 2,05 m\u00b2<\/td>\n<td style=\"width: 146px; height: 24px;\">DN 20 &#8211; \u00be\u2019\u2019<\/td>\n<td style=\"width: 368px; height: 24px;\">3 de dois colectores<\/td>\n<td style=\"width: 10px; height: 24px;\"><\/td>\n<\/tr>\n<\/tbody>\n<\/table>\n<p><img loading=\"lazy\" decoding=\"async\" class=\"wp-image-1794 size-medium aligncenter\" src=\"https:\/\/cosmosolar.com\/wp-content\/uploads\/2020\/04\/hliakoi-syllektesepi-300x220.jpg\" alt=\"\" width=\"300\" height=\"220\" srcset=\"https:\/\/cosmosolar.com\/wp-content\/uploads\/2020\/04\/hliakoi-syllektesepi-300x220.jpg 300w, https:\/\/cosmosolar.com\/wp-content\/uploads\/2020\/04\/hliakoi-syllektesepi.jpg 539w\" sizes=\"auto, (max-width: 300px) 100vw, 300px\" \/><\/p>\n<p><img loading=\"lazy\" decoding=\"async\" class=\"wp-image-1755 aligncenter\" src=\"https:\/\/cosmosolar.com\/wp-content\/uploads\/2020\/04\/solar1-300x300.jpg\" alt=\"\" width=\"249\" height=\"249\" srcset=\"https:\/\/cosmosolar.com\/wp-content\/uploads\/2020\/04\/solar1-300x300.jpg 300w, https:\/\/cosmosolar.com\/wp-content\/uploads\/2020\/04\/solar1-100x100.jpg 100w, https:\/\/cosmosolar.com\/wp-content\/uploads\/2020\/04\/solar1-150x150.jpg 150w, https:\/\/cosmosolar.com\/wp-content\/uploads\/2020\/04\/solar1-250x250.jpg 250w, https:\/\/cosmosolar.com\/wp-content\/uploads\/2020\/04\/solar1.jpg 584w\" sizes=\"auto, (max-width: 249px) 100vw, 249px\" \/><\/p>\n<p><img loading=\"lazy\" decoding=\"async\" class=\"wp-image-2134 aligncenter\" src=\"https:\/\/cosmosolar.com\/wp-content\/uploads\/2020\/04\/D-1759-153x300.jpg\" alt=\"\" width=\"111\" height=\"218\" srcset=\"https:\/\/cosmosolar.com\/wp-content\/uploads\/2020\/04\/D-1759-153x300.jpg 153w, https:\/\/cosmosolar.com\/wp-content\/uploads\/2020\/04\/D-1759-300x588.jpg 300w, https:\/\/cosmosolar.com\/wp-content\/uploads\/2020\/04\/D-1759-600x1176.jpg 600w, https:\/\/cosmosolar.com\/wp-content\/uploads\/2020\/04\/D-1759-522x1024.jpg 522w, https:\/\/cosmosolar.com\/wp-content\/uploads\/2020\/04\/D-1759-768x1506.jpg 768w, https:\/\/cosmosolar.com\/wp-content\/uploads\/2020\/04\/D-1759-784x1536.jpg 784w, https:\/\/cosmosolar.com\/wp-content\/uploads\/2020\/04\/D-1759-1045x2048.jpg 1045w, https:\/\/cosmosolar.com\/wp-content\/uploads\/2020\/04\/D-1759.jpg 1160w\" sizes=\"auto, (max-width: 111px) 100vw, 111px\" \/><br \/>\n[\/vc_column_text][\/vc_tta_section][\/vc_tta_accordion][\/vc_column][\/vc_row]<\/p>\n<\/div>","protected":false},"excerpt":{"rendered":"<p><strong>Os sistemas Cosmosolar incl\u00faem<\/strong><\/p>\n<table class=\"woocommerce-product-attributes shop_attributes\" style=\"width: 766px;\">\n<tbody>\n<tr class=\"woocommerce-product-attributes-item woocommerce-product-attributes-item--attribute_%ce%b7%ce%bb%ce%b9%ce%b1%ce%ba%ce%bf%ce%af-%cf%83%cf%85%ce%bb%ce%bb%ce%ad%ce%ba%cf%84%ce%b5%cf%82\">\n<th class=\"woocommerce-product-attributes-item__label\" style=\"width: 171px;\">Colectores solares<\/th>\n<td class=\"woocommerce-product-attributes-item__value\" style=\"width: 579px;\">certificados com Solar keymark EN12975<\/td>\n<\/tr>\n<tr class=\"woocommerce-product-attributes-item woocommerce-product-attributes-item--attribute_%cf%81%ce%b1%ce%ba%cf%8c%cf%81-%ce%bc%ce%b7%cf%87%ce%b1%ce%bd%ce%b9%ce%ba%ce%ae%cf%82-%cf%83%cf%8d%cf%83%cf%86%ce%b9%ce%be%ce%b7%cf%82\">\n<th class=\"woocommerce-product-attributes-item__label\" style=\"width: 171px;\">Acess\u00f3rios<\/th>\n<td class=\"woocommerce-product-attributes-item__value\" style=\"width: 579px;\">\u00d822 pela conex\u00e3o em paralelo dos colectores<\/td>\n<\/tr>\n<tr class=\"woocommerce-product-attributes-item woocommerce-product-attributes-item--attribute_%ce%b2%ce%ac%cf%83%ce%b7\">\n<th class=\"woocommerce-product-attributes-item__label\" style=\"width: 171px;\">Strutura<\/th>\n<td class=\"woocommerce-product-attributes-item__value\" style=\"width: 579px;\">de terra\u00e7o ou telhado<\/td>\n<\/tr>\n<tr class=\"woocommerce-product-attributes-item woocommerce-product-attributes-item--attribute_%cf%83%cf%84%ce%b1%cf%85%cf%81%cf%8c%cf%82\">\n<th class=\"woocommerce-product-attributes-item__label\" style=\"width: 171px;\">Acess\u00f3rio cruz<\/th>\n<td class=\"woocommerce-product-attributes-item__value\" style=\"width: 579px;\">com sede para sonda<\/td>\n<\/tr>\n<tr class=\"woocommerce-product-attributes-item woocommerce-product-attributes-item--attribute_boiler-%ce%bb%ce%b5%ce%b2%ce%b7%cf%84%ce%bf%cf%83%cf%84%ce%b1%cf%83%ce%af%ce%bf%cf%85\">\n<th class=\"woocommerce-product-attributes-item__label\" style=\"width: 171px;\">Acumuladores<\/th>\n<td class=\"woocommerce-product-attributes-item__value\" style=\"width: 579px;\">vetrificados (160 \u2013 1000L)<\/td>\n<\/tr>\n<tr class=\"woocommerce-product-attributes-item woocommerce-product-attributes-item--attribute_%ce%b4%cf%8d%ce%bf-%cf%80%ce%b9%ce%b5%cf%83%cf%84%ce%b9%ce%ba%ce%ac-%ce%b4%ce%bf%cf%87%ce%b5%ce%af%ce%b1-%ce%b4%ce%b9%ce%b1%cf%83%cf%84%ce%bf%ce%bb%ce%ae%cf%82\">\n<th class=\"woocommerce-product-attributes-item__label\" style=\"width: 171px;\">Soquetes para sonda<\/th>\n<td class=\"woocommerce-product-attributes-item__value\" style=\"width: 579px;\">pelos acumuladores<\/td>\n<\/tr>\n<tr class=\"woocommerce-product-attributes-item woocommerce-product-attributes-item--attribute_%cf%85%ce%b4%cf%81%ce%b1%cf%85%ce%bb%ce%b9%ce%ba%cf%8c-solar-kit\">\n<th class=\"woocommerce-product-attributes-item__label\" style=\"width: 171px;\">Kit hidr\u00e1ulico<\/th>\n<td class=\"woocommerce-product-attributes-item__value\" style=\"width: 579px;\">com bomba inverter, controlador, grupo de seguran\u00e7a, man\u00f3metro e term\u00f3metros<\/td>\n<\/tr>\n<tr class=\"woocommerce-product-attributes-item woocommerce-product-attributes-item--attribute_%cf%80%ce%b5%cf%81%ce%b9%ce%bb%ce%b1%ce%bc%ce%b2%ce%ac%ce%bd%ce%b5%cf%84%ce%b1%ce%b9\">\n<th class=\"woocommerce-product-attributes-item__label\" style=\"width: 171px;\">N\u00e3o esta incuido<\/th>\n<td class=\"woocommerce-product-attributes-item__value\" style=\"width: 579px;\">o glicol<\/td>\n<\/tr>\n<\/tbody>\n<\/table>\n","protected":false},"featured_media":1590,"comment_status":"open","ping_status":"closed","template":"","meta":[],"product_brand":[],"product_cat":[64],"product_tag":[102,77],"class_list":{"0":"post-1586","1":"product","2":"type-product","3":"status-publish","4":"has-post-thumbnail","6":"product_cat-sistemas-por-circulacion-forzada-para-uso-domestico-e-industrial","7":"product_tag-glass-boiler","8":"product_tag-77","10":"first","11":"instock","12":"taxable","13":"shipping-taxable","14":"product-type-simple"},"_links":{"self":[{"href":"https:\/\/cosmosolar.com\/pt\/wp-json\/wp\/v2\/product\/1586","targetHints":{"allow":["GET"]}}],"collection":[{"href":"https:\/\/cosmosolar.com\/pt\/wp-json\/wp\/v2\/product"}],"about":[{"href":"https:\/\/cosmosolar.com\/pt\/wp-json\/wp\/v2\/types\/product"}],"replies":[{"embeddable":true,"href":"https:\/\/cosmosolar.com\/pt\/wp-json\/wp\/v2\/comments?post=1586"}],"wp:featuredmedia":[{"embeddable":true,"href":"https:\/\/cosmosolar.com\/pt\/wp-json\/wp\/v2\/media\/1590"}],"wp:attachment":[{"href":"https:\/\/cosmosolar.com\/pt\/wp-json\/wp\/v2\/media?parent=1586"}],"wp:term":[{"taxonomy":"product_brand","embeddable":true,"href":"https:\/\/cosmosolar.com\/pt\/wp-json\/wp\/v2\/product_brand?post=1586"},{"taxonomy":"product_cat","embeddable":true,"href":"https:\/\/cosmosolar.com\/pt\/wp-json\/wp\/v2\/product_cat?post=1586"},{"taxonomy":"product_tag","embeddable":true,"href":"https:\/\/cosmosolar.com\/pt\/wp-json\/wp\/v2\/product_tag?post=1586"}],"curies":[{"name":"wp","href":"https:\/\/api.w.org\/{rel}","templated":true}]}}