{"id":1584,"date":"2020-04-11T12:20:54","date_gmt":"2020-04-11T12:20:54","guid":{"rendered":"https:\/\/www.cosmosolar.com\/?post_type=product&#038;p=1584"},"modified":"2025-11-11T14:54:29","modified_gmt":"2025-11-11T12:54:29","slug":"boiler-%ce%b7%ce%bb%ce%b9%ce%b1%ce%ba%cf%89%ce%bd-%ce%b8%ce%b5%cf%81%ce%bc%ce%bf%cf%83%ce%b9%cf%86%cf%89%ce%bd%cf%89%ce%bd-%ce%ba%ce%bb%ce%b5%ce%b9%cf%83%cf%84%ce%bf%cf%85-%ce%ba%cf%85%ce%ba%ce%bb-2","status":"publish","type":"product","link":"https:\/\/cosmosolar.com\/pt\/product\/boiler-%ce%b7%ce%bb%ce%b9%ce%b1%ce%ba%cf%89%ce%bd-%ce%b8%ce%b5%cf%81%ce%bc%ce%bf%cf%83%ce%b9%cf%86%cf%89%ce%bd%cf%89%ce%bd-%ce%ba%ce%bb%ce%b5%ce%b9%cf%83%cf%84%ce%bf%cf%85-%ce%ba%cf%85%ce%ba%ce%bb-2\/","title":{"rendered":"ACUMULADORES PARA TERMOSSIF\u00d5ES DE A\u00c7O INOXID\u00c1VEL 316L"},"content":{"rendered":"<div class=\"wpb-content-wrapper\"><p>[vc_row][vc_column][vc_tta_accordion][vc_tta_section title=&#8221;Documentos&#8221; tab_id=&#8221;1761317686441-a27310a9-4b8f&#8221;][vc_column_text]<br \/>\n<h4 style='margin-top: 0px;'>ACUMULADORES PARA TERMOSSIF\u00d5ES DE A\u00c7O INOXID\u00c1VEL 316L<\/h4><ul style='margin-left: 0px;'><\/ul><h4 style='margin-top: 15px;'>Ficha t\u00e9cnica<\/h4><ul style='margin-left: 20px;'><li><a href=\"https:\/\/cosmosolar.com\/wp-content\/uploads\/documents\/english\/solar_water_heater_tanks\/solar_water_heater_STAINLESS_STEEL\/Datasheet\/solar_water_heater_INOX_tanks_technical_data_sheet.pdf\" target=\"_blank\" rel=\"noopener\">\ud83d\udcc4 solar_water_heater_INOX_tanks_technical_data_sheet.pdf<\/a><\/li><\/ul><br \/>\n[\/vc_column_text][\/vc_tta_section][vc_tta_section title=&#8221;Descri\u00e7\u00e3o&#8221; tab_id=&#8221;1761317686455-d10a3957-cc5d&#8221;][vc_column_text]<br \/>\n<span style=\"color: #0000ff;\"><strong>ESPECIFICA\u00c7\u00d5ES<\/strong><\/span><\/p>\n<table class=\"rtable rtable--flip\">\n<thead>\n<tr>\n<th><strong>VOLUME NOMINAL<\/strong><\/th>\n<th><strong>120<\/strong><\/th>\n<th><strong>150<\/strong><\/th>\n<th><strong>170<\/strong><\/th>\n<th><strong>200<\/strong><\/th>\n<th><strong>300<\/strong><\/th>\n<\/tr>\n<\/thead>\n<tbody>\n<tr>\n<td>Medidas (mm)<\/td>\n<td>500 x 1120<\/td>\n<td>500 x 1300<\/td>\n<td>580 x 1200<\/td>\n<td>580 x 1320<\/td>\n<td>580 x 1820<\/td>\n<\/tr>\n<tr>\n<td>Pesp vazio (kg)<\/td>\n<td>43<\/td>\n<td>51<\/td>\n<td>51<\/td>\n<td>56<\/td>\n<td>90<\/td>\n<\/tr>\n<tr>\n<td>Capacidade premutador (L)<\/td>\n<td>4,0<\/td>\n<td>4,5<\/td>\n<td>4,5<\/td>\n<td>5,0<\/td>\n<td>9,0<\/td>\n<\/tr>\n<tr>\n<td>Volume (L)<\/td>\n<td>110<\/td>\n<td>140<\/td>\n<td>160<\/td>\n<td>200<\/td>\n<td>290<\/td>\n<\/tr>\n<tr>\n<td>Classifica\u00e7\u00e3o eneerg\u00e9tica<\/td>\n<td>B<\/td>\n<td>B<\/td>\n<td>B<\/td>\n<td>B<\/td>\n<td>C<\/td>\n<\/tr>\n<\/tbody>\n<\/table>\n<p><span style=\"color: #0000ff;\"><strong>ACUMULADORES PARA TERMOSSIF\u00d5ES DE CIRCUITO FECHADO FEITOS COM A\u00c7O INOXID\u00c1VEL 316L HiMo<\/strong><\/span><\/p>\n<p><strong>A. MODELOS BLGL COM ENTRADA PREMUTADOR PELA FRENTE<\/strong><\/p>\n<table class=\"rtable rtable--flip\">\n<thead>\n<tr>\n<th><strong>MODELO<\/strong><\/th>\n<th><strong>MEDIDAS (mm x mm)<\/strong><\/th>\n<th><strong>COM RESISTEN\u00c7A<\/strong><\/th>\n<th><strong>COM RESISTEN\u00c7A E SERPENTINA<\/strong><\/th>\n<\/tr>\n<\/thead>\n<tbody>\n<tr>\n<td>BLIN 120<\/td>\n<td>500 x 1,120<\/td>\n<td>BLIN12DGGK4<\/td>\n<td>BLIN12TGGK4<\/td>\n<\/tr>\n<tr>\n<td>BLIN 150<\/td>\n<td>500 x 1,300<\/td>\n<td>BLIN15DGGK4<\/td>\n<td>BLIN15TGGK4<\/td>\n<\/tr>\n<tr>\n<td>BLIN 170<\/td>\n<td>580 x 1,200<\/td>\n<td>BLIN17DGGK4<\/td>\n<td>BLIN17TGGK4<\/td>\n<\/tr>\n<tr>\n<td>BLIN 200<\/td>\n<td>580 x 1,320<\/td>\n<td>BLIN20DGGK4<\/td>\n<td>BLIN20TGGK4<\/td>\n<\/tr>\n<\/tbody>\n<\/table>\n<p><strong>B. MODELOS BLINP COM DIFUSOR ENERGON E ENTRADA PREMUTADOR LATERAL<\/strong><\/p>\n<table class=\"rtable rtable--flip\">\n<thead>\n<tr>\n<th><strong>MODELO<\/strong><\/th>\n<th><strong>MEDIDAS (mm x mm)<\/strong><\/th>\n<th><strong>COM RESISTEN\u00c7A<\/strong><\/th>\n<th><strong>COM RESISTEN\u00c7A E SERPENTINA<\/strong><\/th>\n<\/tr>\n<\/thead>\n<tbody>\n<tr>\n<td>BLINP 120<\/td>\n<td>500 x 1,120<\/td>\n<td>BLINP12DGGK4<\/td>\n<td>BLINP12TGGK4<\/td>\n<\/tr>\n<tr>\n<td>BLINP 150<\/td>\n<td>500 x 1,300<\/td>\n<td>BLINP15DGGK4<\/td>\n<td>BLINP15TGGK4<\/td>\n<\/tr>\n<tr>\n<td>BLINP 170<\/td>\n<td>580 x 1,200<\/td>\n<td>BLINP17DGGK4<\/td>\n<td>BLINP17TGGK4<\/td>\n<\/tr>\n<tr>\n<td>BLINP 200<\/td>\n<td>580 x 1,320<\/td>\n<td>BLINP20DGGK4<\/td>\n<td>BLINP20TGGK4<\/td>\n<\/tr>\n<tr>\n<td>BLINP 300<\/td>\n<td>580 x 1,820<\/td>\n<td>BLINP30DGGK4<\/td>\n<td>BLINP30TGGK4<\/td>\n<\/tr>\n<\/tbody>\n<\/table>\n<p><strong>\u0393. MODELOS BLINC COM DIFUSOR ENERGON E ENTRADAS\/SA\u00cdDAS LATER\u00c1IS<\/strong><\/p>\n<table class=\"rtable rtable--flip\">\n<thead>\n<tr>\n<th><strong>MODELO<\/strong><\/th>\n<th><strong>MEDIDAS (mm x mm)<\/strong><\/th>\n<th><strong>COM RESISTEN\u00c7A<\/strong><\/th>\n<th><strong>COM RESISTEN\u00c7A E SERPENTINA<\/strong><\/th>\n<\/tr>\n<\/thead>\n<tbody>\n<tr>\n<td>BLINC 120<\/td>\n<td>500 x 1,120<\/td>\n<td>BLINC12DGGK4<\/td>\n<td>BLINC12TGGK4<\/td>\n<\/tr>\n<tr>\n<td>BLINC 150<\/td>\n<td>500 x 1,300<\/td>\n<td>BLINC15DGGK4<\/td>\n<td>BLINC15TGGK4<\/td>\n<\/tr>\n<tr>\n<td>BLINC 170<\/td>\n<td>580 x 1,200<\/td>\n<td>BLINC17DGGK4<\/td>\n<td>BLINC17TGGK4<\/td>\n<\/tr>\n<tr>\n<td>BLINC 200<\/td>\n<td>580 x 1,320<\/td>\n<td>BLINC20DGGK4<\/td>\n<td>BLINC20TGGK4<\/td>\n<\/tr>\n<tr>\n<td>BLINC 300<\/td>\n<td>580 x 1,820<\/td>\n<td>BLINC30DGGK4<\/td>\n<td>BLINC30TGGK4<\/td>\n<\/tr>\n<\/tbody>\n<\/table>\n<p>[\/vc_column_text][\/vc_tta_section][\/vc_tta_accordion][\/vc_column][\/vc_row]<\/p>\n<\/div>","protected":false},"excerpt":{"rendered":"<p><span style=\"color: #ff6600;\"><strong>DESCRI\u00c7\u00c3O T\u00c9CNICA DOS ACUMULADORES DE A\u00c7O INOXID\u00baAVEL PARA TERMOSSIF\u00d5ES TIPO AISI 316L<\/strong><\/span><\/p>\n<table class=\"woocommerce-product-attributes shop_attributes\" style=\"width: 699px;\">\n<tbody>\n<tr class=\"woocommerce-product-attributes-item woocommerce-product-attributes-item--attribute_%ce%b5%cf%83%cf%89%cf%84%ce%b5%cf%81%ce%b9%ce%ba%cf%8c-%ce%bc%ce%ad%cf%81%ce%bf%cf%82-%ce%b8%ce%b5%cf%81%ce%bc%ce%bf%ce%b4%ce%bf%cf%87%ce%b5%ce%af%ce%bf%cf%85\" style=\"height: 48px;\">\n<th class=\"woocommerce-product-attributes-item__label\" style=\"width: 258px; height: 48px;\"><span style=\"color: #008000;\">Material<\/span><\/th>\n<td class=\"woocommerce-product-attributes-item__value\" style=\"width: 425px; height: 48px;\">a\u00e7o inoxid\u00e1vel 316 HiMo com espessura de 3mm<\/td>\n<\/tr>\n<tr class=\"woocommerce-product-attributes-item woocommerce-product-attributes-item--attribute_%ce%bc%ce%b1%ce%bd%ce%b4%cf%8d%ce%b1%cf%82-%ce%ba%ce%bb%ce%b5%ce%b9%cf%83%cf%84%ce%bf%cf%8d-%ce%ba%cf%85%ce%ba%ce%bb%cf%8e%ce%bc%ce%b1%cf%84%ce%bf%cf%82\" style=\"height: 24px;\">\n<th class=\"woocommerce-product-attributes-item__label\" style=\"width: 258px; height: 24px;\"><span style=\"color: #008000;\">Material permutador<\/span><\/th>\n<td class=\"woocommerce-product-attributes-item__value\" style=\"width: 425px; height: 24px;\">a\u00e7o inxid\u00e1vel 316L HiMo com espessura de 1,5mm<\/td>\n<\/tr>\n<tr class=\"woocommerce-product-attributes-item woocommerce-product-attributes-item--attribute_%ce%b1%ce%bd%ce%b1%ce%bc%ce%bf%ce%bd%ce%ad%cf%82-%ce%ba%ce%bb%ce%b5%ce%b9%cf%83%cf%84%ce%bf%cf%8d-%ce%ba%cf%85%ce%ba%ce%bb%cf%8e%ce%bc%ce%b1%cf%84%ce%bf%cf%82\" style=\"height: 24px;\">\n<th class=\"woocommerce-product-attributes-item__label\" style=\"width: 258px; height: 24px;\"><span style=\"color: #008000;\">Liga\u00e7\u00f3es permutador<\/span><\/th>\n<td class=\"woocommerce-product-attributes-item__value\" style=\"width: 425px; height: 24px;\">a\u00e7o inxid\u00e1vel 316L\u00a0H \u00be&#8221;<\/td>\n<\/tr>\n<tr class=\"woocommerce-product-attributes-item woocommerce-product-attributes-item--attribute_%ce%b1%ce%bd%ce%b1%ce%bc%ce%bf%ce%bd%ce%ad%cf%82-%ce%ba%cf%81%cf%8d%ce%bf%cf%85-%ce%b6%ce%b5%cf%83%cf%84%ce%bf%cf%8d-%ce%bd%ce%b5%cf%81%ce%bf%cf%8d-%cf%87%cf%81%ce%ae%cf%83%ce%b7%cf%82\" style=\"height: 24px;\">\n<th class=\"woocommerce-product-attributes-item__label\" style=\"width: 258px; height: 24px;\"><span style=\"color: #008000;\">Liga\u00e7\u00f5es \u00e1gua sanitaria<\/span><\/th>\n<td class=\"woocommerce-product-attributes-item__value\" style=\"width: 425px; height: 24px;\">a\u00e7o inxid\u00e1vel 316L H \u00bd&#8221;<\/td>\n<\/tr>\n<tr class=\"woocommerce-product-attributes-item woocommerce-product-attributes-item--attribute_%ce%b1%ce%bd%ce%b1%ce%bc%ce%bf%ce%bd%ce%ad%cf%82-%ce%b3%ce%b9%ce%b1-%ce%b2%ce%b1%ce%bb%ce%b2%ce%af%ce%b4%ce%b1-%ce%b1%cf%83%cf%86%ce%b1%ce%bb%ce%b5%ce%af%ce%b1%cf%82\" style=\"height: 24px;\">\n<th class=\"woocommerce-product-attributes-item__label\" style=\"width: 258px; height: 24px;\"><span style=\"color: #008000;\">Liga\u00e7\u00f5es v\u00e1lvula de seguran\u00e7a<\/span><\/th>\n<td class=\"woocommerce-product-attributes-item__value\" style=\"width: 425px; height: 24px;\">do circuito fechado de a\u00e7o inxid\u00e1vel 316L H\u00bd&#8221;<\/td>\n<\/tr>\n<tr class=\"woocommerce-product-attributes-item woocommerce-product-attributes-item--attribute_%ce%bc%cf%8c%ce%bd%cf%89%cf%83%ce%b7-%ce%b8%ce%b5%cf%81%ce%bc%ce%bf%ce%b4%ce%bf%cf%87%ce%b5%ce%af%ce%bf%cf%85\" style=\"height: 24px;\">\n<th class=\"woocommerce-product-attributes-item__label\" style=\"width: 258px; height: 24px;\"><span style=\"color: #008000;\">Isolamento t\u00e9rmico<\/span><\/th>\n<td class=\"woocommerce-product-attributes-item__value\" style=\"width: 425px; height: 24px;\">com espessura de 50mm, P.U. isento de CFC com densidade (52 kgr\/m\u00b2)<\/td>\n<\/tr>\n<tr class=\"woocommerce-product-attributes-item woocommerce-product-attributes-item--attribute_%ce%b8%ce%b5%cf%81%ce%bc%ce%bf%ce%b1%ce%b3%cf%89%ce%b3%ce%b9%ce%bc%cf%8c%cf%84%ce%b7%cf%84%ce%b1\" style=\"height: 24px;\">\n<th class=\"woocommerce-product-attributes-item__label\" style=\"width: 258px; height: 24px;\"><span style=\"color: #008000;\">Condutividade do isolamento<\/span><\/th>\n<td class=\"woocommerce-product-attributes-item__value\" style=\"width: 425px; height: 24px;\">\u03bb = 0,0180 W\/mK<\/td>\n<\/tr>\n<tr class=\"woocommerce-product-attributes-item woocommerce-product-attributes-item--attribute_%ce%b5%ce%be%cf%89%cf%84%ce%b5%cf%81%ce%b9%ce%ba%cf%8c-%cf%80%ce%b5%cf%81%ce%af%ce%b2%ce%bb%ce%b7%ce%bc%ce%b1-%ce%b8%ce%b5%cf%81%ce%bc%ce%bf%ce%b4%ce%bf%cf%87%ce%b5%ce%af%ce%bf%cf%85\" style=\"height: 24px;\">\n<th class=\"woocommerce-product-attributes-item__label\" style=\"width: 258px; height: 24px;\"><span style=\"color: #008000;\">Revestimento acumulador<\/span><\/th>\n<td class=\"woocommerce-product-attributes-item__value\" style=\"width: 425px; height: 24px;\">em aluminio, pintura em forno tipo Seaside Class<\/td>\n<\/tr>\n<tr class=\"woocommerce-product-attributes-item woocommerce-product-attributes-item--attribute_%ce%ba%ce%b1%ce%b8%ce%bf%ce%b4%ce%b9%ce%ba%ce%ae-%cf%80%cf%81%ce%bf%cf%83%cf%84%ce%b1%cf%83%ce%af%ce%b1\" style=\"height: 24px;\">\n<th class=\"woocommerce-product-attributes-item__label\" style=\"width: 258px; height: 24px;\"><span style=\"color: #008000;\">Prote\u00e7\u00e3o a corros\u00e3o<\/span><\/th>\n<td class=\"woocommerce-product-attributes-item__value\" style=\"width: 425px; height: 24px;\">com \u00e2nodo de magn\u00e9sio \u00d822mm \/ L=500mm para os acumuladores at\u00e9 os 200L e \u220522mm \/ L = 500mm para os dem\u00e1is modelos.<\/td>\n<\/tr>\n<tr class=\"woocommerce-product-attributes-item woocommerce-product-attributes-item--attribute_%cf%86%ce%bb%ce%ac%ce%bd%cf%84%ce%b6%ce%b1-%ce%ba%ce%b1%ce%b8%ce%b1%cf%81%ce%b9%cf%83%ce%bc%ce%bf%cf%8d-%ce%b1%ce%bd%cf%84%ce%af%cf%83%cf%84%ce%b1%cf%83%ce%b7%cf%82-%ce%b8%ce%b5%cf%81%ce%bc%ce%bf\" style=\"height: 48px;\">\n<th class=\"woocommerce-product-attributes-item__label\" style=\"width: 258px; height: 48px;\"><span style=\"color: #008000;\">Inspe\u00e7\u00e3o<\/span><\/th>\n<td class=\"woocommerce-product-attributes-item__value\" style=\"width: 425px; height: 48px;\">falange de a\u00e7o inxid\u00e1vel 316L, \u00d8 140mm<\/td>\n<\/tr>\n<tr class=\"woocommerce-product-attributes-item woocommerce-product-attributes-item--attribute_%ce%b7%ce%bb%ce%b5%ce%ba%cf%84%cf%81%ce%b9%ce%ba%ce%ae-%ce%b1%ce%bd%cf%84%ce%af%cf%83%cf%84%ce%b1%cf%83%ce%b7\" style=\"height: 24px;\">\n<th class=\"woocommerce-product-attributes-item__label\" style=\"width: 258px; height: 24px;\"><span style=\"color: #008000;\">Resisten\u00e7a el\u00e9trica<\/span><\/th>\n<td class=\"woocommerce-product-attributes-item__value\" style=\"width: 425px; height: 24px;\">de 1,5\u00a0 at\u00e9 4 kW com termostato de seguran\u00e7a<\/td>\n<\/tr>\n<tr class=\"woocommerce-product-attributes-item woocommerce-product-attributes-item--attribute_%ce%b5%ce%bd%ce%b1%ce%bb%ce%bb%ce%ac%ce%ba%cf%84%ce%b7%cf%82\" style=\"height: 24px;\">\n<th class=\"woocommerce-product-attributes-item__label\" style=\"width: 258px; height: 24px;\"><span style=\"color: #008000;\">Permutador PLUS<\/span><\/th>\n<td class=\"woocommerce-product-attributes-item__value\" style=\"width: 425px; height: 24px;\">para conex\u00e3o com o aquecimento ou bomba de calor<\/td>\n<\/tr>\n<\/tbody>\n<\/table>\n","protected":false},"featured_media":2058,"comment_status":"open","ping_status":"closed","template":"","meta":[],"product_brand":[],"product_cat":[57],"product_tag":[100,99,91],"class_list":{"0":"post-1584","1":"product","2":"type-product","3":"status-publish","4":"has-post-thumbnail","6":"product_cat-solar-water-heater-boiler","7":"product_tag-boiler","8":"product_tag-boiler--","9":"product_tag-inox","11":"first","12":"instock","13":"taxable","14":"shipping-taxable","15":"product-type-simple"},"_links":{"self":[{"href":"https:\/\/cosmosolar.com\/pt\/wp-json\/wp\/v2\/product\/1584","targetHints":{"allow":["GET"]}}],"collection":[{"href":"https:\/\/cosmosolar.com\/pt\/wp-json\/wp\/v2\/product"}],"about":[{"href":"https:\/\/cosmosolar.com\/pt\/wp-json\/wp\/v2\/types\/product"}],"replies":[{"embeddable":true,"href":"https:\/\/cosmosolar.com\/pt\/wp-json\/wp\/v2\/comments?post=1584"}],"wp:featuredmedia":[{"embeddable":true,"href":"https:\/\/cosmosolar.com\/pt\/wp-json\/wp\/v2\/media\/2058"}],"wp:attachment":[{"href":"https:\/\/cosmosolar.com\/pt\/wp-json\/wp\/v2\/media?parent=1584"}],"wp:term":[{"taxonomy":"product_brand","embeddable":true,"href":"https:\/\/cosmosolar.com\/pt\/wp-json\/wp\/v2\/product_brand?post=1584"},{"taxonomy":"product_cat","embeddable":true,"href":"https:\/\/cosmosolar.com\/pt\/wp-json\/wp\/v2\/product_cat?post=1584"},{"taxonomy":"product_tag","embeddable":true,"href":"https:\/\/cosmosolar.com\/pt\/wp-json\/wp\/v2\/product_tag?post=1584"}],"curies":[{"name":"wp","href":"https:\/\/api.w.org\/{rel}","templated":true}]}}