{"id":1563,"date":"2020-04-11T08:05:27","date_gmt":"2020-04-11T08:05:27","guid":{"rendered":"https:\/\/www.cosmosolar.com\/?post_type=product&#038;p=1563"},"modified":"2025-11-11T13:38:06","modified_gmt":"2025-11-11T11:38:06","slug":"%ce%b7%ce%bb%ce%b9%ce%b1%ce%ba%ce%bf%ce%af-%ce%b8%ce%b5%cf%81%ce%bc%ce%bf%cf%83%ce%af%cf%86%cf%89%ce%bd%ce%b5%cf%82-inox-glb-120-300","status":"publish","type":"product","link":"https:\/\/cosmosolar.com\/pt\/product\/%ce%b7%ce%bb%ce%b9%ce%b1%ce%ba%ce%bf%ce%af-%ce%b8%ce%b5%cf%81%ce%bc%ce%bf%cf%83%ce%af%cf%86%cf%89%ce%bd%ce%b5%cf%82-inox-glb-120-300\/","title":{"rendered":"SISTEMAS TERMOSSIF\u00c3O PERFIL BAIXO | INB 120 \u2013 300 com acumuladores em a\u00e7o vitrificado"},"content":{"rendered":"<div class=\"wpb-content-wrapper\"><p>[vc_row][vc_column][vc_tta_accordion][vc_tta_section title=&#8221;Documentos&#8221; tab_id=&#8221;1761317686441-a27310a9-4b8f&#8221;][vc_column_text]<br \/>\n<h4 style='margin-top: 0px;'>LOW PROFILE INB<\/h4><ul style='margin-left: 0px;'><\/ul><h4 style='margin-top: 15px;'>Ficha t\u00e9cnica<\/h4><ul style='margin-left: 20px;'><li><a href=\"https:\/\/cosmosolar.com\/wp-content\/uploads\/documents\/english\/SOLAR_WATER_HEATERS\/LOW_PROFILE_INB\/Datasheet\/solar_water_heater_COSMOSOLAR_LOW_PROFILE-INOX_technical_data_sheet.pdf\" target=\"_blank\" rel=\"noopener\">\ud83d\udcc4 solar_water_heater_COSMOSOLAR_LOW_PROFILE-INOX_technical_data_sheet.pdf<\/a><\/li><\/ul><h4 style='margin-top: 15px;'>Manuais<\/h4><ul style='margin-left: 20px;'><li><a href=\"https:\/\/cosmosolar.com\/wp-content\/uploads\/documents\/english\/SOLAR_WATER_HEATERS\/LOW_PROFILE_INB\/Manual\/LOW_PROFILE_3-LANG.pdf\" target=\"_blank\" rel=\"noopener\">\ud83d\udcc4 LOW_PROFILE_3-LANG.pdf<\/a><\/li><\/ul><br \/>\n[\/vc_column_text][\/vc_tta_section][vc_tta_section title=&#8221;Descri\u00e7\u00e3o&#8221; tab_id=&#8221;1761317686455-d10a3957-cc5d&#8221;][vc_column_text]<\/p>\n<table>\n<tbody>\n<tr>\n<th style=\"text-align: center;\"><strong>MODELO<\/strong><\/th>\n<th style=\"text-align: center;\"><strong>COLETOR<\/strong><\/th>\n<th style=\"text-align: center;\"><strong>No DE COLETORES<\/strong><\/th>\n<th style=\"text-align: center;\"><strong>\u00c1REA BRUTA TOTAL (m\u00b2)<\/strong><\/th>\n<\/tr>\n<tr>\n<td style=\"text-align: center;\"><strong>EINB 120\/2,00 HOR<\/strong><\/td>\n<td style=\"text-align: center;\">EPI 25 NV<\/td>\n<td style=\"text-align: center;\">1 x 2,00 m\u00b2<\/td>\n<td style=\"text-align: center;\">2,00<\/td>\n<\/tr>\n<tr>\n<td style=\"text-align: center;\"><strong>EINB 150\/2,24 HOR<\/strong><\/td>\n<td style=\"text-align: center;\">EPI 16 NV<\/td>\n<td style=\"text-align: center;\">1 x 2,24 m\u00b2<\/td>\n<td style=\"text-align: center;\">2,24<\/td>\n<\/tr>\n<tr>\n<td style=\"text-align: center;\"><strong>EINB 170\/2,53 VER<\/strong><\/td>\n<td style=\"text-align: center;\">EPI 54 NV<\/td>\n<td style=\"text-align: center;\">1 x 2,53 m\u00b2<\/td>\n<td style=\"text-align: center;\">2,53<\/td>\n<\/tr>\n<tr>\n<td style=\"text-align: center;\"><strong>EINB 200\/2,53 VER<\/strong><\/td>\n<td style=\"text-align: center;\">EPI 54 NV<\/td>\n<td style=\"text-align: center;\">1 x 2,53 m\u00b2<\/td>\n<td style=\"text-align: center;\">2,53<\/td>\n<\/tr>\n<tr>\n<td style=\"text-align: center;\"><strong>EINB 300\/4,00 VER<\/strong><\/td>\n<td style=\"text-align: center;\">EPI 25 NV<\/td>\n<td style=\"text-align: center;\">2 x 2,00 m\u00b2<\/td>\n<td style=\"text-align: center;\">4,00<\/td>\n<\/tr>\n<tr>\n<td style=\"text-align: center;\"><strong>EINB 300\/4,00 HOR<\/strong><\/td>\n<td style=\"text-align: center;\">EPI 25 NV<\/td>\n<td style=\"text-align: center;\">2 x 2,00 m\u00b2<\/td>\n<td style=\"text-align: center;\">4,00<\/td>\n<\/tr>\n<\/tbody>\n<\/table>\n<p><img loading=\"lazy\" decoding=\"async\" width=\"1024\" height=\"352\" class=\"aligncenter wp-image-2073 size-large\" style=\"color: #787878; font-family: 'Open Sans', sans-serif; font-size: 14px;\" src=\"https:\/\/cosmosolar.com\/wp-content\/uploads\/2020\/04\/LOW-PROFILE-DIMENSIONS-1024x352.jpg\" alt=\"\" srcset=\"https:\/\/cosmosolar.com\/wp-content\/uploads\/2020\/04\/LOW-PROFILE-DIMENSIONS-1024x352.jpg 1024w, https:\/\/cosmosolar.com\/wp-content\/uploads\/2020\/04\/LOW-PROFILE-DIMENSIONS-300x103.jpg 300w, https:\/\/cosmosolar.com\/wp-content\/uploads\/2020\/04\/LOW-PROFILE-DIMENSIONS-600x206.jpg 600w, https:\/\/cosmosolar.com\/wp-content\/uploads\/2020\/04\/LOW-PROFILE-DIMENSIONS-768x264.jpg 768w, https:\/\/cosmosolar.com\/wp-content\/uploads\/2020\/04\/LOW-PROFILE-DIMENSIONS.jpg 1238w\" sizes=\"auto, (max-width: 1024px) 100vw, 1024px\" \/><\/p>\n<table class=\"rtable rtable--flip\">\n<tbody>\n<tr>\n<th style=\"text-align: center;\"><strong>MODELO<\/strong><\/th>\n<th style=\"text-align: center;\"><strong>COLETOR<\/strong><\/th>\n<th style=\"text-align: center;\"><strong>No DE COLETORES<\/strong><\/th>\n<th style=\"text-align: center;\"><strong>\u00c1REA BRUTA TOTAL (m\u00b2)<\/strong><\/th>\n<th style=\"text-align: center;\" colspan=\"2\"><strong>DIMENS\u00d5ES DO ACUMULADOR (mm)<\/strong><\/th>\n<th style=\"text-align: center;\" colspan=\"3\"><strong>DIMENS\u00d5ES DO COLETOR (mm)<\/strong><\/th>\n<th style=\"text-align: center;\"><strong>(mm)<\/strong><\/th>\n<th style=\"text-align: center;\"><strong>(mm)<\/strong><\/th>\n<th style=\"text-align: center;\"><strong>(mm)<\/strong><\/th>\n<\/tr>\n<tr>\n<td style=\"text-align: center;\"><\/td>\n<td style=\"text-align: center;\"><\/td>\n<td style=\"text-align: center;\"><\/td>\n<td style=\"text-align: center;\"><\/td>\n<td style=\"text-align: center;\"><strong>\u0391<\/strong><\/td>\n<td style=\"text-align: center;\"><strong>\u0392<\/strong><\/td>\n<td style=\"text-align: center;\"><strong>C<\/strong><\/td>\n<td style=\"text-align: center;\"><strong>D<\/strong><\/td>\n<td style=\"text-align: center;\"><strong>E<\/strong><\/td>\n<td style=\"text-align: center;\"><strong>F<\/strong><\/td>\n<td style=\"text-align: center;\"><strong>G<\/strong><\/td>\n<td style=\"text-align: center;\"><strong>H<\/strong><\/td>\n<\/tr>\n<tr>\n<td style=\"text-align: center;\"><strong>EINB 120\/2,00 HOR<\/strong><\/td>\n<td style=\"text-align: center;\">EPI 25 NV<\/td>\n<td style=\"text-align: center;\">1<\/td>\n<td style=\"text-align: center;\">2,00<\/td>\n<td style=\"text-align: center;\">500<\/td>\n<td style=\"text-align: center;\">1120<\/td>\n<td style=\"text-align: center;\">1000<\/td>\n<td style=\"text-align: center;\">2000<\/td>\n<td style=\"text-align: center;\">85<\/td>\n<td style=\"text-align: center;\">860<\/td>\n<td style=\"text-align: center;\">1299<\/td>\n<td style=\"text-align: center;\">920<\/td>\n<\/tr>\n<tr>\n<td style=\"text-align: center;\"><strong>EINB 150\/2,24 HOR<\/strong><\/td>\n<td style=\"text-align: center;\">EPI 16 NV<\/td>\n<td style=\"text-align: center;\">1<\/td>\n<td style=\"text-align: center;\">2,24<\/td>\n<td style=\"text-align: center;\">500<\/td>\n<td style=\"text-align: center;\">1300<\/td>\n<td style=\"text-align: center;\">1196<\/td>\n<td style=\"text-align: center;\">1900<\/td>\n<td style=\"text-align: center;\">85<\/td>\n<td style=\"text-align: center;\">860<\/td>\n<td style=\"text-align: center;\">1435<\/td>\n<td style=\"text-align: center;\">1100<\/td>\n<\/tr>\n<tr>\n<td style=\"text-align: center;\"><strong>EINB 170\/2,53 VER<\/strong><\/td>\n<td style=\"text-align: center;\">EPI 54 NV<\/td>\n<td style=\"text-align: center;\">1<\/td>\n<td style=\"text-align: center;\">2,53<\/td>\n<td style=\"text-align: center;\">580<\/td>\n<td style=\"text-align: center;\">1200<\/td>\n<td style=\"text-align: center;\">2000<\/td>\n<td style=\"text-align: center;\">1258<\/td>\n<td style=\"text-align: center;\">85<\/td>\n<td style=\"text-align: center;\">860<\/td>\n<td style=\"text-align: center;\">1570<\/td>\n<td style=\"text-align: center;\">2050<\/td>\n<\/tr>\n<tr>\n<td style=\"text-align: center;\"><strong>EINB 200\/2,53 VER<\/strong><\/td>\n<td style=\"text-align: center;\">EPI 54 NV<\/td>\n<td style=\"text-align: center;\">1<\/td>\n<td style=\"text-align: center;\">2,53<\/td>\n<td style=\"text-align: center;\">580<\/td>\n<td style=\"text-align: center;\">1320<\/td>\n<td style=\"text-align: center;\">2000<\/td>\n<td style=\"text-align: center;\">1258<\/td>\n<td style=\"text-align: center;\">85<\/td>\n<td style=\"text-align: center;\">860<\/td>\n<td style=\"text-align: center;\">1650<\/td>\n<td style=\"text-align: center;\">2050<\/td>\n<\/tr>\n<tr>\n<td style=\"text-align: center;\"><strong>EINB 300\/4,00 VER<\/strong><\/td>\n<td style=\"text-align: center;\">EPI 25 NV<\/td>\n<td style=\"text-align: center;\">2<\/td>\n<td style=\"text-align: center;\">4,00<\/td>\n<td style=\"text-align: center;\">580<\/td>\n<td style=\"text-align: center;\">1820<\/td>\n<td style=\"text-align: center;\">2000<\/td>\n<td style=\"text-align: center;\">2100<\/td>\n<td style=\"text-align: center;\">85<\/td>\n<td style=\"text-align: center;\">1040<\/td>\n<td style=\"text-align: center;\">1650<\/td>\n<td style=\"text-align: center;\">2050<\/td>\n<\/tr>\n<tr>\n<td style=\"text-align: center;\"><strong>EINB 300\/4,00 HOR<\/strong><\/td>\n<td style=\"text-align: center;\">EPI 25 NV<\/td>\n<td style=\"text-align: center;\">2<\/td>\n<td style=\"text-align: center;\">4,00<\/td>\n<td style=\"text-align: center;\">580<\/td>\n<td style=\"text-align: center;\">1820<\/td>\n<td style=\"text-align: center;\">1000<\/td>\n<td style=\"text-align: center;\">4444<\/td>\n<td style=\"text-align: center;\">85<\/td>\n<td style=\"text-align: center;\">1040<\/td>\n<td style=\"text-align: center;\">1299<\/td>\n<td style=\"text-align: center;\">1000<\/td>\n<\/tr>\n<\/tbody>\n<\/table>\n<p>[\/vc_column_text][\/vc_tta_section][\/vc_tta_accordion][\/vc_column][\/vc_row]<\/p>\n<\/div>","protected":false},"excerpt":{"rendered":"<p>DESCRI\u00c7\u00c3O T\u00c9CNICA<\/p>\n<table class=\"woocommerce-product-attributes shop_attributes\" style=\"width: 734px;\">\n<tbody>\n<tr class=\"woocommerce-product-attributes-item woocommerce-product-attributes-item--attribute_%ce%b5%ce%be%cf%89%cf%84%ce%b5%cf%81%ce%b9%ce%ba%cf%8c-%cf%80%ce%b5%cf%81%ce%af%ce%b2%ce%bb%ce%b7%ce%bc%ce%b1-%ce%b8%ce%b5%cf%81%ce%bc%ce%bf%ce%b4%ce%bf%cf%87%ce%b5%ce%af%ce%bf%cf%85\">\n<th class=\"woocommerce-product-attributes-item__label\" style=\"width: 215px;\">Protec\u00e7\u00e3o exterior do acumulador<\/th>\n<td class=\"woocommerce-product-attributes-item__value\" style=\"width: 503px;\">em aluminio, pintura em forno tipo Seaside Glass<\/td>\n<\/tr>\n<tr class=\"woocommerce-product-attributes-item woocommerce-product-attributes-item--attribute_%cf%87%cf%81%cf%8e%ce%bc%ce%b1\">\n<th class=\"woocommerce-product-attributes-item__label\" style=\"width: 215px;\">Cor<\/th>\n<td class=\"woocommerce-product-attributes-item__value\" style=\"width: 503px;\">RAL9006<\/td>\n<\/tr>\n<tr class=\"woocommerce-product-attributes-item woocommerce-product-attributes-item--attribute_%ce%b5%cf%83%cf%89%cf%84%ce%b5%cf%81%ce%b9%ce%ba%cf%8c-%ce%bc%ce%ad%cf%81%ce%bf%cf%82-%ce%b8%ce%b5%cf%81%ce%bc%ce%bf%ce%b4%ce%bf%cf%87%ce%b5%ce%af%ce%bf%cf%85\">\n<th class=\"woocommerce-product-attributes-item__label\" style=\"width: 215px;\">Cuba<\/th>\n<td class=\"woocommerce-product-attributes-item__value\" style=\"width: 503px;\">de a\u00e7o inoxid\u00e1vel 316L HiMo e espessura 2.0mm<\/td>\n<\/tr>\n<tr class=\"woocommerce-product-attributes-item woocommerce-product-attributes-item--attribute_%ce%bc%ce%b1%ce%bd%ce%b4%cf%8d%ce%b1%cf%82-%ce%ba%ce%bb%ce%b5%ce%b9%cf%83%cf%84%ce%bf%cf%8d-%ce%ba%cf%85%ce%ba%ce%bb%cf%8e%ce%bc%ce%b1%cf%84%ce%bf%cf%82\">\n<th class=\"woocommerce-product-attributes-item__label\" style=\"width: 215px;\">Permutador de camisa<\/th>\n<td class=\"woocommerce-product-attributes-item__value\" style=\"width: 503px;\">de a\u00e7o, de baixo carbono e espessura de 1.2mm<\/td>\n<\/tr>\n<tr class=\"woocommerce-product-attributes-item woocommerce-product-attributes-item--attribute_%ce%bc%cf%8c%ce%bd%cf%89%cf%83%ce%b7-%ce%b8%ce%b5%cf%81%ce%bc%ce%bf%ce%b4%ce%bf%cf%87%ce%b5%ce%af%ce%bf%cf%85\">\n<th class=\"woocommerce-product-attributes-item__label\" style=\"width: 215px;\">Isolamento t\u00e9rmico<\/th>\n<td class=\"woocommerce-product-attributes-item__value\" style=\"width: 503px;\">com 50mm de espessur. P.U. isento de CFC [52kgr\/m\u00b3]<\/td>\n<\/tr>\n<tr class=\"woocommerce-product-attributes-item woocommerce-product-attributes-item--attribute_%ce%ba%ce%b1%ce%b8%ce%bf%ce%b4%ce%b9%ce%ba%ce%ae-%cf%80%cf%81%ce%bf%cf%83%cf%84%ce%b1%cf%83%ce%af%ce%b1-%ce%b1%cf%80%cf%8c-%cf%84%ce%bf-%cf%86%ce%b1%ce%b9%ce%bd%cf%8c%ce%bc%ce%b5%ce%bd%ce%bf-%cf%84\">\n<th class=\"woocommerce-product-attributes-item__label\" style=\"width: 215px;\">Protec\u00e7\u00e3o a corros\u00e3o<\/th>\n<td class=\"woocommerce-product-attributes-item__value\" style=\"width: 503px;\">com \u00e2nodo de magnesio \u220522mm \u03ba\u03b1\u03b9 L = 500mm<\/td>\n<\/tr>\n<tr class=\"woocommerce-product-attributes-item woocommerce-product-attributes-item--attribute_%ce%b7%ce%bb%ce%b5%ce%ba%cf%84%cf%81%ce%b9%ce%ba%ce%ae-%ce%b1%ce%bd%cf%84%ce%af%cf%83%cf%84%ce%b1%cf%83%ce%b7\">\n<th class=\"woocommerce-product-attributes-item__label\" style=\"width: 215px;\">Resist\u00eancia el\u00e9ctrica<\/th>\n<td class=\"woocommerce-product-attributes-item__value\" style=\"width: 503px;\">de 1,5 a 4 kW com termostato de seguran\u00e7a<\/td>\n<\/tr>\n<tr class=\"woocommerce-product-attributes-item woocommerce-product-attributes-item--attribute_%ce%b5%ce%bd%ce%b1%ce%bb%ce%bb%ce%ac%ce%ba%cf%84%ce%b7%cf%82\">\n<th class=\"woocommerce-product-attributes-item__label\" style=\"width: 215px;\">Permutador PLUS<\/th>\n<td class=\"woocommerce-product-attributes-item__value\" style=\"width: 503px;\">para conex\u00e3o com queimador ou bomba de calor (encomenda especial)<\/td>\n<\/tr>\n<tr class=\"woocommerce-product-attributes-item woocommerce-product-attributes-item--attribute_%ce%b5%ce%b9%ce%b4%ce%b9%ce%ba%cf%8c%cf%82-%ce%b4%ce%b9%ce%b1%cf%83%ce%ba%ce%bf%cf%81%cf%80%ce%b9%cf%83%cf%84%ce%ae%cf%82-energon\">\n<th class=\"woocommerce-product-attributes-item__label\" style=\"width: 215px;\">Difusor especial ENERGON<\/th>\n<td class=\"woocommerce-product-attributes-item__value\" style=\"width: 503px;\">o que melhora o desempenho em 30%<\/td>\n<\/tr>\n<tr class=\"woocommerce-product-attributes-item woocommerce-product-attributes-item--attribute_%cf%80%ce%bb%ce%b1%ce%af%cf%83%ce%b9%ce%bf-%cf%83%cf%85%ce%bb%ce%bb%ce%ad%ce%ba%cf%84%ce%b7\">\n<th class=\"woocommerce-product-attributes-item__label\" style=\"width: 215px;\">Perfil do coletor<\/th>\n<td class=\"woocommerce-product-attributes-item__value\" style=\"width: 503px;\">em aluminio (Al Mg Si 0.5) pintado electrostaticamente em forno, tipo Seaside Class<\/td>\n<\/tr>\n<tr class=\"woocommerce-product-attributes-item woocommerce-product-attributes-item--attribute_%ce%b5%cf%80%ce%b9%ce%bb%ce%b5%ce%ba%cf%84%ce%b9%ce%ba%cf%8c%cf%82-%ce%b1%cf%80%ce%bf%cf%81%cf%81%ce%bf%cf%86%ce%b7%cf%84%ce%ae%cf%82-%cf%84%ce%b9%cf%84%ce%b1%ce%bd%ce%af%ce%bf%cf%85\">\n<th class=\"woocommerce-product-attributes-item__label\" style=\"width: 215px;\">Absor\u00e7or seletivo<\/th>\n<td class=\"woocommerce-product-attributes-item__value\" style=\"width: 503px;\">de tit\u00e2nio, soldado a grelha de tubos de cobre a laser<\/td>\n<\/tr>\n<tr class=\"woocommerce-product-attributes-item woocommerce-product-attributes-item--attribute_%cf%83%cf%85%ce%bd%cf%84%ce%b5%ce%bb%ce%b5%cf%83%cf%84%ce%ae%cf%82-%ce%b1%cf%80%ce%bf%cf%81%cf%81%cf%8c%cf%86%ce%b7%cf%83%ce%b7%cf%82\">\n<th class=\"woocommerce-product-attributes-item__label\" style=\"width: 215px;\">Coeficiente de absor\u00e7\u00e3o<\/th>\n<td class=\"woocommerce-product-attributes-item__value\" style=\"width: 503px;\">\u03b1 \u2265 0.95 \u00b1 0.02<\/td>\n<\/tr>\n<tr class=\"woocommerce-product-attributes-item woocommerce-product-attributes-item--attribute_%cf%83%cf%85%ce%bd%cf%84%ce%b5%ce%bb%ce%b5%cf%83%cf%84%ce%ae%cf%82-%ce%b5%ce%ba%cf%80%ce%bf%ce%bc%cf%80%ce%ae%cf%82\">\n<th class=\"woocommerce-product-attributes-item__label\" style=\"width: 215px;\">Coeficiente de emiss\u00e3o<\/th>\n<td class=\"woocommerce-product-attributes-item__value\" style=\"width: 503px;\">\u03b5 \u2264 0.05 \u00b1 0.02<\/td>\n<\/tr>\n<tr class=\"woocommerce-product-attributes-item woocommerce-product-attributes-item--attribute_%ce%ac%ce%b8%cf%81%ce%b1%cf%85%cf%83%cf%84%ce%bf-%ce%ba%cf%81%cf%8d%cf%83%cf%84%ce%b1%ce%bb%ce%bb%ce%bf-%ce%b1%cf%83%cf%86%ce%b1%ce%bb%ce%b5%ce%af%ce%b1%cf%82\">\n<th class=\"woocommerce-product-attributes-item__label\" style=\"width: 215px;\">Vidro<\/th>\n<td class=\"woocommerce-product-attributes-item__value\" style=\"width: 503px;\">altamente resistente de baixo conte\u00fado de ferro de 3.2 mm de espessura. Trasmisividade \u03c4 \u2265 0.90<\/td>\n<\/tr>\n<tr class=\"woocommerce-product-attributes-item woocommerce-product-attributes-item--attribute_%ce%b2%ce%ac%cf%83%ce%b7-%ce%b7%ce%bb%ce%b9%ce%b1%ce%ba%ce%bf%cf%8d-%ce%b8%ce%b5%cf%81%ce%bc%ce%bf%cf%83%ce%af%cf%86%cf%89%ce%bd%ce%b1\">\n<th class=\"woocommerce-product-attributes-item__label\" style=\"width: 215px;\">Estrutura<\/th>\n<td class=\"woocommerce-product-attributes-item__value\" style=\"width: 503px;\">de a\u00e7o galvanizado a quente<\/td>\n<\/tr>\n<\/tbody>\n<\/table>\n","protected":false},"featured_media":1565,"comment_status":"open","ping_status":"closed","template":"","meta":[],"product_brand":[],"product_cat":[58],"product_tag":[84,83,91,74,75],"class_list":{"0":"post-1563","1":"product","2":"type-product","3":"status-publish","4":"has-post-thumbnail","6":"product_cat-hliakoi-thermosifones","7":"product_tag-glb","8":"product_tag-glb-120-300","9":"product_tag-inox","10":"product_tag-74","11":"product_tag-75","13":"first","14":"instock","15":"taxable","16":"shipping-taxable","17":"product-type-simple"},"_links":{"self":[{"href":"https:\/\/cosmosolar.com\/pt\/wp-json\/wp\/v2\/product\/1563","targetHints":{"allow":["GET"]}}],"collection":[{"href":"https:\/\/cosmosolar.com\/pt\/wp-json\/wp\/v2\/product"}],"about":[{"href":"https:\/\/cosmosolar.com\/pt\/wp-json\/wp\/v2\/types\/product"}],"replies":[{"embeddable":true,"href":"https:\/\/cosmosolar.com\/pt\/wp-json\/wp\/v2\/comments?post=1563"}],"wp:featuredmedia":[{"embeddable":true,"href":"https:\/\/cosmosolar.com\/pt\/wp-json\/wp\/v2\/media\/1565"}],"wp:attachment":[{"href":"https:\/\/cosmosolar.com\/pt\/wp-json\/wp\/v2\/media?parent=1563"}],"wp:term":[{"taxonomy":"product_brand","embeddable":true,"href":"https:\/\/cosmosolar.com\/pt\/wp-json\/wp\/v2\/product_brand?post=1563"},{"taxonomy":"product_cat","embeddable":true,"href":"https:\/\/cosmosolar.com\/pt\/wp-json\/wp\/v2\/product_cat?post=1563"},{"taxonomy":"product_tag","embeddable":true,"href":"https:\/\/cosmosolar.com\/pt\/wp-json\/wp\/v2\/product_tag?post=1563"}],"curies":[{"name":"wp","href":"https:\/\/api.w.org\/{rel}","templated":true}]}}