{"id":1183,"date":"2015-11-27T16:59:22","date_gmt":"2015-11-27T16:59:22","guid":{"rendered":"https:\/\/themes.webdevia.com\/solar-wp\/?page_id=6"},"modified":"2025-10-23T13:09:11","modified_gmt":"2025-10-23T11:09:11","slug":"about-us","status":"publish","type":"page","link":"https:\/\/cosmosolar.com\/pt\/about-us\/","title":{"rendered":"Nossa empresa"},"content":{"rendered":"<div class=\"wpb-content-wrapper\"><p>[vc_row css=&#8221;.vc_custom_1451949788277{margin-top: 100px !important;margin-bottom: 0px !important;}&#8221;][vc_column]\r\n\r\n<div class=\" animated \" data-animated=bounceIn>\r\n  <div class=\"large-12 columns  animated  wd-title-section_c\" data-animated=bounceIn>\r\n      <h2>COSMOSOLAR SA<\/h2>\r\n        <h5>PRESEN\u00c7A POTENCIAL NO MERCADO DE ENERGIA SOLAR EUROPEU E GLOBAL<\/h5>\r\n    \r\n  <\/div>\r\n<\/div>\r\n\r\n  \r\n[\/vc_column][\/vc_row][vc_row css=&#8221;.vc_custom_1451949798661{margin-top: 0px !important;margin-bottom: 110px !important;}&#8221;][vc_column][vc_single_image image=&#8221;1368&#8243; img_size=&#8221;570&#215;370&#8243; alignment=&#8221;center&#8221; style=&#8221;vc_box_shadow&#8221; css_animation=&#8221;fadeInLeft&#8221;][vc_column_text css_animation=&#8221;fadeInRight&#8221;]A empresa com o nome <strong> COSMOSOLAR SA <\/strong>foi fundada em 2005\u00a0 por Efthimios Spanos como sucessor da empresa E. Spanos &#8211; Skyland fundada em 1985.<\/p>\n<p>Possui modernos equipamentos de produ\u00e7\u00e3o com alto n\u00edvel de know-how em instala\u00e7\u00f5es privadas de 13.000 m2 na \u00e1rea de Pyli Dervenochori, Boeotia, com filial em Areopolos 12 Kifissia, e em Frosinoni, It\u00e1lia, elevando o n\u00edvel de qualidade, tendo como prioridade satisfa\u00e7\u00e3o do cliente.<\/p>\n<p>Possui uma das maiores redes em toda a Gr\u00e9cia e exporta empresas para pa\u00edses como It\u00e1lia, Espanha, Portugal, Fran\u00e7a, Malta, Chipre, Alemanha, \u00c1ustria, Pol\u00f4nia, Rom\u00eania, Cro\u00e1cia, S\u00e9rvia, Montenegro, B\u00f3snia e Herzegovina, Alb\u00e2nia, Marrocos, Arg\u00e9lia, Tun\u00edsia, Am\u00e9rica Central, Ar\u00e1bia Saudita, L\u00edbano, Nova Zel\u00e2ndia e Austr\u00e1lia.<\/p>\n<p>A <strong> COSMOSOLAR SA <\/strong>, uma das empresas mais din\u00e2micas do sector dos sistemas solares com colectores de elevada efici\u00eancia, oferece-lhe solu\u00e7\u00f5es completas com as quais poder\u00e1 realizar todos os seus projectos, seja a instala\u00e7\u00e3o de \u00e1gua quente com \u00e1gua solar. fog\u00f5es ou sistemas centralizados com circula\u00e7\u00e3o acelerada ou para aquecimento auxiliar com tanques tamp\u00e3o em combina\u00e7\u00e3o com caldeira a \u00f3leo, caldeira el\u00e9trica, caldeira a lenha, lareira economizadora de energia, caldeira a pellets e bomba de calor s\u00e3o adequados para maior economia, experimente agora e teste atende \u00e0s altas demandas do mercado mundial.<\/p>\n<p>Todos os produtos passam pelos testes e medi\u00e7\u00f5es exigidos pelos maiores institutos no exterior e na Gr\u00e9cia, atendem aos mais elevados padr\u00f5es europeus, atendem a todas as necessidades do consumidor, sempre pautados pelo seu desempenho eficiente, econ\u00f4mico e de excelente qualidade. A filosofia b\u00e1sica e objetivo s\u00e3o produtos que devem atender as necessidades dos consumidores por muitos anos com aplica\u00e7\u00f5es em resid\u00eancias, hot\u00e9is, hospitais, grandes edif\u00edcios p\u00fablicos, escolas, unidades industriais, espa\u00e7os comerciais e qualquer outro local que requeira a instala\u00e7\u00e3o de poder. solar confi\u00e1vel. sistemas.<\/p>\n<p>Para economizar energia, reduzir a polui\u00e7\u00e3o, aumentar a efici\u00eancia dos sistemas solares t\u00e9rmicos e um ambiente mais limpo. Seu objetivo continua sendo alcan\u00e7ar uma maior completude dos sistemas solares t\u00e9rmicos, expandindo ainda mais seu car\u00e1ter internacional.[\/vc_column_text][\/vc_column][\/vc_row]<\/p>\n<\/div>","protected":false},"excerpt":{"rendered":"<p>[vc_row css=&#8221;.vc_custom_1451949788277{margin-top: 100px !important;margin-bottom: 0px !important;}&#8221;][vc_column][\/vc_column][\/vc_row][vc_row css=&#8221;.vc_custom_1451949798661{margin-top: 0px !important;margin-bottom: 110px !important;}&#8221;][vc_column][vc_single_image image=&#8221;1368&#8243; img_size=&#8221;570&#215;370&#8243; alignment=&#8221;center&#8221; style=&#8221;vc_box_shadow&#8221; css_animation=&#8221;fadeInLeft&#8221;][vc_column_text css_animation=&#8221;fadeInRight&#8221;]A empresa com o nome COSMOSOLAR SA foi fundada em 2005\u00a0 por Efthimios Spanos como sucessor da empresa E. Spanos &#8211; Skyland fundada em 1985. Possui modernos equipamentos de produ\u00e7\u00e3o com alto n\u00edvel de know-how em instala\u00e7\u00f5es privadas de [&hellip;]<\/p>\n","protected":false},"author":1,"featured_media":0,"parent":0,"menu_order":0,"comment_status":"closed","ping_status":"closed","template":"","meta":{"footnotes":""},"class_list":["post-1183","page","type-page","status-publish","hentry"],"_links":{"self":[{"href":"https:\/\/cosmosolar.com\/pt\/wp-json\/wp\/v2\/pages\/1183","targetHints":{"allow":["GET"]}}],"collection":[{"href":"https:\/\/cosmosolar.com\/pt\/wp-json\/wp\/v2\/pages"}],"about":[{"href":"https:\/\/cosmosolar.com\/pt\/wp-json\/wp\/v2\/types\/page"}],"author":[{"embeddable":true,"href":"https:\/\/cosmosolar.com\/pt\/wp-json\/wp\/v2\/users\/1"}],"replies":[{"embeddable":true,"href":"https:\/\/cosmosolar.com\/pt\/wp-json\/wp\/v2\/comments?post=1183"}],"version-history":[{"count":54,"href":"https:\/\/cosmosolar.com\/pt\/wp-json\/wp\/v2\/pages\/1183\/revisions"}],"predecessor-version":[{"id":2727,"href":"https:\/\/cosmosolar.com\/pt\/wp-json\/wp\/v2\/pages\/1183\/revisions\/2727"}],"wp:attachment":[{"href":"https:\/\/cosmosolar.com\/pt\/wp-json\/wp\/v2\/media?parent=1183"}],"curies":[{"name":"wp","href":"https:\/\/api.w.org\/{rel}","templated":true}]}}