{"id":1183,"date":"2015-11-27T16:59:22","date_gmt":"2015-11-27T16:59:22","guid":{"rendered":"https:\/\/themes.webdevia.com\/solar-wp\/?page_id=6"},"modified":"2025-10-23T13:09:11","modified_gmt":"2025-10-23T11:09:11","slug":"about-us","status":"publish","type":"page","link":"https:\/\/cosmosolar.com\/it\/about-us\/","title":{"rendered":"La nostra azienda"},"content":{"rendered":"<div class=\"wpb-content-wrapper\"><p>[vc_row css=&#8221;.vc_custom_1451949788277{margin-top: 100px !important;margin-bottom: 0px !important;}&#8221;][vc_column]\r\n\r\n<div class=\" animated \" data-animated=bounceIn>\r\n  <div class=\"large-12 columns  animated  wd-title-section_c\" data-animated=bounceIn>\r\n      <h2>COSMOSOLAR SA<\/h2>\r\n        <h5>PRESENZA DINAMICA NEL MERCATO EUROPEO E GLOBALE DELL'ENERGIA SOLARE<\/h5>\r\n    \r\n  <\/div>\r\n<\/div>\r\n\r\n  \r\n[\/vc_column][\/vc_row][vc_row css=&#8221;.vc_custom_1451949798661{margin-top: 0px !important;margin-bottom: 110px !important;}&#8221;][vc_column][vc_single_image image=&#8221;1368&#8243; img_size=&#8221;570&#215;370&#8243; alignment=&#8221;center&#8221; style=&#8221;vc_box_shadow&#8221; css_animation=&#8221;fadeInLeft&#8221;][vc_column_text css_animation=&#8221;fadeInRight&#8221;]La societ\u00e0 <strong>COSMOSOLAR SA <\/strong>\u00e8 stata fondata nel 2005 da Efthymios Spanos, successore della societ\u00e0 Spanos &#8211; Skyland Co che fu stata fondata nel 1985.<\/p>\n<p>Dispone di moderne linee di produzione con un elevato know-how, tutto in terreni di propriet\u00e0 privata di 13.000 m2 a Pylh Dervenochorion, Viotia. La sede amministrativa si trova ad Atene a Areopoleos 12, Kifissia, mentre mantiene sucursale diretta in Italia la Cosmosolar Srl con sede e magazzino e a Frosinone.<\/p>\n<p>Ha una delle reti pi\u00f9 grandi in tutta la Grecia ed esporta in diversi paesi come Italia, Spagna, Portogallo, Francia, Malta, Cipro, Germania, Austria, Polonia, Romania, Croazia, Serbia, Montenegro, Bosnia-Erzegovina, Albania, Marocco, Algeria, Tunisia, America Centrale, Cile, Uruguay, Arabia Saudita, Emirati Arabi, Libano, Giordania, Nuova Zelanda e Australia.<\/p>\n<p><strong> COSMOSOLAR SA<\/strong>, una delle aziende pi\u00f9 dinamiche nel settore di energia solare termica con collettori ad alta efficienza, propone soluzioni complete con le quali si possono realizzare multipli progetti, sia che si tratti di installazione di produzione di acqua calda sanitaria che installazioni di integrazione a riscaldamento con collegamento con tutto tipo di stufe, termocamini o pompe di calore, tutto per ottener un maggiore risparmio, sempre soddisfando le elevate esigenze del mercato globale.<\/p>\n<p>Tutti i prodotti hanno i test dai pi\u00f9 grandi istituti esteri e Greci, rispettando i pi\u00f9 alti standard europei, soddisfacendo tutte le esigenze dei consumatori, sempre guidati dalle loro prestazioni efficienti ed economiche. La filosofia e l&#8217;obiettivo di base sono la fabbricazione di prodotti che devono soddisfare le esigenze dei consumatori con vida utile prolongta, con applicazioni in case, a\u00f1berghi, ospedali, grandi edifici pubblici, scuole, unit\u00e0 industriali, locali commerciali e qualsiasi altro luogo che richiede l&#8217;installazione di energia solare.<\/p>\n<p>Con lo scopo di risparmiare energia, ridurre l&#8217;inquinamento, aumentare l&#8217;efficienza dei sistemi solari termici viene a contribuire lo sforzo flobale per un ambiente pi\u00f9 pulito. Il suo obiettivo continua ad essere quello di raggiungere una maggiore completezza dei sistemi solari termici, ampliando ulteriormente il loro carattere internazionale.[\/vc_column_text][\/vc_column][\/vc_row]<\/p>\n<\/div>","protected":false},"excerpt":{"rendered":"<p>[vc_row css=&#8221;.vc_custom_1451949788277{margin-top: 100px !important;margin-bottom: 0px !important;}&#8221;][vc_column][\/vc_column][\/vc_row][vc_row css=&#8221;.vc_custom_1451949798661{margin-top: 0px !important;margin-bottom: 110px !important;}&#8221;][vc_column][vc_single_image image=&#8221;1368&#8243; img_size=&#8221;570&#215;370&#8243; alignment=&#8221;center&#8221; style=&#8221;vc_box_shadow&#8221; css_animation=&#8221;fadeInLeft&#8221;][vc_column_text css_animation=&#8221;fadeInRight&#8221;]La societ\u00e0 COSMOSOLAR SA \u00e8 stata fondata nel 2005 da Efthymios Spanos, successore della societ\u00e0 Spanos &#8211; Skyland Co che fu stata fondata nel 1985. Dispone di moderne linee di produzione con un elevato know-how, tutto in terreni di [&hellip;]<\/p>\n","protected":false},"author":1,"featured_media":0,"parent":0,"menu_order":0,"comment_status":"closed","ping_status":"closed","template":"","meta":{"footnotes":""},"class_list":["post-1183","page","type-page","status-publish","hentry"],"_links":{"self":[{"href":"https:\/\/cosmosolar.com\/it\/wp-json\/wp\/v2\/pages\/1183","targetHints":{"allow":["GET"]}}],"collection":[{"href":"https:\/\/cosmosolar.com\/it\/wp-json\/wp\/v2\/pages"}],"about":[{"href":"https:\/\/cosmosolar.com\/it\/wp-json\/wp\/v2\/types\/page"}],"author":[{"embeddable":true,"href":"https:\/\/cosmosolar.com\/it\/wp-json\/wp\/v2\/users\/1"}],"replies":[{"embeddable":true,"href":"https:\/\/cosmosolar.com\/it\/wp-json\/wp\/v2\/comments?post=1183"}],"version-history":[{"count":54,"href":"https:\/\/cosmosolar.com\/it\/wp-json\/wp\/v2\/pages\/1183\/revisions"}],"predecessor-version":[{"id":2727,"href":"https:\/\/cosmosolar.com\/it\/wp-json\/wp\/v2\/pages\/1183\/revisions\/2727"}],"wp:attachment":[{"href":"https:\/\/cosmosolar.com\/it\/wp-json\/wp\/v2\/media?parent=1183"}],"curies":[{"name":"wp","href":"https:\/\/api.w.org\/{rel}","templated":true}]}}