{"id":2676,"date":"2025-10-15T14:45:58","date_gmt":"2025-10-15T12:45:58","guid":{"rendered":"https:\/\/cosmosolar.com\/?post_type=product&#038;p=2676"},"modified":"2025-10-27T15:19:15","modified_gmt":"2025-10-27T13:19:15","slug":"%ce%bc%ce%bf%ce%bd%ce%ac%ce%b4%ce%b1-%ce%b4%ce%b9%ce%b1%cf%86%ce%bf%cf%81%ce%b9%ce%ba%ce%bf%cf%8d-%ce%b5%ce%bb%ce%ad%ce%b3%cf%87%ce%bf%cf%85-%ce%b8%ce%b5%cf%81%ce%bc%ce%bf%ce%ba%cf%81%ce%b1%cf%83-cosm","status":"publish","type":"product","link":"https:\/\/cosmosolar.com\/fr\/product\/%ce%bc%ce%bf%ce%bd%ce%ac%ce%b4%ce%b1-%ce%b4%ce%b9%ce%b1%cf%86%ce%bf%cf%81%ce%b9%ce%ba%ce%bf%cf%8d-%ce%b5%ce%bb%ce%ad%ce%b3%cf%87%ce%bf%cf%85-%ce%b8%ce%b5%cf%81%ce%bc%ce%bf%ce%ba%cf%81%ce%b1%cf%83-cosm\/","title":{"rendered":"R\u00e9gulateur solaire thermique\u201cCOSMOSOLAR\u201d"},"content":{"rendered":"<p><span style=\"color: #ff6600;\"><strong style=\"font-family: 'Open Sans', sans-serif; font-size: 14px;\">R\u00e9gulateur solaire COSMOSOLAR\u00a0<\/strong><\/span><\/p>\n<p>6 programmes diff\u00e9rents d&rsquo;installation pr\u00e9install\u00e9s<br \/>\nInclus : 1 capteur de temp\u00e9rature des panneaux solaires et 1 capteur de temp\u00e9rature du ballon<\/p>\n<p><strong>R\u00e9f\u00e9rence capteur : 246.10001001<br \/>\nCapteur Cosmosolar CS-KTY-81120<\/strong><\/p>\n","protected":false},"excerpt":{"rendered":"<p><span style=\"color: #ff6600;\"><strong style=\"font-family: 'Open Sans', sans-serif; font-size: 14px;\">R\u00e9gulateur solaire COSMOSOLAR\u00a0<\/strong><\/span><\/p>\n<p>6 programmes diff\u00e9rents d&rsquo;installation pr\u00e9install\u00e9s<br \/>\nInclus : 1 capteur de temp\u00e9rature des panneaux solaires et 1 capteur de temp\u00e9rature du ballon<\/p>\n<p><strong>R\u00e9f\u00e9rence capteur : 246.10001001<br \/>\nCapteur Cosmosolar CS-KTY-81120<\/strong><\/p>\n<p>&nbsp;<\/p>\n<p>&nbsp;<\/p>\n","protected":false},"featured_media":2677,"comment_status":"open","ping_status":"closed","template":"","meta":[],"product_brand":[],"product_cat":[66,70],"product_tag":[120,119],"class_list":{"0":"post-2676","1":"product","2":"type-product","3":"status-publish","4":"has-post-thumbnail","6":"product_cat-hydraulic-kit","7":"product_cat-differential-temperature-controllers-solar","8":"product_tag-regtronic-rc","9":"product_tag-119","11":"first","12":"instock","13":"taxable","14":"shipping-taxable","15":"product-type-simple"},"_links":{"self":[{"href":"https:\/\/cosmosolar.com\/fr\/wp-json\/wp\/v2\/product\/2676","targetHints":{"allow":["GET"]}}],"collection":[{"href":"https:\/\/cosmosolar.com\/fr\/wp-json\/wp\/v2\/product"}],"about":[{"href":"https:\/\/cosmosolar.com\/fr\/wp-json\/wp\/v2\/types\/product"}],"replies":[{"embeddable":true,"href":"https:\/\/cosmosolar.com\/fr\/wp-json\/wp\/v2\/comments?post=2676"}],"wp:featuredmedia":[{"embeddable":true,"href":"https:\/\/cosmosolar.com\/fr\/wp-json\/wp\/v2\/media\/2677"}],"wp:attachment":[{"href":"https:\/\/cosmosolar.com\/fr\/wp-json\/wp\/v2\/media?parent=2676"}],"wp:term":[{"taxonomy":"product_brand","embeddable":true,"href":"https:\/\/cosmosolar.com\/fr\/wp-json\/wp\/v2\/product_brand?post=2676"},{"taxonomy":"product_cat","embeddable":true,"href":"https:\/\/cosmosolar.com\/fr\/wp-json\/wp\/v2\/product_cat?post=2676"},{"taxonomy":"product_tag","embeddable":true,"href":"https:\/\/cosmosolar.com\/fr\/wp-json\/wp\/v2\/product_tag?post=2676"}],"curies":[{"name":"wp","href":"https:\/\/api.w.org\/{rel}","templated":true}]}}