{"id":2672,"date":"2025-10-15T13:45:59","date_gmt":"2025-10-15T11:45:59","guid":{"rendered":"https:\/\/cosmosolar.com\/fr\/?post_type=product&#038;p=2672"},"modified":"2025-11-11T14:49:05","modified_gmt":"2025-11-11T12:49:05","slug":"boiler-%ce%bb%ce%b5%ce%b2%ce%b7%cf%84%ce%bf%cf%83%cf%84%ce%b1%cf%83%ce%af%ce%bf%cf%85-glass-160l-1000l","status":"publish","type":"product","link":"https:\/\/cosmosolar.com\/fr\/product\/boiler-%ce%bb%ce%b5%ce%b2%ce%b7%cf%84%ce%bf%cf%83%cf%84%ce%b1%cf%83%ce%af%ce%bf%cf%85-glass-160l-1000l\/","title":{"rendered":"Ballons de stockage verticaux pour pompe \u00e0 chaleur 160L-1000L pour la  production de l&rsquo;eau chaude sanitaire"},"content":{"rendered":"<div class=\"wpb-content-wrapper\"><p>[vc_row][vc_column][vc_column_text]<\/p>\n<div class=\"woocommerce-product-details__short-description\"><\/div>\n<h4><\/h4>\n<p><span style=\"color: #ff6600;\">Ballons pour la production d&rsquo;eau chade sanitaire, sp\u00e9cialement con\u00e7us pour le raccordement avec POMPE A CHALEUR<\/span><\/p>\n<p><span style=\"color: #0000ff;\"><em>Un serpentin plus grand en surface et en volume, adapt\u00e9\u00a0 raccordement avec des pompes \u00e0 chaleur<\/em><\/span><\/p>\n<h1><\/h1>\n<p>[\/vc_column_text][\/vc_column][\/vc_row]<\/p>\n<\/div>","protected":false},"excerpt":{"rendered":"<table class=\"woocommerce-product-attributes shop_attributes\">\n<tbody>\n<tr class=\"woocommerce-product-attributes-item woocommerce-product-attributes-item--attribute_boiler\">\n<th class=\"woocommerce-product-attributes-item__label\"><span style=\"color: #008000;\">Ballon<\/span><\/th>\n<td class=\"woocommerce-product-attributes-item__value\">En acier en faible teneur en oxyde de fer<\/td>\n<\/tr>\n<tr class=\"woocommerce-product-attributes-item woocommerce-product-attributes-item--attribute_%ce%b5%cf%80%ce%b9%ce%ba%ce%ac%ce%bb%cf%85%cf%88%ce%b7-%cf%80%cf%81%ce%bf%cf%83%cf%84%ce%b1%cf%83%ce%af%ce%b1%cf%82\">\n<th class=\"woocommerce-product-attributes-item__label\"><span style=\"color: #008000;\">Protection<\/span><\/th>\n<td class=\"woocommerce-product-attributes-item__value\">\u00c9maillage selon DIN4753-1<\/td>\n<\/tr>\n<tr class=\"woocommerce-product-attributes-item woocommerce-product-attributes-item--attribute_%ce%ba%ce%b1%ce%b8%ce%bf%ce%b4%ce%b9%ce%ba%ce%ae-%cf%80%cf%81%ce%bf%cf%83%cf%84%ce%b1%cf%83%ce%af%ce%b1\">\n<th class=\"woocommerce-product-attributes-item__label\"><span style=\"color: #008000;\">Protection contre la corrosion<\/span><\/th>\n<td class=\"woocommerce-product-attributes-item__value\">Tiges en magn\u00e9sium<\/td>\n<\/tr>\n<tr class=\"woocommerce-product-attributes-item woocommerce-product-attributes-item--attribute_%ce%b5%ce%bd%ce%b1%ce%bb%ce%bb%ce%ac%ce%ba%cf%84%ce%b7%cf%82\">\n<th class=\"woocommerce-product-attributes-item__label\"><span style=\"color: #008000;\">Mat\u00e9riau de l\u2019\u00e9changeur thermique<\/span><\/th>\n<td class=\"woocommerce-product-attributes-item__value\">Serpentin \u00e9maill\u00e9 en acier en faible teneur en oxyde de fer<\/td>\n<\/tr>\n<tr class=\"woocommerce-product-attributes-item woocommerce-product-attributes-item--attribute_%ce%bc%ce%ad%ce%b3%ce%b9%cf%83%cf%84%ce%b7-%cf%80%ce%af%ce%b5%cf%83%ce%b7-%ce%bb%ce%b5%ce%b9%cf%84%ce%bf%cf%85%cf%81%ce%b3%ce%af%ce%b1%cf%82\">\n<th class=\"woocommerce-product-attributes-item__label\"><span style=\"color: #008000;\">Pression max de fonctionnement du ballon<\/span><\/th>\n<td class=\"woocommerce-product-attributes-item__value\">10 bar<\/td>\n<\/tr>\n<tr class=\"woocommerce-product-attributes-item woocommerce-product-attributes-item--attribute_%ce%bc%ce%ad%ce%b3%ce%b9%cf%83%cf%84%ce%b7-%ce%b8%ce%b5%ce%bc%ce%bf%ce%ba%cf%81%ce%b1%cf%83%ce%af%ce%b1-%ce%bb%ce%b5%ce%b9%cf%84%ce%bf%cf%85%cf%81%ce%b3%ce%af%ce%b1%cf%82-%ce%b4%ce%bf%cf%87%ce%b5\">\n<th class=\"woocommerce-product-attributes-item__label\"><span style=\"color: #008000;\">Temp\u00e9rature max de fonctionnement du ballon<\/span><\/th>\n<td class=\"woocommerce-product-attributes-item__value\">95\u00b0C<\/td>\n<\/tr>\n<tr class=\"woocommerce-product-attributes-item woocommerce-product-attributes-item--attribute_%ce%bc%ce%ad%ce%b3%ce%b9%cf%83%cf%84%ce%b7-%cf%80%ce%af%ce%b5%cf%83%ce%b7-%ce%b1%ce%bd%cf%84%ce%bf%cf%87%ce%ae%cf%82-%ce%b5%ce%bd%ce%b1%ce%bb%ce%bb%ce%ac%ce%ba%cf%84%ce%b7\">\n<th class=\"woocommerce-product-attributes-item__label\"><span style=\"color: #008000;\">Pression max de fonctionnement des \u00e9changeurs<\/span><\/th>\n<td class=\"woocommerce-product-attributes-item__value\">16 bar<\/td>\n<\/tr>\n<tr class=\"woocommerce-product-attributes-item woocommerce-product-attributes-item--attribute_%ce%bc%ce%ad%ce%b3%ce%b9%cf%83%cf%84%ce%b7-%ce%b8%ce%b5%cf%81%ce%bc%ce%bf%ce%ba%cf%81%ce%b1%cf%83%ce%af%ce%b1-%ce%bb%ce%b5%ce%b9%cf%84%ce%bf%cf%85%cf%81%ce%b3%ce%af%ce%b1%cf%82-%ce%b5%ce%bd%ce%b1\">\n<th class=\"woocommerce-product-attributes-item__label\"><span style=\"color: #008000;\">Temp\u00e9rature max de fonctionnement des \u00e9changeurs<\/span><\/th>\n<td class=\"woocommerce-product-attributes-item__value\">130\u00b0C<\/td>\n<\/tr>\n<tr class=\"woocommerce-product-attributes-item woocommerce-product-attributes-item--attribute_%ce%bc%cf%8c%ce%bd%cf%89%cf%83%ce%b7\">\n<th class=\"woocommerce-product-attributes-item__label\"><span style=\"color: #008000;\">Isolation<\/span><\/th>\n<td class=\"woocommerce-product-attributes-item__value\">Ballons de 160 \u00e0 300 litres en polyur\u00e9thane expans\u00e9 de 60 mm d\u2019\u00e9paisseur et d\u2019une densit\u00e9 de 52 kg\/m3.Pour tous les autres ballons: polyur\u00e9thane souple de 100 mm d\u2019\u00e9paisseur<\/td>\n<\/tr>\n<tr class=\"woocommerce-product-attributes-item woocommerce-product-attributes-item--attribute_%ce%b5%ce%be%cf%89%cf%84%ce%b5%cf%81%ce%b9%ce%ba%ce%ae-%ce%b5%cf%80%ce%ad%ce%bd%ce%b4%cf%85%cf%83%ce%b7\">\n<th class=\"woocommerce-product-attributes-item__label\"><span style=\"color: #008000;\">Outer cover<\/span><\/th>\n<td class=\"woocommerce-product-attributes-item__value\">Couverture ext\u00e9rieure en\u00a0 PVC, type cuir<\/td>\n<\/tr>\n<\/tbody>\n<\/table>\n","protected":false},"featured_media":2210,"comment_status":"open","ping_status":"closed","template":"","meta":[],"product_brand":[],"product_cat":[62],"product_tag":[211,212,100,210],"class_list":{"0":"post-2672","1":"product","2":"type-product","3":"status-publish","4":"has-post-thumbnail","6":"product_cat-tanks-for-forced-circulation-system","7":"product_tag-750l","8":"product_tag-9000l","9":"product_tag-boiler","10":"product_tag-210","12":"first","13":"instock","14":"taxable","15":"shipping-taxable","16":"product-type-simple"},"_links":{"self":[{"href":"https:\/\/cosmosolar.com\/fr\/wp-json\/wp\/v2\/product\/2672","targetHints":{"allow":["GET"]}}],"collection":[{"href":"https:\/\/cosmosolar.com\/fr\/wp-json\/wp\/v2\/product"}],"about":[{"href":"https:\/\/cosmosolar.com\/fr\/wp-json\/wp\/v2\/types\/product"}],"replies":[{"embeddable":true,"href":"https:\/\/cosmosolar.com\/fr\/wp-json\/wp\/v2\/comments?post=2672"}],"wp:featuredmedia":[{"embeddable":true,"href":"https:\/\/cosmosolar.com\/fr\/wp-json\/wp\/v2\/media\/2210"}],"wp:attachment":[{"href":"https:\/\/cosmosolar.com\/fr\/wp-json\/wp\/v2\/media?parent=2672"}],"wp:term":[{"taxonomy":"product_brand","embeddable":true,"href":"https:\/\/cosmosolar.com\/fr\/wp-json\/wp\/v2\/product_brand?post=2672"},{"taxonomy":"product_cat","embeddable":true,"href":"https:\/\/cosmosolar.com\/fr\/wp-json\/wp\/v2\/product_cat?post=2672"},{"taxonomy":"product_tag","embeddable":true,"href":"https:\/\/cosmosolar.com\/fr\/wp-json\/wp\/v2\/product_tag?post=2672"}],"curies":[{"name":"wp","href":"https:\/\/api.w.org\/{rel}","templated":true}]}}