{"id":2434,"date":"2023-07-04T20:10:15","date_gmt":"2023-07-04T18:10:15","guid":{"rendered":"https:\/\/cosmosolar.com\/?post_type=product&#038;p=2434"},"modified":"2025-11-11T12:03:11","modified_gmt":"2025-11-11T10:03:11","slug":"%ce%b7%ce%bb%ce%b9%ce%b1%ce%ba%ce%bf%ce%af-%ce%b8%ce%b5%cf%81%ce%bc%ce%bf%cf%83%ce%af%cf%86%cf%89%ce%bd%ce%b5%cf%82-glass-gl-120-200","status":"publish","type":"product","link":"https:\/\/cosmosolar.com\/fr\/product\/%ce%b7%ce%bb%ce%b9%ce%b1%ce%ba%ce%bf%ce%af-%ce%b8%ce%b5%cf%81%ce%bc%ce%bf%cf%83%ce%af%cf%86%cf%89%ce%bd%ce%b5%cf%82-glass-gl-120-200\/","title":{"rendered":"Chauffe-eau solaires GLASS GL 120 \u2013 300 BALLONS \u00c0 DOUBLE \u00c9MAILLAGE"},"content":{"rendered":"<table class=\"rtable rtable--flip\">\n<tbody>\n<tr>\n<th><strong>MOD\u00c8LE<\/strong><\/th>\n<th><strong>CAPTEUR<\/strong><\/th>\n<th><strong>Nombre de CAPTEURS<\/strong><\/th>\n<th><strong>SURFACE BRUTE(m\u00b2)<\/strong><\/th>\n<\/tr>\n<tr>\n<td><strong>GL 120\/1,95 VER<\/strong><\/td>\n<td>EPI 30 NV<\/td>\n<td>1 x 1,95 m\u00b2<\/td>\n<td>1,95<\/td>\n<\/tr>\n<tr>\n<td><strong>GL 120\/2,00 HOR<\/strong><\/td>\n<td>EPI 25 NV<\/td>\n<td>1 x 2,00 m\u00b2<\/td>\n<td>2,00<\/td>\n<\/tr>\n<tr>\n<td><strong>GL 150\/2,24 VER<\/strong><\/td>\n<td>EPI 16 NV<\/td>\n<td>1 x 2,24 m\u00b2<\/td>\n<td>2,24<\/td>\n<\/tr>\n<tr>\n<td><strong>GL 150\/2,24 HOR<\/strong><\/td>\n<td>EPI 16 NV<\/td>\n<td>1 x 2,24 m\u00b2<\/td>\n<td>2,24<\/td>\n<\/tr>\n<tr>\n<td><strong>GL 170\/2,53 VER<\/strong><\/td>\n<td>EPI 54 NV<\/td>\n<td>1 x 2,53 m\u00b2<\/td>\n<td>2,53<\/td>\n<\/tr>\n<tr>\n<td><strong>GL 170\/3,00 VER<\/strong><\/td>\n<td>EPI 56 KNV<\/td>\n<td>1 x 3,00 m\u00b2<\/td>\n<td>3,00<\/td>\n<\/tr>\n<tr bgcolor=\"#CCCCCC\">\n<td><strong>GL 170\/3,10 VER<\/strong><\/td>\n<td>EPI 20 NV<\/td>\n<td>2 x 1,55 m\u00b2<\/td>\n<td>3,10<\/td>\n<\/tr>\n<tr>\n<td><strong>GL 200\/3,10 VER<\/strong><\/td>\n<td>EPI 20 NV<\/td>\n<td>2 x 1,55 m\u00b2<\/td>\n<td>3,10<\/td>\n<\/tr>\n<tr>\n<td><strong>GL 200\/3,00 HOR<\/strong><\/td>\n<td>EPI 56 KNV<\/td>\n<td>1 x 3,00 m\u00b2<\/td>\n<td>3,00<\/td>\n<\/tr>\n<tr>\n<td><strong>GL 200\/3,00 VER<\/strong><\/td>\n<td>EPI 56 KNV<\/td>\n<td>1 x 3,00 m\u00b2<\/td>\n<td>3,00<\/td>\n<\/tr>\n<tr>\n<td><strong>GL 200\/4,00 VER<\/strong><\/td>\n<td>EPI 25 NV<\/td>\n<td>2 x 2,00 m\u00b2<\/td>\n<td>4,00<\/td>\n<\/tr>\n<tr>\n<td><strong>GL 300\/4,00 VER<\/strong><\/td>\n<td>EPI 25 NV<\/td>\n<td>2 x 2,00 m\u00b2<\/td>\n<td>4,00<\/td>\n<\/tr>\n<\/tbody>\n<\/table>\n<p>&nbsp;<\/p>\n<p><img loading=\"lazy\" decoding=\"async\" class=\"aligncenter wp-image-2107 size-full\" style=\"color: #787878; font-family: 'Open Sans', sans-serif; font-size: 14px; text-align: justify;\" src=\"https:\/\/cosmosolar.com\/wp-content\/uploads\/2020\/04\/skyland-dimensions.jpg\" alt=\"\" width=\"581\" height=\"383\" srcset=\"https:\/\/cosmosolar.com\/wp-content\/uploads\/2020\/04\/skyland-dimensions.jpg 581w, https:\/\/cosmosolar.com\/wp-content\/uploads\/2020\/04\/skyland-dimensions-300x198.jpg 300w\" sizes=\"auto, (max-width: 581px) 100vw, 581px\" \/><\/p>\n<table class=\"rtable rtable--flip\" style=\"width: 973px;\">\n<tbody>\n<tr>\n<th style=\"width: 89px;\"><strong>MOD\u00c8LE<\/strong><\/th>\n<th style=\"width: 108px;\"><strong>Nombre de CAPTEURS<\/strong><\/th>\n<th style=\"width: 103px;\"><strong>\u00a0SURFACE BRUTE\u00a0 (m\u00b2)<\/strong><\/th>\n<th class=\"colspan2\" style=\"width: 135px;\" colspan=\"2\"><strong>\u00a0DIMENSIONS BALLON\u00a0 (mm)<\/strong><\/th>\n<th class=\"colspan3\" style=\"width: 168px;\" colspan=\"3\"><strong>\u00a0DIMENSIONS CAPTEURS (mm)<\/strong><\/th>\n<th style=\"width: 46px;\"><strong>(mm)<\/strong><\/th>\n<th style=\"width: 46px;\"><strong>(mm)<\/strong><\/th>\n<th style=\"width: 46px;\"><strong>(mm)<\/strong><\/th>\n<th style=\"width: 46px;\"><strong>(mm)<\/strong><\/th>\n<th style=\"width: 107px;\"><strong>POIDS \u00c0 VIDE (kg)<\/strong><\/th>\n<\/tr>\n<tr>\n<td style=\"width: 89px;\"><\/td>\n<td style=\"width: 108px;\"><\/td>\n<td style=\"width: 103px;\"><\/td>\n<td style=\"width: 60px;\"><strong>\u0391<\/strong><\/td>\n<td style=\"width: 75px;\"><strong>\u0392<\/strong><\/td>\n<td style=\"width: 65px;\"><strong>C<\/strong><\/td>\n<td style=\"width: 65.2625px;\"><strong>D<\/strong><\/td>\n<td style=\"width: 37.7375px;\"><strong>E<\/strong><\/td>\n<td style=\"width: 46px;\"><strong>F<\/strong><\/td>\n<td style=\"width: 46px;\"><strong>G<\/strong><\/td>\n<td style=\"width: 46px;\"><strong>H<\/strong><\/td>\n<td style=\"width: 46px;\"><strong>I<\/strong><\/td>\n<td style=\"width: 107px;\"><\/td>\n<\/tr>\n<tr>\n<td style=\"width: 89px;\"><strong>GL 120\/1,95 VER<\/strong><\/td>\n<td style=\"width: 108px;\">1 x 1,95<\/td>\n<td style=\"width: 103px;\">1,95<\/td>\n<td style=\"width: 60px;\">500<\/td>\n<td style=\"width: 75px;\">1120<\/td>\n<td style=\"width: 65px;\">1317<\/td>\n<td style=\"width: 65.2625px;\">1517<\/td>\n<td style=\"width: 37.7375px;\">85<\/td>\n<td style=\"width: 46px;\">1317<\/td>\n<td style=\"width: 46px;\">1550<\/td>\n<td style=\"width: 46px;\">860<\/td>\n<td style=\"width: 46px;\">1750<\/td>\n<td style=\"width: 107px;\">103,50<\/td>\n<\/tr>\n<tr>\n<td style=\"width: 89px;\"><strong>GL 120\/2,00 HOR<\/strong><\/td>\n<td style=\"width: 108px;\">1 x 2,00<\/td>\n<td style=\"width: 103px;\">2,00<\/td>\n<td style=\"width: 60px;\">500<\/td>\n<td style=\"width: 75px;\">1120<\/td>\n<td style=\"width: 65px;\">2017<\/td>\n<td style=\"width: 65.2625px;\">1017<\/td>\n<td style=\"width: 37.7375px;\">85<\/td>\n<td style=\"width: 46px;\">2017<\/td>\n<td style=\"width: 46px;\">1125<\/td>\n<td style=\"width: 46px;\">860<\/td>\n<td style=\"width: 46px;\">1405<\/td>\n<td style=\"width: 107px;\">117,00<\/td>\n<\/tr>\n<tr>\n<td style=\"width: 89px;\"><strong>GL 150\/2,24 VER<\/strong><\/td>\n<td style=\"width: 108px;\">1 x 2,24<\/td>\n<td style=\"width: 103px;\">2,24<\/td>\n<td style=\"width: 60px;\">500<\/td>\n<td style=\"width: 75px;\">1300<\/td>\n<td style=\"width: 65px;\">1197<\/td>\n<td style=\"width: 65.2625px;\">1917<\/td>\n<td style=\"width: 37.7375px;\">85<\/td>\n<td style=\"width: 46px;\">1197<\/td>\n<td style=\"width: 46px;\">1830<\/td>\n<td style=\"width: 46px;\">1080<\/td>\n<td style=\"width: 46px;\">2000<\/td>\n<td style=\"width: 107px;\">121,00<\/td>\n<\/tr>\n<tr>\n<td style=\"width: 89px;\"><strong>GL 150\/2,24 HOR<\/strong><\/td>\n<td style=\"width: 108px;\">1 x 2,24<\/td>\n<td style=\"width: 103px;\">2,24<\/td>\n<td style=\"width: 60px;\">500<\/td>\n<td style=\"width: 75px;\">1300<\/td>\n<td style=\"width: 65px;\">1917<\/td>\n<td style=\"width: 65.2625px;\">1197<\/td>\n<td style=\"width: 37.7375px;\">85<\/td>\n<td style=\"width: 46px;\">1917<\/td>\n<td style=\"width: 46px;\">1370<\/td>\n<td style=\"width: 46px;\">1080<\/td>\n<td style=\"width: 46px;\">1500<\/td>\n<td style=\"width: 107px;\">121,00<\/td>\n<\/tr>\n<tr>\n<td style=\"width: 89px;\"><strong>GL 170\/2,53 VER<\/strong><\/td>\n<td style=\"width: 108px;\">1 x 2,53<\/td>\n<td style=\"width: 103px;\">2,53<\/td>\n<td style=\"width: 60px;\">580<\/td>\n<td style=\"width: 75px;\">1200<\/td>\n<td style=\"width: 65px;\">1277<\/td>\n<td style=\"width: 65.2625px;\">2017<\/td>\n<td style=\"width: 37.7375px;\">85<\/td>\n<td style=\"width: 46px;\">1277<\/td>\n<td style=\"width: 46px;\">1955<\/td>\n<td style=\"width: 46px;\">1080<\/td>\n<td style=\"width: 46px;\">2000<\/td>\n<td style=\"width: 107px;\">128,00<\/td>\n<\/tr>\n<tr>\n<td style=\"width: 89px;\"><strong>GL 170\/3,10 VER<\/strong><\/td>\n<td style=\"width: 108px;\">2 x 1,55<\/td>\n<td style=\"width: 103px;\">3,10<\/td>\n<td style=\"width: 60px;\">580<\/td>\n<td style=\"width: 75px;\">1200<\/td>\n<td style=\"width: 65px;\">2017<\/td>\n<td style=\"width: 65.2625px;\">1517<\/td>\n<td style=\"width: 37.7375px;\">85<\/td>\n<td style=\"width: 46px;\">2017<\/td>\n<td style=\"width: 46px;\">1550<\/td>\n<td style=\"width: 46px;\">1080<\/td>\n<td style=\"width: 46px;\">1750<\/td>\n<td style=\"width: 107px;\">138,00<\/td>\n<\/tr>\n<tr>\n<td style=\"width: 89px;\"><strong>GL 170\/3,10 VER<\/strong><\/td>\n<td style=\"width: 108px;\">2 x 1,55<\/td>\n<td style=\"width: 103px;\">3,10<\/td>\n<td style=\"width: 60px;\">580<\/td>\n<td style=\"width: 75px;\">1200<\/td>\n<td style=\"width: 65px;\">1017<\/td>\n<td style=\"width: 65.2625px;\">1517<\/td>\n<td style=\"width: 37.7375px;\">90<\/td>\n<td style=\"width: 46px;\">2184<\/td>\n<td style=\"width: 46px;\">1550<\/td>\n<td style=\"width: 46px;\">1080<\/td>\n<td style=\"width: 46px;\">1750<\/td>\n<td style=\"width: 107px;\">134,00<\/td>\n<\/tr>\n<tr>\n<td style=\"width: 89px;\"><strong>GL 200\/3,10 VER<\/strong><\/td>\n<td style=\"width: 108px;\">2 x 1,55<\/td>\n<td style=\"width: 103px;\">3,10<\/td>\n<td style=\"width: 60px;\">580<\/td>\n<td style=\"width: 75px;\">1320<\/td>\n<td style=\"width: 65px;\">1017<\/td>\n<td style=\"width: 65.2625px;\">1517<\/td>\n<td style=\"width: 37.7375px;\">85<\/td>\n<td style=\"width: 46px;\">2184<\/td>\n<td style=\"width: 46px;\">1555<\/td>\n<td style=\"width: 46px;\">1080<\/td>\n<td style=\"width: 46px;\">1830<\/td>\n<td style=\"width: 107px;\">140,00<\/td>\n<\/tr>\n<tr>\n<td style=\"width: 89px;\"><strong>GL 200\/3,00 HOR<\/strong><\/td>\n<td style=\"width: 108px;\">1 x 3,00<\/td>\n<td style=\"width: 103px;\">3,00<\/td>\n<td style=\"width: 60px;\">580<\/td>\n<td style=\"width: 75px;\">1320<\/td>\n<td style=\"width: 65px;\">1517<\/td>\n<td style=\"width: 65.2625px;\">2017<\/td>\n<td style=\"width: 37.7375px;\">85<\/td>\n<td style=\"width: 46px;\">1517<\/td>\n<td style=\"width: 46px;\">1955<\/td>\n<td style=\"width: 46px;\">1080<\/td>\n<td style=\"width: 46px;\">2080<\/td>\n<td style=\"width: 107px;\">144,00<\/td>\n<\/tr>\n<tr>\n<td style=\"width: 89px;\"><strong>GL 200\/3,00 VER<\/strong><\/td>\n<td style=\"width: 108px;\">2 x 3,00<\/td>\n<td style=\"width: 103px;\">3,00<\/td>\n<td style=\"width: 60px;\">580<\/td>\n<td style=\"width: 75px;\">1320<\/td>\n<td style=\"width: 65px;\">2017<\/td>\n<td style=\"width: 65.2625px;\">1517<\/td>\n<td style=\"width: 37.7375px;\">85<\/td>\n<td style=\"width: 46px;\">2017<\/td>\n<td style=\"width: 46px;\">1550<\/td>\n<td style=\"width: 46px;\">1080<\/td>\n<td style=\"width: 46px;\">1830<\/td>\n<td style=\"width: 107px;\">144,00<\/td>\n<\/tr>\n<tr>\n<td style=\"width: 89px;\"><strong>GL 200\/4,00 VER<\/strong><\/td>\n<td style=\"width: 108px;\">2 x 2,00<\/td>\n<td style=\"width: 103px;\">4,00<\/td>\n<td style=\"width: 60px;\">580<\/td>\n<td style=\"width: 75px;\">1320<\/td>\n<td style=\"width: 65px;\">1017<\/td>\n<td style=\"width: 65.2625px;\">2017<\/td>\n<td style=\"width: 37.7375px;\">85<\/td>\n<td style=\"width: 46px;\">2184<\/td>\n<td style=\"width: 46px;\">1955<\/td>\n<td style=\"width: 46px;\">1080<\/td>\n<td style=\"width: 46px;\">2080<\/td>\n<td style=\"width: 107px;\">161,00<\/td>\n<\/tr>\n<tr>\n<td style=\"width: 89px;\"><strong>GL 300\/4,00 VER<\/strong><\/td>\n<td style=\"width: 108px;\">2 x 2,00<\/td>\n<td style=\"width: 103px;\">4,00<\/td>\n<td style=\"width: 60px;\">580<\/td>\n<td style=\"width: 75px;\">1820<\/td>\n<td style=\"width: 65px;\">1017<\/td>\n<td style=\"width: 65.2625px;\">2017<\/td>\n<td style=\"width: 37.7375px;\">85<\/td>\n<td style=\"width: 46px;\">2184<\/td>\n<td style=\"width: 46px;\">1955<\/td>\n<td style=\"width: 46px;\">1080<\/td>\n<td style=\"width: 46px;\">2080<\/td>\n<td style=\"width: 107px;\">201,00<\/td>\n<\/tr>\n<\/tbody>\n<\/table>\n","protected":false},"excerpt":{"rendered":"<p>Manuel : T\u00e9l\u00e9chargez le manuel en\u00a0 <a role=\"link\" href=\"https:\/\/www.cosmosolar.com\/wp-content\/uploads\/2020\/04\/Manual-solar_NV_GL.pdf\" target=\"_blank\" rel=\"noopener noreferrer\">cliquant ici\u00a0<\/a><\/p>\n<p>&nbsp;<\/p>\n<p><span style=\"color: #0000ff;\">Description technique des chauffe-eau solaires gamme GL\u00a0<\/span><\/p>\n<p><span style=\"color: #ff6600;\"><em>CERTIFICATION SOLAR KEYMARK !<\/em><\/span><\/p>\n<p>&nbsp;<\/p>\n<table class=\"woocommerce-product-attributes shop_attributes\" style=\"width: 958px;\">\n<tbody>\n<tr class=\"woocommerce-product-attributes-item woocommerce-product-attributes-item--attribute_%ce%b5%ce%be%cf%89%cf%84%ce%b5%cf%81%ce%b9%ce%ba%cf%8c-%cf%80%ce%b5%cf%81%ce%af%ce%b2%ce%bb%ce%b7%ce%bc%ce%b1-%ce%b8%ce%b5%cf%81%ce%bc%ce%bf%ce%b4%ce%bf%cf%87%ce%b5%ce%af%ce%bf%cf%85\">\n<th class=\"woocommerce-product-attributes-item__label\" style=\"width: 211.963px;\"><span style=\"color: #008000;\">Rev\u00eatement ext\u00e9rieur <\/span><\/th>\n<td class=\"woocommerce-product-attributes-item__value\" style=\"width: 728.037px;\">En aluminum , peinture \u00e9lectrostatique type Seaside Glass<\/td>\n<\/tr>\n<tr class=\"woocommerce-product-attributes-item woocommerce-product-attributes-item--attribute_%cf%87%cf%81%cf%8e%ce%bc%ce%b1\">\n<th class=\"woocommerce-product-attributes-item__label\" style=\"width: 211.963px;\"><span style=\"color: #008000;\">Couleur<\/span><\/th>\n<td class=\"woocommerce-product-attributes-item__value\" style=\"width: 728.037px;\">RAL9006<\/td>\n<\/tr>\n<tr class=\"woocommerce-product-attributes-item woocommerce-product-attributes-item--attribute_%ce%b5%cf%83%cf%89%cf%84%ce%b5%cf%81%ce%b9%ce%ba%cf%8c-%ce%bc%ce%ad%cf%81%ce%bf%cf%82-%ce%b8%ce%b5%cf%81%ce%bc%ce%bf%ce%b4%ce%bf%cf%87%ce%b5%ce%af%ce%bf%cf%85\">\n<th class=\"woocommerce-product-attributes-item__label\" style=\"width: 211.963px;\"><span style=\"color: #008000;\">Partie int\u00e9rieure du ballon<\/span><\/th>\n<td class=\"woocommerce-product-attributes-item__value\" style=\"width: 728.037px;\">En &lsquo;acier \u00e0 faible teneur en carbone de 3 mm d&rsquo;\u00e9paisseur, prot\u00e9g\u00e9 par un double \u00e9maillage conforme \u00e0 la \u00a0\u00a0norme DIN 4753, cuit \u00e0 860 \u00b0C.<\/td>\n<\/tr>\n<tr class=\"woocommerce-product-attributes-item woocommerce-product-attributes-item--attribute_%ce%bc%ce%b1%ce%bd%ce%b4%cf%8d%ce%b1%cf%82-%ce%ba%ce%bb%ce%b5%ce%b9%cf%83%cf%84%ce%bf%cf%8d-%ce%ba%cf%85%ce%ba%ce%bb%cf%8e%ce%bc%ce%b1%cf%84%ce%bf%cf%82\">\n<th class=\"woocommerce-product-attributes-item__label\" style=\"width: 211.963px;\"><span style=\"color: #008000;\">\u00c9changeur (Jacket)<\/span><\/th>\n<td class=\"woocommerce-product-attributes-item__value\" style=\"width: 728.037px;\">Fabriqu\u00e9 \u00e0 partir du mat\u00e9riau ci-dessus,\u00a0 \u00e9paisseur 1,5 mm, type manteau (ou double couche \u2013 enveloppe)<\/td>\n<\/tr>\n<tr class=\"woocommerce-product-attributes-item woocommerce-product-attributes-item--attribute_%ce%bc%cf%8c%ce%bd%cf%89%cf%83%ce%b7-%ce%b8%ce%b5%cf%81%ce%bc%ce%bf%ce%b4%ce%bf%cf%87%ce%b5%ce%af%ce%bf%cf%85\">\n<th class=\"woocommerce-product-attributes-item__label\" style=\"width: 211.963px;\"><span style=\"color: #008000;\">Isolation du ballon<\/span><\/th>\n<td class=\"woocommerce-product-attributes-item__value\" style=\"width: 728.037px;\">\u00e9paisseur de 50 mm, en\u00a0 P.U. expans\u00e9e de haute densit\u00e9 (52 kg\/m\u00b3) sans CFC.<\/td>\n<\/tr>\n<tr class=\"woocommerce-product-attributes-item woocommerce-product-attributes-item--attribute_%ce%ba%ce%b1%ce%b8%ce%bf%ce%b4%ce%b9%ce%ba%ce%ae-%cf%80%cf%81%ce%bf%cf%83%cf%84%ce%b1%cf%83%ce%af%ce%b1-%ce%b1%cf%80%cf%8c-%cf%84%ce%bf-%cf%86%ce%b1%ce%b9%ce%bd%cf%8c%ce%bc%ce%b5%ce%bd%ce%bf-%cf%84\">\n<th class=\"woocommerce-product-attributes-item__label\" style=\"width: 211.963px;\"><span style=\"color: #008000;\">Protection cathodique<\/span><\/th>\n<td class=\"woocommerce-product-attributes-item__value\" style=\"width: 728.037px;\">Anode magn\u00e9sium, diam\u00e8tre\u00a0 \u220522mm\u00a0 L = 500mm<\/td>\n<\/tr>\n<tr class=\"woocommerce-product-attributes-item woocommerce-product-attributes-item--attribute_%ce%b7%ce%bb%ce%b5%ce%ba%cf%84%cf%81%ce%b9%ce%ba%ce%ae-%ce%b1%ce%bd%cf%84%ce%af%cf%83%cf%84%ce%b1%cf%83%ce%b7\">\n<th class=\"woocommerce-product-attributes-item__label\" style=\"width: 211.963px;\"><span style=\"color: #008000;\">Thermoplongeur <\/span><\/th>\n<td class=\"woocommerce-product-attributes-item__value\" style=\"width: 728.037px;\">1.5 &#8211; 4 kw, avec thermostat,suivant la r\u00e9glementation de chaque pays<\/td>\n<\/tr>\n<tr class=\"woocommerce-product-attributes-item woocommerce-product-attributes-item--attribute_%ce%b5%ce%bd%ce%b1%ce%bb%ce%bb%ce%ac%ce%ba%cf%84%ce%b7%cf%82\">\n<th class=\"woocommerce-product-attributes-item__label\" style=\"width: 211.963px;\"><span style=\"color: #008000;\">Serpentin\u00a0 PLUS<\/span><\/th>\n<td class=\"woocommerce-product-attributes-item__value\" style=\"width: 728.037px;\">Sur demande, un \u00e9changeur pour le raccordement au chauffage ou \u00e0 une pompe \u00e0 chaleur pour profiter de la source d&rsquo;\u00e9nergie existante.<\/td>\n<\/tr>\n<tr class=\"woocommerce-product-attributes-item woocommerce-product-attributes-item--attribute_%ce%b5%ce%b9%ce%b4%ce%b9%ce%ba%cf%8c%cf%82-%ce%b4%ce%b9%ce%b1%cf%83%ce%ba%ce%bf%cf%81%cf%80%ce%b9%cf%83%cf%84%ce%ae%cf%82-energon\">\n<th class=\"woocommerce-product-attributes-item__label\" style=\"width: 211.963px;\"><span style=\"color: #008000;\">Diffuseur ENERGON\u00b0 \u00a0<\/span><\/th>\n<td class=\"woocommerce-product-attributes-item__value\" style=\"width: 728.037px;\"><span style=\"color: #000000;\">Con\u00e7u sp\u00e9cialement\u00a0 pour optimiser\u00a0 la distribution de l&rsquo;eau et du fluide thermique. Augmente l&rsquo;efficacit\u00e9 du syst\u00e8me jusqu&rsquo;\u00e0 30 %.<\/span><\/td>\n<\/tr>\n<tr class=\"woocommerce-product-attributes-item woocommerce-product-attributes-item--attribute_%cf%80%ce%bb%ce%b1%ce%af%cf%83%ce%b9%ce%bf-%cf%83%cf%85%ce%bb%ce%bb%ce%ad%ce%ba%cf%84%ce%b7\">\n<th class=\"woocommerce-product-attributes-item__label\" style=\"width: 211.963px;\"><span style=\"color: #008000;\">Cadre du capteur<\/span><\/th>\n<td class=\"woocommerce-product-attributes-item__value\" style=\"width: 728.037px;\">En alliage sp\u00e9cial d\u2019 aluminium [A1 Mg Si 0,5]\u00a0 avec traitement \u00e9lectrostatique de type \u201cSeaside Class\u201d (grade marin).<\/td>\n<\/tr>\n<tr class=\"woocommerce-product-attributes-item woocommerce-product-attributes-item--attribute_%ce%b5%cf%80%ce%b9%ce%bb%ce%b5%ce%ba%cf%84%ce%b9%ce%ba%cf%8c%cf%82-%ce%b1%cf%80%ce%bf%cf%81%cf%81%ce%bf%cf%86%ce%b7%cf%84%ce%ae%cf%82-%cf%84%ce%b9%cf%84%ce%b1%ce%bd%ce%af%ce%bf%cf%85\">\n<th class=\"woocommerce-product-attributes-item__label\" style=\"width: 211.963px;\"><span style=\"color: #008000;\"><strong>Absorbeur s\u00e9lectif\u00a0 <\/strong>en\u00a0 titane <\/span><\/th>\n<td class=\"woocommerce-product-attributes-item__value\" style=\"width: 728.037px;\">Tubes en cuivre soud\u00e9s au laser<\/td>\n<\/tr>\n<tr class=\"woocommerce-product-attributes-item woocommerce-product-attributes-item--attribute_%cf%83%cf%85%ce%bd%cf%84%ce%b5%ce%bb%ce%b5%cf%83%cf%84%ce%ae%cf%82-%ce%b1%cf%80%ce%bf%cf%81%cf%81%cf%8c%cf%86%ce%b7%cf%83%ce%b7%cf%82\">\n<th class=\"woocommerce-product-attributes-item__label\" style=\"width: 211.963px;\"><span style=\"color: #008000;\"><strong>Coefficient d&rsquo; absorption<\/strong> <\/span><\/th>\n<td class=\"woocommerce-product-attributes-item__value\" style=\"width: 728.037px;\">\u03b1 \u2265 0.95 \u00b1 0.02<\/td>\n<\/tr>\n<tr class=\"woocommerce-product-attributes-item woocommerce-product-attributes-item--attribute_%cf%83%cf%85%ce%bd%cf%84%ce%b5%ce%bb%ce%b5%cf%83%cf%84%ce%ae%cf%82-%ce%b5%ce%ba%cf%80%ce%bf%ce%bc%cf%80%ce%ae%cf%82\">\n<th class=\"woocommerce-product-attributes-item__label\" style=\"width: 211.963px;\"><span style=\"color: #008000;\"><strong>Coefficient d&rsquo; \u00e9mission<\/strong><\/span><\/th>\n<td class=\"woocommerce-product-attributes-item__value\" style=\"width: 728.037px;\">\u03b5 \u2264 0.05 \u00b1 0.02<\/td>\n<\/tr>\n<tr class=\"woocommerce-product-attributes-item woocommerce-product-attributes-item--attribute_%ce%ac%ce%b8%cf%81%ce%b1%cf%85%cf%83%cf%84%ce%bf-%ce%ba%cf%81%cf%8d%cf%83%cf%84%ce%b1%ce%bb%ce%bb%ce%bf-%ce%b1%cf%83%cf%86%ce%b1%ce%bb%ce%b5%ce%af%ce%b1%cf%82\">\n<th class=\"woocommerce-product-attributes-item__label\" style=\"width: 211.963px;\"><span style=\"color: #008000;\"><strong>Verre de s\u00e9curit\u00e9 <\/strong><\/span><\/th>\n<td class=\"woocommerce-product-attributes-item__value\" style=\"width: 728.037px;\">\u00e0 faible teneur en fer, \u00e9paisseur de\u00a0 3.2mm .<\/td>\n<\/tr>\n<tr class=\"woocommerce-product-attributes-item woocommerce-product-attributes-item--attribute_%ce%b2%ce%ac%cf%83%ce%b7-%ce%b7%ce%bb%ce%b9%ce%b1%ce%ba%ce%bf%cf%8d-%ce%b8%ce%b5%cf%81%ce%bc%ce%bf%cf%83%ce%af%cf%86%cf%89%ce%bd%ce%b1\">\n<th class=\"woocommerce-product-attributes-item__label\" style=\"width: 211.963px;\"><span style=\"color: #008000;\">Support<\/span><\/th>\n<td class=\"woocommerce-product-attributes-item__value\" style=\"width: 728.037px;\">Diff\u00e9rents mod\u00e8les pour 0, 26 et 45 degr\u00e9s, en acier galvanis\u00e9 \u00e0 chaud<\/td>\n<\/tr>\n<\/tbody>\n<\/table>\n","protected":false},"featured_media":1488,"comment_status":"open","ping_status":"closed","template":"","meta":[],"product_brand":[],"product_cat":[58],"product_tag":[73,76,74,75],"class_list":{"0":"post-2434","1":"product","2":"type-product","3":"status-publish","4":"has-post-thumbnail","6":"product_cat-hliakoi-thermosifones","7":"product_tag-gl-120-200","8":"product_tag-glass-gl","9":"product_tag-74","10":"product_tag-75","12":"first","13":"instock","14":"product-type-simple"},"_links":{"self":[{"href":"https:\/\/cosmosolar.com\/fr\/wp-json\/wp\/v2\/product\/2434","targetHints":{"allow":["GET"]}}],"collection":[{"href":"https:\/\/cosmosolar.com\/fr\/wp-json\/wp\/v2\/product"}],"about":[{"href":"https:\/\/cosmosolar.com\/fr\/wp-json\/wp\/v2\/types\/product"}],"replies":[{"embeddable":true,"href":"https:\/\/cosmosolar.com\/fr\/wp-json\/wp\/v2\/comments?post=2434"}],"wp:featuredmedia":[{"embeddable":true,"href":"https:\/\/cosmosolar.com\/fr\/wp-json\/wp\/v2\/media\/1488"}],"wp:attachment":[{"href":"https:\/\/cosmosolar.com\/fr\/wp-json\/wp\/v2\/media?parent=2434"}],"wp:term":[{"taxonomy":"product_brand","embeddable":true,"href":"https:\/\/cosmosolar.com\/fr\/wp-json\/wp\/v2\/product_brand?post=2434"},{"taxonomy":"product_cat","embeddable":true,"href":"https:\/\/cosmosolar.com\/fr\/wp-json\/wp\/v2\/product_cat?post=2434"},{"taxonomy":"product_tag","embeddable":true,"href":"https:\/\/cosmosolar.com\/fr\/wp-json\/wp\/v2\/product_tag?post=2434"}],"curies":[{"name":"wp","href":"https:\/\/api.w.org\/{rel}","templated":true}]}}