{"id":2428,"date":"2023-07-04T20:09:59","date_gmt":"2023-07-04T18:09:59","guid":{"rendered":"https:\/\/cosmosolar.com\/?post_type=product&#038;p=2428"},"modified":"2025-11-25T16:05:33","modified_gmt":"2025-11-25T14:05:33","slug":"%ce%b7%ce%bb%ce%b9%ce%b1%ce%ba%ce%bf%ce%af-%ce%b8%ce%b5%cf%81%ce%bc%ce%bf%cf%83%ce%af%cf%86%cf%89%ce%bd%ce%b5%cf%82-inox-in-120-200","status":"publish","type":"product","link":"https:\/\/cosmosolar.com\/fr\/product\/%ce%b7%ce%bb%ce%b9%ce%b1%ce%ba%ce%bf%ce%af-%ce%b8%ce%b5%cf%81%ce%bc%ce%bf%cf%83%ce%af%cf%86%cf%89%ce%bd%ce%b5%cf%82-inox-in-120-200\/","title":{"rendered":"Chauffe-eau solaires INOX | IN 120 \u2013 300"},"content":{"rendered":"<table class=\"rtable rtable--flip\">\n<thead>\n<tr>\n<th style=\"text-align: center;\">MOD\u00c8LE<\/th>\n<th style=\"text-align: center;\"><strong>CAPTEUR<\/strong><\/th>\n<th style=\"text-align: center;\"><strong>Nombre DE CAPTEURS<\/strong><\/th>\n<th style=\"text-align: center;\"><strong>SURFACE BRUTE TOTALE (m\u00b2)<\/strong><\/th>\n<\/tr>\n<\/thead>\n<tbody>\n<tr>\n<td style=\"text-align: center;\">IN 120\/1,95 VER<\/td>\n<td style=\"text-align: center;\">EPI 30 NV<\/td>\n<td style=\"text-align: center;\">1 x 1,95 m\u00b2<\/td>\n<td style=\"text-align: center;\">1,95<\/td>\n<\/tr>\n<tr>\n<td style=\"text-align: center;\">IN 120\/2,00 HOR<\/td>\n<td style=\"text-align: center;\">EPI 25 NV<\/td>\n<td style=\"text-align: center;\">1 x 2,00 m\u00b2<\/td>\n<td style=\"text-align: center;\">2,00<\/td>\n<\/tr>\n<tr>\n<td style=\"text-align: center;\">IN 150\/2,24 VER<\/td>\n<td style=\"text-align: center;\">EPI 16 NV<\/td>\n<td style=\"text-align: center;\">1 x 2,24 m\u00b2<\/td>\n<td style=\"text-align: center;\">2,24<\/td>\n<\/tr>\n<tr>\n<td style=\"text-align: center;\">IN 150\/2,24 HOR<\/td>\n<td style=\"text-align: center;\">EPI 16 NV<\/td>\n<td style=\"text-align: center;\">1 x 2,24 m\u00b2<\/td>\n<td style=\"text-align: center;\">2,24<\/td>\n<\/tr>\n<tr>\n<td style=\"text-align: center;\">IN 170\/2,53 VER<\/td>\n<td style=\"text-align: center;\">EPI 54 NV<\/td>\n<td style=\"text-align: center;\">1 x 2,53 m\u00b2<\/td>\n<td style=\"text-align: center;\">2,53<\/td>\n<\/tr>\n<tr>\n<td style=\"text-align: center;\">IN 170\/3,00 VER<\/td>\n<td style=\"text-align: center;\">EPI 56 KNV<\/td>\n<td style=\"text-align: center;\">1 x 3,00 m\u00b2<\/td>\n<td style=\"text-align: center;\">3,00<\/td>\n<\/tr>\n<tr>\n<td style=\"text-align: center;\">IN 170\/3,10 VER<\/td>\n<td style=\"text-align: center;\">EPI 20 NV<\/td>\n<td style=\"text-align: center;\">1 x 1,55 m\u00b2<\/td>\n<td style=\"text-align: center;\">3,10<\/td>\n<\/tr>\n<tr>\n<td style=\"text-align: center;\">IN 200\/3,10 VER<\/td>\n<td style=\"text-align: center;\">EPI 20 NV<\/td>\n<td style=\"text-align: center;\">1 x 1,55 m\u00b2<\/td>\n<td style=\"text-align: center;\">3,10<\/td>\n<\/tr>\n<tr>\n<td style=\"text-align: center;\">IN 200\/3,00 HOR<\/td>\n<td style=\"text-align: center;\">EPI 56 KNV<\/td>\n<td style=\"text-align: center;\">1 x 3,00 m\u00b2<\/td>\n<td style=\"text-align: center;\">3,00<\/td>\n<\/tr>\n<tr>\n<td style=\"text-align: center;\">IN 200\/3,00 VER<\/td>\n<td style=\"text-align: center;\">EPI 56 KNV<\/td>\n<td style=\"text-align: center;\">1 x 3,00 m\u00b2<\/td>\n<td style=\"text-align: center;\">3,00<\/td>\n<\/tr>\n<tr>\n<td style=\"text-align: center;\">IN 200\/4,00 VER<\/td>\n<td style=\"text-align: center;\">EPI 25 NV<\/td>\n<td style=\"text-align: center;\">2 x 2,00 m\u00b2<\/td>\n<td style=\"text-align: center;\">4,00<\/td>\n<\/tr>\n<tr>\n<td style=\"text-align: center;\">IN 300\/4,00 VER<\/td>\n<td style=\"text-align: center;\">EPI 25 NV<\/td>\n<td style=\"text-align: center;\">2 x 2,00 m\u00b2<\/td>\n<td style=\"text-align: center;\">4,00<\/td>\n<\/tr>\n<\/tbody>\n<\/table>\n<p><img loading=\"lazy\" decoding=\"async\" class=\"aligncenter wp-image-2107 size-full\" style=\"color: #787878; font-family: 'Open Sans', sans-serif; font-size: 14px;\" src=\"https:\/\/cosmosolar.com\/wp-content\/uploads\/2020\/04\/skyland-dimensions.jpg\" alt=\"\" width=\"581\" height=\"383\" srcset=\"https:\/\/cosmosolar.com\/wp-content\/uploads\/2020\/04\/skyland-dimensions.jpg 581w, https:\/\/cosmosolar.com\/wp-content\/uploads\/2020\/04\/skyland-dimensions-300x198.jpg 300w\" sizes=\"auto, (max-width: 581px) 100vw, 581px\" \/><\/p>\n<table class=\"rtable rtable--flip\" style=\"width: 973px;\">\n<thead>\n<tr>\n<th style=\"text-align: center; width: 85px;\"><strong>MOD\u00c8LE<\/strong><\/th>\n<th style=\"text-align: center; width: 102px;\"><strong>Nombre DE CAPTEURS<\/strong><\/th>\n<th style=\"text-align: center; width: 111px;\"><strong>SURFACE BRUTE TOTALE (m\u00b2)<\/strong><\/th>\n<th class=\"colspan2\" style=\"text-align: center; width: 135px;\" colspan=\"2\"><strong>\u00a0DIMENSIONS BALLON\u00a0 \u00a0(mm)<\/strong><\/th>\n<th class=\"colspan3\" style=\"text-align: center; width: 169px;\" colspan=\"3\"><strong>\u00a0DIMENSIONS CAPTEUR (mm)<\/strong><\/th>\n<th style=\"text-align: center; width: 46px;\"><strong>(mm)<\/strong><\/th>\n<th style=\"text-align: center; width: 46px;\"><strong>(mm)<\/strong><\/th>\n<th style=\"text-align: center; width: 46px;\"><strong>(mm)<\/strong><\/th>\n<th style=\"text-align: center; width: 46px;\"><strong>(mm)<\/strong><\/th>\n<th style=\"text-align: center; width: 108px;\"><strong>POIDS \u00c0 VIDE\u00a0 (kg)<\/strong><\/th>\n<\/tr>\n<\/thead>\n<tbody>\n<tr>\n<td style=\"text-align: center; width: 85px;\"><\/td>\n<td style=\"text-align: center; width: 102px;\"><\/td>\n<td style=\"text-align: center; width: 111px;\"><\/td>\n<td style=\"text-align: center; width: 60px;\"><strong>\u0391<\/strong><\/td>\n<td style=\"text-align: center; width: 75px;\"><strong>\u0392<\/strong><\/td>\n<td style=\"text-align: center; width: 66px;\"><strong>C<\/strong><\/td>\n<td style=\"text-align: center; width: 10px;\"><strong>D<\/strong><\/td>\n<td style=\"text-align: center; width: 93px;\"><strong>E<\/strong><\/td>\n<td style=\"text-align: center; width: 46px;\"><strong>F<\/strong><\/td>\n<td style=\"text-align: center; width: 46px;\"><strong>G<\/strong><\/td>\n<td style=\"text-align: center; width: 46px;\"><strong>H<\/strong><\/td>\n<td style=\"text-align: center; width: 46px;\"><strong>I<\/strong><\/td>\n<td style=\"text-align: center; width: 108px;\"><\/td>\n<\/tr>\n<tr>\n<td style=\"text-align: center; width: 85px;\">IN 120\/1,95 VER<\/td>\n<td style=\"text-align: center; width: 102px;\">1 x 1,95<\/td>\n<td style=\"text-align: center; width: 111px;\">1,95<\/td>\n<td style=\"text-align: center; width: 60px;\">500<\/td>\n<td style=\"text-align: center; width: 75px;\">1120<\/td>\n<td style=\"text-align: center; width: 66px;\">1317<\/td>\n<td style=\"text-align: center; width: 10px;\">1517<\/td>\n<td style=\"text-align: center; width: 93px;\">85<\/td>\n<td style=\"text-align: center; width: 46px;\">1317<\/td>\n<td style=\"text-align: center; width: 46px;\">1550<\/td>\n<td style=\"text-align: center; width: 46px;\">860<\/td>\n<td style=\"text-align: center; width: 46px;\">1750<\/td>\n<td style=\"text-align: center; width: 108px;\">93,50<\/td>\n<\/tr>\n<tr>\n<td style=\"text-align: center; width: 85px;\">IN 120\/2,00 VER<\/td>\n<td style=\"text-align: center; width: 102px;\">1 x 2,00<\/td>\n<td style=\"text-align: center; width: 111px;\">2,00<\/td>\n<td style=\"text-align: center; width: 60px;\">500<\/td>\n<td style=\"text-align: center; width: 75px;\">1120<\/td>\n<td style=\"text-align: center; width: 66px;\">2017<\/td>\n<td style=\"text-align: center; width: 10px;\">1017<\/td>\n<td style=\"text-align: center; width: 93px;\">85<\/td>\n<td style=\"text-align: center; width: 46px;\">2017<\/td>\n<td style=\"text-align: center; width: 46px;\">1125<\/td>\n<td style=\"text-align: center; width: 46px;\">860<\/td>\n<td style=\"text-align: center; width: 46px;\">1405<\/td>\n<td style=\"text-align: center; width: 108px;\">108,00<\/td>\n<\/tr>\n<tr>\n<td style=\"text-align: center; width: 85px;\">IN 150\/2,24 HOR<\/td>\n<td style=\"text-align: center; width: 102px;\">1 x 2,24<\/td>\n<td style=\"text-align: center; width: 111px;\">2,24<\/td>\n<td style=\"text-align: center; width: 60px;\">500<\/td>\n<td style=\"text-align: center; width: 75px;\">1300<\/td>\n<td style=\"text-align: center; width: 66px;\">1197<\/td>\n<td style=\"text-align: center; width: 10px;\">1917<\/td>\n<td style=\"text-align: center; width: 93px;\">85<\/td>\n<td style=\"text-align: center; width: 46px;\">1197<\/td>\n<td style=\"text-align: center; width: 46px;\">1830<\/td>\n<td style=\"text-align: center; width: 46px;\">1080<\/td>\n<td style=\"text-align: center; width: 46px;\">2000<\/td>\n<td style=\"text-align: center; width: 108px;\">108,00<\/td>\n<\/tr>\n<tr>\n<td style=\"text-align: center; width: 85px;\">IN 150\/2,24 VER<\/td>\n<td style=\"text-align: center; width: 102px;\">1 x 2,24<\/td>\n<td style=\"text-align: center; width: 111px;\">2,24<\/td>\n<td style=\"text-align: center; width: 60px;\">500<\/td>\n<td style=\"text-align: center; width: 75px;\">1300<\/td>\n<td style=\"text-align: center; width: 66px;\">1917<\/td>\n<td style=\"text-align: center; width: 10px;\">1197<\/td>\n<td style=\"text-align: center; width: 93px;\">85<\/td>\n<td style=\"text-align: center; width: 46px;\">1917<\/td>\n<td style=\"text-align: center; width: 46px;\">1370<\/td>\n<td style=\"text-align: center; width: 46px;\">1080<\/td>\n<td style=\"text-align: center; width: 46px;\">1500<\/td>\n<td style=\"text-align: center; width: 108px;\">114,00<\/td>\n<\/tr>\n<tr>\n<td style=\"text-align: center; width: 85px;\">IN 170\/2,53 HOR<\/td>\n<td style=\"text-align: center; width: 102px;\">1 x 2,53<\/td>\n<td style=\"text-align: center; width: 111px;\">2,53<\/td>\n<td style=\"text-align: center; width: 60px;\">580<\/td>\n<td style=\"text-align: center; width: 75px;\">1200<\/td>\n<td style=\"text-align: center; width: 66px;\">1277<\/td>\n<td style=\"text-align: center; width: 10px;\">2017<\/td>\n<td style=\"text-align: center; width: 93px;\">85<\/td>\n<td style=\"text-align: center; width: 46px;\">1277<\/td>\n<td style=\"text-align: center; width: 46px;\">1955<\/td>\n<td style=\"text-align: center; width: 46px;\">1080<\/td>\n<td style=\"text-align: center; width: 46px;\">2000<\/td>\n<td style=\"text-align: center; width: 108px;\">125,00<\/td>\n<\/tr>\n<tr>\n<td style=\"text-align: center; width: 85px;\">IN 170\/3,00 VER<\/td>\n<td style=\"text-align: center; width: 102px;\">1 x 3,00<\/td>\n<td style=\"text-align: center; width: 111px;\">3,00<\/td>\n<td style=\"text-align: center; width: 60px;\">580<\/td>\n<td style=\"text-align: center; width: 75px;\">1200<\/td>\n<td style=\"text-align: center; width: 66px;\">2017<\/td>\n<td style=\"text-align: center; width: 10px;\">1517<\/td>\n<td style=\"text-align: center; width: 93px;\">85<\/td>\n<td style=\"text-align: center; width: 46px;\">2017<\/td>\n<td style=\"text-align: center; width: 46px;\">1550<\/td>\n<td style=\"text-align: center; width: 46px;\">1080<\/td>\n<td style=\"text-align: center; width: 46px;\">1750<\/td>\n<td style=\"text-align: center; width: 108px;\">121,00<\/td>\n<\/tr>\n<tr>\n<td style=\"text-align: center; width: 85px;\">IN 170\/3,10 VER<\/td>\n<td style=\"text-align: center; width: 102px;\">2 x 1,55<\/td>\n<td style=\"text-align: center; width: 111px;\">3,10<\/td>\n<td style=\"text-align: center; width: 60px;\">580<\/td>\n<td style=\"text-align: center; width: 75px;\">1200<\/td>\n<td style=\"text-align: center; width: 66px;\">1017<\/td>\n<td style=\"text-align: center; width: 10px;\">1517<\/td>\n<td style=\"text-align: center; width: 93px;\">85<\/td>\n<td style=\"text-align: center; width: 46px;\">2184<\/td>\n<td style=\"text-align: center; width: 46px;\">1550<\/td>\n<td style=\"text-align: center; width: 46px;\">1080<\/td>\n<td style=\"text-align: center; width: 46px;\">1750<\/td>\n<td style=\"text-align: center; width: 108px;\">140,00<\/td>\n<\/tr>\n<tr>\n<td style=\"text-align: center; width: 85px;\">IN 200\/3,00 VER<\/td>\n<td style=\"text-align: center; width: 102px;\">1 x 3,00<\/td>\n<td style=\"text-align: center; width: 111px;\">3,00<\/td>\n<td style=\"text-align: center; width: 60px;\">580<\/td>\n<td style=\"text-align: center; width: 75px;\">1320<\/td>\n<td style=\"text-align: center; width: 66px;\">1017<\/td>\n<td style=\"text-align: center; width: 10px;\">1517<\/td>\n<td style=\"text-align: center; width: 93px;\">85<\/td>\n<td style=\"text-align: center; width: 46px;\">2184<\/td>\n<td style=\"text-align: center; width: 46px;\">1555<\/td>\n<td style=\"text-align: center; width: 46px;\">1080<\/td>\n<td style=\"text-align: center; width: 46px;\">1830<\/td>\n<td style=\"text-align: center; width: 108px;\">144,00<\/td>\n<\/tr>\n<tr>\n<td style=\"text-align: center; width: 85px;\">IN 200\/3,00 VER<\/td>\n<td style=\"text-align: center; width: 102px;\">1 x 3,00<\/td>\n<td style=\"text-align: center; width: 111px;\">3,00<\/td>\n<td style=\"text-align: center; width: 60px;\">580<\/td>\n<td style=\"text-align: center; width: 75px;\">1320<\/td>\n<td style=\"text-align: center; width: 66px;\">1517<\/td>\n<td style=\"text-align: center; width: 10px;\">2017<\/td>\n<td style=\"text-align: center; width: 93px;\">85<\/td>\n<td style=\"text-align: center; width: 46px;\">1517<\/td>\n<td style=\"text-align: center; width: 46px;\">1955<\/td>\n<td style=\"text-align: center; width: 46px;\">1080<\/td>\n<td style=\"text-align: center; width: 46px;\">2080<\/td>\n<td style=\"text-align: center; width: 108px;\">144,00<\/td>\n<\/tr>\n<tr>\n<td style=\"text-align: center; width: 85px;\">IN 200\/3,00 HOR<\/td>\n<td style=\"text-align: center; width: 102px;\">1 x 3,00<\/td>\n<td style=\"text-align: center; width: 111px;\">3,06<\/td>\n<td style=\"text-align: center; width: 60px;\">580<\/td>\n<td style=\"text-align: center; width: 75px;\">1320<\/td>\n<td style=\"text-align: center; width: 66px;\">2017<\/td>\n<td style=\"text-align: center; width: 10px;\">1517<\/td>\n<td style=\"text-align: center; width: 93px;\">85<\/td>\n<td style=\"text-align: center; width: 46px;\">2017<\/td>\n<td style=\"text-align: center; width: 46px;\">1550<\/td>\n<td style=\"text-align: center; width: 46px;\">1080<\/td>\n<td style=\"text-align: center; width: 46px;\">1830<\/td>\n<td style=\"text-align: center; width: 108px;\">144,00<\/td>\n<\/tr>\n<tr>\n<td style=\"text-align: center; width: 85px;\">IN 200\/4,00 VER<\/td>\n<td style=\"text-align: center; width: 102px;\">2 x 2,00<\/td>\n<td style=\"text-align: center; width: 111px;\">4,00<\/td>\n<td style=\"text-align: center; width: 60px;\">580<\/td>\n<td style=\"text-align: center; width: 75px;\">1320<\/td>\n<td style=\"text-align: center; width: 66px;\">1017<\/td>\n<td style=\"text-align: center; width: 10px;\">2017<\/td>\n<td style=\"text-align: center; width: 93px;\">85<\/td>\n<td style=\"text-align: center; width: 46px;\"><\/td>\n<td style=\"text-align: center; width: 46px;\"><\/td>\n<td style=\"text-align: center; width: 46px;\"><\/td>\n<td style=\"text-align: center; width: 46px;\"><\/td>\n<td style=\"text-align: center; width: 108px;\"><\/td>\n<\/tr>\n<tr>\n<td style=\"text-align: center; width: 85px;\">IN 300\/4,00 VER<\/td>\n<td style=\"text-align: center; width: 102px;\">2 x 2,00<\/td>\n<td style=\"text-align: center; width: 111px;\">4,00<\/td>\n<td style=\"text-align: center; width: 60px;\">580<\/td>\n<td style=\"text-align: center; width: 75px;\">1820<\/td>\n<td style=\"text-align: center; width: 66px;\">1017<\/td>\n<td style=\"text-align: center; width: 10px;\">2017<\/td>\n<td style=\"text-align: center; width: 93px;\">85<\/td>\n<td style=\"text-align: center; width: 46px;\"><\/td>\n<td style=\"text-align: center; width: 46px;\"><\/td>\n<td style=\"text-align: center; width: 46px;\"><\/td>\n<td style=\"text-align: center; width: 46px;\"><\/td>\n<td style=\"text-align: center; width: 108px;\"><\/td>\n<\/tr>\n<\/tbody>\n<\/table>\n","protected":false},"excerpt":{"rendered":"<p><span style=\"color: #ff6600;\"><strong>DONN\u00c9ES TECHNIQUES<\/strong><\/span><br \/>\n<span style=\"color: #ff6600;\"><strong>CHAUFFE &#8211; EAU SOLAIRES EN\u00a0 INOX\u00a0 iNOX AISI 316L GAMME \u0399\u039d<\/strong><\/span><\/p>\n<table class=\"woocommerce-product-attributes shop_attributes\" style=\"width: 906.237px;\">\n<tbody>\n<tr class=\"woocommerce-product-attributes-item woocommerce-product-attributes-item--attribute_%ce%b5%ce%be%cf%89%cf%84%ce%b5%cf%81%ce%b9%ce%ba%cf%8c-%cf%80%ce%b5%cf%81%ce%af%ce%b2%ce%bb%ce%b7%ce%bc%ce%b1-%ce%b8%ce%b5%cf%81%ce%bc%ce%bf%ce%b4%ce%bf%cf%87%ce%b5%ce%af%ce%bf%cf%85\">\n<th class=\"woocommerce-product-attributes-item__label\" style=\"width: 168px;\"><span style=\"color: #008000;\">Enveloppe ext\u00e9rieure du r\u00e9servoir<\/span><\/th>\n<td class=\"woocommerce-product-attributes-item__value\" style=\"width: 721.237px;\">en feuille d&rsquo;aluminium, peinture \u00e9lectrostatique de type Seaside Glass pour une\u00a0 protection optimale<\/td>\n<\/tr>\n<tr class=\"woocommerce-product-attributes-item woocommerce-product-attributes-item--attribute_%cf%87%cf%81%cf%8e%ce%bc%ce%b1\">\n<th class=\"woocommerce-product-attributes-item__label\" style=\"width: 168px;\"><span style=\"color: #008000;\">Couleur<\/span><\/th>\n<td class=\"woocommerce-product-attributes-item__value\" style=\"width: 721.237px;\">RAL9006<\/td>\n<\/tr>\n<tr class=\"woocommerce-product-attributes-item woocommerce-product-attributes-item--attribute_%ce%b5%cf%83%cf%89%cf%84%ce%b5%cf%81%ce%b9%ce%ba%cf%8c-%ce%bc%ce%ad%cf%81%ce%bf%cf%82-%ce%b8%ce%b5%cf%81%ce%bc%ce%bf%ce%b4%ce%bf%cf%87%ce%b5%ce%af%ce%bf%cf%85\">\n<th class=\"woocommerce-product-attributes-item__label\" style=\"width: 168px;\"><span style=\"color: #008000;\">Partie\u00a0 int\u00e9rieure du r\u00e9servoir\u00a0<\/span><\/th>\n<td class=\"woocommerce-product-attributes-item__value\" style=\"width: 721.237px;\">en acier inoxydable AISI 316L d&rsquo;une \u00e9paisseur de 2,0 mm<\/td>\n<\/tr>\n<tr class=\"woocommerce-product-attributes-item woocommerce-product-attributes-item--attribute_%ce%bc%ce%b1%ce%bd%ce%b4%cf%8d%ce%b1%cf%82-%ce%ba%ce%bb%ce%b5%ce%b9%cf%83%cf%84%ce%bf%cf%8d-%ce%ba%cf%85%ce%ba%ce%bb%cf%8e%ce%bc%ce%b1%cf%84%ce%bf%cf%82\">\n<th class=\"woocommerce-product-attributes-item__label\" style=\"width: 168px;\"><span style=\"color: #008000;\">Jacket du circuit ferm\u00e9<\/span><\/th>\n<td class=\"woocommerce-product-attributes-item__value\" style=\"width: 721.237px;\">en acier inoxydable AISI 316L d&rsquo;une \u00e9paisseur de 1,20 mm<\/td>\n<\/tr>\n<tr class=\"woocommerce-product-attributes-item woocommerce-product-attributes-item--attribute_%ce%bc%cf%8c%ce%bd%cf%89%cf%83%ce%b7-%ce%b8%ce%b5%cf%81%ce%bc%ce%bf%ce%b4%ce%bf%cf%87%ce%b5%ce%af%ce%bf%cf%85\">\n<th class=\"woocommerce-product-attributes-item__label\" style=\"width: 168px;\"><span style=\"color: #008000;\">Isolation de ballon thermique<\/span><\/th>\n<td class=\"woocommerce-product-attributes-item__value\" style=\"width: 721.237px;\">en polyur\u00e9thane expans\u00e9 \u00e9cologique [52 kg\/m\u00b3] d&rsquo;une \u00e9paisseur de 50 mm sans CFC<\/td>\n<\/tr>\n<tr class=\"woocommerce-product-attributes-item woocommerce-product-attributes-item--attribute_%ce%ba%ce%b1%ce%b8%ce%bf%ce%b4%ce%b9%ce%ba%ce%ae-%cf%80%cf%81%ce%bf%cf%83%cf%84%ce%b1%cf%83%ce%af%ce%b1-%ce%b1%cf%80%cf%8c-%cf%84%ce%bf-%cf%86%ce%b1%ce%b9%ce%bd%cf%8c%ce%bc%ce%b5%ce%bd%ce%bf-%cf%84\">\n<th class=\"woocommerce-product-attributes-item__label\" style=\"width: 168px;\"><span style=\"color: #008000;\">Protection cathodique contre le ph\u00e9nom\u00e8ne d&rsquo;\u00e9lectrolyse<\/span><\/th>\n<td class=\"woocommerce-product-attributes-item__value\" style=\"width: 721.237px;\">tige en magn\u00e9sium de diam\u00e8tre\u00a0\u220522mm \u03ba\u03b1\u03b9 L = 500mm<\/td>\n<\/tr>\n<tr class=\"woocommerce-product-attributes-item woocommerce-product-attributes-item--attribute_%ce%b7%ce%bb%ce%b5%ce%ba%cf%84%cf%81%ce%b9%ce%ba%ce%ae-%ce%b1%ce%bd%cf%84%ce%af%cf%83%cf%84%ce%b1%cf%83%ce%b7\">\n<th class=\"woocommerce-product-attributes-item__label\" style=\"width: 168px;\"><span style=\"color: #008000;\">R\u00e9sistance \u00e9lectrique<\/span><\/th>\n<td class=\"woocommerce-product-attributes-item__value\" style=\"width: 721.237px;\">4 kW avec thermostat de s\u00e9curit\u00e9<\/td>\n<\/tr>\n<tr class=\"woocommerce-product-attributes-item woocommerce-product-attributes-item--attribute_%ce%b5%ce%bd%ce%b1%ce%bb%ce%bb%ce%ac%ce%ba%cf%84%ce%b7%cf%82\">\n<th class=\"woocommerce-product-attributes-item__label\" style=\"width: 168px;\"><span style=\"color: #008000;\">\u00c9changeur<\/span><\/th>\n<td class=\"woocommerce-product-attributes-item__value\" style=\"width: 721.237px;\">en acier inoxydable iNOX pour fonctionnement avec le chauffage central<\/td>\n<\/tr>\n<tr class=\"woocommerce-product-attributes-item woocommerce-product-attributes-item--attribute_%cf%80%ce%bb%ce%b1%ce%af%cf%83%ce%b9%ce%bf-%cf%83%cf%85%ce%bb%ce%bb%ce%ad%ce%ba%cf%84%ce%b7\">\n<th class=\"woocommerce-product-attributes-item__label\" style=\"width: 168px;\"><span style=\"color: #008000;\">Cadre du capteur<\/span><\/th>\n<td class=\"woocommerce-product-attributes-item__value\" style=\"width: 721.237px;\">alliage sp\u00e9cial d&rsquo;aluminium (Al Mg Si 0,5) , peinture \u00e9lectrostatique de type Seaside Class pour une meilleure protection.<\/td>\n<\/tr>\n<tr class=\"woocommerce-product-attributes-item woocommerce-product-attributes-item--attribute_%ce%b5%cf%80%ce%b9%ce%bb%ce%b5%ce%ba%cf%84%ce%b9%ce%ba%cf%8c%cf%82-%ce%b1%cf%80%ce%bf%cf%81%cf%81%ce%bf%cf%86%ce%b7%cf%84%ce%ae%cf%82-%cf%84%ce%b9%cf%84%ce%b1%ce%bd%ce%af%ce%bf%cf%85\">\n<th class=\"woocommerce-product-attributes-item__label\" style=\"width: 168px;\"><span style=\"color: #008000;\">Absorbeur s\u00e9lectif en titane<\/span><\/th>\n<td class=\"woocommerce-product-attributes-item__value\" style=\"width: 721.237px;\">avec un rev\u00eatement sp\u00e9cial sous vide, \u00e0 haute absorption et faible \u00e9mission, augmentant la capacit\u00e9 d&rsquo;absorption du capteur, soud\u00e9 au laser pour une transmission directe de la chaleur vers le fluide thermique.<\/td>\n<\/tr>\n<tr class=\"woocommerce-product-attributes-item woocommerce-product-attributes-item--attribute_%cf%83%cf%85%ce%bd%cf%84%ce%b5%ce%bb%ce%b5%cf%83%cf%84%ce%ae%cf%82-%ce%b1%cf%80%ce%bf%cf%81%cf%81%cf%8c%cf%86%ce%b7%cf%83%ce%b7%cf%82\">\n<th class=\"woocommerce-product-attributes-item__label\" style=\"width: 168px;\"><span style=\"color: #008000;\">Coefficient d&rsquo;absorption<\/span><\/th>\n<td class=\"woocommerce-product-attributes-item__value\" style=\"width: 721.237px;\">surface s\u00e9lective avec \u03b1 \u2265 0,95 \u00b1 0,02<\/td>\n<\/tr>\n<tr class=\"woocommerce-product-attributes-item woocommerce-product-attributes-item--attribute_%cf%83%cf%85%ce%bd%cf%84%ce%b5%ce%bb%ce%b5%cf%83%cf%84%ce%ae%cf%82-%ce%b5%ce%ba%cf%80%ce%bf%ce%bc%cf%80%ce%ae%cf%82\">\n<th class=\"woocommerce-product-attributes-item__label\" style=\"width: 168px;\"><span style=\"color: #008000;\">Coefficient d&rsquo;\u00e9mission<\/span><\/th>\n<td class=\"woocommerce-product-attributes-item__value\" style=\"width: 721.237px;\">surface s\u00e9lective avec e \u2264 0,05 \u00b1 0,02<\/td>\n<\/tr>\n<tr class=\"woocommerce-product-attributes-item woocommerce-product-attributes-item--attribute_%ce%ac%ce%b8%cf%81%ce%b1%cf%85%cf%83%cf%84%ce%bf-%ce%ba%cf%81%cf%8d%cf%83%cf%84%ce%b1%ce%bb%ce%bb%ce%bf-%ce%b1%cf%83%cf%86%ce%b1%ce%bb%ce%b5%ce%af%ce%b1%cf%82\">\n<th class=\"woocommerce-product-attributes-item__label\" style=\"width: 168px;\"><span style=\"color: #008000;\">Verre de s\u00e9curit\u00e9\u00a0<\/span><\/th>\n<td class=\"woocommerce-product-attributes-item__value\" style=\"width: 721.237px;\">\u00a0d&rsquo;une \u00e9paisseur de 4 mm, avec un coefficient de perm\u00e9abilit\u00e9 \u03c4 \u2265 0,90, \u00e0 faible teneur en oxydes de fer (low iron) et coefficient de dilatation stable, r\u00e9sistant aux conditions climatiques d\u00e9favorables<\/td>\n<\/tr>\n<tr class=\"woocommerce-product-attributes-item woocommerce-product-attributes-item--attribute_%ce%b2%ce%ac%cf%83%ce%b7-%ce%b7%ce%bb%ce%b9%ce%b1%ce%ba%ce%bf%cf%8d-%ce%b8%ce%b5%cf%81%ce%bc%ce%bf%cf%83%ce%af%cf%86%cf%89%ce%bd%ce%b1\">\n<th class=\"woocommerce-product-attributes-item__label\" style=\"width: 168px;\"><span style=\"color: #008000;\">Support du chauffe-eau solaire <\/span><\/th>\n<td class=\"woocommerce-product-attributes-item__value\" style=\"width: 721.237px;\">rev\u00eatement en acier galvanis\u00e9 \u00e0 chaud<\/td>\n<\/tr>\n<\/tbody>\n<\/table>\n","protected":false},"featured_media":1571,"comment_status":"open","ping_status":"closed","template":"","meta":[],"product_brand":[],"product_cat":[58],"product_tag":[94,93,91,74,75],"class_list":{"0":"post-2428","1":"product","2":"type-product","3":"status-publish","4":"has-post-thumbnail","6":"product_cat-hliakoi-thermosifones","7":"product_tag-in","8":"product_tag-in-120-200","9":"product_tag-inox","10":"product_tag-74","11":"product_tag-75","13":"first","14":"instock","15":"taxable","16":"shipping-taxable","17":"product-type-simple"},"_links":{"self":[{"href":"https:\/\/cosmosolar.com\/fr\/wp-json\/wp\/v2\/product\/2428","targetHints":{"allow":["GET"]}}],"collection":[{"href":"https:\/\/cosmosolar.com\/fr\/wp-json\/wp\/v2\/product"}],"about":[{"href":"https:\/\/cosmosolar.com\/fr\/wp-json\/wp\/v2\/types\/product"}],"replies":[{"embeddable":true,"href":"https:\/\/cosmosolar.com\/fr\/wp-json\/wp\/v2\/comments?post=2428"}],"wp:featuredmedia":[{"embeddable":true,"href":"https:\/\/cosmosolar.com\/fr\/wp-json\/wp\/v2\/media\/1571"}],"wp:attachment":[{"href":"https:\/\/cosmosolar.com\/fr\/wp-json\/wp\/v2\/media?parent=2428"}],"wp:term":[{"taxonomy":"product_brand","embeddable":true,"href":"https:\/\/cosmosolar.com\/fr\/wp-json\/wp\/v2\/product_brand?post=2428"},{"taxonomy":"product_cat","embeddable":true,"href":"https:\/\/cosmosolar.com\/fr\/wp-json\/wp\/v2\/product_cat?post=2428"},{"taxonomy":"product_tag","embeddable":true,"href":"https:\/\/cosmosolar.com\/fr\/wp-json\/wp\/v2\/product_tag?post=2428"}],"curies":[{"name":"wp","href":"https:\/\/api.w.org\/{rel}","templated":true}]}}