{"id":1810,"date":"2020-04-22T10:28:52","date_gmt":"2020-04-22T10:28:52","guid":{"rendered":"https:\/\/www.cosmosolar.com\/?post_type=product&#038;p=1810"},"modified":"2026-04-27T21:42:43","modified_gmt":"2026-04-27T19:42:43","slug":"boiler-%ce%bb%ce%b5%ce%b2%ce%b7%cf%84%ce%bf%cf%83%cf%84%ce%b1%cf%83%ce%af%ce%bf%cf%85-750l-9000l","status":"publish","type":"product","link":"https:\/\/cosmosolar.com\/fr\/product\/boiler-%ce%bb%ce%b5%ce%b2%ce%b7%cf%84%ce%bf%cf%83%cf%84%ce%b1%cf%83%ce%af%ce%bf%cf%85-750l-9000l\/","title":{"rendered":"Ballons de stockage GLASS 160L-1000L"},"content":{"rendered":"<p><strong><em><span style=\"color: #0000ff;\">REMARQUES (possibilit\u00e9 d\u2019utiliser les options suivantes)<\/span><\/em><\/strong><\/p>\n<p>Rev\u00eatement ext\u00e9rieur en t\u00f4le m\u00e9tallique pr\u00e9laqu\u00e9e sur demande<br \/>\nR\u00e9sistance \u00e9lectrique triphas\u00e9e \u00e0 visser avec thermostat 1 \u00bd\u00a0\u00bb \u2013 6 kW ou 9 kW<\/p>\n<table class=\"rtable rtable--flip\">\n<tbody>\n<tr>\n<th><strong>CARACT\u00c9RISTIQUES TECHNIQUES<\/strong><\/th>\n<th><\/th>\n<th><\/th>\n<th><strong>BLGLL 160<\/strong><\/th>\n<th><strong>BLGLL 200<\/strong><\/th>\n<th><strong>BLGLL 300<\/strong><\/th>\n<th><strong>BLGLL 500<\/strong><\/th>\n<th><strong>BLGLL 800<\/strong><\/th>\n<th><strong>BLGLL 1000<\/strong><\/th>\n<\/tr>\n<tr>\n<td>Diam\u00e8tre int\u00e9rieur<\/td>\n<td><\/td>\n<td>mm<\/td>\n<td>480<\/td>\n<td>480<\/td>\n<td>510<\/td>\n<td>650<\/td>\n<td>850<\/td>\n<td>850<\/td>\n<\/tr>\n<tr>\n<td>Diam\u00e8tre ext\u00e9rieur<\/td>\n<td><\/td>\n<td>mm<\/td>\n<td>600<\/td>\n<td>600<\/td>\n<td>630<\/td>\n<td>850<\/td>\n<td>1050<\/td>\n<td>1050<\/td>\n<\/tr>\n<tr>\n<td>Hauteur du ballon<\/td>\n<td><\/td>\n<td>mm<\/td>\n<td>1070<\/td>\n<td>1460<\/td>\n<td>1800<\/td>\n<td>1800<\/td>\n<td>1800<\/td>\n<td>2000<\/td>\n<\/tr>\n<tr>\n<td>\u00c9paisseur du ballon<\/td>\n<td><\/td>\n<td>mm<\/td>\n<td>2,5<\/td>\n<td>2,5<\/td>\n<td>2,5<\/td>\n<td>3<\/td>\n<td>4<\/td>\n<td>4<\/td>\n<\/tr>\n<tr>\n<td>Temp\u00e9rature maximale<\/td>\n<td><\/td>\n<td>\u00b0C<\/td>\n<td>95<\/td>\n<td>95<\/td>\n<td>95<\/td>\n<td>95<\/td>\n<td>95<\/td>\n<td>95<\/td>\n<\/tr>\n<tr>\n<td>Pression maximale de service du ballon<\/td>\n<td><\/td>\n<td>bar<\/td>\n<td>10<\/td>\n<td>10<\/td>\n<td>10<\/td>\n<td>10<\/td>\n<td>10<\/td>\n<td>10<\/td>\n<\/tr>\n<tr>\n<td>Pression maximale eau sanitaire<\/td>\n<td><\/td>\n<td>bar<\/td>\n<td>10<\/td>\n<td>10<\/td>\n<td>10<\/td>\n<td>10<\/td>\n<td>10<\/td>\n<td>10<\/td>\n<\/tr>\n<tr>\n<td>Pression maximale circuit solaire<\/td>\n<td><\/td>\n<td>bar<\/td>\n<td>10<\/td>\n<td>10<\/td>\n<td>10<\/td>\n<td>10<\/td>\n<td>10<\/td>\n<td>10<\/td>\n<\/tr>\n<tr>\n<td>Pression maximale des \u00e9changeurs<\/td>\n<td><\/td>\n<td>bar<\/td>\n<td>16<\/td>\n<td>16<\/td>\n<td>16<\/td>\n<td>16<\/td>\n<td>16<\/td>\n<td>16<\/td>\n<\/tr>\n<tr>\n<td>Type d\u2019isolation (polyur\u00e9thane)<\/td>\n<td><\/td>\n<td><\/td>\n<td>Rigide<\/td>\n<td>Rigide<\/td>\n<td>Rigide<\/td>\n<td>Souple<\/td>\n<td>Souple<\/td>\n<td>Souple<\/td>\n<\/tr>\n<tr>\n<td>\u00c9paisseur d\u2019isolation<\/td>\n<td><\/td>\n<td>mm<\/td>\n<td>60<\/td>\n<td>60<\/td>\n<td>60<\/td>\n<td>100<\/td>\n<td>100<\/td>\n<td>100<\/td>\n<\/tr>\n<tr>\n<td>Temp\u00e9rature maximale de fonctionnement des \u00e9changeurs<\/td>\n<td><\/td>\n<td>\u00b0C<\/td>\n<td>130<\/td>\n<td>130<\/td>\n<td>130<\/td>\n<td>130<\/td>\n<td>130<\/td>\n<td>130<\/td>\n<\/tr>\n<tr>\n<td>Surface \u00e9changeur <strong>B<\/strong> (chaudi\u00e8re)<\/td>\n<td><\/td>\n<td>m\u00b2<\/td>\n<td>0,55<\/td>\n<td>0,80<\/td>\n<td>1,00<\/td>\n<td>1,23<\/td>\n<td>1,33<\/td>\n<td>1,99<\/td>\n<\/tr>\n<tr>\n<td>Surface \u00e9changeur <strong>A<\/strong> (solaire)<\/td>\n<td><\/td>\n<td>m\u00b2<\/td>\n<td>0,80<\/td>\n<td>1,00<\/td>\n<td>1,55<\/td>\n<td>1,95<\/td>\n<td>2,36<\/td>\n<td>2,99<\/td>\n<\/tr>\n<tr>\n<td>Volume \u00e9changeur <strong>B<\/strong> (chaudi\u00e8re)<\/td>\n<td><\/td>\n<td>L<\/td>\n<td>3,10<\/td>\n<td>5,10<\/td>\n<td>6,40<\/td>\n<td>7,80<\/td>\n<td>8,40<\/td>\n<td>12,70<\/td>\n<\/tr>\n<tr>\n<td>Volume \u00e9changeur <strong>A<\/strong> (solaire)<\/td>\n<td><\/td>\n<td>L<\/td>\n<td>5,10<\/td>\n<td>6,50<\/td>\n<td>10,00<\/td>\n<td>12,40<\/td>\n<td>14,90<\/td>\n<td>19,10<\/td>\n<\/tr>\n<tr>\n<td>Puissance \u00e9changeur <strong>B<\/strong> (chaudi\u00e8re)<\/td>\n<td><\/td>\n<td>kW \/ L\/h<\/td>\n<td>10,40 \/ 900<\/td>\n<td>13,60 \/ 900<\/td>\n<td>16,40 \/ 900<\/td>\n<td>19,20 \/ 900<\/td>\n<td>20,50 \/ 900<\/td>\n<td>25,50 \/ 900<\/td>\n<\/tr>\n<tr>\n<td>Puissance \u00e9changeur <strong>A<\/strong> (solaire)<\/td>\n<td><\/td>\n<td>kW \/ L\/h<\/td>\n<td>13,10 \/ 900<\/td>\n<td>14,40 \/ 900<\/td>\n<td>22,90 \/ 900<\/td>\n<td>25,80 \/ 900<\/td>\n<td>30,15 \/ 900<\/td>\n<td>38,50 \/ 900<\/td>\n<\/tr>\n<tr>\n<td>Raccords \u00e9changeur <strong>B<\/strong> (BIN\/BOU)<\/td>\n<td><\/td>\n<td>Inch<\/td>\n<td>1&Prime;<\/td>\n<td>1&Prime;<\/td>\n<td>1&Prime;<\/td>\n<td>1&Prime;<\/td>\n<td>1&Prime;<\/td>\n<td>1&Prime;<\/td>\n<\/tr>\n<tr>\n<td>Raccords \u00e9changeur <strong>A<\/strong> (AIN\/AOU)<\/td>\n<td><\/td>\n<td>Inch<\/td>\n<td>1&Prime;<\/td>\n<td>1&Prime;<\/td>\n<td>1&Prime;<\/td>\n<td>1&Prime;<\/td>\n<td>1&Prime;<\/td>\n<td>1&Prime;<\/td>\n<\/tr>\n<tr>\n<td>Entr\u00e9e eau froide <strong>CW<\/strong><\/td>\n<td><\/td>\n<td>Inch<\/td>\n<td>1&Prime;<\/td>\n<td>1&Prime;<\/td>\n<td>1&Prime;<\/td>\n<td>1&Prime;<\/td>\n<td>1 1\/2&Prime;<\/td>\n<td>1 1\/2&Prime;<\/td>\n<\/tr>\n<tr>\n<td>Sortie eau chaude <strong>HW<\/strong><\/td>\n<td><\/td>\n<td>Inch<\/td>\n<td>1&Prime;<\/td>\n<td>1&Prime;<\/td>\n<td>1&Prime;<\/td>\n<td>1&Prime;<\/td>\n<td>1 1\/2&Prime;<\/td>\n<td>1 1\/2&Prime;<\/td>\n<\/tr>\n<tr>\n<td>Recirculation R<\/td>\n<td><\/td>\n<td>Inch<\/td>\n<td>1&Prime;<\/td>\n<td>1&Prime;<\/td>\n<td>1&Prime;<\/td>\n<td>1&Prime;<\/td>\n<td>1 1\/2&Prime;<\/td>\n<td>1 1\/2&Prime;<\/td>\n<\/tr>\n<tr>\n<td>Raccord r\u00e9sistance \u00e9lectrique <strong>EH<\/strong><\/td>\n<td><\/td>\n<td>Inch<\/td>\n<td>1\/2&Prime;<\/td>\n<td>1\/2&Prime;<\/td>\n<td>1\/2&Prime;<\/td>\n<td>1\/2&Prime;<\/td>\n<td>1\/2&Prime;<\/td>\n<td>1\/2&Prime;<\/td>\n<\/tr>\n<tr>\n<td>Raccord sondes <strong>S1, S2, S3<\/strong><\/td>\n<td><\/td>\n<td>Inch<\/td>\n<td>1\/2&Prime;<\/td>\n<td>1\/2&Prime;<\/td>\n<td>1\/2&Prime;<\/td>\n<td>1\/2&Prime;<\/td>\n<td>1\/2&Prime;<\/td>\n<td>1\/2&Prime;<\/td>\n<\/tr>\n<tr>\n<td>Raccord thermom\u00e8tre <strong>TH<\/strong><\/td>\n<td><\/td>\n<td>Inch<\/td>\n<td>1\/2&Prime;<\/td>\n<td>1\/2&Prime;<\/td>\n<td>1\/2&Prime;<\/td>\n<td>1\/2&Prime;<\/td>\n<td>1\/2&Prime;<\/td>\n<td>1\/2&Prime;<\/td>\n<\/tr>\n<\/tbody>\n<\/table>\n","protected":false},"excerpt":{"rendered":"<table class=\"woocommerce-product-attributes shop_attributes\">\n<tbody>\n<tr class=\"woocommerce-product-attributes-item\">\n<th class=\"woocommerce-product-attributes-item__label\">Ballon<\/th>\n<td class=\"woocommerce-product-attributes-item__value\">En acier en faible teneur en oxyde de fer<\/td>\n<\/tr>\n<tr class=\"woocommerce-product-attributes-item\">\n<th class=\"woocommerce-product-attributes-item__label\">Protection<\/th>\n<td class=\"woocommerce-product-attributes-item__value\">\u00c9maillage selon DIN4753-1<\/td>\n<\/tr>\n<tr class=\"woocommerce-product-attributes-item\">\n<th class=\"woocommerce-product-attributes-item__label\">Protection contre la corrosion<\/th>\n<td class=\"woocommerce-product-attributes-item__value\">Tiges en magn\u00e9sium<\/td>\n<\/tr>\n<tr class=\"woocommerce-product-attributes-item\">\n<th class=\"woocommerce-product-attributes-item__label\">Mat\u00e9riau de l\u2019\u00e9changeur thermique<\/th>\n<td class=\"woocommerce-product-attributes-item__value\">Serpentin \u00e9maill\u00e9 en acier en faible teneur en oxyde de fer<\/td>\n<\/tr>\n<tr class=\"woocommerce-product-attributes-item\">\n<th class=\"woocommerce-product-attributes-item__label\">Pression max de fonctionnement du ballon<\/th>\n<td class=\"woocommerce-product-attributes-item__value\">10 bar<\/td>\n<\/tr>\n<tr class=\"woocommerce-product-attributes-item\">\n<th class=\"woocommerce-product-attributes-item__label\">Temp\u00e9rature max de fonctionnement du ballon<\/th>\n<td class=\"woocommerce-product-attributes-item__value\">95 \u00b0C<\/td>\n<\/tr>\n<tr class=\"woocommerce-product-attributes-item\">\n<th class=\"woocommerce-product-attributes-item__label\">Pression max de fonctionnement des \u00e9changeurs<\/th>\n<td class=\"woocommerce-product-attributes-item__value\">16 bar<\/td>\n<\/tr>\n<tr class=\"woocommerce-product-attributes-item\">\n<th class=\"woocommerce-product-attributes-item__label\">Temp\u00e9rature max de fonctionnement des \u00e9changeurs<\/th>\n<td class=\"woocommerce-product-attributes-item__value\">130 \u00b0C<\/td>\n<\/tr>\n<tr class=\"woocommerce-product-attributes-item\">\n<th class=\"woocommerce-product-attributes-item__label\">Isolation<\/th>\n<td class=\"woocommerce-product-attributes-item__value\">Ballons de 160 \u00e0 300 litres en polyur\u00e9thane expans\u00e9 de 60 mm d\u2019\u00e9paisseur et d\u2019une densit\u00e9 de 52 kg\/m3.Pour tous les autres ballons: polyur\u00e9thane souple de 100 mm d\u2019\u00e9paisseur<\/td>\n<\/tr>\n<tr class=\"woocommerce-product-attributes-item\">\n<th class=\"woocommerce-product-attributes-item__label\">Couverture ext\u00e9rieure<\/th>\n<td class=\"woocommerce-product-attributes-item__value\">Couverture ext\u00e9rieure en  PVC souple <\/td>\n<\/tr>\n<\/tbody>\n<\/table>\n","protected":false},"featured_media":2210,"comment_status":"open","ping_status":"closed","template":"","meta":[],"product_brand":[],"product_cat":[62],"product_tag":[211,212,100,210],"class_list":{"0":"post-1810","1":"product","2":"type-product","3":"status-publish","4":"has-post-thumbnail","6":"product_cat-tanks-for-forced-circulation-system","7":"product_tag-750l","8":"product_tag-9000l","9":"product_tag-boiler","10":"product_tag-210","12":"first","13":"instock","14":"taxable","15":"shipping-taxable","16":"product-type-simple"},"_links":{"self":[{"href":"https:\/\/cosmosolar.com\/fr\/wp-json\/wp\/v2\/product\/1810","targetHints":{"allow":["GET"]}}],"collection":[{"href":"https:\/\/cosmosolar.com\/fr\/wp-json\/wp\/v2\/product"}],"about":[{"href":"https:\/\/cosmosolar.com\/fr\/wp-json\/wp\/v2\/types\/product"}],"replies":[{"embeddable":true,"href":"https:\/\/cosmosolar.com\/fr\/wp-json\/wp\/v2\/comments?post=1810"}],"wp:featuredmedia":[{"embeddable":true,"href":"https:\/\/cosmosolar.com\/fr\/wp-json\/wp\/v2\/media\/2210"}],"wp:attachment":[{"href":"https:\/\/cosmosolar.com\/fr\/wp-json\/wp\/v2\/media?parent=1810"}],"wp:term":[{"taxonomy":"product_brand","embeddable":true,"href":"https:\/\/cosmosolar.com\/fr\/wp-json\/wp\/v2\/product_brand?post=1810"},{"taxonomy":"product_cat","embeddable":true,"href":"https:\/\/cosmosolar.com\/fr\/wp-json\/wp\/v2\/product_cat?post=1810"},{"taxonomy":"product_tag","embeddable":true,"href":"https:\/\/cosmosolar.com\/fr\/wp-json\/wp\/v2\/product_tag?post=1810"}],"curies":[{"name":"wp","href":"https:\/\/api.w.org\/{rel}","templated":true}]}}