{"id":1806,"date":"2020-04-22T09:59:03","date_gmt":"2020-04-22T09:59:03","guid":{"rendered":"https:\/\/www.cosmosolar.com\/?post_type=product&#038;p=1806"},"modified":"2025-11-11T14:38:16","modified_gmt":"2025-11-11T12:38:16","slug":"%ce%b5%cf%80%ce%b9%ce%bb%ce%b5%ce%ba%cf%84%ce%b9%ce%ba%ce%bf%ce%af-%cf%83%cf%85%ce%bb%ce%bb%ce%ad%ce%ba%cf%84%ce%b5%cf%82-epi-cs","status":"publish","type":"product","link":"https:\/\/cosmosolar.com\/fr\/product\/%ce%b5%cf%80%ce%b9%ce%bb%ce%b5%ce%ba%cf%84%ce%b9%ce%ba%ce%bf%ce%af-%cf%83%cf%85%ce%bb%ce%bb%ce%ad%ce%ba%cf%84%ce%b5%cf%82-epi-cs\/","title":{"rendered":"Capteurs s\u00e9lectifs EPI CS"},"content":{"rendered":"<p><span style=\"color: #0000ff;\"><strong>Mod\u00e8les et caract\u00e9ristiques techniques des capteurs<\/strong><\/span><\/p>\n<table class=\"rtable rtable--flip\" style=\"width: 973px;\">\n<thead>\n<tr>\n<th style=\"width: 67.7625px;\"><strong>Mod\u00e8le <\/strong><\/th>\n<th style=\"width: 88.2375px;\"><strong>Disposition<\/strong><\/th>\n<th style=\"width: 164px;\"><strong>Dimensions L x H x l (mm x mm x mm)<\/strong><\/th>\n<th style=\"width: 140px;\"><strong>Surface brute (m\u00b2)<\/strong><\/th>\n<th style=\"width: 149px;\"><strong>Surface nette (m\u00b2)<\/strong><\/th>\n<th style=\"width: 178px;\"><strong>Capacit\u00e9 du capteur (lt)<\/strong><\/th>\n<th style=\"width: 143px;\"><strong>Poids \u00e0 vide\u00a0 \u00a0 (kg)<\/strong><\/th>\n<\/tr>\n<\/thead>\n<tbody>\n<tr>\n<td style=\"width: 67.7625px;\">EPI 25 CS<\/td>\n<td style=\"width: 88.2375px;\">Verticale<\/td>\n<td style=\"width: 164px;\">1000 x 2000 x 90<\/td>\n<td style=\"width: 140px;\">2,00<\/td>\n<td style=\"width: 149px;\">1,768<\/td>\n<td style=\"width: 178px;\">1,435<\/td>\n<td style=\"width: 143px;\">37,50<\/td>\n<\/tr>\n<tr>\n<td style=\"width: 67.7625px;\">EPI 54 CS<\/td>\n<td style=\"width: 88.2375px;\">Verticale<\/td>\n<td style=\"width: 164px;\">1260 x 2000 x 90<\/td>\n<td style=\"width: 140px;\">2,52<\/td>\n<td style=\"width: 149px;\">2,26<\/td>\n<td style=\"width: 178px;\">1,70<\/td>\n<td style=\"width: 143px;\">47,00<\/td>\n<\/tr>\n<tr>\n<td style=\"width: 67.7625px;\">EPI 56 CS<\/td>\n<td style=\"width: 88.2375px;\">Verticale<\/td>\n<td style=\"width: 164px;\">1500 x 2000 x 90<\/td>\n<td style=\"width: 140px;\">3,00<\/td>\n<td style=\"width: 149px;\">2,63<\/td>\n<td style=\"width: 178px;\">1,98<\/td>\n<td style=\"width: 143px;\">58,00<\/td>\n<\/tr>\n<\/tbody>\n<\/table>\n<p><span style=\"color: #0000ff;\"><strong>CAPTEURS SELECTIFS\u00a0 EPI CS<\/strong><\/span><\/p>\n<p><strong>\u0391. CAPTEURS SELECTIFS GAMME EPI-CS<\/strong><\/p>\n<table class=\"rtable rtable--flip\">\n<thead>\n<tr>\n<th><strong>Mod\u00e8le<\/strong><\/th>\n<th><strong>Surface (m\u00b2)<\/strong><\/th>\n<th><strong>Disposition<\/strong><\/th>\n<th><strong>Dimensions L x H x l (mm x mm x mm)<\/strong><\/th>\n<\/tr>\n<\/thead>\n<tbody>\n<tr>\n<td>EPI 25 CS<\/td>\n<td>2,00<\/td>\n<td>Verticale<\/td>\n<td>1000 x 2000 x 90<\/td>\n<\/tr>\n<tr>\n<td>EPI 54 CS<\/td>\n<td>2,52<\/td>\n<td>Verticale<\/td>\n<td>1260 x 2000 x 90<\/td>\n<\/tr>\n<tr>\n<td>EPI 56 CS<\/td>\n<td>3,00<\/td>\n<td>Verticale<\/td>\n<td>1500 x 2000 x 90<\/td>\n<\/tr>\n<\/tbody>\n<\/table>\n<p><strong>\u0392. SUPPORTS UNIVERSELS\u00a0 <\/strong><strong>\u00a0(TOIT PLAT &#038; TOITURE EN TUILES )\u00a0 EN ALUMINUM\u00a0<\/strong><\/p>\n<table class=\"rtable rtable--flip\">\n<thead>\n<tr>\n<th class=\"colspan2\" colspan=\"2\">CODE PRODUIT<\/th>\n<th>MOD\u00c8LE CAPTEUR<\/th>\n<th><strong>POSITION<\/strong><\/th>\n<th><strong>DIMENSIONS L x H x l (mm x mm x mm)<\/strong><\/th>\n<th class=\"colspan5\" colspan=\"5\">DIMENSIONS apr\u00e8s l&rsquo;installation<\/th>\n<\/tr>\n<\/thead>\n<tbody>\n<tr>\n<th>1 CAPTEUR<\/th>\n<th>2 CAPTEURS<\/th>\n<th><\/th>\n<th><\/th>\n<th><\/th>\n<th><strong>(mm)<\/strong><\/th>\n<th><strong>(mm)<\/strong><\/th>\n<th><strong>(mm)<\/strong><\/th>\n<th>1 CAPTEUR (mm)<\/th>\n<th>2 CAPTEURS (mm)<\/th>\n<\/tr>\n<tr>\n<td><\/td>\n<td><\/td>\n<td><\/td>\n<td><\/td>\n<td><\/td>\n<td>K<\/td>\n<td>H<\/td>\n<td>N<\/td>\n<td>I<\/td>\n<td>\u0399<\/td>\n<\/tr>\n<tr>\n<td>BSP24<\/td>\n<td>BSP29<\/td>\n<td>EPI 25 CS<\/td>\n<td>VERTICALE<\/td>\n<td>1000 x 2000 x 90<\/td>\n<td>2000<\/td>\n<td>2013<\/td>\n<td>1400<\/td>\n<td>860<\/td>\n<td>1040<\/td>\n<\/tr>\n<tr>\n<td>BSP24<\/td>\n<td>\u2013<\/td>\n<td>EPI 54 CS<\/td>\n<td>VERTICALE<\/td>\n<td>1260 x 2000 x 90<\/td>\n<td>2000<\/td>\n<td>2013<\/td>\n<td>1400<\/td>\n<td>860<\/td>\n<td>1040<\/td>\n<\/tr>\n<tr>\n<td>BSP24<\/td>\n<td>\u2013<\/td>\n<td>EPI 56 CS<\/td>\n<td>VERTICALE<\/td>\n<td>1500 x 2000 x 90<\/td>\n<td>2000<\/td>\n<td>2013<\/td>\n<td>1400<\/td>\n<td>860<\/td>\n<td>1040<\/td>\n<\/tr>\n<\/tbody>\n<\/table>\n<p><img loading=\"lazy\" decoding=\"async\" class=\"size-full wp-image-1808 aligncenter\" src=\"https:\/\/www.cosmosolar.com\/wp-content\/uploads\/2020\/04\/cosmosolar-image_texnika2.jpg\" alt=\"\" width=\"190\" height=\"146\" \/><\/p>\n","protected":false},"excerpt":{"rendered":"<p><span style=\"color: #ff6600;\"><strong>DESCRIPTION DES CAPTEURS\u00a0\u00c0 SURFACE S\u00c9LECTIVE COSMOSOLAR<\/strong><\/span><\/p>\n<table class=\"woocommerce-product-attributes shop_attributes\" style=\"width: 958px;\">\n<tbody>\n<tr class=\"woocommerce-product-attributes-item woocommerce-product-attributes-item--attribute_%cf%80%ce%bb%ce%b1%ce%af%cf%83%ce%b9%ce%bf-%cf%83%cf%85%ce%bb%ce%bb%ce%ad%ce%ba%cf%84%ce%b7\">\n<th class=\"woocommerce-product-attributes-item__label\" style=\"width: 275.35px;\"><span style=\"color: #008000;\">Cadre\u00a0 du capteur<\/span><\/th>\n<td class=\"woocommerce-product-attributes-item__value\" style=\"width: 665.65px;\">en alliage aluminium sp\u00e9cial (Al Mg Si 0,5) avec traitement \u00e9lectrostatique de type \u201cSeaside Class\u201d (grade marin) pour une protection maximale<\/td>\n<\/tr>\n<tr class=\"woocommerce-product-attributes-item woocommerce-product-attributes-item--attribute_%ce%b5%cf%80%ce%b9%ce%bb%ce%b5%ce%ba%cf%84%ce%b9%ce%ba%cf%8c%cf%82-%ce%b1%cf%80%ce%bf%cf%81%cf%81%ce%bf%cf%86%ce%b7%cf%84%ce%ae%cf%82-%cf%84%ce%b9%cf%84%ce%b1%ce%bd%ce%af%ce%bf%cf%85-full-plate\">\n<th class=\"woocommerce-product-attributes-item__label\" style=\"width: 275.35px;\"><span style=\"color: #008000;\">Absorbeur s\u00e9lectif -revetement en\u00a0 titane<\/span><\/th>\n<td class=\"woocommerce-product-attributes-item__value\" style=\"width: 665.65px;\">\u00a0rev\u00eatement sous vide d\u2019air , soud\u00e9s au laser.<\/td>\n<\/tr>\n<tr class=\"woocommerce-product-attributes-item woocommerce-product-attributes-item--attribute_%cf%83%cf%85%ce%bd%cf%84%ce%b5%ce%bb%ce%b5%cf%83%cf%84%ce%ae%cf%82-%ce%b1%cf%80%ce%bf%cf%81%cf%81%cf%8c%cf%86%ce%b7%cf%83%ce%b7%cf%82\">\n<th class=\"woocommerce-product-attributes-item__label\" style=\"width: 275.35px;\"><span style=\"color: #008000;\">Coefficient d&rsquo;absorption<\/span><\/th>\n<td class=\"woocommerce-product-attributes-item__value\" style=\"width: 665.65px;\">\u00a0\u03b1 \u2265 0.95 \u00b1 0.02<\/td>\n<\/tr>\n<tr class=\"woocommerce-product-attributes-item woocommerce-product-attributes-item--attribute_%cf%83%cf%85%ce%bd%cf%84%ce%b5%ce%bb%ce%b5%cf%83%cf%84%ce%ae%cf%82-%ce%b5%ce%ba%cf%80%ce%bf%ce%bc%cf%80%ce%ae%cf%82\">\n<th class=\"woocommerce-product-attributes-item__label\" style=\"width: 275.35px;\"><span style=\"color: #008000;\">Coefficient d&rsquo;\u00e9mission<\/span><\/th>\n<td class=\"woocommerce-product-attributes-item__value\" style=\"width: 665.65px;\">\u00a0\u03b5 \u2264 0.05 \u00b1 0.02<\/td>\n<\/tr>\n<tr class=\"woocommerce-product-attributes-item woocommerce-product-attributes-item--attribute_%cf%83%cf%89%ce%bb%ce%ae%ce%bd%ce%b5%cf%82-%cf%84%cf%81%ce%bf%cf%86%ce%bf%ce%b4%ce%bf%cf%83%ce%af%ce%b1%cf%82-%ce%ba%ce%b1%ce%b9-%ce%b5%cf%80%ce%b9%cf%83%cf%84%cf%81%ce%bf%cf%86%ce%ae%cf%82-%cf%83\">\n<th class=\"woocommerce-product-attributes-item__label\" style=\"width: 275.35px;\"><span style=\"color: #008000;\">Headers<\/span><\/th>\n<td class=\"woocommerce-product-attributes-item__value\" style=\"width: 665.65px;\">en cuivre,\u00a0 \u03a6 22mm<\/td>\n<\/tr>\n<tr class=\"woocommerce-product-attributes-item woocommerce-product-attributes-item--attribute_%cf%83%cf%89%ce%bb%ce%ae%ce%bd%ce%b5%cf%82-%ce%b1%cf%80%ce%bf%cf%81%cf%81%ce%bf%cf%86%ce%b7%cf%84%ce%ae\">\n<th class=\"woocommerce-product-attributes-item__label\" style=\"width: 275.35px;\"><span style=\"color: #008000;\">Risers<\/span><\/th>\n<td class=\"woocommerce-product-attributes-item__value\" style=\"width: 665.65px;\">en cuivre,\u00a0 \u03a6 10mm<\/td>\n<\/tr>\n<tr class=\"woocommerce-product-attributes-item woocommerce-product-attributes-item--attribute_%ce%ac%ce%b8%cf%81%ce%b1%cf%85%cf%83%cf%84%ce%bf-%ce%ba%cf%81%cf%8d%cf%83%cf%84%ce%b1%ce%bb%ce%bb%ce%bf-%ce%b1%cf%83%cf%86%ce%b1%ce%bb%ce%b5%ce%af%ce%b1%cf%82\">\n<th class=\"woocommerce-product-attributes-item__label\" style=\"width: 275.35px;\"><span style=\"color: #008000;\"><strong>Couverture transparente <\/strong><\/span><\/th>\n<td class=\"woocommerce-product-attributes-item__value\" style=\"width: 665.65px;\">faible teneur en fer, verre tremp\u00e9, r\u00e9sistante aux conditions m\u00e9t\u00e9orologiques d\u00e9favorables (gr\u00eale, changements extr\u00eames de temp\u00e9rature, etc.)<\/td>\n<\/tr>\n<tr class=\"woocommerce-product-attributes-item woocommerce-product-attributes-item--attribute_%cf%83%cf%85%ce%bd%cf%84%ce%b5%ce%bb%ce%b5%cf%83%cf%84%ce%ae%cf%82-%ce%b4%ce%b9%ce%b1%cf%80%ce%b5%cf%81%ce%b1%cf%84%cf%8c%cf%84%ce%b7%cf%84%ce%b1%cf%82\">\n<th class=\"woocommerce-product-attributes-item__label\" style=\"width: 275.35px;\"><span style=\"color: #008000;\">Transmissivit\u00e9 du verre<\/span><\/th>\n<td class=\"woocommerce-product-attributes-item__value\" style=\"width: 665.65px;\">\u00a0\u03c4 \u2265 0.93<\/td>\n<\/tr>\n<tr class=\"woocommerce-product-attributes-item woocommerce-product-attributes-item--attribute_%ce%bf%cf%80%ce%af%cf%83%ce%b8%ce%b9%ce%b1-%cf%80%ce%bb%ce%ac%cf%84%ce%b7\">\n<th class=\"woocommerce-product-attributes-item__label\" style=\"width: 275.35px;\"><span style=\"color: #008000;\">Partie\u00a0 arri\u00e8re<\/span><\/th>\n<td class=\"woocommerce-product-attributes-item__value\" style=\"width: 665.65px;\">en aluminium<\/td>\n<\/tr>\n<tr class=\"woocommerce-product-attributes-item woocommerce-product-attributes-item--attribute_%ce%bf%cf%80%ce%af%cf%83%ce%b8%ce%b9%ce%b1-%ce%bc%cf%8c%ce%bd%cf%89%cf%83%ce%b7\">\n<th class=\"woocommerce-product-attributes-item__label\" style=\"width: 275.35px;\"><span style=\"color: #008000;\">Isolation dorsale<\/span><\/th>\n<td class=\"woocommerce-product-attributes-item__value\" style=\"width: 665.65px;\">en laine de roche d\u2019\u00e9paisseur 30 mm et conductivit\u00e9 thermique \u03bb=0,035 W\/m. \u00e0 0\u00baC <strong>\u00a0 \u00a0 \u00a0 \u00a0 \u00a0 \u00a0 \u00a0 \u00a0\u00a0<\/strong><\/td>\n<\/tr>\n<tr class=\"woocommerce-product-attributes-item woocommerce-product-attributes-item--attribute_%cf%80%ce%bb%ce%b5%cf%85%cf%81%ce%b9%ce%ba%ce%ae-%ce%bc%cf%8c%ce%bd%cf%89%cf%83%ce%b7\">\n<th class=\"woocommerce-product-attributes-item__label\" style=\"width: 275.35px;\"><span style=\"color: #008000;\">Isolation lat\u00e9rale<\/span><\/th>\n<td class=\"woocommerce-product-attributes-item__value\" style=\"width: 665.65px;\">en laine de verre \u2013\u00e9paisseur 20mm<strong>\u00a0\u00a0\u00a0\u00a0\u00a0\u00a0\u00a0\u00a0\u00a0\u00a0\u00a0\u00a0\u00a0\u00a0\u00a0\u00a0\u00a0\u00a0\u00a0\u00a0\u00a0\u00a0\u00a0\u00a0\u00a0\u00a0\u00a0\u00a0\u00a0\u00a0\u00a0\u00a0\u00a0\u00a0\u00a0\u00a0\u00a0\u00a0\u00a0\u00a0\u00a0\u00a0\u00a0\u00a0\u00a0\u00a0\u00a0\u00a0\u00a0\u00a0\u00a0\u00a0\u00a0\u00a0\u00a0\u00a0\u00a0\u00a0\u00a0\u00a0\u00a0\u00a0\u00a0\u00a0\u00a0\u00a0\u00a0\u00a0\u00a0\u00a0\u00a0\u00a0\u00a0\u00a0\u00a0\u00a0\u00a0\u00a0\u00a0\u00a0\u00a0\u00a0\u00a0\u00a0\u00a0\u00a0\u00a0\u00a0\u00a0\u00a0\u00a0\u00a0\u00a0\u00a0\u00a0\u00a0\u00a0<\/strong><strong>\u00a0<\/strong><\/td>\n<\/tr>\n<tr class=\"woocommerce-product-attributes-item woocommerce-product-attributes-item--attribute_%cf%83%cf%84%ce%b5%ce%b3%ce%b1%ce%bd%ce%bf%cf%80%ce%bf%ce%af%ce%b7%cf%83%ce%b7\">\n<th class=\"woocommerce-product-attributes-item__label\" style=\"width: 275.35px;\"><span style=\"color: #008000;\"><strong>\u00c9tanch\u00e9it\u00e9<\/strong><\/span><\/th>\n<td class=\"woocommerce-product-attributes-item__value\" style=\"width: 665.65px;\">Silicone noire et joint EPDM<\/td>\n<\/tr>\n<\/tbody>\n<\/table>\n","protected":false},"featured_media":1807,"comment_status":"open","ping_status":"closed","template":"","meta":[],"product_brand":[],"product_cat":[59],"product_tag":[209,208],"class_list":{"0":"post-1806","1":"product","2":"type-product","3":"status-publish","4":"has-post-thumbnail","6":"product_cat-solar-panels","7":"product_tag-epi-cs","8":"product_tag-208","10":"first","11":"instock","12":"taxable","13":"shipping-taxable","14":"product-type-simple"},"_links":{"self":[{"href":"https:\/\/cosmosolar.com\/fr\/wp-json\/wp\/v2\/product\/1806","targetHints":{"allow":["GET"]}}],"collection":[{"href":"https:\/\/cosmosolar.com\/fr\/wp-json\/wp\/v2\/product"}],"about":[{"href":"https:\/\/cosmosolar.com\/fr\/wp-json\/wp\/v2\/types\/product"}],"replies":[{"embeddable":true,"href":"https:\/\/cosmosolar.com\/fr\/wp-json\/wp\/v2\/comments?post=1806"}],"wp:featuredmedia":[{"embeddable":true,"href":"https:\/\/cosmosolar.com\/fr\/wp-json\/wp\/v2\/media\/1807"}],"wp:attachment":[{"href":"https:\/\/cosmosolar.com\/fr\/wp-json\/wp\/v2\/media?parent=1806"}],"wp:term":[{"taxonomy":"product_brand","embeddable":true,"href":"https:\/\/cosmosolar.com\/fr\/wp-json\/wp\/v2\/product_brand?post=1806"},{"taxonomy":"product_cat","embeddable":true,"href":"https:\/\/cosmosolar.com\/fr\/wp-json\/wp\/v2\/product_cat?post=1806"},{"taxonomy":"product_tag","embeddable":true,"href":"https:\/\/cosmosolar.com\/fr\/wp-json\/wp\/v2\/product_tag?post=1806"}],"curies":[{"name":"wp","href":"https:\/\/api.w.org\/{rel}","templated":true}]}}