{"id":1796,"date":"2020-04-17T15:21:12","date_gmt":"2020-04-17T15:21:12","guid":{"rendered":"https:\/\/www.cosmosolar.com\/?post_type=product&#038;p=1796"},"modified":"2025-11-11T14:33:59","modified_gmt":"2025-11-11T12:33:59","slug":"%ce%b5%cf%80%ce%b9%ce%bb%ce%b5%ce%ba%cf%84%ce%b9%ce%ba%ce%bf%ce%af-%cf%83%cf%85%ce%bb%ce%bb%ce%ad%ce%ba%cf%84%ce%b5%cf%82-epi-nv","status":"publish","type":"product","link":"https:\/\/cosmosolar.com\/fr\/product\/%ce%b5%cf%80%ce%b9%ce%bb%ce%b5%ce%ba%cf%84%ce%b9%ce%ba%ce%bf%ce%af-%cf%83%cf%85%ce%bb%ce%bb%ce%ad%ce%ba%cf%84%ce%b5%cf%82-epi-nv\/","title":{"rendered":"Capteurs s\u00e9lectifs gamme EPI &#8211; NV (SKM10003)"},"content":{"rendered":"<p><span style=\"color: #0000ff;\"><strong>MOD\u00c8LES ET CARACT\u00c9RISTIQUES TECHNIQUES<\/strong><\/span><\/p>\n<table class=\"rtable rtable--flip\">\n<thead>\n<tr>\n<th><strong>MOD\u00c8LE<\/strong><\/th>\n<th><strong>POSITION<\/strong><\/th>\n<th><strong>DIMENSIONS L x H x l (mm x mm x mm)<\/strong><\/th>\n<th><strong>SURFACE BRUTE (m\u00b2)<\/strong><\/th>\n<th><strong>SURFACE NETTE (m\u00b2)<\/strong><\/th>\n<th><strong>CAPACIT\u00c9\u00a0(lt)<\/strong><\/th>\n<th><strong>POIDS \u00c0 VIDE\u00a0 (kg)<\/strong><\/th>\n<\/tr>\n<\/thead>\n<tbody>\n<tr>\n<td><strong>EPI 20 NV<\/strong><\/td>\n<td>VERTICAL\u0395<\/td>\n<td>1009 x 1501 x 85<\/td>\n<td>1,51<\/td>\n<td>1,36<\/td>\n<td>1,05<\/td>\n<td>16,60<\/td>\n<\/tr>\n<tr>\n<td><strong>EPI 30 NV<\/strong><\/td>\n<td>VERTICAL\u0395<\/td>\n<td>1300 x 1500 x 85<\/td>\n<td>1,95<\/td>\n<td>1,80<\/td>\n<td>1,32<\/td>\n<td>26,10<\/td>\n<\/tr>\n<tr>\n<td><strong>EPI 25 NV<\/strong><\/td>\n<td>VERTICAL\u0395<\/td>\n<td>1000 x 2000 x 85<\/td>\n<td>2,00<\/td>\n<td>1,83<\/td>\n<td>1,43<\/td>\n<td>26,60<\/td>\n<\/tr>\n<tr>\n<td><strong>EPI 25 NV<\/strong><\/td>\n<td>HORIZONTAL\u0395<\/td>\n<td>2000 x 1000 x 85<\/td>\n<td>2,00<\/td>\n<td>1,83<\/td>\n<td>1,43<\/td>\n<td>26,60<\/td>\n<\/tr>\n<tr>\n<td><strong>EPI 16 NV<\/strong><\/td>\n<td>VERTICAL\u0395<\/td>\n<td>1180 x 1900 x 85<\/td>\n<td>2,24<\/td>\n<td>2,07<\/td>\n<td>1,43<\/td>\n<td>29,20<\/td>\n<\/tr>\n<tr>\n<td><strong>EPI 16 NV<\/strong><\/td>\n<td>HORIZONTAL\u0395<\/td>\n<td>1900 x 1180 x 85<\/td>\n<td>2,24<\/td>\n<td>2,07<\/td>\n<td>1,60<\/td>\n<td>29,20<\/td>\n<\/tr>\n<tr>\n<td><strong>EPI 54 NV<\/strong><\/td>\n<td>VERTICAL\u0395<\/td>\n<td>1260 x 2000 x 85<\/td>\n<td>2,53<\/td>\n<td>2,34<\/td>\n<td>1,70<\/td>\n<td>33,00<\/td>\n<\/tr>\n<tr>\n<td><strong>EPI 54 NV<\/strong><\/td>\n<td>HORIZONTAL\u0395<\/td>\n<td>2000 x 1260 x 85<\/td>\n<td>2,53<\/td>\n<td>2,34<\/td>\n<td>1,70<\/td>\n<td>33,00<\/td>\n<\/tr>\n<\/tbody>\n<\/table>\n<p><span style=\"color: #0000ff;\"><strong>CAPTEURS PLATS GAMME EPI \u2013 NV<\/strong><\/span><\/p>\n<p><strong>\u0391. CAPTEURS S\u00c9LECTIFS<\/strong><\/p>\n<table class=\"rtable rtable--flip\">\n<thead>\n<tr style=\"height: 24px;\">\n<th style=\"height: 24px;\"><strong>MOD\u00c8LE<\/strong><\/th>\n<th style=\"height: 24px;\"><strong>SURFACE BRUTE\u00a0 (m\u00b2)<\/strong><\/th>\n<th style=\"height: 24px;\">POSITION<\/th>\n<th style=\"height: 24px;\"><strong>DIMENSIONS L x H x l (mm x mm x mm)<\/strong><\/th>\n<\/tr>\n<\/thead>\n<tbody>\n<tr style=\"height: 24px;\">\n<td style=\"height: 24px;\"><strong>EPI 20 NV<\/strong><\/td>\n<td style=\"height: 24px;\">1,51<\/td>\n<td style=\"height: 24px;\">VERTICALE<\/td>\n<td style=\"height: 24px;\">1009 x 1501 x 85<\/td>\n<\/tr>\n<tr style=\"height: 24px;\">\n<td style=\"height: 24px;\"><strong>EPI 30 NV<\/strong><\/td>\n<td style=\"height: 24px;\">1,95<\/td>\n<td style=\"height: 24px;\">VERTICALE<\/td>\n<td style=\"height: 24px;\">1300 x 1500 x 85<\/td>\n<\/tr>\n<tr style=\"height: 24px;\">\n<td style=\"height: 24px;\"><strong>EPI 25 NV<\/strong><\/td>\n<td style=\"height: 24px;\">2,00<\/td>\n<td style=\"height: 24px;\">VERTICALE<\/td>\n<td style=\"height: 24px;\">1000 x 2000 x 85<\/td>\n<\/tr>\n<tr style=\"height: 24px;\">\n<td style=\"height: 24px;\"><strong>EPI 25 NV<\/strong><\/td>\n<td style=\"height: 24px;\">2,00<\/td>\n<td style=\"height: 24px;\">HORIZONTALE<\/td>\n<td style=\"height: 24px;\">2000 x 1000 x 85<\/td>\n<\/tr>\n<tr style=\"height: 24px;\">\n<td style=\"height: 24px;\"><strong>EPI 16 NV<\/strong><\/td>\n<td style=\"height: 24px;\">2,24<\/td>\n<td style=\"height: 24px;\">VERTICALE<\/td>\n<td style=\"height: 24px;\">1180 x 1900 x 85<\/td>\n<\/tr>\n<tr style=\"height: 24px;\">\n<td style=\"height: 24px;\"><strong>EPI 16 NV<\/strong><\/td>\n<td style=\"height: 24px;\">2,24<\/td>\n<td style=\"height: 24px;\">HORIZONTALE<\/td>\n<td style=\"height: 24px;\">1900 x 1180 x 85<\/td>\n<\/tr>\n<tr style=\"height: 24px;\">\n<td style=\"height: 24px;\"><strong>EPI 54 NV<\/strong><\/td>\n<td style=\"height: 24px;\">2,53<\/td>\n<td style=\"height: 24px;\">VERTICALE<\/td>\n<td style=\"height: 24px;\">1260 x 2000 x 85<\/td>\n<\/tr>\n<tr style=\"height: 24px;\">\n<td style=\"height: 24px;\"><strong>EPI 54 NV<\/strong><\/td>\n<td style=\"height: 24px;\">2,53<\/td>\n<td style=\"height: 24px;\">HORIZONTALE<\/td>\n<td style=\"height: 24px;\">2000 x 1260 x 85<\/td>\n<\/tr>\n<\/tbody>\n<\/table>\n<p><strong>\u00a0<\/strong><\/p>\n<p><img loading=\"lazy\" decoding=\"async\" class=\"aligncenter wp-image-2102 size-full\" style=\"color: #787878; font-family: 'Open Sans', sans-serif; font-size: 14px;\" src=\"https:\/\/cosmosolar.com\/wp-content\/uploads\/2020\/04\/COLLECTORS-DIMENSIONS.jpg\" alt=\"\" width=\"502\" height=\"346\" srcset=\"https:\/\/cosmosolar.com\/wp-content\/uploads\/2020\/04\/COLLECTORS-DIMENSIONS.jpg 502w, https:\/\/cosmosolar.com\/wp-content\/uploads\/2020\/04\/COLLECTORS-DIMENSIONS-300x207.jpg 300w\" sizes=\"auto, (max-width: 502px) 100vw, 502px\" \/><\/p>\n<p><strong>\u0392. SUPPORTS POUR TOIT PLAT &#8211; EN ACIER GALVANIS\u00c9 \u00c0 CHAUD<\/strong><\/p>\n<table class=\"rtable rtable--flip\">\n<thead>\n<tr>\n<th class=\"colspan2\" colspan=\"2\"><strong>CODE PRODUIT <\/strong><\/th>\n<th><strong> MOD\u00c8LE CAPTEUR<\/strong><\/th>\n<th><strong>POSITION<\/strong><\/th>\n<th><strong>DIMENSIONS L x H x l (mm x mm x mm)<\/strong><\/th>\n<th class=\"colspan5\" colspan=\"5\">DIMENSIONS OF FRAMES<\/th>\n<\/tr>\n<\/thead>\n<tbody>\n<tr>\n<th>1 <strong>CAPTEUR<\/strong><\/th>\n<th>2<strong>CAPTEURS<\/strong><\/th>\n<th><\/th>\n<th><\/th>\n<th><\/th>\n<th><strong>(mm)<\/strong><\/th>\n<th><strong>(mm)<\/strong><\/th>\n<th><strong>(mm)<\/strong><\/th>\n<th>1 <strong>CAPTEUR<\/strong>\u00a0(mm)<\/th>\n<th>2 <strong>CAPTEURS<\/strong> (mm)<\/th>\n<\/tr>\n<tr>\n<td><\/td>\n<td><\/td>\n<td><\/td>\n<td><\/td>\n<td><\/td>\n<td>K<\/td>\n<td>H<\/td>\n<td>N<\/td>\n<td>I<\/td>\n<td>\u0399<\/td>\n<\/tr>\n<tr>\n<td>BSP4155<\/td>\n<td>BSP4156<\/td>\n<td>EPI 20 NV<\/td>\n<td>VERTICALE<\/td>\n<td>1009 x 1501 x 85<\/td>\n<td>1670<\/td>\n<td>1200<\/td>\n<td>1165<\/td>\n<td>860<\/td>\n<td>1080<\/td>\n<\/tr>\n<tr>\n<td>BSP4155<\/td>\n<td>BSP4156<\/td>\n<td>EPI 30 NV<\/td>\n<td>VERTICALE<\/td>\n<td>1300 x 1500 x 85<\/td>\n<td>1670<\/td>\n<td>1200<\/td>\n<td>1165<\/td>\n<td>860<\/td>\n<td>1080<\/td>\n<\/tr>\n<tr>\n<td>BSP4153<\/td>\n<td>BSP4154<\/td>\n<td>EPI 25 NV<\/td>\n<td>VERTICALE<\/td>\n<td>1000 x 2000 x 85<\/td>\n<td>2170<\/td>\n<td>1540<\/td>\n<td>1530<\/td>\n<td>860<\/td>\n<td>1080<\/td>\n<\/tr>\n<tr>\n<td>BSP4159<\/td>\n<td>\u2013<\/td>\n<td>EPI 25 NV<\/td>\n<td>HORIZONTALE<\/td>\n<td>2000 x 1000 x 85<\/td>\n<td>1170<\/td>\n<td>860<\/td>\n<td>815<\/td>\n<td>1080<\/td>\n<td>\u2013<\/td>\n<\/tr>\n<tr>\n<td>BSP4157<\/td>\n<td>BSP4158<\/td>\n<td>EPI 16 NV<\/td>\n<td>VERTICALE<\/td>\n<td>1180 x 1900 x 85<\/td>\n<td>2070<\/td>\n<td>1460<\/td>\n<td>1520<\/td>\n<td>860<\/td>\n<td>1080<\/td>\n<\/tr>\n<tr>\n<td>BSP4180<\/td>\n<td>\u2013<\/td>\n<td>EPI 16 NV<\/td>\n<td>HORIZONTALE<\/td>\n<td>1900 x 1180 x 85<\/td>\n<td>1320<\/td>\n<td>950<\/td>\n<td>900<\/td>\n<td>1080<\/td>\n<td>\u2013<\/td>\n<\/tr>\n<tr>\n<td>BSP4153<\/td>\n<td>BSP4152<\/td>\n<td>EPI 54 NV<\/td>\n<td>VERTICALE<\/td>\n<td>1260 x 2000 x 85<\/td>\n<td>2170<\/td>\n<td>1540<\/td>\n<td>1530<\/td>\n<td>860<\/td>\n<td>1080<\/td>\n<\/tr>\n<\/tbody>\n<\/table>\n<p><strong>C.SUPPORTS POUR TOITURES EN TUILES \u2013 EN ALUMINIUM<\/strong><\/p>\n<table class=\"rtable rtable--flip\" style=\"width: 973px;\">\n<thead>\n<tr>\n<th class=\"colspan2\" style=\"width: 231px;\" colspan=\"2\"><strong>CODE PRODUIT<\/strong><\/th>\n<th style=\"width: 71.25px;\"><strong> MOD\u00c8LE CAPTEUR<\/strong><\/th>\n<th style=\"width: 118.75px;\"><strong>POSITION<\/strong><\/th>\n<th style=\"width: 192px;\"><strong>DIMENSIONS L x H x D (mm x mm x mm)<\/strong><\/th>\n<th class=\"colspan5\" style=\"width: 331px;\" colspan=\"5\">DIMENSIONS DES CADRES<\/th>\n<\/tr>\n<\/thead>\n<tbody>\n<tr>\n<th style=\"width: 110px;\">1 CAPTEUR<\/th>\n<th style=\"width: 121px;\">2 CAPTEURS<\/th>\n<th style=\"width: 71.25px;\"><\/th>\n<th style=\"width: 118.75px;\"><\/th>\n<th style=\"width: 192px;\"><\/th>\n<th style=\"width: 46px;\"><strong>(mm)<\/strong><\/th>\n<th style=\"width: 127px;\">1 CAPTEUR (mm)<\/th>\n<th style=\"width: 138px;\">2 CAPTEURS (mm)<\/th>\n<\/tr>\n<tr>\n<td style=\"width: 110px;\"><\/td>\n<td style=\"width: 121px;\"><\/td>\n<td style=\"width: 71.25px;\"><\/td>\n<td style=\"width: 118.75px;\"><\/td>\n<td style=\"width: 192px;\"><\/td>\n<td style=\"width: 46px;\">K<\/td>\n<td style=\"width: 127px;\">\u0399<\/td>\n<td style=\"width: 138px;\">\u0399<\/td>\n<\/tr>\n<tr>\n<td style=\"width: 110px;\">BSP7152<\/td>\n<td style=\"width: 121px;\">BSP7157<\/td>\n<td style=\"width: 71.25px;\">EPI 20 NV<\/td>\n<td style=\"width: 118.75px;\">VERTICAL<\/td>\n<td style=\"width: 192px;\">1009 x 1501 x 85<\/td>\n<td style=\"width: 46px;\">1670<\/td>\n<td style=\"width: 127px;\">860<\/td>\n<td style=\"width: 138px;\">1080<\/td>\n<\/tr>\n<tr>\n<td style=\"width: 110px;\">BSP7154<\/td>\n<td style=\"width: 121px;\">BSP7159<\/td>\n<td style=\"width: 71.25px;\">EPI 30 NV<\/td>\n<td style=\"width: 118.75px;\">VERTICAL<\/td>\n<td style=\"width: 192px;\">1300 x 1500 x 85<\/td>\n<td style=\"width: 46px;\">1670<\/td>\n<td style=\"width: 127px;\">860<\/td>\n<td style=\"width: 138px;\">1080<\/td>\n<\/tr>\n<tr>\n<td style=\"width: 110px;\">BSP7152<\/td>\n<td style=\"width: 121px;\">BSP7157<\/td>\n<td style=\"width: 71.25px;\">EPI 25 NV<\/td>\n<td style=\"width: 118.75px;\">VERTICAL<\/td>\n<td style=\"width: 192px;\">1000 x 2000 x 85<\/td>\n<td style=\"width: 46px;\">2170<\/td>\n<td style=\"width: 127px;\">860<\/td>\n<td style=\"width: 138px;\">1080<\/td>\n<\/tr>\n<tr>\n<td style=\"width: 110px;\">BSP7155<\/td>\n<td style=\"width: 121px;\">\u2013<\/td>\n<td style=\"width: 71.25px;\">EPI 25 NV<\/td>\n<td style=\"width: 118.75px;\">HORIZONTAL<\/td>\n<td style=\"width: 192px;\">2000 x 1000 x 85<\/td>\n<td style=\"width: 46px;\">1170<\/td>\n<td style=\"width: 127px;\">1080<\/td>\n<td style=\"width: 138px;\">\u2013<\/td>\n<\/tr>\n<tr>\n<td style=\"width: 110px;\">BSP7153<\/td>\n<td style=\"width: 121px;\">BSP7158<\/td>\n<td style=\"width: 71.25px;\">EPI 16 NV<\/td>\n<td style=\"width: 118.75px;\">VERTICAL<\/td>\n<td style=\"width: 192px;\">1180 x 1900 x 85<\/td>\n<td style=\"width: 46px;\">2070<\/td>\n<td style=\"width: 127px;\">860<\/td>\n<td style=\"width: 138px;\">1080<\/td>\n<\/tr>\n<tr>\n<td style=\"width: 110px;\">BSP7161<\/td>\n<td style=\"width: 121px;\">\u2013<\/td>\n<td style=\"width: 71.25px;\">EPI 16 NV<\/td>\n<td style=\"width: 118.75px;\">HORIZONTAL<\/td>\n<td style=\"width: 192px;\">1900 x 1180 x 85<\/td>\n<td style=\"width: 46px;\">1320<\/td>\n<td style=\"width: 127px;\">1080<\/td>\n<td style=\"width: 138px;\">\u2013<\/td>\n<\/tr>\n<tr>\n<td style=\"width: 110px;\">BSP7154<\/td>\n<td style=\"width: 121px;\">BSP7159<\/td>\n<td style=\"width: 71.25px;\">EPI 54 NV<\/td>\n<td style=\"width: 118.75px;\">VERTICAL<\/td>\n<td style=\"width: 192px;\">1260 x 2000 x 85<\/td>\n<td style=\"width: 46px;\">2170<\/td>\n<td style=\"width: 127px;\">860<\/td>\n<td style=\"width: 138px;\">1080<\/td>\n<\/tr>\n<\/tbody>\n<\/table>\n","protected":false},"excerpt":{"rendered":"<p><span style=\"color: #ff6600;\"><strong>DESCRIPTION TECHNIQUE DES CAPTEURS DE LA GAMME \u00a0EPI NV<\/strong><\/span><\/p>\n<table class=\"woocommerce-product-attributes shop_attributes\" style=\"width: 958px;\">\n<tbody>\n<tr class=\"woocommerce-product-attributes-item woocommerce-product-attributes-item--attribute_%cf%80%ce%bb%ce%b1%ce%af%cf%83%ce%b9%ce%bf-%cf%83%cf%85%ce%bb%ce%bb%ce%ad%ce%ba%cf%84%ce%b7\">\n<th class=\"woocommerce-product-attributes-item__label\" style=\"width: 159.012px;\"><span style=\"color: #008000;\">Cadre<\/span><\/th>\n<td class=\"woocommerce-product-attributes-item__value\" style=\"width: 783.988px;\">en alliage aluminium sp\u00e9cial (Al Mg Si 0,5) avec traitement \u00e9lectrostatique de type \u201cSeaside Class\u201d (grade marin)<\/td>\n<\/tr>\n<tr class=\"woocommerce-product-attributes-item woocommerce-product-attributes-item--attribute_%ce%b7%ce%bc%ce%b9%ce%b5%cf%80%ce%b9%ce%bb%ce%b5%ce%ba%cf%84%ce%b9%ce%ba%cf%8c%cf%82-%ce%b1%cf%80%ce%bf%cf%81%cf%81%ce%bf%cf%86%ce%b7%cf%84%ce%ae%cf%82-%cf%84%ce%b9%cf%84%ce%b1%ce%bd%ce%af%ce%bf%cf%85\">\n<th class=\"woocommerce-product-attributes-item__label\" style=\"width: 159.012px;\"><span style=\"color: #008000;\">Absorbeur s\u00e9lectif en aluminium<\/span><\/th>\n<td class=\"woocommerce-product-attributes-item__value\" style=\"width: 783.988px;\">Soud\u00e9s au laser<\/td>\n<\/tr>\n<tr class=\"woocommerce-product-attributes-item woocommerce-product-attributes-item--attribute_%cf%83%cf%85%ce%bd%cf%84%ce%b5%ce%bb%ce%b5%cf%83%cf%84%ce%ae%cf%82-%ce%b1%cf%80%ce%bf%cf%81%cf%81%cf%8c%cf%86%ce%b7%cf%83%ce%b7%cf%82\">\n<th class=\"woocommerce-product-attributes-item__label\" style=\"width: 159.012px;\"><span style=\"color: #008000;\">\u00a0Coefficient d&rsquo;absorption<\/span><\/th>\n<td class=\"woocommerce-product-attributes-item__value\" style=\"width: 783.988px;\">a \u2265 0.95 \u00b1 0.02<\/td>\n<\/tr>\n<tr class=\"woocommerce-product-attributes-item woocommerce-product-attributes-item--attribute_%cf%83%cf%85%ce%bd%cf%84%ce%b5%ce%bb%ce%b5%cf%83%cf%84%ce%ae%cf%82-%ce%b5%ce%ba%cf%80%ce%bf%ce%bc%cf%80%ce%ae%cf%82\">\n<th class=\"woocommerce-product-attributes-item__label\" style=\"width: 159.012px;\"><span style=\"color: #008000;\">Coefficient d&rsquo;\u00e9mission<\/span><\/th>\n<td class=\"woocommerce-product-attributes-item__value\" style=\"width: 783.988px;\">\u03b5 \u2264 0.05 \u00b1 0.02<\/td>\n<\/tr>\n<tr class=\"woocommerce-product-attributes-item woocommerce-product-attributes-item--attribute_%cf%83%cf%89%ce%bb%ce%ae%ce%bd%ce%b5%cf%82-%cf%84%cf%81%ce%bf%cf%86%ce%bf%ce%b4%ce%bf%cf%83%ce%af%ce%b1%cf%82-%ce%ba%ce%b1%ce%b9-%ce%b5%cf%80%ce%b9%cf%83%cf%84%cf%81%ce%bf%cf%86%ce%ae%cf%82-%cf%83\">\n<th class=\"woocommerce-product-attributes-item__label\" style=\"width: 159.012px;\"><span style=\"color: #008000;\">Tuyaux horizontaux de la grille(Headers)<\/span><\/th>\n<td class=\"woocommerce-product-attributes-item__value\" style=\"width: 783.988px;\">En cuivre, dam\u00e8tre \u00d8 22mm<\/td>\n<\/tr>\n<tr class=\"woocommerce-product-attributes-item woocommerce-product-attributes-item--attribute_%cf%83%cf%89%ce%bb%ce%ae%ce%bd%ce%b5%cf%82-%ce%b1%cf%80%ce%bf%cf%81%cf%81%ce%bf%cf%86%ce%b7%cf%84%ce%ae\">\n<th class=\"woocommerce-product-attributes-item__label\" style=\"width: 159.012px;\"><span style=\"color: #008000;\">Manifolds (risers)<\/span><\/th>\n<td class=\"woocommerce-product-attributes-item__value\" style=\"width: 783.988px;\">En cuivre, dam\u00e8tre \u00a0\u00d8 10mm<\/td>\n<\/tr>\n<tr class=\"woocommerce-product-attributes-item woocommerce-product-attributes-item--attribute_%ce%ac%ce%b8%cf%81%ce%b1%cf%85%cf%83%cf%84%ce%bf-%ce%ba%cf%81%cf%8d%cf%83%cf%84%ce%b1%ce%bb%ce%bb%ce%bf-%ce%b1%cf%83%cf%86%ce%b1%ce%bb%ce%b5%ce%af%ce%b1%cf%82\">\n<th class=\"woocommerce-product-attributes-item__label\" style=\"width: 159.012px;\"><span style=\"color: #008000;\">Couverture transparente<\/span><\/th>\n<td class=\"woocommerce-product-attributes-item__value\" style=\"width: 783.988px;\">Epaisseur \u00a03.2mm, faible teneur en fer, verre tremp\u00e9, r\u00e9sistante aux conditions m\u00e9t\u00e9orologiques d\u00e9favorables\u00a0(gr\u00eale, changements extr\u00eames de temp\u00e9rature, etc.)\u00a0\u00a0\u00a0\u00a0\u00a0\u00a0\u00a0\u00a0\u00a0\u00a0\u00a0\u00a0\u00a0\u00a0\u00a0\u00a0\u00a0\u00a0\u00a0\u00a0\u00a0\u00a0\u00a0\u00a0\u00a0\u00a0\u00a0\u00a0\u00a0\u00a0\u00a0\u00a0\u00a0\u00a0\u00a0\u00a0\u00a0\u00a0\u00a0\u00a0\u00a0\u00a0\u00a0\u00a0\u00a0\u00a0\u00a0\u00a0\u00a0\u00a0\u00a0\u00a0\u00a0\u00a0\u00a0\u00a0\u00a0\u00a0\u00a0\u00a0\u00a0\u00a0\u00a0\u00a0\u00a0\u00a0\u00a0\u00a0\u00a0\u00a0\u00a0\u00a0\u00a0\u00a0\u00a0\u00a0\u00a0\u00a0\u00a0\u00a0\u00a0\u00a0\u00a0\u00a0\u00a0\u00a0\u00a0\u00a0\u00a0\u00a0\u00a0\u00a0\u00a0\u00a0\u00a0\u00a0\u00a0\u00a0\u00a0\u00a0\u00a0\u00a0\u00a0\u00a0\u00a0\u00a0\u00a0\u00a0\u00a0\u00a0\u00a0\u00a0\u00a0\u00a0\u00a0\u00a0\u00a0\u00a0\u00a0\u00a0\u00a0\u00a0\u00a0\u00a0\u00a0\u00a0\u00a0\u00a0\u00a0\u00a0\u00a0\u00a0\u00a0\u00a0\u00a0\u00a0\u00a0\u00a0\u00a0\u00a0\u00a0\u00a0\u00a0\u00a0\u00a0\u00a0\u00a0\u00a0\u00a0\u00a0\u00a0\u00a0\u00a0\u00a0\u00a0\u00a0 <strong>\u00a0<\/strong><\/td>\n<\/tr>\n<tr class=\"woocommerce-product-attributes-item woocommerce-product-attributes-item--attribute_%cf%83%cf%85%ce%bd%cf%84%ce%b5%ce%bb%ce%b5%cf%83%cf%84%ce%ae%cf%82-%ce%b4%ce%b9%ce%b1%cf%80%ce%b5%cf%81%ce%b1%cf%84%cf%8c%cf%84%ce%b7%cf%84%ce%b1%cf%82-%cf%85%ce%b1%ce%bb%ce%bf%cf%80%ce%af%ce%bd%ce%b1\">\n<th class=\"woocommerce-product-attributes-item__label\" style=\"width: 159.012px;\"><span style=\"color: #008000;\">Trasmissivit\u00e9 du verre<\/span><\/th>\n<td class=\"woocommerce-product-attributes-item__value\" style=\"width: 783.988px;\">\u03c4 \u2265 0.93<\/td>\n<\/tr>\n<tr class=\"woocommerce-product-attributes-item woocommerce-product-attributes-item--attribute_%ce%bf%cf%80%ce%af%cf%83%ce%b8%ce%b9%ce%b1-%cf%80%ce%bb%ce%ac%cf%84%ce%b7\">\n<th class=\"woocommerce-product-attributes-item__label\" style=\"width: 159.012px;\"><span style=\"color: #008000;\">Font arri\u00e8re<\/span><\/th>\n<td class=\"woocommerce-product-attributes-item__value\" style=\"width: 783.988px;\">En aluminium de 0,5 mm d&rsquo;\u00e9paisseur<\/td>\n<\/tr>\n<tr class=\"woocommerce-product-attributes-item woocommerce-product-attributes-item--attribute_%ce%bf%cf%80%ce%af%cf%83%ce%b8%ce%b9%ce%b1-%ce%bc%cf%8c%ce%bd%cf%89%cf%83%ce%b7\">\n<th class=\"woocommerce-product-attributes-item__label\" style=\"width: 159.012px;\"><span style=\"color: #008000;\">Insolation<\/span><\/th>\n<td class=\"woocommerce-product-attributes-item__value\" style=\"width: 783.988px;\">En laine de roche d\u2019\u00e9paisseur 30 mm et conductivit\u00e9 thermique \u03bb=0,035 W\/m. \u00e0 0\u00baC\u00a0\u00a0\u00a0\u00a0\u00a0\u00a0\u00a0\u00a0\u00a0\u00a0\u00a0\u00a0\u00a0\u00a0\u00a0\u00a0\u00a0\u00a0\u00a0\u00a0\u00a0\u00a0\u00a0\u00a0\u00a0\u00a0\u00a0\u00a0\u00a0\u00a0\u00a0\u00a0\u00a0\u00a0\u00a0\u00a0\u00a0\u00a0 \u00a0\u00a0\u00a0\u00a0\u00a0\u00a0\u00a0\u00a0\u00a0\u00a0\u00a0\u00a0\u00a0\u00a0\u00a0\u00a0\u00a0\u00a0\u00a0\u00a0\u00a0\u00a0\u00a0\u00a0\u00a0\u00a0\u00a0\u00a0\u00a0\u00a0\u00a0\u00a0 <strong>\u00a0<\/strong><\/td>\n<\/tr>\n<tr class=\"woocommerce-product-attributes-item woocommerce-product-attributes-item--attribute_%cf%83%cf%84%ce%b5%ce%b3%ce%b1%ce%bd%ce%bf%cf%80%ce%bf%ce%af%ce%b7%cf%83%ce%b7\">\n<th class=\"woocommerce-product-attributes-item__label\" style=\"width: 159.012px;\"><span style=\"color: #008000;\"><strong>\u00c9tanch\u00e9it\u00e9<\/strong><\/span><\/th>\n<td class=\"woocommerce-product-attributes-item__value\" style=\"width: 783.988px;\">Silicone noire<\/td>\n<\/tr>\n<\/tbody>\n<\/table>\n","protected":false},"featured_media":1794,"comment_status":"open","ping_status":"closed","template":"","meta":[],"product_brand":[],"product_cat":[59],"product_tag":[205,202,203],"class_list":{"0":"post-1796","1":"product","2":"type-product","3":"status-publish","4":"has-post-thumbnail","6":"product_cat-solar-panels","7":"product_tag-epi-nv","8":"product_tag-202","9":"product_tag-203","11":"first","12":"instock","13":"taxable","14":"shipping-taxable","15":"product-type-simple"},"_links":{"self":[{"href":"https:\/\/cosmosolar.com\/fr\/wp-json\/wp\/v2\/product\/1796","targetHints":{"allow":["GET"]}}],"collection":[{"href":"https:\/\/cosmosolar.com\/fr\/wp-json\/wp\/v2\/product"}],"about":[{"href":"https:\/\/cosmosolar.com\/fr\/wp-json\/wp\/v2\/types\/product"}],"replies":[{"embeddable":true,"href":"https:\/\/cosmosolar.com\/fr\/wp-json\/wp\/v2\/comments?post=1796"}],"wp:featuredmedia":[{"embeddable":true,"href":"https:\/\/cosmosolar.com\/fr\/wp-json\/wp\/v2\/media\/1794"}],"wp:attachment":[{"href":"https:\/\/cosmosolar.com\/fr\/wp-json\/wp\/v2\/media?parent=1796"}],"wp:term":[{"taxonomy":"product_brand","embeddable":true,"href":"https:\/\/cosmosolar.com\/fr\/wp-json\/wp\/v2\/product_brand?post=1796"},{"taxonomy":"product_cat","embeddable":true,"href":"https:\/\/cosmosolar.com\/fr\/wp-json\/wp\/v2\/product_cat?post=1796"},{"taxonomy":"product_tag","embeddable":true,"href":"https:\/\/cosmosolar.com\/fr\/wp-json\/wp\/v2\/product_tag?post=1796"}],"curies":[{"name":"wp","href":"https:\/\/api.w.org\/{rel}","templated":true}]}}