{"id":1789,"date":"2020-04-13T16:40:55","date_gmt":"2020-04-13T16:40:55","guid":{"rendered":"https:\/\/www.cosmosolar.com\/?post_type=product&#038;p=1789"},"modified":"2025-11-11T14:30:56","modified_gmt":"2025-11-11T12:30:56","slug":"%ce%b4%ce%bf%cf%87%ce%b5%ce%af%ce%b1-%ce%b1%ce%b4%cf%81%ce%b1%ce%bd%ce%b5%ce%af%ce%b1%cf%82-%ce%bc%ce%b5-inox-%cf%83%ce%b5%cf%81%cf%80%ce%b1%ce%bd%cf%84%ce%af%ce%bd%ce%b1","status":"publish","type":"product","link":"https:\/\/cosmosolar.com\/fr\/product\/%ce%b4%ce%bf%cf%87%ce%b5%ce%af%ce%b1-%ce%b1%ce%b4%cf%81%ce%b1%ce%bd%ce%b5%ce%af%ce%b1%cf%82-%ce%bc%ce%b5-inox-%cf%83%ce%b5%cf%81%cf%80%ce%b1%ce%bd%cf%84%ce%af%ce%bd%ce%b1\/","title":{"rendered":"Ballons tampons avec serpentin en INOX pour la production d&rsquo;eau chaude sanitaire"},"content":{"rendered":"<p><span style=\"color: #0000ff;\">Ballons tampons avec serpentin en INOX pour la production d&rsquo;eau chaude sanitaire avec un ou deux \u00e9changeurs<\/span><\/p>\n<p><strong><em><span style=\"color: #0000ff;\">Sur demande, les ballons peuvent \u00eatre livr\u00e9s avec<\/span><\/em><\/strong><\/p>\n<p>R\u00e9sistance \u00e9lectrique 1 \u00bd\u00a0\u00bb &#8211; 4 kW avec thermostat<br \/>\nR\u00e9sistance \u00e9lectrique triphas\u00e9e thermostat 1 \u00bd\u00a0\u00bb\u00a0 puissance 6 ou 9 kW avec themostat<\/p>\n<p>Avec SERPENTIN EN ACIER INOXYDABLE pour la production d&rsquo;eau chaude sanitaire uniquement<\/p>\n<table style=\"width: 684px;\">\n<tbody>\n<tr style=\"height: 48.4px;\">\n<td style=\"width: 142.113px; text-align: center; height: 48.4px;\"><strong>R\u00e9f\u00e9rence<\/strong><\/td>\n<td style=\"width: 109.887px; text-align: center; height: 48.4px;\"><strong>DIAM\u00c8TRE\u00a0 (mm)<\/strong><\/td>\n<td style=\"width: 104px; text-align: center; height: 48.4px;\"><strong>HAUTEUR (mm)<\/strong><\/td>\n<td style=\"width: 99px; text-align: center; height: 48.4px;\"><strong>VOLUME\u00a0 (Lt)<\/strong><\/td>\n<td style=\"width: 190px; text-align: center; height: 48.4px;\"><strong>POIDS \u00c0 VIDE\u00a0 \u00a0(Kg)<\/strong><\/td>\n<\/tr>\n<tr style=\"height: 48px;\">\n<td style=\"width: 142.113px; height: 48px;\"><strong>COS-300FRES-0P<\/strong><\/td>\n<td style=\"width: 109.887px; text-align: center; height: 48px;\">630<\/td>\n<td style=\"width: 104px; text-align: center; height: 48px;\">1800<\/td>\n<td style=\"width: 99px; text-align: center; height: 48px;\">279<\/td>\n<td style=\"width: 190px; text-align: center; height: 48px;\">90<\/td>\n<\/tr>\n<tr style=\"height: 48px;\">\n<td style=\"width: 142.113px; height: 48px;\"><strong>COS-500FRES-0P<\/strong><\/td>\n<td style=\"width: 109.887px; text-align: center; height: 48px;\">850<\/td>\n<td style=\"width: 104px; text-align: center; height: 48px;\">1800<\/td>\n<td style=\"width: 99px; text-align: center; height: 48px;\">459<\/td>\n<td style=\"width: 190px; text-align: center; height: 48px;\">126<\/td>\n<\/tr>\n<tr style=\"height: 48px;\">\n<td style=\"width: 142.113px; height: 48px;\"><strong>COS-800FRES-0P<\/strong><\/td>\n<td style=\"width: 109.887px; text-align: center; height: 48px;\">1050<\/td>\n<td style=\"width: 104px; text-align: center; height: 48px;\">1800<\/td>\n<td style=\"width: 99px; text-align: center; height: 48px;\">726<\/td>\n<td style=\"width: 190px; text-align: center; height: 48px;\">179<\/td>\n<\/tr>\n<tr style=\"height: 48px;\">\n<td style=\"width: 142.113px; height: 48px;\"><strong>COS-1000FRES-0P<\/strong><\/td>\n<td style=\"width: 109.887px; text-align: center; height: 48px;\">1050<\/td>\n<td style=\"width: 104px; text-align: center; height: 48px;\">2000<\/td>\n<td style=\"width: 99px; text-align: center; height: 48px;\">845<\/td>\n<td style=\"width: 190px; text-align: center; height: 48px;\">204<\/td>\n<\/tr>\n<tr style=\"height: 48px;\">\n<td style=\"width: 142.113px; height: 48px;\"><strong>COS-1500FRES-0P<\/strong><\/td>\n<td style=\"width: 109.887px; text-align: center; height: 48px;\">1400<\/td>\n<td style=\"width: 104px; text-align: center; height: 48px;\">1800<\/td>\n<td style=\"width: 99px; text-align: center; height: 48px;\">1602<\/td>\n<td style=\"width: 190px; text-align: center; height: 48px;\">276<\/td>\n<\/tr>\n<tr style=\"height: 48px;\">\n<td style=\"width: 142.113px; height: 48px;\"><strong>COS-2000FRES-0P<\/strong><\/td>\n<td style=\"width: 109.887px; text-align: center; height: 48px;\">1400<\/td>\n<td style=\"width: 104px; text-align: center; height: 48px;\">2000<\/td>\n<td style=\"width: 99px; text-align: center; height: 48px;\">1881<\/td>\n<td style=\"width: 190px; text-align: center; height: 48px;\">311<\/td>\n<\/tr>\n<\/tbody>\n<\/table>\n<p>Avec SERPENTIN EN ACIER INOXYDABLE pour la production d&rsquo;eau chaude sanitaire uniquement et un serpentin (solaire \/ chauffage)<\/p>\n<table style=\"width: 699px;\">\n<tbody>\n<tr>\n<td style=\"width: 52px;\">\n<table style=\"width: 139.6px;\">\n<tbody>\n<tr style=\"height: 48.4px;\">\n<td style=\"width: 10px; text-align: center; height: 48.4px;\"><strong>R\u00e9f\u00e9rence<\/strong><\/td>\n<\/tr>\n<\/tbody>\n<\/table>\n<\/td>\n<td style=\"width: 155.688px;\"><strong>DIAM\u00c8TRE\u00a0 \u00a0 \u00a0 \u00a0 \u00a0 \u00a0(mm)<\/strong><\/td>\n<td style=\"width: 147.312px;\"><strong>HAUTEUR (mm)<\/strong><\/td>\n<td style=\"width: 104px;\"><strong>VOLUME (Lt)<\/strong><\/td>\n<td style=\"width: 193px;\"><strong>POIDS \u00c0 VIDE\u00a0 (Kg)<\/strong><\/td>\n<\/tr>\n<tr>\n<td style=\"width: 52px;\"><strong>COS-300FRES-1P<\/strong><\/td>\n<td style=\"width: 155.688px; text-align: center;\">630<\/td>\n<td style=\"width: 147.312px;\">1800<\/td>\n<td style=\"width: 104px;\">279<\/td>\n<td style=\"width: 193px;\">113<\/td>\n<\/tr>\n<tr>\n<td style=\"width: 52px;\"><strong>COS-500FRES-1P<\/strong><\/td>\n<td style=\"width: 155.688px; text-align: center;\">850<\/td>\n<td style=\"width: 147.312px;\">1800<\/td>\n<td style=\"width: 104px;\">443<\/td>\n<td style=\"width: 193px;\">156<\/td>\n<\/tr>\n<tr>\n<td style=\"width: 52px;\"><strong>COS-800FRES-1P<\/strong><\/td>\n<td style=\"width: 155.688px; text-align: center;\">1050<\/td>\n<td style=\"width: 147.312px;\">1800<\/td>\n<td style=\"width: 104px;\">706<\/td>\n<td style=\"width: 193px;\">224<\/td>\n<\/tr>\n<tr>\n<td style=\"width: 52px;\"><strong>COS-1000FRES-1P<\/strong><\/td>\n<td style=\"width: 155.688px; text-align: center;\">1050<\/td>\n<td style=\"width: 147.312px;\">2000<\/td>\n<td style=\"width: 104px;\">824<\/td>\n<td style=\"width: 193px;\">254<\/td>\n<\/tr>\n<tr>\n<td style=\"width: 52px;\"><strong>COS-1500FRES-1P<\/strong><\/td>\n<td style=\"width: 155.688px; text-align: center;\">1400<\/td>\n<td style=\"width: 147.312px;\">1800<\/td>\n<td style=\"width: 104px;\">1578<\/td>\n<td style=\"width: 193px;\">333<\/td>\n<\/tr>\n<tr>\n<td style=\"width: 52px;\"><strong>COS-2000FRES-1P<\/strong><\/td>\n<td style=\"width: 155.688px; text-align: center;\">1400<\/td>\n<td style=\"width: 147.312px;\">2000<\/td>\n<td style=\"width: 104px;\">1856<\/td>\n<td style=\"width: 193px;\">371<\/td>\n<\/tr>\n<\/tbody>\n<\/table>\n<p>Avec SERPENTIN EN ACIER INOXYDABLE pour la production d&rsquo;eau chaude sanitaire uniquement et deux serpentins (solaire \/ chauffage)<\/p>\n<table style=\"width: 690px;\">\n<tbody>\n<tr>\n<td style=\"width: 146px;\"><strong>R\u00e9f\u00e9rence<\/strong><\/td>\n<td style=\"width: 114.438px;\"><strong>DIAM\u00c8TRE\u00a0 \u00a0(mm)<\/strong><\/td>\n<td style=\"width: 103.562px;\"><strong>HAUTEUR (mm)<\/strong><\/td>\n<td style=\"width: 104px;\"><strong>VOLUME (Lt)<\/strong><\/td>\n<td style=\"width: 185px;\"><strong>POIDS \u00c0 VIDE\u00a0 \u00a0 \u00a0 \u00a0 (Kg)<\/strong><\/td>\n<\/tr>\n<tr>\n<td style=\"width: 146px;\"><strong>COS-300FRES-2P<\/strong><\/td>\n<td style=\"width: 114.438px;\">630<\/td>\n<td style=\"width: 103.562px;\">1800<\/td>\n<td style=\"width: 104px;\">279<\/td>\n<td style=\"width: 185px;\">130<\/td>\n<\/tr>\n<tr>\n<td style=\"width: 146px;\"><strong>COS-500FRES-2P<\/strong><\/td>\n<td style=\"width: 114.438px;\">850<\/td>\n<td style=\"width: 103.562px;\">1800<\/td>\n<td style=\"width: 104px;\">427<\/td>\n<td style=\"width: 185px;\">174<\/td>\n<\/tr>\n<tr>\n<td style=\"width: 146px;\"><strong>COS-800FRES-2P<\/strong><\/td>\n<td style=\"width: 114.438px;\">1050<\/td>\n<td style=\"width: 103.562px;\">1800<\/td>\n<td style=\"width: 104px;\">691<\/td>\n<td style=\"width: 185px;\">249<\/td>\n<\/tr>\n<tr>\n<td style=\"width: 146px;\"><strong>COS-1000FRES-2P<\/strong><\/td>\n<td style=\"width: 114.438px;\">1050<\/td>\n<td style=\"width: 103.562px;\">2000<\/td>\n<td style=\"width: 104px;\">810<\/td>\n<td style=\"width: 185px;\">284<\/td>\n<\/tr>\n<tr>\n<td style=\"width: 146px;\"><strong>COS-1500FRES-2P<\/strong><\/td>\n<td style=\"width: 114.438px;\">1400<\/td>\n<td style=\"width: 103.562px;\">1800<\/td>\n<td style=\"width: 104px;\">1555<\/td>\n<td style=\"width: 185px;\">371<\/td>\n<\/tr>\n<tr>\n<td style=\"width: 146px;\"><strong>COS-2000FRES-2P<\/strong><\/td>\n<td style=\"width: 114.438px;\">1400<\/td>\n<td style=\"width: 103.562px;\">2000<\/td>\n<td style=\"width: 104px;\">1841<\/td>\n<td style=\"width: 185px;\">413<\/td>\n<\/tr>\n<\/tbody>\n<\/table>\n","protected":false},"excerpt":{"rendered":"<p><span style=\"color: #ff6600;\"><strong>DESCRIPTION<\/strong><\/span><\/p>\n<table class=\"woocommerce-product-attributes shop_attributes\">\n<tbody>\n<tr class=\"woocommerce-product-attributes-item woocommerce-product-attributes-item--attribute_%ce%b4%ce%bf%cf%87%ce%b5%ce%af%ce%bf-%ce%b1%ce%b4%cf%81%ce%b1%ce%bd%ce%b5%ce%af%ce%b1%cf%82\" style=\"height: 24px;\">\n<th class=\"woocommerce-product-attributes-item__label\" style=\"height: 24px;\"><span style=\"color: #008000;\">Ballon<\/span><\/th>\n<td class=\"woocommerce-product-attributes-item__value\" style=\"height: 24px;\">En acier<\/td>\n<\/tr>\n<tr class=\"woocommerce-product-attributes-item woocommerce-product-attributes-item--attribute_%cf%80%ce%af%ce%b5%cf%83%ce%b7-%ce%bb%ce%b5%ce%b9%cf%84%ce%bf%cf%85%cf%81%ce%b3%ce%af%ce%b1%cf%82\" style=\"height: 24px;\">\n<th class=\"woocommerce-product-attributes-item__label\" style=\"height: 24px;\"><span style=\"color: #008000;\">Pression de fonctionnement<\/span><\/th>\n<td class=\"woocommerce-product-attributes-item__value\" style=\"height: 24px;\">4 bar<\/td>\n<\/tr>\n<tr class=\"woocommerce-product-attributes-item woocommerce-product-attributes-item--attribute_%ce%b1%ce%bd%ce%bf%ce%be%ce%b5%ce%af%ce%b4%cf%89%cf%84%ce%bf%cf%82-%ce%b5%ce%bd%ce%b1%ce%bb%ce%bb%ce%ac%ce%ba%cf%84%ce%b7%cf%82\" style=\"height: 24.6px;\">\n<th class=\"woocommerce-product-attributes-item__label\" style=\"height: 24.6px;\"><span style=\"color: #008000;\">Tube en inox du serpentin<\/span><\/th>\n<td class=\"woocommerce-product-attributes-item__value\" style=\"height: 24.6px;\">DN32 \u2013 1 \u00bc\u2019\u2019 filetage m\u00e2le et L= 30m<\/td>\n<\/tr>\n<tr class=\"woocommerce-product-attributes-item woocommerce-product-attributes-item--attribute_%ce%b5%ce%bd%ce%b1%ce%bb%ce%bb%ce%ac%ce%ba%cf%84%ce%b7%cf%82\" style=\"height: 24px;\">\n<th class=\"woocommerce-product-attributes-item__label\" style=\"height: 24px;\"><span style=\"color: #008000;\">\u00c9changeur<\/span><\/th>\n<td class=\"woocommerce-product-attributes-item__value\" style=\"height: 24px;\">En acier<\/td>\n<\/tr>\n<tr class=\"woocommerce-product-attributes-item woocommerce-product-attributes-item--attribute_%ce%bc%ce%ad%ce%b3%ce%b9%cf%83%cf%84%ce%b7-%cf%80%ce%af%ce%b5%cf%83%ce%b7\" style=\"height: 24px;\">\n<th class=\"woocommerce-product-attributes-item__label\" style=\"height: 24px;\"><span style=\"color: #008000;\">Pression max des \u00e9changeurs<\/span><\/th>\n<td class=\"woocommerce-product-attributes-item__value\" style=\"height: 24px;\">16 bar<\/td>\n<\/tr>\n<tr class=\"woocommerce-product-attributes-item woocommerce-product-attributes-item--attribute_%ce%bc%ce%ad%ce%b3%ce%b9%cf%83%cf%84%ce%b7-%ce%b8%ce%b5%cf%81%ce%bc%ce%bf%ce%ba%cf%81%ce%b1%cf%83%ce%af%ce%b1\" style=\"height: 24px;\">\n<th class=\"woocommerce-product-attributes-item__label\" style=\"height: 24px;\"><span style=\"color: #008000;\">\u00a0Temp\u00e9rature max des \u00e9changeurs<\/span><\/th>\n<td class=\"woocommerce-product-attributes-item__value\" style=\"height: 24px;\">160\u00b0C<\/td>\n<\/tr>\n<tr class=\"woocommerce-product-attributes-item woocommerce-product-attributes-item--attribute_%ce%bc%cf%8c%ce%bd%cf%89%cf%83%ce%b7-%ce%b1%cf%86%ce%b1%ce%b9%cf%81%ce%bf%cf%8d%ce%bc%ce%b5%ce%bd%ce%b7\" style=\"height: 24px;\">\n<th class=\"woocommerce-product-attributes-item__label\" style=\"height: 24px;\"><span style=\"color: #008000;\">Isolation amovible<\/span><\/th>\n<td class=\"woocommerce-product-attributes-item__value\" style=\"height: 24px;\">\u00a0P.U. souple ,\u00e9paisseur 100 mm<\/td>\n<\/tr>\n<\/tbody>\n<\/table>\n<p>&nbsp;<\/p>\n","protected":false},"featured_media":2773,"comment_status":"open","ping_status":"closed","template":"","meta":[],"product_brand":[],"product_cat":[63],"product_tag":[91,201],"class_list":{"0":"post-1789","1":"product","2":"type-product","3":"status-publish","4":"has-post-thumbnail","6":"product_cat-buffer-tanks-accumulators","7":"product_tag-inox","8":"product_tag-201","10":"first","11":"instock","12":"taxable","13":"shipping-taxable","14":"product-type-simple"},"_links":{"self":[{"href":"https:\/\/cosmosolar.com\/fr\/wp-json\/wp\/v2\/product\/1789","targetHints":{"allow":["GET"]}}],"collection":[{"href":"https:\/\/cosmosolar.com\/fr\/wp-json\/wp\/v2\/product"}],"about":[{"href":"https:\/\/cosmosolar.com\/fr\/wp-json\/wp\/v2\/types\/product"}],"replies":[{"embeddable":true,"href":"https:\/\/cosmosolar.com\/fr\/wp-json\/wp\/v2\/comments?post=1789"}],"wp:featuredmedia":[{"embeddable":true,"href":"https:\/\/cosmosolar.com\/fr\/wp-json\/wp\/v2\/media\/2773"}],"wp:attachment":[{"href":"https:\/\/cosmosolar.com\/fr\/wp-json\/wp\/v2\/media?parent=1789"}],"wp:term":[{"taxonomy":"product_brand","embeddable":true,"href":"https:\/\/cosmosolar.com\/fr\/wp-json\/wp\/v2\/product_brand?post=1789"},{"taxonomy":"product_cat","embeddable":true,"href":"https:\/\/cosmosolar.com\/fr\/wp-json\/wp\/v2\/product_cat?post=1789"},{"taxonomy":"product_tag","embeddable":true,"href":"https:\/\/cosmosolar.com\/fr\/wp-json\/wp\/v2\/product_tag?post=1789"}],"curies":[{"name":"wp","href":"https:\/\/api.w.org\/{rel}","templated":true}]}}