{"id":1710,"date":"2020-04-12T13:26:55","date_gmt":"2020-04-12T13:26:55","guid":{"rendered":"https:\/\/www.cosmosolar.com\/?post_type=product&#038;p=1710"},"modified":"2025-10-31T14:47:26","modified_gmt":"2025-10-31T12:47:26","slug":"%cf%83%cf%85%cf%83%cf%84%ce%ae%ce%bc%ce%b1%cf%84%ce%b1-%ce%bc%ce%b5-%ce%b4%ce%bf%cf%87%ce%b5%ce%af%ce%b1-%ce%b1%ce%b4%cf%81%ce%b1%ce%bd%ce%b5%ce%af%ce%b1%cf%82","status":"publish","type":"product","link":"https:\/\/cosmosolar.com\/fr\/product\/%cf%83%cf%85%cf%83%cf%84%ce%ae%ce%bc%ce%b1%cf%84%ce%b1-%ce%bc%ce%b5-%ce%b4%ce%bf%cf%87%ce%b5%ce%af%ce%b1-%ce%b1%ce%b4%cf%81%ce%b1%ce%bd%ce%b5%ce%af%ce%b1%cf%82\/","title":{"rendered":"Syst\u00e8mes solaires combin\u00e9s avec ballons tampons"},"content":{"rendered":"<p>REMARQUE : les syst\u00e8mes complets ci-dessous sont bas\u00e9s sur une configuration standardis\u00e9e des espaces. Ils sont susceptibles d&rsquo;\u00eatre modifi\u00e9s (nombre de capteurs, mod\u00e8le, etc.) en fonction des besoins sp\u00e9cifiques de chaque site d&rsquo;installation. Une \u00e9tude pr\u00e9alable par un ing\u00e9nieur sp\u00e9cialis\u00e9 est n\u00e9cessaire.<\/p>\n<p>Inclus :<\/p>\n<p>Capteurs (mod\u00e8le) EPI 25 NV d&rsquo;une surface brute de 2 m\u00b2.<br \/>\nRaccords pour le raccordement en parall\u00e8le des capteurs.<br \/>\nSupports (diff\u00e9rents pour toit plat \/ tuiles).<br \/>\nRaccord en croix avec prise pour sonde et raccord pour purge d&rsquo;air.<br \/>\nR\u00e9servoir tampon.<br \/>\nDeux vases d&rsquo;expansion : pour le circuit solaire ferm\u00e9 et pour l&rsquo;arriv\u00e9e d&rsquo;eau froide du r\u00e9servoir.<br \/>\nStation de pompage solaire DN 20 &#8211; \u00be\u2019\u2019 (0,5 &#8211; 15 l\/min) ou DN 25 &#8211; 1\u2019\u2019 (5 &#8211; 40 l\/min) avec thermostat diff\u00e9rentiel<br \/>\n* glycol non inclus<\/p>\n<p><span style=\"color: #0000ff;\"><em>Veuillez vous adresser \u00e0 nos revendeurs agr\u00e9\u00e9s pour conna\u00eetre la configuration d\u00e9taill\u00e9e des syst\u00e8mes.<\/em><\/span><\/p>\n<table class=\"rtable rtable--flip\">\n<thead>\n<tr>\n<th><strong>Syst\u00e8me<\/strong><\/th>\n<th><strong>Capteur\u00a0<\/strong><\/th>\n<th><strong>Nombre de capteurs<\/strong><\/th>\n<th>Station solaire<\/th>\n<th><strong>Vase d&rsquo;expansion solaire<\/strong><\/th>\n<th>\n<table class=\"rtable rtable--flip\">\n<tbody>\n<tr>\n<th><strong>Vase d&rsquo;expansion eau froide<\/strong><\/th>\n<\/tr>\n<\/tbody>\n<\/table>\n<\/th>\n<\/tr>\n<\/thead>\n<tbody>\n<tr>\n<td>SK-500\/10,25<\/td>\n<td>EPI 25<\/td>\n<td>5 x 2,00 m\u00b2<\/td>\n<td>DN 20 -3\/4\u2033<\/td>\n<td>35 lt<\/td>\n<td>35 lt<\/td>\n<\/tr>\n<tr>\n<td>SK-750\/12,30<\/td>\n<td>EPI 25<\/td>\n<td>6 x 2,00 m\u00b2<\/td>\n<td>DN 20 -3\/4\u2033<\/td>\n<td>35 lt<\/td>\n<td>35 lt<\/td>\n<\/tr>\n<tr>\n<td>SK-1000\/16,40<\/td>\n<td>EPI 25<\/td>\n<td>8 x 2,00 m\u00b2<\/td>\n<td>DN 20 -3\/4\u2033<\/td>\n<td>50 lt<\/td>\n<td>50 lt<\/td>\n<\/tr>\n<tr>\n<td>SK-1500\/20,50<\/td>\n<td>EPI 25<\/td>\n<td>10 x 2,00 m\u00b2<\/td>\n<td>DN 25 \u2013 1\u2033<\/td>\n<td>100 lt<\/td>\n<td>100 lt<\/td>\n<\/tr>\n<tr>\n<td>SK-2000\/24,60<\/td>\n<td>EPI 25<\/td>\n<td>12 x 2,00 m\u00b2<\/td>\n<td>DN 25 \u2013 1\u2033<\/td>\n<td>100 lt<\/td>\n<td>100 lt<\/td>\n<\/tr>\n<\/tbody>\n<\/table>\n<p>&nbsp;<\/p>\n<p>&nbsp;<\/p>\n<p>&nbsp;<\/p>\n<p><img loading=\"lazy\" decoding=\"async\" class=\"wp-image-1647 size-medium aligncenter\" src=\"https:\/\/cosmosolar.com\/wp-content\/uploads\/2020\/04\/thermal4-300x300.jpg\" alt=\"\" width=\"300\" height=\"300\" srcset=\"https:\/\/cosmosolar.com\/wp-content\/uploads\/2020\/04\/thermal4-300x300.jpg 300w, https:\/\/cosmosolar.com\/wp-content\/uploads\/2020\/04\/thermal4-100x100.jpg 100w, https:\/\/cosmosolar.com\/wp-content\/uploads\/2020\/04\/thermal4-150x150.jpg 150w, https:\/\/cosmosolar.com\/wp-content\/uploads\/2020\/04\/thermal4-250x250.jpg 250w, https:\/\/cosmosolar.com\/wp-content\/uploads\/2020\/04\/thermal4.jpg 563w\" sizes=\"auto, (max-width: 300px) 100vw, 300px\" \/><\/p>\n","protected":false},"excerpt":{"rendered":"<p>REMARQUE : les syst\u00e8mes complets ci-dessous sont bas\u00e9s sur une configuration standardis\u00e9e des espaces. Ils sont susceptibles d&rsquo;\u00eatre modifi\u00e9s (nombre de capteurs, mod\u00e8le, etc.) en fonction des besoins sp\u00e9cifiques de chaque site d&rsquo;installation. Une \u00e9tude pr\u00e9alable par un ing\u00e9nieur sp\u00e9cialis\u00e9 est n\u00e9cessaire. Inclus : Capteurs (mod\u00e8le) EPI 25 NV d&rsquo;une surface brute de 2 m\u00b2. [&hellip;]<\/p>\n","protected":false},"featured_media":2213,"comment_status":"open","ping_status":"closed","template":"","meta":[],"product_brand":[],"product_cat":[65],"product_tag":[188,187],"class_list":{"0":"post-1710","1":"product","2":"type-product","3":"status-publish","4":"has-post-thumbnail","6":"product_cat-complete-space-heating-systems","7":"product_tag-188","8":"product_tag-187","10":"first","11":"instock","12":"taxable","13":"shipping-taxable","14":"product-type-simple"},"_links":{"self":[{"href":"https:\/\/cosmosolar.com\/fr\/wp-json\/wp\/v2\/product\/1710","targetHints":{"allow":["GET"]}}],"collection":[{"href":"https:\/\/cosmosolar.com\/fr\/wp-json\/wp\/v2\/product"}],"about":[{"href":"https:\/\/cosmosolar.com\/fr\/wp-json\/wp\/v2\/types\/product"}],"replies":[{"embeddable":true,"href":"https:\/\/cosmosolar.com\/fr\/wp-json\/wp\/v2\/comments?post=1710"}],"wp:featuredmedia":[{"embeddable":true,"href":"https:\/\/cosmosolar.com\/fr\/wp-json\/wp\/v2\/media\/2213"}],"wp:attachment":[{"href":"https:\/\/cosmosolar.com\/fr\/wp-json\/wp\/v2\/media?parent=1710"}],"wp:term":[{"taxonomy":"product_brand","embeddable":true,"href":"https:\/\/cosmosolar.com\/fr\/wp-json\/wp\/v2\/product_brand?post=1710"},{"taxonomy":"product_cat","embeddable":true,"href":"https:\/\/cosmosolar.com\/fr\/wp-json\/wp\/v2\/product_cat?post=1710"},{"taxonomy":"product_tag","embeddable":true,"href":"https:\/\/cosmosolar.com\/fr\/wp-json\/wp\/v2\/product_tag?post=1710"}],"curies":[{"name":"wp","href":"https:\/\/api.w.org\/{rel}","templated":true}]}}