{"id":1702,"date":"2020-04-12T12:24:27","date_gmt":"2020-04-12T12:24:27","guid":{"rendered":"https:\/\/www.cosmosolar.com\/?post_type=product&#038;p=1702"},"modified":"2025-10-24T15:34:39","modified_gmt":"2025-10-24T13:34:39","slug":"%cf%87%ce%b5%ce%b9%cf%81%ce%bf%ce%ba%ce%af%ce%bd%ce%b7%cf%84%ce%b7-%ce%b1%ce%bd%cf%84%ce%bb%ce%af%ce%b1-%cf%80%ce%bb%ce%ae%cf%81%cf%89%cf%83%ce%b7%cf%82-%ce%b7%ce%bb%ce%b9%ce%b1%ce%ba%ce%bf%cf%8d","status":"publish","type":"product","link":"https:\/\/cosmosolar.com\/fr\/product\/%cf%87%ce%b5%ce%b9%cf%81%ce%bf%ce%ba%ce%af%ce%bd%ce%b7%cf%84%ce%b7-%ce%b1%ce%bd%cf%84%ce%bb%ce%af%ce%b1-%cf%80%ce%bb%ce%ae%cf%81%cf%89%cf%83%ce%b7%cf%82-%ce%b7%ce%bb%ce%b9%ce%b1%ce%ba%ce%bf%cf%8d\/","title":{"rendered":"Pompe de remplissage Regusol avec raccord porte-caoutchouc et robinets \u00e0 tournant sph\u00e9rique"},"content":{"rendered":"<p><strong>Code produit : 247.1364250<\/strong><\/p>\n<p>Pompe de remplissage Regusol avec raccordement de tuyau et robinets \u00e0 tournant sph\u00e9rique du c\u00f4t\u00e9 aspiration et pression.<\/p>\n<p>La pompe manuelle, de remplissage et d&rsquo;injection est destin\u00e9e au remplissage manuel d&rsquo;une installation solaire avec un fluide caloporteur provenant d&rsquo;un r\u00e9servoir externe. Elle peut \u00eatre utilis\u00e9e de mani\u00e8re fixe ou mobile.<\/p>\n","protected":false},"excerpt":{"rendered":"<p><span style=\"color: #ff6600;\"><strong>\u039a\u03c9\u03b4\u03b9\u03ba\u03cc\u03c2: 247.1364250<\/strong><\/span><\/p>\n<p><span style=\"color: #0000ff;\"><strong>\u03a0\u03b5\u03c1\u03b9\u03b3\u03c1\u03b1\u03c6\u03ae:<\/strong> \u03a7\u03b5\u03b9\u03c1\u03bf\u03ba\u03af\u03bd\u03b7\u03c4\u03b7 \u03b1\u03bd\u03c4\u03bb\u03af\u03b1 \u03c0\u03bb\u03ae\u03c1\u03c9\u03c3\u03b7\u03c2 \u03b7\u03bb\u03b9\u03b1\u03ba\u03bf\u03cd \u03c3\u03c5\u03c3\u03c4\u03ae\u03bc\u03b1\u03c4\u03bf\u03c2 \u03bc\u03b5 \u03b1\u03bd\u03c4\u03b9\u03c8\u03c5\u03ba\u03c4\u03b9\u03ba\u03cc \u03bc\u03ad\u03c3\u03c9 \u03b5\u03bd\u03cc\u03c2 \u03b4\u03bf\u03c7\u03b5\u03af\u03bf\u03c5 (\u03b4\u03b5\u03bd \u03c0\u03b5\u03c1\u03b9\u03bb\u03b1\u03bc\u03b2\u03ac\u03bd\u03b5\u03c4\u03b1\u03b9). \u03a0\u03b5\u03c1\u03b9\u03bb\u03b1\u03bc\u03b2\u03ac\u03bd\u03b5\u03b9 \u03c3\u03c6\u03b1\u03b9\u03c1\u03b9\u03ba\u03bf\u03cd\u03c2 \u03b4\u03b9\u03b1\u03ba\u03cc\u03c0\u03c4\u03b5\u03c2 \u03c3\u03c4\u03b7\u03bd \u03b5\u03af\u03c3\u03bf\u03b4\u03bf \u03ba\u03b1\u03b9 \u03ad\u03be\u03bf\u03b4\u03bf.<\/span><\/p>\n","protected":false},"featured_media":1703,"comment_status":"open","ping_status":"closed","template":"","meta":[],"product_brand":[],"product_cat":[66,71],"product_tag":[179,175,178,177,176,174],"class_list":{"0":"post-1702","1":"product","2":"type-product","3":"status-publish","4":"has-post-thumbnail","6":"product_cat-hydraulic-kit","7":"product_cat-hydraulic-accessories","8":"product_tag-regusol","9":"product_tag-175","10":"product_tag-178","11":"product_tag-177","12":"product_tag-176","13":"product_tag-174","15":"first","16":"instock","17":"taxable","18":"shipping-taxable","19":"product-type-simple"},"_links":{"self":[{"href":"https:\/\/cosmosolar.com\/fr\/wp-json\/wp\/v2\/product\/1702","targetHints":{"allow":["GET"]}}],"collection":[{"href":"https:\/\/cosmosolar.com\/fr\/wp-json\/wp\/v2\/product"}],"about":[{"href":"https:\/\/cosmosolar.com\/fr\/wp-json\/wp\/v2\/types\/product"}],"replies":[{"embeddable":true,"href":"https:\/\/cosmosolar.com\/fr\/wp-json\/wp\/v2\/comments?post=1702"}],"wp:featuredmedia":[{"embeddable":true,"href":"https:\/\/cosmosolar.com\/fr\/wp-json\/wp\/v2\/media\/1703"}],"wp:attachment":[{"href":"https:\/\/cosmosolar.com\/fr\/wp-json\/wp\/v2\/media?parent=1702"}],"wp:term":[{"taxonomy":"product_brand","embeddable":true,"href":"https:\/\/cosmosolar.com\/fr\/wp-json\/wp\/v2\/product_brand?post=1702"},{"taxonomy":"product_cat","embeddable":true,"href":"https:\/\/cosmosolar.com\/fr\/wp-json\/wp\/v2\/product_cat?post=1702"},{"taxonomy":"product_tag","embeddable":true,"href":"https:\/\/cosmosolar.com\/fr\/wp-json\/wp\/v2\/product_tag?post=1702"}],"curies":[{"name":"wp","href":"https:\/\/api.w.org\/{rel}","templated":true}]}}