{"id":1694,"date":"2020-04-12T12:05:17","date_gmt":"2020-04-12T12:05:17","guid":{"rendered":"https:\/\/www.cosmosolar.com\/?post_type=product&#038;p=1694"},"modified":"2025-10-29T15:37:33","modified_gmt":"2025-10-29T13:37:33","slug":"%ce%b2%ce%b1%ce%bb%ce%b2%ce%af%ce%b4%ce%b1-%cf%81%cf%8d%ce%b8%ce%bc%ce%b9%cf%83%ce%b7%cf%82-%cf%80%ce%b1%cf%81%ce%bf%cf%87%ce%ae%cf%82-hycoflow-vtb-%ce%b3%ce%b9%ce%b1-%cf%84%ce%b7","status":"publish","type":"product","link":"https:\/\/cosmosolar.com\/fr\/product\/%ce%b2%ce%b1%ce%bb%ce%b2%ce%af%ce%b4%ce%b1-%cf%81%cf%8d%ce%b8%ce%bc%ce%b9%cf%83%ce%b7%cf%82-%cf%80%ce%b1%cf%81%ce%bf%cf%87%ce%ae%cf%82-hycoflow-vtb-%ce%b3%ce%b9%ce%b1-%cf%84%ce%b7\/","title":{"rendered":"D\u00e9bitm\u00e8tre \u00ab Hycoflow VTB \u00bb"},"content":{"rendered":"<p>Utilis\u00e9 pour r\u00e9gler le d\u00e9bit dans les installations solaires. Convient pour un montage horizontal et vertical.<\/p>\n<p>Mat\u00e9riau : laiton<br \/>\nPression de service maximale : 10 bars<br \/>\nTemp\u00e9rature de service maximale : 100 \u00b0C<br \/>\nTemp\u00e9rature de service minimale : 0 \u00b0C<br \/>\nFluide : eau ou \u00e9thyl\u00e8ne, m\u00e9lange d&rsquo;eau et de glycol jusqu&rsquo;\u00e0 50 % pH : 6,5 \u2013 10<\/p>\n<p><img loading=\"lazy\" decoding=\"async\" class=\"size-full wp-image-1697 aligncenter\" src=\"https:\/\/www.cosmosolar.com\/wp-content\/uploads\/2020\/04\/yd62.png\" alt=\"\" width=\"260\" height=\"113\" \/><\/p>\n<p><img loading=\"lazy\" decoding=\"async\" class=\"size-full wp-image-1698 aligncenter\" src=\"https:\/\/www.cosmosolar.com\/wp-content\/uploads\/2020\/04\/yd63.jpg\" alt=\"\" width=\"378\" height=\"1024\" srcset=\"https:\/\/cosmosolar.com\/wp-content\/uploads\/2020\/04\/yd63.jpg 378w, https:\/\/cosmosolar.com\/wp-content\/uploads\/2020\/04\/yd63-300x813.jpg 300w, https:\/\/cosmosolar.com\/wp-content\/uploads\/2020\/04\/yd63-111x300.jpg 111w\" sizes=\"auto, (max-width: 378px) 100vw, 378px\" \/><\/p>\n","protected":false},"excerpt":{"rendered":"<p>Utilis\u00e9 pour r\u00e9gler le d\u00e9bit dans les installations solaires. Convient pour un montage horizontal et vertical.<\/p>\n<p>Mat\u00e9riau : laiton<br \/>\nPression de service maximale : 10 bars<br \/>\nTemp\u00e9rature de service maximale : 100 \u00b0C<br \/>\nTemp\u00e9rature de service minimale : 0 \u00b0C<br \/>\nFluide : eau ou \u00e9thyl\u00e8ne, m\u00e9lange d&rsquo;eau et de glycol jusqu&rsquo;\u00e0 50 % pH : 6,5 \u2013 10<\/p>\n<p><img decoding=\"async\" src=\"https:\/\/www.cosmosolar.com\/wp-content\/uploads\/2020\/04\/yd63.jpg\" \/><\/p>\n<p>&nbsp;<\/p>\n<table class=\"rtable rtable--flip\">\n<thead>\n<tr>\n<th><strong>R\u00e9f\u00e9rence<\/strong><\/th>\n<th><strong>L<\/strong><\/th>\n<th><strong>D<\/strong><\/th>\n<th><strong>C<\/strong><\/th>\n<th><strong>SW<\/strong><\/th>\n<th><strong>l\/min<\/strong><\/th>\n<th><strong>Kvs<\/strong><\/th>\n<\/tr>\n<\/thead>\n<tbody>\n<tr>\n<td><strong>247.1060906<\/strong><\/td>\n<td>80<\/td>\n<td>M\u00be\u2019\u2019<\/td>\n<td>23<\/td>\n<td>23<\/td>\n<td>4-17<\/td>\n<td>3.0<\/td>\n<\/tr>\n<tr>\n<td><strong>247.1060908<\/strong><\/td>\n<td>93<\/td>\n<td>M 1\u2019\u2019<\/td>\n<td>23<\/td>\n<td>30<\/td>\n<td>10-40<\/td>\n<td>8.3<\/td>\n<\/tr>\n<tr>\n<td><strong>247.1060910<\/strong><\/td>\n<td>109<\/td>\n<td>M 1 1\/4\u2019\u2019<\/td>\n<td>23<\/td>\n<td>36<\/td>\n<td>20-70<\/td>\n<td>13.7<\/td>\n<\/tr>\n<\/tbody>\n<\/table>\n<p>&nbsp;<\/p>\n","protected":false},"featured_media":1696,"comment_status":"open","ping_status":"closed","template":"","meta":[],"product_brand":[],"product_cat":[66,71],"product_tag":[171,133,170],"class_list":{"0":"post-1694","1":"product","2":"type-product","3":"status-publish","4":"has-post-thumbnail","6":"product_cat-hydraulic-kit","7":"product_cat-hydraulic-accessories","8":"product_tag-hycoflow-vtb","9":"product_tag-133","10":"product_tag-170","12":"first","13":"instock","14":"taxable","15":"shipping-taxable","16":"product-type-simple"},"_links":{"self":[{"href":"https:\/\/cosmosolar.com\/fr\/wp-json\/wp\/v2\/product\/1694","targetHints":{"allow":["GET"]}}],"collection":[{"href":"https:\/\/cosmosolar.com\/fr\/wp-json\/wp\/v2\/product"}],"about":[{"href":"https:\/\/cosmosolar.com\/fr\/wp-json\/wp\/v2\/types\/product"}],"replies":[{"embeddable":true,"href":"https:\/\/cosmosolar.com\/fr\/wp-json\/wp\/v2\/comments?post=1694"}],"wp:featuredmedia":[{"embeddable":true,"href":"https:\/\/cosmosolar.com\/fr\/wp-json\/wp\/v2\/media\/1696"}],"wp:attachment":[{"href":"https:\/\/cosmosolar.com\/fr\/wp-json\/wp\/v2\/media?parent=1694"}],"wp:term":[{"taxonomy":"product_brand","embeddable":true,"href":"https:\/\/cosmosolar.com\/fr\/wp-json\/wp\/v2\/product_brand?post=1694"},{"taxonomy":"product_cat","embeddable":true,"href":"https:\/\/cosmosolar.com\/fr\/wp-json\/wp\/v2\/product_cat?post=1694"},{"taxonomy":"product_tag","embeddable":true,"href":"https:\/\/cosmosolar.com\/fr\/wp-json\/wp\/v2\/product_tag?post=1694"}],"curies":[{"name":"wp","href":"https:\/\/api.w.org\/{rel}","templated":true}]}}