{"id":1668,"date":"2020-04-12T09:54:02","date_gmt":"2020-04-12T09:54:02","guid":{"rendered":"https:\/\/www.cosmosolar.com\/?post_type=product&#038;p=1668"},"modified":"2025-10-30T12:24:04","modified_gmt":"2025-10-30T10:24:04","slug":"%cf%80%cf%81%ce%bf%ce%bc%ce%bf%ce%bd%cf%89%ce%bc%ce%b5%ce%bd%ce%bf%ce%b9-%ce%b5%cf%85%ce%ba%ce%b1%ce%bc%cf%80%cf%84%ce%bf%ce%b9-%ce%b1%ce%bd%ce%bf%ce%be%ce%b5%ce%b9%ce%b4%cf%89%cf%84%ce%bf%ce%b9","status":"publish","type":"product","link":"https:\/\/cosmosolar.com\/fr\/product\/%cf%80%cf%81%ce%bf%ce%bc%ce%bf%ce%bd%cf%89%ce%bc%ce%b5%ce%bd%ce%bf%ce%b9-%ce%b5%cf%85%ce%ba%ce%b1%ce%bc%cf%80%cf%84%ce%bf%ce%b9-%ce%b1%ce%bd%ce%bf%ce%be%ce%b5%ce%b9%ce%b4%cf%89%cf%84%ce%bf%ce%b9\/","title":{"rendered":"Tuyaux flexibles isol\u00e9s SOLAR double INOX FLEX  en acier inoxydable"},"content":{"rendered":"<p><span style=\"color: #0000ff;\"><strong><span style=\"color: #0000ff;\">Tuyau double inoxydable isol\u00e9, avec c\u00e2ble de sonde SOLAR INOX FLEX 2 to 1<\/span><\/strong><\/span><\/p>\n<p>Double tuyau en acier inoxydable 316L avec isolation et c\u00e2ble de sonde . Con\u00e7u pour les circuits ferm\u00e9s des installations solaires.<\/p>\n<p>Sa flexibilit\u00e9 facilite et acc\u00e9l\u00e8re l&rsquo;installation, en particulier dans les endroits difficiles d&rsquo;acc\u00e8s tels que les toits en tuiles. Il r\u00e9siste \u00e9galement aux temp\u00e9ratures \u00e9lev\u00e9es de ces circuits (temp\u00e9rature maximale de fonctionnement 175 \u00b0C).<\/p>\n<p>Isolation en caoutchouc alv\u00e9olaire de 13 mm d&rsquo;\u00e9paisseur, \u00e0 faibles pertes gr\u00e2ce \u00e0 son faible coefficient de conductivit\u00e9 thermique \u03bb (0 \u00b0C) = 0,038 W\/m.k).<\/p>\n<p>Protection anti-UV.<\/p>\n<p><span style=\"color: #0000ff;\">Mat\u00e9riaux :<\/span><br \/>\nTuyau : acier inoxydable AISI 316L<br \/>\nIsolation : caoutchouc<br \/>\nProtection UV : nylon plumidone<br \/>\nRaccords : laiton<br \/>\nPression de service maximale : 16 bar<br \/>\nPlage de temp\u00e9rature de service : -40 \u00b0C \u00e0 150 \u00b0C.<br \/>\nTemp\u00e9rature de service maximale : 175 \u00b0C<\/p>\n<table class=\"rtable rtable--flip\">\n<thead>\n<tr>\n<th><strong>DN<\/strong><\/th>\n<th><strong> DIAM\u00c8TRE INTERNE mm<\/strong><\/th>\n<th><strong>DIAM\u00c8TRE EXTERNE mm<\/strong><\/th>\n<th><strong>TOL\u00c9RANCE\u00a0 mm<\/strong><\/th>\n<th><strong>RAYON DE BRAQUAGE MINIMAL \u00a0mm<\/strong><\/th>\n<th><strong>RAYON DE BRAQUAGE NOMINAL\u00a0 mm<\/strong><\/th>\n<th><strong>\u00a0PRESSION DE SERVICE p1(BAR)20 C\/SF3<\/strong><\/th>\n<th><strong>\u00a0PRESSION NOMINALE (PN) DIN EN ISO 10380\/SF4<\/strong><\/th>\n<th><strong>EMBALLAGE\u00a0 mt<\/strong><\/th>\n<\/tr>\n<\/thead>\n<tbody>\n<tr>\n<td>16<\/td>\n<td>16.6<\/td>\n<td>21.4<\/td>\n<td>0.2<\/td>\n<td>25<\/td>\n<td>195<\/td>\n<td>13<\/td>\n<td>10<\/td>\n<td>25<\/td>\n<\/tr>\n<tr>\n<td>20<\/td>\n<td>20.9<\/td>\n<td>26.4<\/td>\n<td>0.2<\/td>\n<td>30<\/td>\n<td>225<\/td>\n<td>13<\/td>\n<td>10<\/td>\n<td>25<\/td>\n<\/tr>\n<tr>\n<td>25<\/td>\n<td>25.1<\/td>\n<td>31.8<\/td>\n<td>0.3<\/td>\n<td>35<\/td>\n<td>260<\/td>\n<td>8<\/td>\n<td>6<\/td>\n<td>25<\/td>\n<\/tr>\n<\/tbody>\n<\/table>\n<p>&nbsp;<\/p>\n<table class=\"rtable rtable--flip\" style=\"width: 395px;\">\n<thead>\n<tr>\n<th style=\"width: 148.575px;\"><strong>R\u00e9f\u00e9rence<\/strong><\/th>\n<th style=\"width: 231.425px;\"><strong>DESCRIPTION<\/strong><\/th>\n<\/tr>\n<\/thead>\n<tbody>\n<tr>\n<td style=\"width: 148.575px;\"><strong>173.000.397.0100<\/strong><\/td>\n<td style=\"width: 231.425px;\">DN16 SOLAR INOX FLEX 2 to 1<\/td>\n<\/tr>\n<tr>\n<td style=\"width: 148.575px;\"><strong>173.000.397.0101<\/strong><\/td>\n<td style=\"width: 231.425px;\">DN20 SOLAR INOX FLEX 2 to 1<\/td>\n<\/tr>\n<tr>\n<td style=\"width: 148.575px;\"><strong>173.000.397.0102<\/strong><\/td>\n<td style=\"width: 231.425px;\">DN25 SOLAR INOX FLEX 2 to 1<\/td>\n<\/tr>\n<tr>\n<td style=\"width: 148.575px;\"><strong>191.000.418.0008<\/strong><\/td>\n<td style=\"width: 231.425px;\">Raccord m\u00e2le DN 16\u03a73\/4\u2019\u2019<\/td>\n<\/tr>\n<tr>\n<td style=\"width: 148.575px;\"><strong>191.000.418.0005<\/strong><\/td>\n<td style=\"width: 231.425px;\">Raccord femelle DN 16\u03a73\/4\u2019\u2019<\/td>\n<\/tr>\n<tr>\n<td style=\"width: 148.575px;\"><strong>191.000.205.0010<\/strong><\/td>\n<td style=\"width: 231.425px;\">Raccord coud\u00e9\u00a0DN16\u03a73\/4\u2019\u2019<\/td>\n<\/tr>\n<tr>\n<td style=\"width: 148.575px;\"><strong>173.000.397.0050<\/strong><\/td>\n<td style=\"width: 231.425px;\">Raccord m\u00e2le\u00a0DN20 x 1\u2032<\/td>\n<\/tr>\n<tr>\n<td style=\"width: 148.575px;\"><strong>173.000.397.0051<\/strong><\/td>\n<td style=\"width: 231.425px;\">Female fitting DN20 x 1\u2032<\/td>\n<\/tr>\n<tr>\n<td style=\"width: 148.575px;\"><strong>173.000.397.0052<\/strong><\/td>\n<td style=\"width: 231.425px;\">Boulon \u00e0 joint torique\u00a01 1\/4\u201d<\/td>\n<\/tr>\n<\/tbody>\n<\/table>\n","protected":false},"excerpt":{"rendered":"<p><span style=\"color: #ff6600;\"><strong>Tuyau double inoxydable isol\u00e9, avec c\u00e2ble de sonde SOLAR INOX FLEX 2 to 1<\/strong><\/span><\/p>\n<p><span style=\"color: #008000;\">Tuyau double en acier inoxydable 316L avec isolation et c<strong>\u00e2<\/strong>ble de sonde. Con\u00e7u pour les boucles ferm\u00e9es des installations solaires.<\/span><\/p>\n<p><span style=\"color: #008000;\">Sa flexibilit\u00e9 facilite et acc\u00e9l\u00e8re l&rsquo;installation, en particulier dans les endroits difficiles d&rsquo;acc\u00e8s tels que les toits en tuiles. Il peut \u00e9galement r\u00e9sister aux temp\u00e9ratures \u00e9lev\u00e9es de ces circuits (temp\u00e9rature maximale de fonctionnement 175 \u00b0C).<\/span><\/p>\n<p><span style=\"color: #008000;\">Isolation en caoutchouc alv\u00e9olaire de 13 mm d&rsquo;\u00e9paisseur \u00e0 faibles pertes, gr\u00e2ce \u00e0 son faible coefficient de conductivit\u00e9 thermique \u03bb (0 \u00b0C) = 0,038 W\/m.k).<\/span><\/p>\n<p><span style=\"color: #008000;\">Protection anti-UV.<\/span><\/p>\n<p>&nbsp;<\/p>\n","protected":false},"featured_media":1669,"comment_status":"open","ping_status":"closed","template":"","meta":[],"product_brand":[],"product_cat":[66,71],"product_tag":[158,153,152,157,156],"class_list":{"0":"post-1668","1":"product","2":"type-product","3":"status-publish","4":"has-post-thumbnail","6":"product_cat-hydraulic-kit","7":"product_cat-hydraulic-accessories","8":"product_tag-solar-inox-flex-2--1","9":"product_tag-153","10":"product_tag-152","11":"product_tag-157","12":"product_tag-156","14":"first","15":"instock","16":"taxable","17":"shipping-taxable","18":"product-type-simple"},"_links":{"self":[{"href":"https:\/\/cosmosolar.com\/fr\/wp-json\/wp\/v2\/product\/1668","targetHints":{"allow":["GET"]}}],"collection":[{"href":"https:\/\/cosmosolar.com\/fr\/wp-json\/wp\/v2\/product"}],"about":[{"href":"https:\/\/cosmosolar.com\/fr\/wp-json\/wp\/v2\/types\/product"}],"replies":[{"embeddable":true,"href":"https:\/\/cosmosolar.com\/fr\/wp-json\/wp\/v2\/comments?post=1668"}],"wp:featuredmedia":[{"embeddable":true,"href":"https:\/\/cosmosolar.com\/fr\/wp-json\/wp\/v2\/media\/1669"}],"wp:attachment":[{"href":"https:\/\/cosmosolar.com\/fr\/wp-json\/wp\/v2\/media?parent=1668"}],"wp:term":[{"taxonomy":"product_brand","embeddable":true,"href":"https:\/\/cosmosolar.com\/fr\/wp-json\/wp\/v2\/product_brand?post=1668"},{"taxonomy":"product_cat","embeddable":true,"href":"https:\/\/cosmosolar.com\/fr\/wp-json\/wp\/v2\/product_cat?post=1668"},{"taxonomy":"product_tag","embeddable":true,"href":"https:\/\/cosmosolar.com\/fr\/wp-json\/wp\/v2\/product_tag?post=1668"}],"curies":[{"name":"wp","href":"https:\/\/api.w.org\/{rel}","templated":true}]}}