{"id":1661,"date":"2020-04-12T09:26:30","date_gmt":"2020-04-12T09:26:30","guid":{"rendered":"https:\/\/www.cosmosolar.com\/?post_type=product&#038;p=1661"},"modified":"2025-10-30T12:41:28","modified_gmt":"2025-10-30T10:41:28","slug":"%ce%b2%ce%b1%ce%bb%ce%b2%ce%af%ce%b4%ce%b1-%ce%b1%cf%83%cf%86%ce%b1%ce%bb%ce%b5%ce%af%ce%b1%cf%82-%cf%80%ce%af%ce%b5%cf%83%ce%b7%cf%82-%ce%b8%ce%b5%cf%81%ce%bc%ce%bf%ce%ba%cf%81%ce%b1%cf%83%ce%af","status":"publish","type":"product","link":"https:\/\/cosmosolar.com\/fr\/product\/%ce%b2%ce%b1%ce%bb%ce%b2%ce%af%ce%b4%ce%b1-%ce%b1%cf%83%cf%86%ce%b1%ce%bb%ce%b5%ce%af%ce%b1%cf%82-%cf%80%ce%af%ce%b5%cf%83%ce%b7%cf%82-%ce%b8%ce%b5%cf%81%ce%bc%ce%bf%ce%ba%cf%81%ce%b1%cf%83%ce%af\/","title":{"rendered":"Soupape de s\u00e9curit\u00e9 pression et temp\u00e9rature"},"content":{"rendered":"<p><span style=\"color: #0000ff;\"><strong>R\u00e9f\u00e9rence : 191.000.101.0045<\/strong><\/span><br \/>\n<span style=\"color: #0000ff;\"><strong>Soupape de s\u00e9curit\u00e9 pression et temp\u00e9rature<\/strong><\/span><\/p>\n<p>Assure le bon fonctionnement d&rsquo;une installation en prot\u00e9geant le r\u00e9servoir contre les temp\u00e9ratures et les pressions \u00e9lev\u00e9es. Convient pour une installation de ballons horizontaux ou verticaux.<\/p>\n<p>Pression nominale : PN10<br \/>\nTemp\u00e9rature maximale de service : 90+20 \u00b0C<br \/>\nPression maximale de service : 10 bars.<br \/>\nPour l&rsquo;eau sanitaire et les circuits de chauffage en circuit ferm\u00e9.<\/p>\n<p>Raccordement : M\u00bd \u00a0\u00bb<br \/>\nSortie : M\u00bd \u201c\u201d<br \/>\nLongueur de la sonde : 10 cm<br \/>\nClassification PED (directive relative aux \u00e9quipements sous pression) : IV<\/p>\n<p>&nbsp;<\/p>\n<p><img loading=\"lazy\" decoding=\"async\" class=\"size-full wp-image-1663 aligncenter\" src=\"https:\/\/www.cosmosolar.com\/wp-content\/uploads\/2020\/04\/191a.jpg\" alt=\"\" width=\"472\" height=\"473\" srcset=\"https:\/\/cosmosolar.com\/wp-content\/uploads\/2020\/04\/191a.jpg 472w, https:\/\/cosmosolar.com\/wp-content\/uploads\/2020\/04\/191a-300x300.jpg 300w, https:\/\/cosmosolar.com\/wp-content\/uploads\/2020\/04\/191a-100x100.jpg 100w, https:\/\/cosmosolar.com\/wp-content\/uploads\/2020\/04\/191a-150x150.jpg 150w, https:\/\/cosmosolar.com\/wp-content\/uploads\/2020\/04\/191a-250x250.jpg 250w\" sizes=\"auto, (max-width: 472px) 100vw, 472px\" \/><\/p>\n","protected":false},"excerpt":{"rendered":"<p><span style=\"color: #ff6600;\"><strong>R\u00e9f\u00e9rence : 191.000.101.0045<\/strong><\/span><br \/>\n<span style=\"color: #ff6600;\"><strong>Soupape de s\u00e9curit\u00e9 pression et temp\u00e9rature<\/strong><\/span><\/p>\n<p><span style=\"color: #008000;\">Assure le bon fonctionnement d&rsquo;une installation en prot\u00e9geant le r\u00e9servoir contre les temp\u00e9ratures et les pressions \u00e9lev\u00e9es. Convient \u00e0 une installation\u00a0 de ballons horizontaux ou verticaux.<\/span><\/p>\n<p>&nbsp;<\/p>\n","protected":false},"featured_media":1662,"comment_status":"open","ping_status":"closed","template":"","meta":[],"product_brand":[],"product_cat":[66,71],"product_tag":[149,151,150],"class_list":{"0":"post-1661","1":"product","2":"type-product","3":"status-publish","4":"has-post-thumbnail","6":"product_cat-hydraulic-kit","7":"product_cat-hydraulic-accessories","8":"product_tag-149","9":"product_tag-151","10":"product_tag-150","12":"first","13":"instock","14":"taxable","15":"shipping-taxable","16":"product-type-simple"},"_links":{"self":[{"href":"https:\/\/cosmosolar.com\/fr\/wp-json\/wp\/v2\/product\/1661","targetHints":{"allow":["GET"]}}],"collection":[{"href":"https:\/\/cosmosolar.com\/fr\/wp-json\/wp\/v2\/product"}],"about":[{"href":"https:\/\/cosmosolar.com\/fr\/wp-json\/wp\/v2\/types\/product"}],"replies":[{"embeddable":true,"href":"https:\/\/cosmosolar.com\/fr\/wp-json\/wp\/v2\/comments?post=1661"}],"wp:featuredmedia":[{"embeddable":true,"href":"https:\/\/cosmosolar.com\/fr\/wp-json\/wp\/v2\/media\/1662"}],"wp:attachment":[{"href":"https:\/\/cosmosolar.com\/fr\/wp-json\/wp\/v2\/media?parent=1661"}],"wp:term":[{"taxonomy":"product_brand","embeddable":true,"href":"https:\/\/cosmosolar.com\/fr\/wp-json\/wp\/v2\/product_brand?post=1661"},{"taxonomy":"product_cat","embeddable":true,"href":"https:\/\/cosmosolar.com\/fr\/wp-json\/wp\/v2\/product_cat?post=1661"},{"taxonomy":"product_tag","embeddable":true,"href":"https:\/\/cosmosolar.com\/fr\/wp-json\/wp\/v2\/product_tag?post=1661"}],"curies":[{"name":"wp","href":"https:\/\/api.w.org\/{rel}","templated":true}]}}