{"id":1634,"date":"2020-04-12T07:48:26","date_gmt":"2020-04-12T07:48:26","guid":{"rendered":"https:\/\/www.cosmosolar.com\/?post_type=product&#038;p=1634"},"modified":"2025-10-30T13:03:29","modified_gmt":"2025-10-30T11:03:29","slug":"%ce%b7%ce%bb%ce%b9%ce%b1%ce%ba%ce%ae-%ce%b8%ce%b5%cf%81%ce%bc%ce%bf%cf%83%cf%84%ce%b1%cf%84%ce%b9%ce%ba%ce%ae-%ce%b2%ce%b1%ce%bb%ce%b2%ce%af%ce%b4%ce%b1-solar-%ce%b5%ce%ba%cf%84","status":"publish","type":"product","link":"https:\/\/cosmosolar.com\/fr\/product\/%ce%b7%ce%bb%ce%b9%ce%b1%ce%ba%ce%ae-%ce%b8%ce%b5%cf%81%ce%bc%ce%bf%cf%83%cf%84%ce%b1%cf%84%ce%b9%ce%ba%ce%ae-%ce%b2%ce%b1%ce%bb%ce%b2%ce%af%ce%b4%ce%b1-solar-%ce%b5%ce%ba%cf%84\/","title":{"rendered":"Vanne de m\u00e9lange et de d\u00e9rivation thermostatique  \u201cSOLAR\u201d  DN20 \u2013 \u00be\u2019\u2019 pour eau chaude sanitaire"},"content":{"rendered":"<p><span style=\"color: #0000ff;\"><strong>R\u00e9f\u00e9rence: 472.441020<\/strong><\/span><\/p>\n<p><span style=\"color: #0000ff;\"><strong>Vanne de m\u00e9lange et de d\u00e9rivation pour eau chaude sanitaire DN20 \u2013 \u00be\u2019\u2019<\/strong><\/span><\/p>\n<p>Vanne en laiton pour eau chaude sanitaire. Install\u00e9e \u00e0 des chauffe-eau solaires, elle d\u00e9rive l&rsquo;eau chaude sanitaire vers la consommation ou, lorsque la temp\u00e9rature de l&rsquo;eau est sup\u00e9rieure \u00e0 celle s\u00e9lectionn\u00e9e, vers un autre circuit (par exemple, le chauffage conventionnel).<\/p>\n<p>Mat\u00e9riau : laiton<br \/>\nRaccords : M3\/4\u2033<br \/>\nPression de service statique maximale : 10 bars<br \/>\nD\u00e9bit minimal : 9 l\/min<br \/>\nTemp\u00e9rature de service maximale : 100 \u00b0C<br \/>\nTemp\u00e9rature de d\u00e9rivation : 48 \u00b0C <img loading=\"lazy\" decoding=\"async\" class=\"size-full wp-image-1635 aligncenter\" src=\"https:\/\/www.cosmosolar.com\/wp-content\/uploads\/2020\/04\/472b.jpg\" alt=\"\" width=\"280\" height=\"248\" \/><\/p>\n","protected":false},"excerpt":{"rendered":"<p><span style=\"color: #ff6600;\"><strong>R\u00e9f\u00e9rence : 472.441020<\/strong><\/span><\/p>\n<p><span style=\"color: #ff6600;\"><strong>Vanne de m\u00e9lange et de d\u00e9rivation pour eau chaude sanitaire DN20 \u2013 \u00be\u2019\u2019<\/strong><\/span><\/p>\n<p><span style=\"color: #008000;\"><em>Con\u00e7ue pour \u00eatre instal\u00e9e \u00e0 des chauffe-eau solaires qui d\u00e9tournent l&rsquo;eau chaude sanitaire vers la consommation ou lorsque la temp\u00e9rature de l&rsquo;eau est sup\u00e9rieure \u00e0 celle s\u00e9lectionn\u00e9e vers un autre circuit (par exemple, le chauffage conventionnel).<\/em><\/span><\/p>\n","protected":false},"featured_media":1636,"comment_status":"open","ping_status":"closed","template":"","meta":[],"product_brand":[],"product_cat":[66,71],"product_tag":[135,126,133,134,132],"class_list":{"0":"post-1634","1":"product","2":"type-product","3":"status-publish","4":"has-post-thumbnail","6":"product_cat-hydraulic-kit","7":"product_cat-hydraulic-accessories","8":"product_tag-dn20-","9":"product_tag-solar","10":"product_tag-133","11":"product_tag-134","12":"product_tag-132","14":"first","15":"instock","16":"taxable","17":"shipping-taxable","18":"product-type-simple"},"_links":{"self":[{"href":"https:\/\/cosmosolar.com\/fr\/wp-json\/wp\/v2\/product\/1634","targetHints":{"allow":["GET"]}}],"collection":[{"href":"https:\/\/cosmosolar.com\/fr\/wp-json\/wp\/v2\/product"}],"about":[{"href":"https:\/\/cosmosolar.com\/fr\/wp-json\/wp\/v2\/types\/product"}],"replies":[{"embeddable":true,"href":"https:\/\/cosmosolar.com\/fr\/wp-json\/wp\/v2\/comments?post=1634"}],"wp:featuredmedia":[{"embeddable":true,"href":"https:\/\/cosmosolar.com\/fr\/wp-json\/wp\/v2\/media\/1636"}],"wp:attachment":[{"href":"https:\/\/cosmosolar.com\/fr\/wp-json\/wp\/v2\/media?parent=1634"}],"wp:term":[{"taxonomy":"product_brand","embeddable":true,"href":"https:\/\/cosmosolar.com\/fr\/wp-json\/wp\/v2\/product_brand?post=1634"},{"taxonomy":"product_cat","embeddable":true,"href":"https:\/\/cosmosolar.com\/fr\/wp-json\/wp\/v2\/product_cat?post=1634"},{"taxonomy":"product_tag","embeddable":true,"href":"https:\/\/cosmosolar.com\/fr\/wp-json\/wp\/v2\/product_tag?post=1634"}],"curies":[{"name":"wp","href":"https:\/\/api.w.org\/{rel}","templated":true}]}}