{"id":1631,"date":"2020-04-12T07:34:26","date_gmt":"2020-04-12T07:34:26","guid":{"rendered":"https:\/\/www.cosmosolar.com\/?post_type=product&#038;p=1631"},"modified":"2025-10-29T15:21:05","modified_gmt":"2025-10-29T13:21:05","slug":"%cf%81%cf%85%ce%b8%ce%bc%ce%b9%cf%83%cf%84%ce%b9%ce%ba%ce%ae-%ce%b2%ce%b1%ce%bb%ce%b2%ce%af%ce%b4%ce%b1-solar-dn20-4-%ce%ad%cf%89%cf%8216-l-min","status":"publish","type":"product","link":"https:\/\/cosmosolar.com\/fr\/product\/%cf%81%cf%85%ce%b8%ce%bc%ce%b9%cf%83%cf%84%ce%b9%ce%ba%ce%ae-%ce%b2%ce%b1%ce%bb%ce%b2%ce%af%ce%b4%ce%b1-solar-dn20-4-%ce%ad%cf%89%cf%8216-l-min\/","title":{"rendered":"Vanne de r\u00e9glage \u00ab Solar DN20 \u2013 de 4 \u00e0 16 l\/min \u00bb"},"content":{"rendered":"<p><span style=\"color: #0000ff;\"><strong>Article num\u00e9ro : 49-223.7566.334<\/strong><\/span><\/p>\n<p><span style=\"color: #0000ff;\">Vanne de r\u00e9glage de d\u00e9bit \u00ab Solar DN20 \u2013 4 \u00e0 16 l\/min \u00bb pour circuits ferm\u00e9s.<\/span><\/p>\n<p>Vanne de r\u00e9glage Solar DN20 pour le d\u00e9bit des circuits solaires ferm\u00e9s. Plage comprise entre 4 et 16 l\/min. Convient pour un positionnement vertical ou horizontal.<\/p>\n<p>Mat\u00e9riau : laiton.<br \/>\nRaccords : 1\u2033 F.<br \/>\nPression de service maximale : 8 bars.<br \/>\nTemp\u00e9rature de service maximale : 130 \u00b0C<\/p>\n<p>&nbsp;<\/p>\n","protected":false},"excerpt":{"rendered":"<p><strong>Vanne de r\u00e9glage \u00a0\u00ab Solar DN20 \u2013 de 4 \u00e0 16 l\/min \u00bb<\/strong><\/p>\n<p><strong><span style=\"color: #ff6600;\">Vanne de r\u00e9glage du d\u00e9bit \u00ab Solar DN20 \u2013 4 \u03ad\u03c9\u03c216 l\/min \u00bb pour circuits ferm\u00e9s<\/span><\/strong><\/p>\n<p><span style=\"color: #ff6600;\"><strong>Article Number: 49-223.7566.334<\/strong><\/span><\/p>\n<p><span style=\"color: #339966;\">Vanne de r\u00e9glage Solar DN20 pour le d\u00e9bit des circuits solaires ferm\u00e9s. Plage comprise entre 4 et 16 l\/min. Convient pour un positionnement vertical ou horizontal.<\/span><\/p>\n<p>&nbsp;<\/p>\n","protected":false},"featured_media":1632,"comment_status":"open","ping_status":"closed","template":"","meta":[],"product_brand":[],"product_cat":[66,71],"product_tag":[],"class_list":{"0":"post-1631","1":"product","2":"type-product","3":"status-publish","4":"has-post-thumbnail","6":"product_cat-hydraulic-kit","7":"product_cat-hydraulic-accessories","9":"first","10":"instock","11":"taxable","12":"shipping-taxable","13":"product-type-simple"},"_links":{"self":[{"href":"https:\/\/cosmosolar.com\/fr\/wp-json\/wp\/v2\/product\/1631","targetHints":{"allow":["GET"]}}],"collection":[{"href":"https:\/\/cosmosolar.com\/fr\/wp-json\/wp\/v2\/product"}],"about":[{"href":"https:\/\/cosmosolar.com\/fr\/wp-json\/wp\/v2\/types\/product"}],"replies":[{"embeddable":true,"href":"https:\/\/cosmosolar.com\/fr\/wp-json\/wp\/v2\/comments?post=1631"}],"wp:featuredmedia":[{"embeddable":true,"href":"https:\/\/cosmosolar.com\/fr\/wp-json\/wp\/v2\/media\/1632"}],"wp:attachment":[{"href":"https:\/\/cosmosolar.com\/fr\/wp-json\/wp\/v2\/media?parent=1631"}],"wp:term":[{"taxonomy":"product_brand","embeddable":true,"href":"https:\/\/cosmosolar.com\/fr\/wp-json\/wp\/v2\/product_brand?post=1631"},{"taxonomy":"product_cat","embeddable":true,"href":"https:\/\/cosmosolar.com\/fr\/wp-json\/wp\/v2\/product_cat?post=1631"},{"taxonomy":"product_tag","embeddable":true,"href":"https:\/\/cosmosolar.com\/fr\/wp-json\/wp\/v2\/product_tag?post=1631"}],"curies":[{"name":"wp","href":"https:\/\/api.w.org\/{rel}","templated":true}]}}