{"id":1626,"date":"2020-04-12T07:27:56","date_gmt":"2020-04-12T07:27:56","guid":{"rendered":"https:\/\/www.cosmosolar.com\/?post_type=product&#038;p=1626"},"modified":"2025-10-30T10:49:14","modified_gmt":"2025-10-30T08:49:14","slug":"%cf%84%cf%81%ce%af%ce%bf%ce%b4%ce%b7-%ce%b2%ce%ac%ce%bd%ce%b1-%ce%b5%ce%ba%cf%84%cf%81%ce%bf%cf%80%ce%ae%cf%82-%cf%85%cf%88%ce%b7%ce%bb%cf%8e%ce%bd-%ce%b8%ce%b5%cf%81%ce%bc%ce%bf%ce%ba%cf%81%ce%b1","status":"publish","type":"product","link":"https:\/\/cosmosolar.com\/fr\/product\/%cf%84%cf%81%ce%af%ce%bf%ce%b4%ce%b7-%ce%b2%ce%ac%ce%bd%ce%b1-%ce%b5%ce%ba%cf%84%cf%81%ce%bf%cf%80%ce%ae%cf%82-%cf%85%cf%88%ce%b7%ce%bb%cf%8e%ce%bd-%ce%b8%ce%b5%cf%81%ce%bc%ce%bf%ce%ba%cf%81%ce%b1\/","title":{"rendered":"Vanne motoris\u00e9e \u00e0 3 voies pour temp\u00e9ratures \u00e9lev\u00e9es"},"content":{"rendered":"<p><span style=\"color: #0000ff;\"><strong>Vanne \u00e0 3 voies \u00ab solaire \u00bb<\/strong><\/span><\/p>\n<p>&nbsp;<\/p>\n<p>Mat\u00e9riau: laiton<br \/>\nEntr\u00e9e: AC230V or 24V (50\u2026.60Hz)<br \/>\nS\u00e9curit\u00e9: IP44 \/ 5\u00d720 F350 mA<br \/>\nPlage : -5\u00b0C \u2013 55\u00b0C<br \/>\nTemp\u00e9rature maximum de l&rsquo;eau: 100 \u00b0C<br \/>\nRotation du moteur(900): 80sec<br \/>\nCouple maximal: 8Nm<br \/>\nConnexions: 1\u2019\u2019 filetage m\u00e2le<br \/>\nPression nominale: PN16<\/p>\n<table class=\"rtable rtable--flip\">\n<thead>\n<tr>\n<th><strong>R\u00e9f\u00e9rence<\/strong><\/th>\n<th><strong>DESCRIPTION<\/strong><\/th>\n<\/tr>\n<\/thead>\n<tbody>\n<tr>\n<td><strong>472.0009<\/strong><\/td>\n<td>Vanne \u00e0 3 voies\u00a0DN20 \u2013 \u00be\u201d<\/td>\n<\/tr>\n<tr>\n<td><strong>472.0013<\/strong><\/td>\n<td>Vanne \u00e0 3 voies\u00a0DN25 \u20131&Prime;<\/td>\n<\/tr>\n<\/tbody>\n<\/table>\n<p><img loading=\"lazy\" decoding=\"async\" class=\"size-full wp-image-1627 aligncenter\" src=\"https:\/\/www.cosmosolar.com\/wp-content\/uploads\/2020\/04\/2137all.jpg\" alt=\"\" width=\"129\" height=\"132\" \/><\/p>\n","protected":false},"excerpt":{"rendered":"<p><strong>Vanne motoris\u00e9e \u00e0 3 voies pour temp\u00e9ratures \u00e9lev\u00e9es<\/strong><\/p>\n<p>&nbsp;<\/p>\n<p><span style=\"color: #ff6600;\">Vanne de d\u00e9rivation \u00e0 3 voies \u00ab solaire \u00bb pour installations solaires en boucle ferm\u00e9e<\/span><\/p>\n","protected":false},"featured_media":1628,"comment_status":"open","ping_status":"closed","template":"","meta":[],"product_brand":[],"product_cat":[66,71],"product_tag":[126,124,127,128,123,125],"class_list":{"0":"post-1626","1":"product","2":"type-product","3":"status-publish","4":"has-post-thumbnail","6":"product_cat-hydraulic-kit","7":"product_cat-hydraulic-accessories","8":"product_tag-solar","9":"product_tag-124","10":"product_tag-127","11":"product_tag-128","12":"product_tag-123","13":"product_tag-125","15":"first","16":"instock","17":"taxable","18":"shipping-taxable","19":"product-type-simple"},"_links":{"self":[{"href":"https:\/\/cosmosolar.com\/fr\/wp-json\/wp\/v2\/product\/1626","targetHints":{"allow":["GET"]}}],"collection":[{"href":"https:\/\/cosmosolar.com\/fr\/wp-json\/wp\/v2\/product"}],"about":[{"href":"https:\/\/cosmosolar.com\/fr\/wp-json\/wp\/v2\/types\/product"}],"replies":[{"embeddable":true,"href":"https:\/\/cosmosolar.com\/fr\/wp-json\/wp\/v2\/comments?post=1626"}],"wp:featuredmedia":[{"embeddable":true,"href":"https:\/\/cosmosolar.com\/fr\/wp-json\/wp\/v2\/media\/1628"}],"wp:attachment":[{"href":"https:\/\/cosmosolar.com\/fr\/wp-json\/wp\/v2\/media?parent=1626"}],"wp:term":[{"taxonomy":"product_brand","embeddable":true,"href":"https:\/\/cosmosolar.com\/fr\/wp-json\/wp\/v2\/product_brand?post=1626"},{"taxonomy":"product_cat","embeddable":true,"href":"https:\/\/cosmosolar.com\/fr\/wp-json\/wp\/v2\/product_cat?post=1626"},{"taxonomy":"product_tag","embeddable":true,"href":"https:\/\/cosmosolar.com\/fr\/wp-json\/wp\/v2\/product_tag?post=1626"}],"curies":[{"name":"wp","href":"https:\/\/api.w.org\/{rel}","templated":true}]}}