{"id":1625,"date":"2020-04-12T07:20:14","date_gmt":"2020-04-12T07:20:14","guid":{"rendered":"https:\/\/www.cosmosolar.com\/?post_type=product&#038;p=1625"},"modified":"2025-10-30T15:05:09","modified_gmt":"2025-10-30T13:05:09","slug":"%ce%bc%ce%bf%ce%bd%ce%ac%ce%b4%ce%b1-%ce%b4%ce%b9%ce%b1%cf%86%ce%bf%cf%81%ce%b9%ce%ba%ce%bf%cf%8d-%ce%b5%ce%bb%ce%ad%ce%b3%cf%87%ce%bf%cf%85-%ce%b8%ce%b5%cf%81%ce%bc%ce%bf%ce%ba%cf%81%ce%b1%cf%83-2","status":"publish","type":"product","link":"https:\/\/cosmosolar.com\/fr\/product\/%ce%bc%ce%bf%ce%bd%ce%ac%ce%b4%ce%b1-%ce%b4%ce%b9%ce%b1%cf%86%ce%bf%cf%81%ce%b9%ce%ba%ce%bf%cf%8d-%ce%b5%ce%bb%ce%ad%ce%b3%cf%87%ce%bf%cf%85-%ce%b8%ce%b5%cf%81%ce%bc%ce%bf%ce%ba%cf%81%ce%b1%cf%83-2\/","title":{"rendered":"R\u00e9gulateur solaire Regtronic RC-P pour applications industrielles"},"content":{"rendered":"<p><strong>R\u00e9f\u00e9rence: 247.1369551<\/strong><\/p>\n<p><strong>Les r\u00e9gulateurs \u00e9lectroniques assurent une utilisation efficace de l&rsquo;\u00e9nergie pour le chauffage et le rafra\u00eechissement. Ils permettent le contr\u00f4le, la combinaison et la surveillance de diff\u00e9rentes fonctions des domaines de la production, de la distribution et du transfert vers un syst\u00e8me intelligent. Les r\u00e9gulateurs peuvent prendre en charge la coordination de diff\u00e9rents g\u00e9n\u00e9rateurs de chaleur (y compris les chaudi\u00e8res \u00e0 gaz, les chaudi\u00e8res \u00e0 combustibles solides ou les syst\u00e8mes solaires thermiques) afin de garantir un fonctionnement \u00e9conomique.<\/strong><\/p>\n<p><strong>Regtronic RC-P:<\/strong><\/p>\n<p>\u2022 4 sorties relais (dont 1 relais basse tension sans potentiel)<br \/>\n\u2022 4 entr\u00e9es pour les sondes de temp\u00e9rature Pt1000, Pt500 ou KTY<br \/>\n\u2022 Connexion d\u2019un module d\u2019extension \u00e0 travers le S-Bus (11 sondes et 9<br \/>\nrelais en tout)<br \/>\n\u2022 1 entr\u00e9e pour une sonde analogique Grundfos Direct Sensor\u2122 et 1<br \/>\nentr\u00e9e de fr\u00e9quence<br \/>\n\u2022 1 entr\u00e9e d\u2019impulsions V40 (configurable en entr\u00e9e pour les sondes de<br \/>\ntemp\u00e9rature Pt1000, Pt500 et KTY Pt1000)<br \/>\n\u2022 2 sorties PWM pour le r\u00e9glage de vitesse des pompes \u00e0 haut rendement<br \/>\n\u2022 Lecteur de carte m\u00e9moire MicroSD<br \/>\n\u2022 Contr\u00f4le de fonctionnement automatique conforme \u00e0 VDI2169<\/p>\n<p>&nbsp;<\/p>\n<table class=\"rtable rtable--flip\">\n<thead>\n<tr>\n<th><strong>R\u00e9f\u00e9rence<\/strong><\/th>\n<th><strong>DESCRIPTION<\/strong><\/th>\n<\/tr>\n<\/thead>\n<tbody>\n<tr>\n<td><strong>247.1369094<\/strong><\/td>\n<td>Sonde pour capteurs solaires<\/td>\n<\/tr>\n<tr>\n<td><strong>247.1369093<\/strong><\/td>\n<td>Sonde pour ballon thermique<\/td>\n<\/tr>\n<\/tbody>\n<\/table>\n<p>&nbsp;<\/p>\n<p><img loading=\"lazy\" decoding=\"async\" class=\"aligncenter wp-image-2127 size-full\" src=\"https:\/\/cosmosolar.com\/wp-content\/uploads\/2020\/04\/10-systemes-francais.jpg\" alt=\"\" width=\"770\" height=\"445\" srcset=\"https:\/\/cosmosolar.com\/wp-content\/uploads\/2020\/04\/10-systemes-francais.jpg 770w, https:\/\/cosmosolar.com\/wp-content\/uploads\/2020\/04\/10-systemes-francais-300x173.jpg 300w, https:\/\/cosmosolar.com\/wp-content\/uploads\/2020\/04\/10-systemes-francais-600x347.jpg 600w, https:\/\/cosmosolar.com\/wp-content\/uploads\/2020\/04\/10-systemes-francais-768x444.jpg 768w\" sizes=\"auto, (max-width: 770px) 100vw, 770px\" \/><\/p>\n","protected":false},"excerpt":{"rendered":"<p><strong>R\u00e9gulateur solaire Regtronic RC-P pour applications industrielles<\/strong><\/p>\n<p><span style=\"color: #ff6600;\"><strong>R\u00e9gulateur solaire Regtronic RC-P<\/strong><\/span><\/p>\n<h6><span class=\"light\" style=\"color: #0000ff;\">R\u00e9gulateur solaire flexible pour installations solaires complexes, pr\u00e9paration d&rsquo;eau chaude sanitaire et fonctions additionnelles<\/span><\/h6>\n","protected":false},"featured_media":1624,"comment_status":"open","ping_status":"closed","template":"","meta":[],"product_brand":[],"product_cat":[66,70],"product_tag":[121,119,122],"class_list":{"0":"post-1625","1":"product","2":"type-product","3":"status-publish","4":"has-post-thumbnail","6":"product_cat-hydraulic-kit","7":"product_cat-differential-temperature-controllers-solar","8":"product_tag-regtronic-rc-p","9":"product_tag-119","10":"product_tag-122","12":"first","13":"instock","14":"taxable","15":"shipping-taxable","16":"product-type-simple"},"_links":{"self":[{"href":"https:\/\/cosmosolar.com\/fr\/wp-json\/wp\/v2\/product\/1625","targetHints":{"allow":["GET"]}}],"collection":[{"href":"https:\/\/cosmosolar.com\/fr\/wp-json\/wp\/v2\/product"}],"about":[{"href":"https:\/\/cosmosolar.com\/fr\/wp-json\/wp\/v2\/types\/product"}],"replies":[{"embeddable":true,"href":"https:\/\/cosmosolar.com\/fr\/wp-json\/wp\/v2\/comments?post=1625"}],"wp:featuredmedia":[{"embeddable":true,"href":"https:\/\/cosmosolar.com\/fr\/wp-json\/wp\/v2\/media\/1624"}],"wp:attachment":[{"href":"https:\/\/cosmosolar.com\/fr\/wp-json\/wp\/v2\/media?parent=1625"}],"wp:term":[{"taxonomy":"product_brand","embeddable":true,"href":"https:\/\/cosmosolar.com\/fr\/wp-json\/wp\/v2\/product_brand?post=1625"},{"taxonomy":"product_cat","embeddable":true,"href":"https:\/\/cosmosolar.com\/fr\/wp-json\/wp\/v2\/product_cat?post=1625"},{"taxonomy":"product_tag","embeddable":true,"href":"https:\/\/cosmosolar.com\/fr\/wp-json\/wp\/v2\/product_tag?post=1625"}],"curies":[{"name":"wp","href":"https:\/\/api.w.org\/{rel}","templated":true}]}}