{"id":1620,"date":"2020-04-12T07:06:16","date_gmt":"2020-04-12T07:06:16","guid":{"rendered":"https:\/\/www.cosmosolar.com\/?post_type=product&#038;p=1620"},"modified":"2025-10-30T15:27:21","modified_gmt":"2025-10-30T13:27:21","slug":"%ce%bc%ce%bf%ce%bd%ce%ac%ce%b4%ce%b1-%ce%b4%ce%b9%ce%b1%cf%86%ce%bf%cf%81%ce%b9%ce%ba%ce%bf%cf%8d-%ce%b5%ce%bb%ce%ad%ce%b3%cf%87%ce%bf%cf%85-%ce%b8%ce%b5%cf%81%ce%bc%ce%bf%ce%ba%cf%81%ce%b1%cf%83","status":"publish","type":"product","link":"https:\/\/cosmosolar.com\/fr\/product\/%ce%bc%ce%bf%ce%bd%ce%ac%ce%b4%ce%b1-%ce%b4%ce%b9%ce%b1%cf%86%ce%bf%cf%81%ce%b9%ce%ba%ce%bf%cf%8d-%ce%b5%ce%bb%ce%ad%ce%b3%cf%87%ce%bf%cf%85-%ce%b8%ce%b5%cf%81%ce%bc%ce%bf%ce%ba%cf%81%ce%b1%cf%83\/","title":{"rendered":"R\u00e9gulateur solaire Regtronic RC"},"content":{"rendered":"<p><strong>R\u00e9f\u00e9rence: 247.1369549<\/strong><\/p>\n<p><strong><span style=\"color: #ff6600;\">R\u00e9gulateur solaire Regtronic RC<\/span><\/strong><\/p>\n<p><strong>Caract\u00e9ristiques techniques<br \/>\nEntr\u00e9es :4 sondes de temp\u00e9rature Pt1000, Pt500 ou KTY, 1 entr\u00e9e d&rsquo;impulsions V40<br \/>\nSorties :2 relais semi-conducteurs, 1 relais basse tension sans potentiel et 2 sorties PWM<br \/>\nFr\u00e9quence PWM : 1000 Hz<br \/>\nTension PWM : 10,5 V<br \/>\nCapacit\u00e9 de coupure :<br \/>\n1 (1) A 240 V~ (relais semiconducteur)<br \/>\n1 (1) A 30 V\u2393 (relais sans potentiel)<br \/>\nCapacit\u00e9 totale de coupure : 2 A 240 V~<br \/>\nFusible : T2A<br \/>\nAlimentation : 100\u2026240 V~ (50\u202660 Hz)<br \/>\nType de connexion : Y<br \/>\nPuissance absorb\u00e9e : < 1 W (en standby)\nFonctionnement : type 1.B.C.Y\nTension de choc : 2,5 kV\nInterface de donn\u00e9es : S-Bus\nSortie de courant S-Bus : 60 mA\nFonctions : compteur d'heures de fonctionnement, fonction capteurs tubulaires,\nfonction thermostat, r\u00e9glage de vitesse et bilan calorim\u00e9trique, param\u00e8tres du syst\u00e8me r\u00e9glables et options pouvant \u00eatre activ\u00e9es ult\u00e9rieurement (\u00e0 travers le menu),fonctions bilan et diagnostic, contr\u00f4le de fonctionnement conforme \u00e0 VDI 2169\nBo\u00eetier : en plastique, PC-ABS et PMMA\nMontage : mural ou dans un panneau de commande\nAffichage\/\u00e9cran : \u00e9cran System-Monitoring lumineux pour visualiser l'ensemble\ndu syst\u00e8me, affichage 16 segments, 8 symboles, t\u00e9moins lumineux de contr\u00f4le\n(Lightwheel\u00ae)\nCommande : 4 touches et 1 actionneur rotatif (Lightwheel\u00ae)\nType de protection : IP 20 \/DIN EN 60529\nClasse de protection : I\nTemp\u00e9rature ambiante : 0\u202640\u00b0\nDegr\u00e9 de pollution : 2\nDimensions : 110 x 166 x 47 mm<\/strong><\/p>\n<table class=\"rtable rtable--flip\" style=\"width: 622.675px;\">\n<thead>\n<tr style=\"height: 24px;\">\n<th style=\"width: 105px; height: 24px;\"><strong>R\u00e9f\u00e9rence<\/strong><\/th>\n<th style=\"width: 503.675px; height: 24px;\"><strong>DESCRIPTION<\/strong><\/th>\n<\/tr>\n<\/thead>\n<tbody>\n<tr style=\"height: 24.2px;\">\n<td style=\"width: 105px; height: 24.2px;\"><strong>247.1369094<\/strong><\/td>\n<td style=\"width: 503.675px; height: 24.2px;\">Sonde capteurs solaires<\/td>\n<\/tr>\n<tr style=\"height: 24px;\">\n<td style=\"width: 105px; height: 24px;\"><strong>247.1369093<\/strong><\/td>\n<td style=\"width: 503.675px; height: 24px;\">Sonde ballons thermiques<\/td>\n<\/tr>\n<\/tbody>\n<\/table>\n<p><img loading=\"lazy\" decoding=\"async\" class=\"size-full wp-image-1621 aligncenter\" src=\"https:\/\/www.cosmosolar.com\/wp-content\/uploads\/2020\/04\/\u03bc\u03bf\u03bd1-2.jpg\" alt=\"\" width=\"450\" height=\"313\" srcset=\"https:\/\/cosmosolar.com\/wp-content\/uploads\/2020\/04\/\u03bc\u03bf\u03bd1-2.jpg 450w, https:\/\/cosmosolar.com\/wp-content\/uploads\/2020\/04\/\u03bc\u03bf\u03bd1-2-300x209.jpg 300w\" sizes=\"auto, (max-width: 450px) 100vw, 450px\" \/><\/p>\n<p><img loading=\"lazy\" decoding=\"async\" class=\"aligncenter wp-image-2127 size-full\" src=\"https:\/\/cosmosolar.com\/wp-content\/uploads\/2020\/04\/10-systemes-francais.jpg\" alt=\"\" width=\"770\" height=\"445\" srcset=\"https:\/\/cosmosolar.com\/wp-content\/uploads\/2020\/04\/10-systemes-francais.jpg 770w, https:\/\/cosmosolar.com\/wp-content\/uploads\/2020\/04\/10-systemes-francais-300x173.jpg 300w, https:\/\/cosmosolar.com\/wp-content\/uploads\/2020\/04\/10-systemes-francais-600x347.jpg 600w, https:\/\/cosmosolar.com\/wp-content\/uploads\/2020\/04\/10-systemes-francais-768x444.jpg 768w\" sizes=\"auto, (max-width: 770px) 100vw, 770px\" \/><\/p>\n","protected":false},"excerpt":{"rendered":"<p><strong>R\u00e9f\u00e9rence: 247.1369549<\/strong><\/p>\n<p><span style=\"color: #ff6600;\"><strong>R\u00e9gulateur solaire Regtronic RC<\/strong><\/span><\/p>\n<h6><span class=\"light\">R\u00e9gulateur solaire simple pour la commande d&rsquo;une installation solaire avec un capteur<\/span><\/h6>\n<p><span style=\"color: #0000ff;\">adapt\u00e9 aux installations domestiques<\/span><\/p>\n","protected":false},"featured_media":1624,"comment_status":"open","ping_status":"closed","template":"","meta":[],"product_brand":[],"product_cat":[66,70],"product_tag":[120,119],"class_list":{"0":"post-1620","1":"product","2":"type-product","3":"status-publish","4":"has-post-thumbnail","6":"product_cat-hydraulic-kit","7":"product_cat-differential-temperature-controllers-solar","8":"product_tag-regtronic-rc","9":"product_tag-119","11":"first","12":"instock","13":"taxable","14":"shipping-taxable","15":"product-type-simple"},"_links":{"self":[{"href":"https:\/\/cosmosolar.com\/fr\/wp-json\/wp\/v2\/product\/1620","targetHints":{"allow":["GET"]}}],"collection":[{"href":"https:\/\/cosmosolar.com\/fr\/wp-json\/wp\/v2\/product"}],"about":[{"href":"https:\/\/cosmosolar.com\/fr\/wp-json\/wp\/v2\/types\/product"}],"replies":[{"embeddable":true,"href":"https:\/\/cosmosolar.com\/fr\/wp-json\/wp\/v2\/comments?post=1620"}],"wp:featuredmedia":[{"embeddable":true,"href":"https:\/\/cosmosolar.com\/fr\/wp-json\/wp\/v2\/media\/1624"}],"wp:attachment":[{"href":"https:\/\/cosmosolar.com\/fr\/wp-json\/wp\/v2\/media?parent=1620"}],"wp:term":[{"taxonomy":"product_brand","embeddable":true,"href":"https:\/\/cosmosolar.com\/fr\/wp-json\/wp\/v2\/product_brand?post=1620"},{"taxonomy":"product_cat","embeddable":true,"href":"https:\/\/cosmosolar.com\/fr\/wp-json\/wp\/v2\/product_cat?post=1620"},{"taxonomy":"product_tag","embeddable":true,"href":"https:\/\/cosmosolar.com\/fr\/wp-json\/wp\/v2\/product_tag?post=1620"}],"curies":[{"name":"wp","href":"https:\/\/api.w.org\/{rel}","templated":true}]}}