{"id":1618,"date":"2020-04-12T06:58:22","date_gmt":"2020-04-12T06:58:22","guid":{"rendered":"https:\/\/www.cosmosolar.com\/?post_type=product&#038;p=1618"},"modified":"2025-10-31T11:16:14","modified_gmt":"2025-10-31T09:16:14","slug":"%ce%b7%ce%bb%ce%b9%ce%b1%ce%ba%cf%8c%cf%82-%cf%83%cf%84%ce%b1%ce%b8%ce%bc%cf%8c%cf%82-regusol-mega-sh-180-station-dn-32-%cf%87%cf%89%cf%81%ce%af%cf%82-%ce%b7%ce%bb%ce%b5%ce%ba","status":"publish","type":"product","link":"https:\/\/cosmosolar.com\/fr\/product\/%ce%b7%ce%bb%ce%b9%ce%b1%ce%ba%cf%8c%cf%82-%cf%83%cf%84%ce%b1%ce%b8%ce%bc%cf%8c%cf%82-regusol-mega-sh-180-station-dn-32-%cf%87%cf%89%cf%81%ce%af%cf%82-%ce%b7%ce%bb%ce%b5%ce%ba\/","title":{"rendered":"Station solaire Regusol SH-180"},"content":{"rendered":"<h3>Station solaire Regusol SH-180<\/h3>\n<h6><span class=\"light\" style=\"color: #ff6600;\">DN 32, Wilo PARA 30-180\/9-87\/iPWM, 10 &#8211; 40 l\/min, 6 bar<\/span><\/h6>\n<p><strong><br \/>\nR\u00e9f\u00e9rence: 247.1368251<\/strong><\/p>\n<p><span style=\"color: #0000ff;\">Pour les installations d&rsquo;une surface brute de capteurs allant jusqu&rsquo;\u00e0 140 m\u00b2<\/span><\/p>\n<p>Sans r\u00e9gulateur \u00e9lectronique<\/p>\n<p>&nbsp;<\/p>\n<ul>\n<li>Mod\u00e8le: \u00c0 deux colonnes<\/li>\n<li>Diam\u00e8tre nominal: DN 32<\/li>\n<li>Raccordement circuit solaire: G 2 filetage m\u00e2le, \u00e0 joint plat<\/li>\n<li>Raccordement circuit ballon d&rsquo;eau chaude:G 2 filetage m\u00e2le, \u00e0 joint plat<\/li>\n<li>Raccordement vase d&rsquo;expansion: G 3\/4 filetage m\u00e2le \u00e0 joint plat<\/li>\n<li>Longueur du circulateur: 180 mm<\/li>\n<li>Type de circulateur: Wilo PARA 30-180\/9-87\/iPWM<\/li>\n<li>Longueur: 221 mm<\/li>\n<li>Largeur: 350 mm<\/li>\n<li>Hauteur: 530 mm<\/li>\n<li>Entraxe: 125 mm<\/li>\n<li>Isolation thermique: Oui<\/li>\n<li>Support mural: Oui<\/li>\n<li>Thermom\u00e8tre \u00e0 aiguille: Oui<\/li>\n<li>Clapet ATS: Oui<\/li>\n<li>Pression d&rsquo;ouverture clapet ATS: 20 mbar<\/li>\n<li>Soupape de s\u00e9curit\u00e9: Oui<\/li>\n<li>Manom\u00e8tre: Oui<\/li>\n<li>Purge: Non<\/li>\n<li>Capteur de d\u00e9bit: Non<\/li>\n<li>Affichage du d\u00e9bit: Oui<\/li>\n<li>Plage de r\u00e9glage du d\u00e9bitm\u00e8tre: 10 &#8211; 40 l\/min<\/li>\n<li>Robinet de vidange et de remplissage: Non<\/li>\n<li>R\u00e9gulateur \u00e9lectronique: Non<\/li>\n<li>Ajout d&rsquo;un logement pour r\u00e9gulateur : Non<\/li>\n<li>Temp\u00e9rature de service max.: 120 \u00b0C<\/li>\n<li>Temp\u00e9rature de d\u00e9marrage max. de courte dur\u00e9e: 160 \u00b0C<\/li>\n<li>Pression de service max.: 6 bar<\/li>\n<\/ul>\n<p><img loading=\"lazy\" decoding=\"async\" class=\"size-full wp-image-1619 aligncenter\" src=\"https:\/\/www.cosmosolar.com\/wp-content\/uploads\/2020\/04\/solar4.png\" alt=\"\" width=\"580\" height=\"476\" srcset=\"https:\/\/cosmosolar.com\/wp-content\/uploads\/2020\/04\/solar4.png 580w, https:\/\/cosmosolar.com\/wp-content\/uploads\/2020\/04\/solar4-300x246.png 300w\" sizes=\"auto, (max-width: 580px) 100vw, 580px\" \/><\/p>\n","protected":false},"excerpt":{"rendered":"<h3>Station solaire Regusol SH-180<\/h3>\n<h6><span class=\"light\" style=\"color: #ff6600;\">DN 32, Wilo PARA 30-180\/9-87\/iPWM, 10 &#8211; 40 l\/min, 6 bar<\/span><\/h6>\n<p><strong>R\u00e9f\u00e9rence: 247.1368251<\/strong><\/p>\n<p><span style=\"color: #0000ff;\">Pour les installations d&rsquo;une surface brute de capteurs allant jusqu&rsquo;\u00e0 140 m\u00b2<\/span><\/p>\n<p>Sans r\u00e9gulateur \u00e9lectronique<\/p>\n<p>&nbsp;<\/p>\n","protected":false},"featured_media":2675,"comment_status":"open","ping_status":"closed","template":"","meta":[],"product_brand":[],"product_cat":[66,67],"product_tag":[117,118,115],"class_list":{"0":"post-1618","1":"product","2":"type-product","3":"status-publish","4":"has-post-thumbnail","6":"product_cat-hydraulic-kit","7":"product_cat-hydraulic-kits-for-solar-systems-solar","8":"product_tag-regusol-mega-sh-180","9":"product_tag-station-dn-32","10":"product_tag-115","12":"first","13":"instock","14":"taxable","15":"shipping-taxable","16":"product-type-simple"},"_links":{"self":[{"href":"https:\/\/cosmosolar.com\/fr\/wp-json\/wp\/v2\/product\/1618","targetHints":{"allow":["GET"]}}],"collection":[{"href":"https:\/\/cosmosolar.com\/fr\/wp-json\/wp\/v2\/product"}],"about":[{"href":"https:\/\/cosmosolar.com\/fr\/wp-json\/wp\/v2\/types\/product"}],"replies":[{"embeddable":true,"href":"https:\/\/cosmosolar.com\/fr\/wp-json\/wp\/v2\/comments?post=1618"}],"wp:featuredmedia":[{"embeddable":true,"href":"https:\/\/cosmosolar.com\/fr\/wp-json\/wp\/v2\/media\/2675"}],"wp:attachment":[{"href":"https:\/\/cosmosolar.com\/fr\/wp-json\/wp\/v2\/media?parent=1618"}],"wp:term":[{"taxonomy":"product_brand","embeddable":true,"href":"https:\/\/cosmosolar.com\/fr\/wp-json\/wp\/v2\/product_brand?post=1618"},{"taxonomy":"product_cat","embeddable":true,"href":"https:\/\/cosmosolar.com\/fr\/wp-json\/wp\/v2\/product_cat?post=1618"},{"taxonomy":"product_tag","embeddable":true,"href":"https:\/\/cosmosolar.com\/fr\/wp-json\/wp\/v2\/product_tag?post=1618"}],"curies":[{"name":"wp","href":"https:\/\/api.w.org\/{rel}","templated":true}]}}