{"id":1617,"date":"2020-04-12T06:48:49","date_gmt":"2020-04-12T06:48:49","guid":{"rendered":"https:\/\/www.cosmosolar.com\/?post_type=product&#038;p=1617"},"modified":"2025-10-31T12:28:27","modified_gmt":"2025-10-31T10:28:27","slug":"%ce%b7%ce%bb%ce%b9%ce%b1%ce%ba%cf%8c%cf%82-%cf%83%cf%84%ce%b1%ce%b8%ce%bc%cf%8c%cf%82-regusol-maxi-lh-180-station-dn-25-%cf%87%cf%89%cf%81%ce%af%cf%82-%ce%b7%ce%bb%ce%b5%ce%ba","status":"publish","type":"product","link":"https:\/\/cosmosolar.com\/fr\/product\/%ce%b7%ce%bb%ce%b9%ce%b1%ce%ba%cf%8c%cf%82-%cf%83%cf%84%ce%b1%ce%b8%ce%bc%cf%8c%cf%82-regusol-maxi-lh-180-station-dn-25-%cf%87%cf%89%cf%81%ce%af%cf%82-%ce%b7%ce%bb%ce%b5%ce%ba\/","title":{"rendered":"Station solaire Regusol LH-180"},"content":{"rendered":"<h4>Station solaire Regusol LH-180<\/h4>\n<p><span style=\"color: #222222; font-family: Raleway, sans-serif;\">Sans r<\/span><span style=\"color: #222222; font-family: Raleway, sans-serif;\">\u00e9gulateur \u00e9lectronique<\/span><strong><br \/>\nR\u00e9f\u00e9rence: 247.1360852<\/strong><\/p>\n<p><span style=\"color: #0000ff;\">Jusqu&rsquo;\u00e0 50 m\u00b2 de surface brute de capteurs<\/span><\/p>\n<p>Pour le raccordement d\u2019un circuit solaire. Les stations permettent de fermer le circuit solaire sur l\u2019aller et le retour. Gr\u00e2ce aux clapets ATS int\u00e9gr\u00e9s, toute circulation par gravit\u00e9 est emp\u00each\u00e9e lorsque le circulateur est arr\u00eat\u00e9. Un purgeur d\u2019air permet le d\u00e9gazage du fluide caloporteur dans l\u2019aller.<\/p>\n<ul>\n<li>Mod\u00e8le: \u00c0 deux colonnes<\/li>\n<li>Diam\u00e8tre nominal: DN 25<\/li>\n<li>Raccordement circuit solaire: G 1 filetage m\u00e2le pour raccords \u00e0 serrage Regusol<\/li>\n<li>Raccordement circuit ballon d&rsquo;eau chaude:G 1 filetage m\u00e2le pour raccords \u00e0 serrage Regusol<\/li>\n<li>Raccordement vase d&rsquo;expansion: G 3\/4 filetage m\u00e2le \u00e0 joint plat<\/li>\n<li>Longueur du circulateur: 180 mm<\/li>\n<li>Type de circulateur: Wilo PARA ST 25-180\/8-75\/iPWM<\/li>\n<li>Longueur: 195 mm<\/li>\n<li>Largeur: 250 mm<\/li>\n<li>Hauteur: 425 mm<\/li>\n<li>Entraxe: 100 mm<\/li>\n<li>Isolation thermique: Oui<\/li>\n<li>Support mural: Oui<\/li>\n<li>Thermom\u00e8tre \u00e0 aiguille: Oui<\/li>\n<li>Clapet ATS: Oui<\/li>\n<li>Pression d&rsquo;ouverture clapet ATS: 20 mbar<\/li>\n<li>Soupape de s\u00e9curit\u00e9: Oui<\/li>\n<li>Manom\u00e8tre: Oui<\/li>\n<li>Purge: Oui<\/li>\n<li>Capteur de d\u00e9bit: Non<\/li>\n<li>Affichage du d\u00e9bit: Oui<\/li>\n<li>Plage de r\u00e9glage du d\u00e9bitm\u00e8tre: 7 &#8211; 30 l\/min<\/li>\n<li>Robinet de vidange et de remplissage: Oui<\/li>\n<li>R\u00e9gulateur \u00e9lectronique: Non<\/li>\n<li>Ajout d&rsquo;un logement pour r\u00e9gulateur : Oui<\/li>\n<li>Temp\u00e9rature de service max.: 120 \u00b0C<\/li>\n<li>Temp\u00e9rature de d\u00e9marrage max. de courte dur\u00e9e: 160 \u00b0C<\/li>\n<li>Pression de service max.: 6 bar<\/li>\n<\/ul>\n<p>&nbsp;<\/p>\n<p><img loading=\"lazy\" decoding=\"async\" class=\"size-full wp-image-1612 aligncenter\" src=\"https:\/\/www.cosmosolar.com\/wp-content\/uploads\/2020\/04\/solar2.png\" alt=\"\" width=\"420\" height=\"541\" srcset=\"https:\/\/cosmosolar.com\/wp-content\/uploads\/2020\/04\/solar2.png 420w, https:\/\/cosmosolar.com\/wp-content\/uploads\/2020\/04\/solar2-300x386.png 300w, https:\/\/cosmosolar.com\/wp-content\/uploads\/2020\/04\/solar2-233x300.png 233w\" sizes=\"auto, (max-width: 420px) 100vw, 420px\" \/><\/p>\n","protected":false},"excerpt":{"rendered":"<h3>Station solaire Regusol LH-180<\/h3>\n<h6><span class=\"light\" style=\"color: #ff6600;\">DN 25, Wilo PARA ST 25-180\/8-75\/iPWM, 7 &#8211; 30 l\/min, 6 bar<\/span><\/h6>\n<p><strong><span style=\"color: #222222; font-family: Raleway, sans-serif;\">Sans r<\/span><span style=\"color: #222222; font-family: Raleway, sans-serif;\">\u00e9gulateur \u00e9lectronique<\/span><br \/>\nR\u00e9f\u00e9rence: 247.1360852<\/strong><\/p>\n<p><span style=\"color: #0000ff;\">Jusqu&rsquo;\u00e0 50 m\u00b2 de surface brute de capteurs<\/span><\/p>\n<p>&nbsp;<\/p>\n","protected":false},"featured_media":2674,"comment_status":"open","ping_status":"closed","template":"","meta":[],"product_brand":[],"product_cat":[66,67],"product_tag":[116,112,115],"class_list":{"0":"post-1617","1":"product","2":"type-product","3":"status-publish","4":"has-post-thumbnail","6":"product_cat-hydraulic-kit","7":"product_cat-hydraulic-kits-for-solar-systems-solar","8":"product_tag-regusol-maxi-lh-180","9":"product_tag-station-dn-25","10":"product_tag-115","12":"first","13":"instock","14":"taxable","15":"shipping-taxable","16":"product-type-simple"},"_links":{"self":[{"href":"https:\/\/cosmosolar.com\/fr\/wp-json\/wp\/v2\/product\/1617","targetHints":{"allow":["GET"]}}],"collection":[{"href":"https:\/\/cosmosolar.com\/fr\/wp-json\/wp\/v2\/product"}],"about":[{"href":"https:\/\/cosmosolar.com\/fr\/wp-json\/wp\/v2\/types\/product"}],"replies":[{"embeddable":true,"href":"https:\/\/cosmosolar.com\/fr\/wp-json\/wp\/v2\/comments?post=1617"}],"wp:featuredmedia":[{"embeddable":true,"href":"https:\/\/cosmosolar.com\/fr\/wp-json\/wp\/v2\/media\/2674"}],"wp:attachment":[{"href":"https:\/\/cosmosolar.com\/fr\/wp-json\/wp\/v2\/media?parent=1617"}],"wp:term":[{"taxonomy":"product_brand","embeddable":true,"href":"https:\/\/cosmosolar.com\/fr\/wp-json\/wp\/v2\/product_brand?post=1617"},{"taxonomy":"product_cat","embeddable":true,"href":"https:\/\/cosmosolar.com\/fr\/wp-json\/wp\/v2\/product_cat?post=1617"},{"taxonomy":"product_tag","embeddable":true,"href":"https:\/\/cosmosolar.com\/fr\/wp-json\/wp\/v2\/product_tag?post=1617"}],"curies":[{"name":"wp","href":"https:\/\/api.w.org\/{rel}","templated":true}]}}