{"id":1605,"date":"2020-04-11T16:29:33","date_gmt":"2020-04-11T16:29:33","guid":{"rendered":"https:\/\/www.cosmosolar.com\/?post_type=product&#038;p=1605"},"modified":"2025-10-27T15:48:28","modified_gmt":"2025-10-27T13:48:28","slug":"%cf%84%cf%81%ce%af%ce%bf%ce%b4%ce%b7-%ce%b2%ce%b1%ce%bb%ce%b2%ce%af%ce%b4%ce%b1-%ce%b5%ce%bd%ce%b1%ce%bb%ce%bb%ce%b1%ce%b3%ce%ae%cf%82-%ce%bc%ce%b5-%ce%ba%ce%b9%ce%bd%ce%b7%cf%84%ce%ae%cf%81%ce%b1","status":"publish","type":"product","link":"https:\/\/cosmosolar.com\/fr\/product\/%cf%84%cf%81%ce%af%ce%bf%ce%b4%ce%b7-%ce%b2%ce%b1%ce%bb%ce%b2%ce%af%ce%b4%ce%b1-%ce%b5%ce%bd%ce%b1%ce%bb%ce%bb%ce%b1%ce%b3%ce%ae%cf%82-%ce%bc%ce%b5-%ce%ba%ce%b9%ce%bd%ce%b7%cf%84%ce%ae%cf%81%ce%b1\/","title":{"rendered":"Vanne  motoris\u00e9e \u00e0 3 voies UV3 DN 25-1&Prime; avec filetage int\u00e9rieur"},"content":{"rendered":"<table class=\"rtable rtable--flip\">\n<thead>\n<tr>\n<th><strong>\u039a\u03a9\u0394\u0399\u039a\u039f\u03a3<\/strong><\/th>\n<th><strong>\u03a0\u0395\u03a1\u0399\u0393\u03a1\u0391\u03a6\u0397<\/strong><\/th>\n<\/tr>\n<\/thead>\n<tbody>\n<tr>\n<td>563543<\/td>\n<td>\u03a4\u03c1\u03af\u03bf\u03b4\u03b7 \u03b2\u03b1\u03bb\u03b2\u03af\u03b4\u03b1 \u03b5\u03bd\u03b1\u03bb\u03bb\u03b1\u03b3\u03ae\u03c2 UV3 DN 25-1&Prime; \u03bc\u03b5 \u03b5\u03c3\u03c9\u03c4\u03b5\u03c1\u03b9\u03ba\u03cc \u03c3\u03c0\u03b5\u03af\u03c1\u03c9\u03bc\u03b1<\/td>\n<\/tr>\n<\/tbody>\n<\/table>\n<p><img loading=\"lazy\" decoding=\"async\" class=\"aligncenter wp-image-2119 size-full\" src=\"https:\/\/cosmosolar.com\/wp-content\/uploads\/2020\/04\/valvides_sxediagr_eng.jpg\" alt=\"\" width=\"640\" height=\"203\" srcset=\"https:\/\/cosmosolar.com\/wp-content\/uploads\/2020\/04\/valvides_sxediagr_eng.jpg 640w, https:\/\/cosmosolar.com\/wp-content\/uploads\/2020\/04\/valvides_sxediagr_eng-300x95.jpg 300w, https:\/\/cosmosolar.com\/wp-content\/uploads\/2020\/04\/valvides_sxediagr_eng-600x190.jpg 600w\" sizes=\"auto, (max-width: 640px) 100vw, 640px\" \/><\/p>\n","protected":false},"excerpt":{"rendered":"<p><span style=\"color: #ff6600;\"><strong>\u0395\u03be\u03b1\u03c1\u03c4\u03ae\u03bc\u03b1\u03c4\u03b1 \u03b3\u03b9\u03b1 \u03b7\u03bb\u03b9\u03b1\u03ba\u03ac \u03c3\u03c5\u03c3\u03c4\u03ae\u03bc\u03b1\u03c4\u03b1<\/strong><\/span><\/p>\n<p><span style=\"color: #008000;\"><em>UV3 3-\u03bf\u03b4\u03b7 \u03b2\u03b1\u03bb\u03b2\u03af\u03b4\u03b1 \u03b5\u03bd\u03b1\u03bb\u03bb\u03b1\u03b3\u03ae\u03c2 \u03bc\u03b5 \u03ba\u03b9\u03bd\u03b7\u03c4\u03ae\u03c1\u03b1 \u03b3\u03b9\u03b1 \u03c4\u03b7\u03bd \u03b4\u03b9\u03b1\u03bd\u03bf\u03bc\u03ae \u03bd\u03b5\u03c1\u03bf\u03cd \u03b5\u03c0\u03b9\u03c3\u03c4\u03c1\u03bf\u03c6\u03ce\u03bd \u03b8\u03ad\u03c1\u03bc\u03b1\u03bd\u03c3\u03b7\u03c2 \u03ba\u03b1\u03b9 \u03b7\u03bb\u03b9\u03b1\u03ba\u03bf\u03cd \u03c1\u03b5\u03c5\u03c3\u03c4\u03bf\u03cd \u03bc\u03b5\u03c4\u03b1\u03c6\u03bf\u03c1\u03ac\u03c2 \u03b8\u03b5\u03c1\u03bc\u03cc\u03c4\u03b7\u03c4\u03b1\u03c2 \u03c3\u03b5 \u03b7\u03bb\u03b9\u03bf\u03b8\u03b5\u03c1\u03bc\u03b9\u03ba\u03ac \u03c3\u03c5\u03c3\u03c4\u03ae\u03bc\u03b1\u03c4\u03b1.<\/em><\/span><\/p>\n<table class=\"woocommerce-product-attributes shop_attributes\">\n<tbody>\n<tr class=\"woocommerce-product-attributes-item woocommerce-product-attributes-item--attribute_%cf%84%ce%ac%cf%83%ce%b7-%ce%bb%ce%b5%ce%b9%cf%84%ce%bf%cf%85%cf%81%ce%b3%ce%af%ce%b1%cf%82\">\n<th class=\"woocommerce-product-attributes-item__label\">\u03a4\u03ac\u03c3\u03b7 \u03bb\u03b5\u03b9\u03c4\u03bf\u03c5\u03c1\u03b3\u03af\u03b1\u03c2:<\/th>\n<td class=\"woocommerce-product-attributes-item__value\">AC 230V \/ 50Hz<\/td>\n<\/tr>\n<tr class=\"woocommerce-product-attributes-item woocommerce-product-attributes-item--attribute_%ce%b2%ce%b1%ce%b8%ce%bc%cf%8c%cf%82-%cf%80%cf%81%ce%bf%cf%83%cf%84%ce%b1%cf%83%ce%af%ce%b1%cf%82\">\n<th class=\"woocommerce-product-attributes-item__label\">\u0392\u03b1\u03b8\u03bc\u03cc\u03c2 \u03c0\u03c1\u03bf\u03c3\u03c4\u03b1\u03c3\u03af\u03b1\u03c2:<\/th>\n<td class=\"woocommerce-product-attributes-item__value\">IP44<\/td>\n<\/tr>\n<tr class=\"woocommerce-product-attributes-item woocommerce-product-attributes-item--attribute_%ce%b8%ce%b5%cf%81%ce%bc%ce%bf%ce%ba%cf%81%ce%b1%cf%83%ce%af%ce%b1-%cf%85%ce%b3%cf%81%ce%bf%cf%8d\">\n<th class=\"woocommerce-product-attributes-item__label\">\u0398\u03b5\u03c1\u03bc\u03bf\u03ba\u03c1\u03b1\u03c3\u03af\u03b1 \u03c5\u03b3\u03c1\u03bf\u03cd:<\/th>\n<td class=\"woocommerce-product-attributes-item__value\">0\u2026100\u00b0C (115\u00b0C \u03b3\u03b9\u03b1 \u03c3\u03cd\u03bd\u03c4\u03bf\u03bc\u03bf \u03b4\u03b9\u03ac\u03c3\u03c4\u03b7\u03bc\u03b1)<\/td>\n<\/tr>\n<tr class=\"woocommerce-product-attributes-item woocommerce-product-attributes-item--attribute_%cf%87%cf%81%cf%8c%ce%bd%ce%bf%cf%82-%cf%80%ce%b5%cf%81%ce%b9%cf%83%cf%84%cf%81%ce%bf%cf%86%ce%ae%cf%82-%ce%ba%ce%b9%ce%bd%ce%b7%cf%84%ce%ae%cf%81%ce%b1\">\n<th class=\"woocommerce-product-attributes-item__label\">\u03a7\u03c1\u03cc\u03bd\u03bf\u03c2 \u03c0\u03b5\u03c1\u03b9\u03c3\u03c4\u03c1\u03bf\u03c6\u03ae\u03c2 \u03ba\u03b9\u03bd\u03b7\u03c4\u03ae\u03c1\u03b1:<\/th>\n<td class=\"woocommerce-product-attributes-item__value\">18s (\u03b3\u03c9\u03bd\u03b9\u03b1\u03ba\u03ae \u03c0\u03b5\u03c1\u03b9\u03c3\u03c4\u03c1\u03bf\u03c6\u03ae 90\u00b0C)<\/td>\n<\/tr>\n<tr class=\"woocommerce-product-attributes-item woocommerce-product-attributes-item--attribute_kvs\">\n<th class=\"woocommerce-product-attributes-item__label\">Kvs:<\/th>\n<td class=\"woocommerce-product-attributes-item__value\">10<\/td>\n<\/tr>\n<tr class=\"woocommerce-product-attributes-item woocommerce-product-attributes-item--attribute_%ce%ba%ce%b1%ce%bb%cf%8e%ce%b4%ce%b9%ce%bf-%cf%83%cf%8d%ce%bd%ce%b4%ce%b5%cf%83%ce%b7%cf%82\">\n<th class=\"woocommerce-product-attributes-item__label\">\u039a\u03b1\u03bb\u03ce\u03b4\u03b9\u03bf \u03c3\u03cd\u03bd\u03b4\u03b5\u03c3\u03b7\u03c2:<\/th>\n<td class=\"woocommerce-product-attributes-item__value\">4\u03a70.5 mm\u00b2 \u03bc\u03ae\u03ba\u03bf\u03c5\u03c2 1.8 m<\/td>\n<\/tr>\n<\/tbody>\n<\/table>\n","protected":false},"featured_media":1608,"comment_status":"open","ping_status":"closed","template":"","meta":[],"product_brand":[],"product_cat":[71],"product_tag":[107,106],"class_list":{"0":"post-1605","1":"product","2":"type-product","3":"status-publish","4":"has-post-thumbnail","6":"product_cat-hydraulic-accessories","7":"product_tag-107","8":"product_tag-106","10":"first","11":"instock","12":"taxable","13":"shipping-taxable","14":"product-type-simple"},"_links":{"self":[{"href":"https:\/\/cosmosolar.com\/fr\/wp-json\/wp\/v2\/product\/1605","targetHints":{"allow":["GET"]}}],"collection":[{"href":"https:\/\/cosmosolar.com\/fr\/wp-json\/wp\/v2\/product"}],"about":[{"href":"https:\/\/cosmosolar.com\/fr\/wp-json\/wp\/v2\/types\/product"}],"replies":[{"embeddable":true,"href":"https:\/\/cosmosolar.com\/fr\/wp-json\/wp\/v2\/comments?post=1605"}],"wp:featuredmedia":[{"embeddable":true,"href":"https:\/\/cosmosolar.com\/fr\/wp-json\/wp\/v2\/media\/1608"}],"wp:attachment":[{"href":"https:\/\/cosmosolar.com\/fr\/wp-json\/wp\/v2\/media?parent=1605"}],"wp:term":[{"taxonomy":"product_brand","embeddable":true,"href":"https:\/\/cosmosolar.com\/fr\/wp-json\/wp\/v2\/product_brand?post=1605"},{"taxonomy":"product_cat","embeddable":true,"href":"https:\/\/cosmosolar.com\/fr\/wp-json\/wp\/v2\/product_cat?post=1605"},{"taxonomy":"product_tag","embeddable":true,"href":"https:\/\/cosmosolar.com\/fr\/wp-json\/wp\/v2\/product_tag?post=1605"}],"curies":[{"name":"wp","href":"https:\/\/api.w.org\/{rel}","templated":true}]}}