{"id":1586,"date":"2020-04-11T13:36:24","date_gmt":"2020-04-11T13:36:24","guid":{"rendered":"https:\/\/www.cosmosolar.com\/?post_type=product&#038;p=1586"},"modified":"2026-01-09T11:58:21","modified_gmt":"2026-01-09T09:58:21","slug":"%cf%83%ce%b2%ce%ba-%cf%83%cf%85%cf%83%cf%84%ce%b7%ce%bc%ce%b1%cf%84%ce%b1-%ce%bc%ce%b5-glass-boiler","status":"publish","type":"product","link":"https:\/\/cosmosolar.com\/fr\/product\/%cf%83%ce%b2%ce%ba-%cf%83%cf%85%cf%83%cf%84%ce%b7%ce%bc%ce%b1%cf%84%ce%b1-%ce%bc%ce%b5-glass-boiler\/","title":{"rendered":"Syst\u00e8me complet \u00e0 circulation forc\u00e9e"},"content":{"rendered":"<div class=\"wpb-content-wrapper\"><div class=\"summary entry-summary\">\n<p><b>Syst\u00e8mes complets \u00e0 circulation forc\u00e9e avec:\u00a0<\/b><\/p>\n<table class=\"woocommerce-product-attributes shop_attributes\">\n<tbody>\n<tr class=\"woocommerce-product-attributes-item woocommerce-product-attributes-item--attribute_%ce%b7%ce%bb%ce%b9%ce%b1%ce%ba%ce%bf%ce%af-%cf%83%cf%85%ce%bb%ce%bb%ce%ad%ce%ba%cf%84%ce%b5%cf%82\">\n<th class=\"woocommerce-product-attributes-item__label\">Capteurs solaires<\/th>\n<td class=\"woocommerce-product-attributes-item__value\">Certification Solar keymark (EN12975)<\/td>\n<\/tr>\n<tr class=\"woocommerce-product-attributes-item woocommerce-product-attributes-item--attribute_%cf%81%ce%b1%ce%ba%cf%8c%cf%81-%ce%bc%ce%b7%cf%87%ce%b1%ce%bd%ce%b9%ce%ba%ce%ae%cf%82-%cf%83%cf%8d%cf%83%cf%86%ce%b9%ce%be%ce%b7%cf%82\">\n<th class=\"woocommerce-product-attributes-item__label\">Raccords<\/th>\n<td class=\"woocommerce-product-attributes-item__value\">\u00d822 pour le raccordement en parall\u00e8le des capteurs<\/td>\n<\/tr>\n<tr class=\"woocommerce-product-attributes-item woocommerce-product-attributes-item--attribute_%ce%b2%ce%ac%cf%83%ce%b7\">\n<th class=\"woocommerce-product-attributes-item__label\">Supports<\/th>\n<td class=\"woocommerce-product-attributes-item__value\">Pour toit plat ou en tuiles avec tous les accessoires n\u00e9cessaires<\/td>\n<\/tr>\n<tr class=\"woocommerce-product-attributes-item woocommerce-product-attributes-item--attribute_%cf%83%cf%84%ce%b1%cf%85%cf%81%cf%8c%cf%82\">\n<th class=\"woocommerce-product-attributes-item__label\">Raccord en croix<\/th>\n<td class=\"woocommerce-product-attributes-item__value\">Avec sortie pour sonde capteurs<\/td>\n<\/tr>\n<tr class=\"woocommerce-product-attributes-item woocommerce-product-attributes-item--attribute_boiler-%ce%bb%ce%b5%ce%b2%ce%b7%cf%84%ce%bf%cf%83%cf%84%ce%b1%cf%83%ce%af%ce%bf%cf%85\">\n<th class=\"woocommerce-product-attributes-item__label\">Ballons de stockage verticaux<\/th>\n<td class=\"woocommerce-product-attributes-item__value\">\u00e9maill\u00e9s (160 \u2013 1000L)<\/td>\n<\/tr>\n<tr class=\"woocommerce-product-attributes-item woocommerce-product-attributes-item--attribute_%ce%b4%cf%8d%ce%bf-%cf%80%ce%b9%ce%b5%cf%83%cf%84%ce%b9%ce%ba%ce%ac-%ce%b4%ce%bf%cf%87%ce%b5%ce%af%ce%b1-%ce%b4%ce%b9%ce%b1%cf%83%cf%84%ce%bf%ce%bb%ce%ae%cf%82\">\n<th class=\"woocommerce-product-attributes-item__label\">Sortie sonde<\/th>\n<td class=\"woocommerce-product-attributes-item__value\">pour ballon(s)<\/td>\n<\/tr>\n<tr class=\"woocommerce-product-attributes-item woocommerce-product-attributes-item--attribute_%cf%85%ce%b4%cf%81%ce%b1%cf%85%ce%bb%ce%b9%ce%ba%cf%8c-solar-kit\">\n<th class=\"woocommerce-product-attributes-item__label\">Station solaire<\/th>\n<td class=\"woocommerce-product-attributes-item__value\">Avec r\u00e9gulateur, groupe de s\u00e9curit\u00e9, manom\u00e8tre,thermom\u00e8tres, d\u00e9bitm\u00e8tre et pompe inverseur<\/td>\n<\/tr>\n<tr class=\"woocommerce-product-attributes-item woocommerce-product-attributes-item--attribute_%cf%80%ce%b5%cf%81%ce%b9%ce%bb%ce%b1%ce%bc%ce%b2%ce%ac%ce%bd%ce%b5%cf%84%ce%b1%ce%b9\">\n<th class=\"woocommerce-product-attributes-item__label\">non inclus<\/th>\n<td class=\"woocommerce-product-attributes-item__value\">propyl\u00e8ne de\u00a0 glycol<\/td>\n<\/tr>\n<\/tbody>\n<\/table>\n<div class=\"woocommerce-product-details__short-description\">\n<p>&nbsp;<\/p>\n<\/div>\n<\/div>\n<div class=\"woocommerce-tabs wc-tabs-wrapper\">\n<div id=\"tab-description\" class=\"woocommerce-Tabs-panel woocommerce-Tabs-panel--description panel entry-content wc-tab\" role=\"tabpanel\" aria-labelledby=\"tab-title-description\">\n<section class=\"wpb-content-wrapper\">\n<div class=\"vc_row wpb_row vc_row-fluid\">\n<div class=\"wpb_column vc_column_container vc_col-sm-12\">\n<div class=\"vc_column-inner\">\n<div class=\"wpb_wrapper\">\n<div class=\"vc_tta-container\" data-vc-action=\"collapse\">\n<div class=\"vc_general vc_tta vc_tta-accordion vc_tta-color-grey vc_tta-style-classic vc_tta-shape-rounded vc_tta-o-shape-group vc_tta-controls-align-left\">\n<div class=\"vc_tta-panels-container\">\n<div class=\"vc_tta-panels\">\n<div id=\"1761317686441-a27310a9-4b8f\" class=\"vc_tta-panel vc_active\" data-vc-content=\".vc_tta-panel-body\">\n<div class=\"vc_tta-panel-heading\">\n<h4 class=\"vc_tta-panel-title vc_tta-controls-icon-position-left\"><a role=\"link\" href=\"https:\/\/cosmosolar.com\/en\/product\/boiler-%ce%bb%ce%b5%ce%b2%ce%b7%cf%84%ce%bf%cf%83%cf%84%ce%b1%cf%83%ce%af%ce%bf%cf%85-glass-160l-1000l\/#1761317686441-a27310a9-4b8f\" data-vc-accordion=\"\" data-vc-container=\".vc_tta-container\"><span class=\"vc_tta-title-text\">Documents<\/span><\/a><\/h4>\n<\/div>\n<\/div>\n<\/div>\n<\/div>\n<\/div>\n<\/div>\n<\/div>\n<\/div>\n<\/div>\n<\/div>\n<\/section>\n<\/div>\n<\/div>\n<p><img loading=\"lazy\" decoding=\"async\" class=\"aligncenter wp-image-2139 size-full\" src=\"https:\/\/cosmosolar.com\/wp-content\/uploads\/2020\/04\/image-cosmo-forced.jpg\" alt=\"\" width=\"1154\" height=\"623\" srcset=\"https:\/\/cosmosolar.com\/wp-content\/uploads\/2020\/04\/image-cosmo-forced.jpg 1154w, https:\/\/cosmosolar.com\/wp-content\/uploads\/2020\/04\/image-cosmo-forced-300x162.jpg 300w, https:\/\/cosmosolar.com\/wp-content\/uploads\/2020\/04\/image-cosmo-forced-600x324.jpg 600w, https:\/\/cosmosolar.com\/wp-content\/uploads\/2020\/04\/image-cosmo-forced-1024x553.jpg 1024w, https:\/\/cosmosolar.com\/wp-content\/uploads\/2020\/04\/image-cosmo-forced-768x415.jpg 768w\" sizes=\"auto, (max-width: 1154px) 100vw, 1154px\" \/><\/p>\n<\/div>","protected":false},"excerpt":{"rendered":"<div class=\"woocommerce-product-details__short-description\">\n<p>&nbsp;<\/p>\n<\/div>\n<p>&nbsp;<\/p>\n","protected":false},"featured_media":1590,"comment_status":"open","ping_status":"closed","template":"","meta":[],"product_brand":[],"product_cat":[64],"product_tag":[102,77],"class_list":{"0":"post-1586","1":"product","2":"type-product","3":"status-publish","4":"has-post-thumbnail","6":"product_cat-sistemas-por-circulacion-forzada-para-uso-domestico-e-industrial","7":"product_tag-glass-boiler","8":"product_tag-77","10":"first","11":"instock","12":"taxable","13":"shipping-taxable","14":"product-type-simple"},"_links":{"self":[{"href":"https:\/\/cosmosolar.com\/fr\/wp-json\/wp\/v2\/product\/1586","targetHints":{"allow":["GET"]}}],"collection":[{"href":"https:\/\/cosmosolar.com\/fr\/wp-json\/wp\/v2\/product"}],"about":[{"href":"https:\/\/cosmosolar.com\/fr\/wp-json\/wp\/v2\/types\/product"}],"replies":[{"embeddable":true,"href":"https:\/\/cosmosolar.com\/fr\/wp-json\/wp\/v2\/comments?post=1586"}],"wp:featuredmedia":[{"embeddable":true,"href":"https:\/\/cosmosolar.com\/fr\/wp-json\/wp\/v2\/media\/1590"}],"wp:attachment":[{"href":"https:\/\/cosmosolar.com\/fr\/wp-json\/wp\/v2\/media?parent=1586"}],"wp:term":[{"taxonomy":"product_brand","embeddable":true,"href":"https:\/\/cosmosolar.com\/fr\/wp-json\/wp\/v2\/product_brand?post=1586"},{"taxonomy":"product_cat","embeddable":true,"href":"https:\/\/cosmosolar.com\/fr\/wp-json\/wp\/v2\/product_cat?post=1586"},{"taxonomy":"product_tag","embeddable":true,"href":"https:\/\/cosmosolar.com\/fr\/wp-json\/wp\/v2\/product_tag?post=1586"}],"curies":[{"name":"wp","href":"https:\/\/api.w.org\/{rel}","templated":true}]}}