{"id":1584,"date":"2020-04-11T12:20:54","date_gmt":"2020-04-11T12:20:54","guid":{"rendered":"https:\/\/www.cosmosolar.com\/?post_type=product&#038;p=1584"},"modified":"2025-11-11T14:54:29","modified_gmt":"2025-11-11T12:54:29","slug":"boiler-%ce%b7%ce%bb%ce%b9%ce%b1%ce%ba%cf%89%ce%bd-%ce%b8%ce%b5%cf%81%ce%bc%ce%bf%cf%83%ce%b9%cf%86%cf%89%ce%bd%cf%89%ce%bd-%ce%ba%ce%bb%ce%b5%ce%b9%cf%83%cf%84%ce%bf%cf%85-%ce%ba%cf%85%ce%ba%ce%bb-2","status":"publish","type":"product","link":"https:\/\/cosmosolar.com\/fr\/product\/boiler-%ce%b7%ce%bb%ce%b9%ce%b1%ce%ba%cf%89%ce%bd-%ce%b8%ce%b5%cf%81%ce%bc%ce%bf%cf%83%ce%b9%cf%86%cf%89%ce%bd%cf%89%ce%bd-%ce%ba%ce%bb%ce%b5%ce%b9%cf%83%cf%84%ce%bf%cf%85-%ce%ba%cf%85%ce%ba%ce%bb-2\/","title":{"rendered":"BALLONS DE STOCKAGE INOX pour circuit ferm\u00e9 solaire"},"content":{"rendered":"<p><span style=\"color: #0000ff;\"><strong>CARACT\u00c9RISTIQUES TECHNIQUES\u00a0<\/strong><\/span><\/p>\n<table class=\"rtable rtable--flip\">\n<thead>\n<tr>\n<th><strong>VOLUME NOMINAL<\/strong><\/th>\n<th><strong>120<\/strong><\/th>\n<th><strong>150<\/strong><\/th>\n<th><strong>170<\/strong><\/th>\n<th><strong>200<\/strong><\/th>\n<th><strong>300<\/strong><\/th>\n<\/tr>\n<\/thead>\n<tbody>\n<tr>\n<td>Dimensions (mm)<\/td>\n<td>500 x 1120<\/td>\n<td>500 x 1300<\/td>\n<td>580 x 1200<\/td>\n<td>580 x 1320<\/td>\n<td>580 x 1820<\/td>\n<\/tr>\n<tr>\n<td>Poids \u00e0 vide (kg)<\/td>\n<td>43<\/td>\n<td>51<\/td>\n<td>51<\/td>\n<td>56<\/td>\n<td>90<\/td>\n<\/tr>\n<tr>\n<td>Capacit\u00e9 \u00e9changeur (L)<\/td>\n<td>4,0<\/td>\n<td>4,5<\/td>\n<td>4,5<\/td>\n<td>5,0<\/td>\n<td>9,0<\/td>\n<\/tr>\n<tr>\n<td>Volume (L)<\/td>\n<td>110<\/td>\n<td>140<\/td>\n<td>160<\/td>\n<td>200<\/td>\n<td>290<\/td>\n<\/tr>\n<tr>\n<td>\u00c9tiquette \u00e9nerg\u00e9tique<\/td>\n<td>B<\/td>\n<td>B<\/td>\n<td>B<\/td>\n<td>B<\/td>\n<td>C<\/td>\n<\/tr>\n<\/tbody>\n<\/table>\n<p><span style=\"color: #0000ff;\"><strong>BALLONS DE STOCKAGE \u00c0 CIRCUIT FERM\u00c9 SOLAIRES EN ACIER INOXYDABLE 316L HiMo<\/strong><\/span><\/p>\n<p><strong>A. MOD\u00c8LES BLIN AVEC ENTR\u00c9E \u00c9CHANGEUR FRONTALE\u00a0<\/strong><\/p>\n<table class=\"rtable rtable--flip\">\n<thead>\n<tr style=\"height: 24px;\">\n<th style=\"height: 24px;\"><strong>MOD\u00c8LE<\/strong><\/th>\n<th style=\"height: 24px;\"><strong>DIMENSIONS (mm x mm)<\/strong><\/th>\n<th style=\"height: 24px;\"><strong>AVEC R\u00c9SISTANCE \u00c9LECTRIQUE \u00a0<\/strong><\/th>\n<th style=\"height: 24px;\"><strong>AVEC R\u00c9SISTANCE \u00c9LECTRIQUE ET SERPENTIN<\/strong><\/th>\n<\/tr>\n<\/thead>\n<tbody>\n<tr style=\"height: 24.6px;\">\n<td style=\"height: 24.6px;\">BLIN 120<\/td>\n<td style=\"height: 24.6px;\">500 x 1,120<\/td>\n<td style=\"height: 24.6px;\">BLIN12DGGK4<\/td>\n<td style=\"height: 24.6px;\">BLIN12TGGK4<\/td>\n<\/tr>\n<tr style=\"height: 24px;\">\n<td style=\"height: 24px;\">BLIN 150<\/td>\n<td style=\"height: 24px;\">500 x 1,300<\/td>\n<td style=\"height: 24px;\">BLIN15DGGK4<\/td>\n<td style=\"height: 24px;\">BLIN15TGGK4<\/td>\n<\/tr>\n<tr style=\"height: 24px;\">\n<td style=\"height: 24px;\">BLIN 170<\/td>\n<td style=\"height: 24px;\">580 x 1,200<\/td>\n<td style=\"height: 24px;\">BLIN17DGGK4<\/td>\n<td style=\"height: 24px;\">BLIN17TGGK4<\/td>\n<\/tr>\n<tr style=\"height: 24px;\">\n<td style=\"height: 24px;\">BLIN 200<\/td>\n<td style=\"height: 24px;\">580 x 1,320<\/td>\n<td style=\"height: 24px;\">BLIN20DGGK4<\/td>\n<td style=\"height: 24px;\">BLIN20TGGK4<\/td>\n<\/tr>\n<\/tbody>\n<\/table>\n<p><strong>B. MOD\u00c8LES BLINP AVEC DIFFUSEUR ENERGON ET ENTR\u00c9E \u00c9CHANGEUR LAT\u00c9RALE<\/strong><\/p>\n<table class=\"rtable rtable--flip\">\n<thead>\n<tr>\n<th><strong>MOD\u00c8LE<\/strong><\/th>\n<th><strong>DIMENSIONS (mm x mm)<\/strong><\/th>\n<th><strong>AVEC R\u00c9SISTANCE \u00c9LECTRIQUE \u00a0<\/strong><\/th>\n<th><strong>AVEC R\u00c9SISTANCE \u00c9LECTRIQUE ET SERPENTIN<\/strong><\/th>\n<\/tr>\n<\/thead>\n<tbody>\n<tr>\n<td>BLINP 120<\/td>\n<td>500 x 1,120<\/td>\n<td>BLINP12DGGK4<\/td>\n<td>BLINP12TGGK4<\/td>\n<\/tr>\n<tr>\n<td>BLINP 150<\/td>\n<td>500 x 1,300<\/td>\n<td>BLINP15DGGK4<\/td>\n<td>BLINP15TGGK4<\/td>\n<\/tr>\n<tr>\n<td>BLINP 170<\/td>\n<td>580 x 1,200<\/td>\n<td>BLINP17DGGK4<\/td>\n<td>BLINP17TGGK4<\/td>\n<\/tr>\n<tr>\n<td>BLINP 200<\/td>\n<td>580 x 1,320<\/td>\n<td>BLINP20DGGK4<\/td>\n<td>BLINP20TGGK4<\/td>\n<\/tr>\n<tr>\n<td>BLINP 300<\/td>\n<td>580 x 1,820<\/td>\n<td>BLINP30DGGK4<\/td>\n<td>BLINP30TGGK4<\/td>\n<\/tr>\n<\/tbody>\n<\/table>\n<p><strong>C.MOD\u00c8LES BLINC AVEC DIFFUSEUR ENERGON ET ENTR\u00c9ES\/SORTIES LAT\u00c9RALES<\/strong><\/p>\n<table class=\"rtable rtable--flip\">\n<thead>\n<tr>\n<th><strong>MOD\u00c8LE<\/strong><\/th>\n<th><strong>DIMENSIONS (mm x mm)<\/strong><\/th>\n<th><strong>AVEC R\u00c9SISTANCE \u00c9LECTRIQUE <\/strong><\/th>\n<th><strong>AVEC R\u00c9SISTANCE \u00c9LECTRIQUE ET SERPENTIN<\/strong><\/th>\n<\/tr>\n<\/thead>\n<tbody>\n<tr>\n<td>BLINC 120<\/td>\n<td>500 x 1,120<\/td>\n<td>BLINC12DGGK4<\/td>\n<td>BLINC12TGGK4<\/td>\n<\/tr>\n<tr>\n<td>BLINC 150<\/td>\n<td>500 x 1,300<\/td>\n<td>BLINC15DGGK4<\/td>\n<td>BLINC15TGGK4<\/td>\n<\/tr>\n<tr>\n<td>BLINC 170<\/td>\n<td>580 x 1,200<\/td>\n<td>BLINC17DGGK4<\/td>\n<td>BLINC17TGGK4<\/td>\n<\/tr>\n<tr>\n<td>BLINC 200<\/td>\n<td>580 x 1,320<\/td>\n<td>BLINC20DGGK4<\/td>\n<td>BLINC20TGGK4<\/td>\n<\/tr>\n<tr>\n<td>BLINC 300<\/td>\n<td>580 x 1,820<\/td>\n<td>BLINC30DGGK4<\/td>\n<td>BLINC30TGGK4<\/td>\n<\/tr>\n<\/tbody>\n<\/table>\n","protected":false},"excerpt":{"rendered":"<p style=\"text-align: left;\"><strong><span style=\"color: #ff6600;\">DESCRIPTION TECHNIQUE DES BALLONS SOLAIRES INOX AISI 316L<\/span>\u00a0<\/strong><\/p>\n<div class=\"summary entry-summary\">\n<div class=\"woocommerce-product-details__short-description\">\n<table class=\"woocommerce-product-attributes shop_attributes\" style=\"width: 1001px; height: 438px;\">\n<tbody>\n<tr class=\"woocommerce-product-attributes-item woocommerce-product-attributes-item--attribute_%ce%b5%cf%83%cf%89%cf%84%ce%b5%cf%81%ce%b9%ce%ba%cf%8c-%ce%bc%ce%ad%cf%81%ce%bf%cf%82-%ce%b8%ce%b5%cf%81%ce%bc%ce%bf%ce%b4%ce%bf%cf%87%ce%b5%ce%af%ce%bf%cf%85\" style=\"height: 24px;\">\n<th class=\"woocommerce-product-attributes-item__label\" style=\"height: 24px; width: 307.325px;\"><span style=\"color: #008000;\">Mat\u00e9riau<\/span><\/th>\n<td class=\"woocommerce-product-attributes-item__value\" style=\"height: 24px; width: 680.075px;\">Acier inoxydable\u00a0 AISI 316 HiMo,\u00e9paisseur\u00a0 2mm<\/td>\n<\/tr>\n<tr class=\"woocommerce-product-attributes-item woocommerce-product-attributes-item--attribute_%ce%bc%ce%b1%ce%bd%ce%b4%cf%8d%ce%b1%cf%82-%ce%ba%ce%bb%ce%b5%ce%b9%cf%83%cf%84%ce%bf%cf%8d-%ce%ba%cf%85%ce%ba%ce%bb%cf%8e%ce%bc%ce%b1%cf%84%ce%bf%cf%82\" style=\"height: 24px;\">\n<th class=\"woocommerce-product-attributes-item__label\" style=\"height: 24px; width: 307.325px;\"><span style=\"color: #008000;\">\u00c9changeur<\/span><\/th>\n<td class=\"woocommerce-product-attributes-item__value\" style=\"height: 24px; width: 680.075px;\">Mantel type,\u00a0 en acier inoxydable\u00a0 AISI 316 HiMo, \u00e9paisseur de 1,2 mm<\/td>\n<\/tr>\n<tr class=\"woocommerce-product-attributes-item woocommerce-product-attributes-item--attribute_%ce%b1%ce%bd%ce%b1%ce%bc%ce%bf%ce%bd%ce%ad%cf%82-%ce%ba%ce%bb%ce%b5%ce%b9%cf%83%cf%84%ce%bf%cf%8d-%ce%ba%cf%85%ce%ba%ce%bb%cf%8e%ce%bc%ce%b1%cf%84%ce%bf%cf%82\" style=\"height: 24px;\">\n<th class=\"woocommerce-product-attributes-item__label\" style=\"height: 24px; width: 307.325px;\"><span style=\"color: #008000;\">Entr\u00e9e\/sortie en boucle ferm\u00e9e<\/span><\/th>\n<td class=\"woocommerce-product-attributes-item__value\" style=\"height: 24px; width: 680.075px;\">Tubes en acier inoxydable AISI 316 M \u00be\u201d<\/td>\n<\/tr>\n<tr class=\"woocommerce-product-attributes-item woocommerce-product-attributes-item--attribute_%ce%b1%ce%bd%ce%b1%ce%bc%ce%bf%ce%bd%ce%ad%cf%82-%ce%ba%cf%81%cf%8d%ce%bf%cf%85-%ce%b6%ce%b5%cf%83%cf%84%ce%bf%cf%8d-%ce%bd%ce%b5%cf%81%ce%bf%cf%8d-%cf%87%cf%81%ce%ae%cf%83%ce%b7%cf%82\" style=\"height: 24px;\">\n<th class=\"woocommerce-product-attributes-item__label\" style=\"height: 24px; width: 307.325px;\"><span style=\"color: #008000;\">Entr\u00e9e\/sortie eau sanitaire<\/span><\/th>\n<td class=\"woocommerce-product-attributes-item__value\" style=\"height: 24px; width: 680.075px;\">Tubes en acier inoxydable AISI 316\u00a0M \u00bd\u201d<\/td>\n<\/tr>\n<tr class=\"woocommerce-product-attributes-item woocommerce-product-attributes-item--attribute_%ce%b1%ce%bd%ce%b1%ce%bc%ce%bf%ce%bd%ce%ad%cf%82-%ce%b3%ce%b9%ce%b1-%ce%b2%ce%b1%ce%bb%ce%b2%ce%af%ce%b4%ce%b1-%ce%b1%cf%83%cf%86%ce%b1%ce%bb%ce%b5%ce%af%ce%b1%cf%82\" style=\"height: 24px;\">\n<th class=\"woocommerce-product-attributes-item__label\" style=\"height: 24px; width: 307.325px;\"><span style=\"color: #008000;\">Entr\u00e9es soupape de s\u00e9curit\u00e9<\/span><\/th>\n<td class=\"woocommerce-product-attributes-item__value\" style=\"height: 24px; width: 680.075px;\">Tubes en acier inoxydable AISI 316 M \u00bd\u201d<\/td>\n<\/tr>\n<tr class=\"woocommerce-product-attributes-item woocommerce-product-attributes-item--attribute_%ce%bc%cf%8c%ce%bd%cf%89%cf%83%ce%b7-%ce%b8%ce%b5%cf%81%ce%bc%ce%bf%ce%b4%ce%bf%cf%87%ce%b5%ce%af%ce%bf%cf%85\" style=\"height: 24px;\">\n<th class=\"woocommerce-product-attributes-item__label\" style=\"height: 24px; width: 307.325px;\"><span style=\"color: #008000;\">Isolation<\/span><\/th>\n<td class=\"woocommerce-product-attributes-item__value\" style=\"height: 24px; width: 680.075px;\">En polyur\u00e9thane expans\u00e9 d\u2019une densit\u00e9 de 52 kg\/m\u00b3,de 50 mm d\u2019\u00e9paisseur,sans CFC<\/td>\n<\/tr>\n<tr class=\"woocommerce-product-attributes-item woocommerce-product-attributes-item--attribute_%ce%b8%ce%b5%cf%81%ce%bc%ce%bf%ce%b1%ce%b3%cf%89%ce%b3%ce%b9%ce%bc%cf%8c%cf%84%ce%b7%cf%84%ce%b1\" style=\"height: 48px;\">\n<th class=\"woocommerce-product-attributes-item__label\" style=\"height: 48px; width: 307.325px;\"><span style=\"color: #008000;\">Conductivit\u00e9 thermique de l\u2019isolation<\/span><\/th>\n<td class=\"woocommerce-product-attributes-item__value\" style=\"height: 48px; width: 680.075px;\">\u03bb = 0,0180 W\/mK<\/td>\n<\/tr>\n<tr class=\"woocommerce-product-attributes-item woocommerce-product-attributes-item--attribute_%ce%b5%ce%be%cf%89%cf%84%ce%b5%cf%81%ce%b9%ce%ba%cf%8c-%cf%80%ce%b5%cf%81%ce%af%ce%b2%ce%bb%ce%b7%ce%bc%ce%b1-%ce%b8%ce%b5%cf%81%ce%bc%ce%bf%ce%b4%ce%bf%cf%87%ce%b5%ce%af%ce%bf%cf%85\" style=\"height: 24px;\">\n<th class=\"woocommerce-product-attributes-item__label\" style=\"height: 24px; width: 307.325px;\"><span style=\"color: #008000;\"><strong>Rev\u00eatement ext\u00e9rieur<\/strong><\/span><\/th>\n<td class=\"woocommerce-product-attributes-item__value\" style=\"height: 24px; width: 680.075px;\">En aluminium, peinture \u00e9lectrostatique \u201cSeaside Class\u201d<\/td>\n<\/tr>\n<tr class=\"woocommerce-product-attributes-item woocommerce-product-attributes-item--attribute_%ce%ba%ce%b1%ce%b8%ce%bf%ce%b4%ce%b9%ce%ba%ce%ae-%cf%80%cf%81%ce%bf%cf%83%cf%84%ce%b1%cf%83%ce%af%ce%b1\" style=\"height: 24px;\">\n<th class=\"woocommerce-product-attributes-item__label\" style=\"height: 24px; width: 307.325px;\"><span style=\"color: #008000;\">Protection cathodique<\/span><\/th>\n<td class=\"woocommerce-product-attributes-item__value\" style=\"height: 24px; width: 680.075px;\">Anode en magn\u00e9sium, diam\u00e8tre \u00d822mm et\u00a0 L=500mm<\/td>\n<\/tr>\n<tr class=\"woocommerce-product-attributes-item woocommerce-product-attributes-item--attribute_%cf%86%ce%bb%ce%ac%ce%bd%cf%84%ce%b6%ce%b1-%ce%ba%ce%b1%ce%b8%ce%b1%cf%81%ce%b9%cf%83%ce%bc%ce%bf%cf%8d-%ce%b1%ce%bd%cf%84%ce%af%cf%83%cf%84%ce%b1%cf%83%ce%b7%cf%82-%ce%b8%ce%b5%cf%81%ce%bc%ce%bf\" style=\"height: 48px;\">\n<th class=\"woocommerce-product-attributes-item__label\" style=\"height: 48px; width: 307.325px;\"><span style=\"color: #008000;\"><strong>Bride\u00a0 d\u2019inspection\u00a0<\/strong><\/span><\/th>\n<td class=\"woocommerce-product-attributes-item__value\" style=\"height: 48px; width: 680.075px;\">\u00d8 140mm<\/td>\n<\/tr>\n<tr class=\"woocommerce-product-attributes-item woocommerce-product-attributes-item--attribute_%ce%b7%ce%bb%ce%b5%ce%ba%cf%84%cf%81%ce%b9%ce%ba%ce%ae-%ce%b1%ce%bd%cf%84%ce%af%cf%83%cf%84%ce%b1%cf%83%ce%b7\" style=\"height: 24px;\">\n<th class=\"woocommerce-product-attributes-item__label\" style=\"height: 24px; width: 307.325px;\"><span style=\"color: #008000;\"><strong>R\u00e9sistance \u00e9lectrique<\/strong><\/span><\/th>\n<td class=\"woocommerce-product-attributes-item__value\" style=\"height: 24px; width: 680.075px;\">En acier inoxydable AISI 316, 1.5 \u2013 4 kW avec thermostat de s\u00e9curit\u00e9<\/td>\n<\/tr>\n<tr class=\"woocommerce-product-attributes-item woocommerce-product-attributes-item--attribute_%ce%b5%ce%bd%ce%b1%ce%bb%ce%bb%ce%ac%ce%ba%cf%84%ce%b7%cf%82\" style=\"height: 48px;\">\n<th class=\"woocommerce-product-attributes-item__label\" style=\"height: 48px; width: 307.325px;\"><span style=\"color: #008000;\"><strong>\u00c9changeur thermique suppl\u00e9mentaire<\/strong>\u00a0(coil)<\/span><\/th>\n<td class=\"woocommerce-product-attributes-item__value\" style=\"height: 48px; width: 680.075px;\">Pour le raccordement au circuit de chauffage ou \u00e0 la pompe \u00e0 chaleur<\/td>\n<\/tr>\n<\/tbody>\n<\/table>\n<\/div>\n<\/div>\n<div class=\"woocommerce-tabs wc-tabs-wrapper\">\n<div id=\"tab-description\" class=\"woocommerce-Tabs-panel woocommerce-Tabs-panel--description panel entry-content wc-tab\" role=\"tabpanel\" aria-labelledby=\"tab-title-description\">\n<p>&nbsp;<\/p>\n<\/div>\n<\/div>\n","protected":false},"featured_media":2058,"comment_status":"open","ping_status":"closed","template":"","meta":[],"product_brand":[],"product_cat":[57],"product_tag":[100,99,91],"class_list":{"0":"post-1584","1":"product","2":"type-product","3":"status-publish","4":"has-post-thumbnail","6":"product_cat-solar-water-heater-boiler","7":"product_tag-boiler","8":"product_tag-boiler--","9":"product_tag-inox","11":"first","12":"instock","13":"taxable","14":"shipping-taxable","15":"product-type-simple"},"_links":{"self":[{"href":"https:\/\/cosmosolar.com\/fr\/wp-json\/wp\/v2\/product\/1584","targetHints":{"allow":["GET"]}}],"collection":[{"href":"https:\/\/cosmosolar.com\/fr\/wp-json\/wp\/v2\/product"}],"about":[{"href":"https:\/\/cosmosolar.com\/fr\/wp-json\/wp\/v2\/types\/product"}],"replies":[{"embeddable":true,"href":"https:\/\/cosmosolar.com\/fr\/wp-json\/wp\/v2\/comments?post=1584"}],"wp:featuredmedia":[{"embeddable":true,"href":"https:\/\/cosmosolar.com\/fr\/wp-json\/wp\/v2\/media\/2058"}],"wp:attachment":[{"href":"https:\/\/cosmosolar.com\/fr\/wp-json\/wp\/v2\/media?parent=1584"}],"wp:term":[{"taxonomy":"product_brand","embeddable":true,"href":"https:\/\/cosmosolar.com\/fr\/wp-json\/wp\/v2\/product_brand?post=1584"},{"taxonomy":"product_cat","embeddable":true,"href":"https:\/\/cosmosolar.com\/fr\/wp-json\/wp\/v2\/product_cat?post=1584"},{"taxonomy":"product_tag","embeddable":true,"href":"https:\/\/cosmosolar.com\/fr\/wp-json\/wp\/v2\/product_tag?post=1584"}],"curies":[{"name":"wp","href":"https:\/\/api.w.org\/{rel}","templated":true}]}}