{"id":1582,"date":"2020-04-11T10:50:32","date_gmt":"2020-04-11T10:50:32","guid":{"rendered":"https:\/\/www.cosmosolar.com\/?post_type=product&#038;p=1582"},"modified":"2025-11-11T13:59:33","modified_gmt":"2025-11-11T11:59:33","slug":"boiler-%ce%b7%ce%bb%ce%b9%ce%b1%ce%ba%cf%89%ce%bd-%ce%b8%ce%b5%cf%81%ce%bc%ce%bf%cf%83%ce%b9%cf%86%cf%89%ce%bd%cf%89%ce%bd-%ce%ba%ce%bb%ce%b5%ce%b9%cf%83%cf%84%ce%bf%cf%85-%ce%ba%cf%85%ce%ba%ce%bb","status":"publish","type":"product","link":"https:\/\/cosmosolar.com\/fr\/product\/boiler-%ce%b7%ce%bb%ce%b9%ce%b1%ce%ba%cf%89%ce%bd-%ce%b8%ce%b5%cf%81%ce%bc%ce%bf%cf%83%ce%b9%cf%86%cf%89%ce%bd%cf%89%ce%bd-%ce%ba%ce%bb%ce%b5%ce%b9%cf%83%cf%84%ce%bf%cf%85-%ce%ba%cf%85%ce%ba%ce%bb\/","title":{"rendered":"BALLONS DE STOCKAGE \u00e9maill\u00e9s pour circuit ferm\u00e9 solaire"},"content":{"rendered":"<p><span style=\"background-color: #ffffff;\"><strong><span style=\"color: #0000ff;\">CARACT\u00c9RISTIQUES TECHNIQUES<\/span>\u00a0<\/strong><\/span><\/p>\n<table class=\"rtable rtable--flip\">\n<thead>\n<tr>\n<th><strong>\u00a0VOLUME NOMINAL\u00a0<\/strong><\/th>\n<th><strong>120<\/strong><\/th>\n<th><strong>150<\/strong><\/th>\n<th><strong>170<\/strong><\/th>\n<th><strong>200<\/strong><\/th>\n<th><strong>300<\/strong><\/th>\n<\/tr>\n<\/thead>\n<tbody>\n<tr>\n<td>Dimensions (mm)<\/td>\n<td>500 x 1120<\/td>\n<td>500 x 1300<\/td>\n<td>580 x 1200<\/td>\n<td>580 x 1320<\/td>\n<td>580 x 1820<\/td>\n<\/tr>\n<tr>\n<td>Poids \u00e0 vide (kg)<\/td>\n<td>53<\/td>\n<td>64<\/td>\n<td>64<\/td>\n<td>70<\/td>\n<td>110<\/td>\n<\/tr>\n<tr>\n<td>Capacit\u00e9 \u00e9changeur(L)<\/td>\n<td>8,25<\/td>\n<td>11,20<\/td>\n<td>11,20<\/td>\n<td>12,10<\/td>\n<td>23<\/td>\n<\/tr>\n<tr>\n<td>Volume (L)<\/td>\n<td>115<\/td>\n<td>140<\/td>\n<td>160<\/td>\n<td>189<\/td>\n<td>295<\/td>\n<\/tr>\n<tr>\n<td>\u00c9tiquette \u00e9nerg\u00e9tique<\/td>\n<td>B<\/td>\n<td>B<\/td>\n<td>B<\/td>\n<td>B<\/td>\n<td>C<\/td>\n<\/tr>\n<\/tbody>\n<\/table>\n<p><span style=\"background-color: #ffffff; color: #008000;\"><strong><em>BALLONS HORIZONTAUX \u00c0 CIRCUIT FERM\u00c9 (sur demande pour les syst\u00e8mes \u00e0 circuit ouvert)<\/em><\/strong><\/span><\/p>\n<p>&nbsp;<\/p>\n<p><strong>A. MODELES BLGL &#8211; ENTR\u00c9E FRONTALE DE L&rsquo; \u00c9CHANGEUR<\/strong><\/p>\n<table class=\"rtable rtable--flip\">\n<thead>\n<tr>\n<th><strong>MOD\u00c8LE<\/strong><\/th>\n<th><strong>DIMENSIONS (mm x mm)<\/strong><\/th>\n<th><strong>CODE PRODUIT AVEC\u00a0 R\u00c9SISTANCE \u00c9LECTRIQUE<\/strong><\/th>\n<th>\n<table class=\"rtable rtable--flip\">\n<tbody>\n<tr>\n<th><strong>CODE PRODUIT AVEC\u00a0 R\u00c9SISTANCE \u00c9LECTRIQUE ET SERPENTIN<\/strong><\/th>\n<\/tr>\n<\/tbody>\n<\/table>\n<\/th>\n<\/tr>\n<\/thead>\n<tbody>\n<tr>\n<td>BLGL 120<\/td>\n<td>500 x 1,120<\/td>\n<td>BLGL12DGGK4<\/td>\n<td>BLGL12TGGK4<\/td>\n<\/tr>\n<tr>\n<td>BLGL 150<\/td>\n<td>500 x 1,300<\/td>\n<td>BLGL15DGGK4<\/td>\n<td>BLGL15TGGK4<\/td>\n<\/tr>\n<tr>\n<td>BLGL 170<\/td>\n<td>580 x 1,200<\/td>\n<td>BLGL17DGGK4<\/td>\n<td>BLGL17TGGK4<\/td>\n<\/tr>\n<tr>\n<td>BLGL 200<\/td>\n<td>580 x 1,320<\/td>\n<td>BLGL20DGGK4<\/td>\n<td>BLGL20TGGK4<\/td>\n<\/tr>\n<\/tbody>\n<\/table>\n<p><strong>B. MOD\u00c8LES BLGLD AVEC DIFFUSEUR ENERGON ET ENTR\u00c9E LAT\u00c9RALE DE L&rsquo; \u00c9CHANGEUR\u00a0<\/strong><\/p>\n<table class=\"rtable rtable--flip\">\n<thead>\n<tr>\n<th><strong>MOD\u00c8LE<\/strong><\/th>\n<th><strong>DIMENSIONS (mm x mm)<\/strong><\/th>\n<th><strong>CODE PRODUIT AVEC\u00a0 R\u00c9SISTANCE \u00c9LECTRIQUE<\/strong><\/th>\n<th><strong>CODE PRODUIT AVEC\u00a0 R\u00c9SISTANCE \u00c9LECTRIQUE ET SERPENTIN<\/strong><\/th>\n<\/tr>\n<\/thead>\n<tbody>\n<tr>\n<td>BLGLD 120<\/td>\n<td>500 x 1,120<\/td>\n<td>BLGLD12DGGK4<\/td>\n<td>BLGLD12TGGK4<\/td>\n<\/tr>\n<tr>\n<td>BLGLD 150<\/td>\n<td>500 x 1,300<\/td>\n<td>BLGLD15DGGK4<\/td>\n<td>BLGLD15TGGK4<\/td>\n<\/tr>\n<tr>\n<td>BLGLD 170<\/td>\n<td>580 x 1,200<\/td>\n<td>BLGLD17DGGK4<\/td>\n<td>BLGLD17TGGK4<\/td>\n<\/tr>\n<tr>\n<td>BLGLD 200<\/td>\n<td>580 x 1,320<\/td>\n<td>BLGLD20DGGK4<\/td>\n<td>BLGLD20TGGK4<\/td>\n<\/tr>\n<tr>\n<td>BLGLD 300<\/td>\n<td>580 x 1,820<\/td>\n<td>BLGLD30DGGK4<\/td>\n<td>BLGLD30TGGK4<\/td>\n<\/tr>\n<\/tbody>\n<\/table>\n<p><strong>C.MOD\u00c8LES BLGLC AVEC DIFFUSEUR ENERGON ET ENTR\u00c9ES\/SORTIES LAT\u00c9RALES\u00a0<\/strong><\/p>\n<table class=\"rtable rtable--flip\">\n<thead>\n<tr>\n<th><strong>MOD\u00c8LE<\/strong><\/th>\n<th><strong>DIMENSIONS (mm x mm)<\/strong><\/th>\n<th><strong>CODE PRODUIT AVEC\u00a0 R\u00c9SISTANCE \u00c9LECTRIQUE<\/strong><\/th>\n<th><strong>CODE PRODUIT AVEC\u00a0 R\u00c9SISTANCE \u00c9LECTRIQUE ET SERPENTIN<\/strong><\/th>\n<\/tr>\n<\/thead>\n<tbody>\n<tr>\n<td>BLGLC 120<\/td>\n<td>500 x 1,120<\/td>\n<td>BLGLC12DGGK4<\/td>\n<td>BLGLC12TGGK4<\/td>\n<\/tr>\n<tr>\n<td>BLGLC 150<\/td>\n<td>500 x 1,300<\/td>\n<td>BLGLC15DGGK4<\/td>\n<td>BLGLC15TGGK4<\/td>\n<\/tr>\n<tr>\n<td>BLGLC 170<\/td>\n<td>580 x 1,200<\/td>\n<td>BLGLC17DGGK4<\/td>\n<td>BLGLC17TGGK4<\/td>\n<\/tr>\n<tr>\n<td>BLGLC 200<\/td>\n<td>580 x 1,320<\/td>\n<td>BLGLC20DGGK4<\/td>\n<td>BLGLC20TGGK4<\/td>\n<\/tr>\n<tr>\n<td>BLGLC 300<\/td>\n<td>580 x 1,820<\/td>\n<td>BLGLC30DGGK4<\/td>\n<td>BLGLC30TGGK4<\/td>\n<\/tr>\n<\/tbody>\n<\/table>\n","protected":false},"excerpt":{"rendered":"<p><span style=\"color: #ff6600;\"><strong>DESCRIPTION TECHNIQUE DES BALLONS EMAILLES\u00a0 HORIZONTAUX POUR CHAUFFE &#8211; EAU SOLAIRES<\/strong><\/span><\/p>\n<table class=\"woocommerce-product-attributes shop_attributes\" style=\"width: 958px;\">\n<tbody>\n<tr class=\"woocommerce-product-attributes-item woocommerce-product-attributes-item--attribute_%ce%b5%cf%83%cf%89%cf%84%ce%b5%cf%81%ce%b9%ce%ba%cf%8c-%ce%bc%ce%ad%cf%81%ce%bf%cf%82-%ce%b8%ce%b5%cf%81%ce%bc%ce%bf%ce%b4%ce%bf%cf%87%ce%b5%ce%af%ce%bf%cf%85\" style=\"height: 48px;\">\n<th class=\"woocommerce-product-attributes-item__label\" style=\"height: 48px; width: 237.575px;\"><span style=\"color: #008000;\">Mat\u00e9riau<\/span><\/th>\n<td class=\"woocommerce-product-attributes-item__value\" style=\"height: 48px; width: 705.425px;\">Acier de faible teneur en oxyde de fer, \u00e9paisseur de 3mm , \u00e0 double vitrification selon DIN 4753, cuisson \u00e0\u00a0 860 C<\/td>\n<\/tr>\n<tr class=\"woocommerce-product-attributes-item woocommerce-product-attributes-item--attribute_%ce%bc%ce%b1%ce%bd%ce%b4%cf%8d%ce%b1%cf%82-%ce%ba%ce%bb%ce%b5%ce%b9%cf%83%cf%84%ce%bf%cf%8d-%ce%ba%cf%85%ce%ba%ce%bb%cf%8e%ce%bc%ce%b1%cf%84%ce%bf%cf%82\" style=\"height: 24px;\">\n<th class=\"woocommerce-product-attributes-item__label\" style=\"height: 24px; width: 237.575px;\"><span style=\"color: #008000;\">\u00c9changeur<\/span><\/th>\n<td class=\"woocommerce-product-attributes-item__value\" style=\"height: 24px; width: 705.425px;\">Mantel type,\u00a0 acier de faible teneur en oxyde de fer, \u00e9paisseur de 1,5mm<\/td>\n<\/tr>\n<tr class=\"woocommerce-product-attributes-item woocommerce-product-attributes-item--attribute_%ce%b1%ce%bd%ce%b1%ce%bc%ce%bf%ce%bd%ce%ad%cf%82-%ce%ba%ce%bb%ce%b5%ce%b9%cf%83%cf%84%ce%bf%cf%8d-%ce%ba%cf%85%ce%ba%ce%bb%cf%8e%ce%bc%ce%b1%cf%84%ce%bf%cf%82\" style=\"height: 48px;\">\n<th class=\"woocommerce-product-attributes-item__label\" style=\"height: 48px; width: 237.575px;\"><span style=\"color: #008000;\">Entr\u00e9e\/sortie en boucle ferm\u00e9e<\/span><\/th>\n<td class=\"woocommerce-product-attributes-item__value\" style=\"height: 48px; width: 705.425px;\">Tubes en laiton M \u00be\u201d<\/td>\n<\/tr>\n<tr class=\"woocommerce-product-attributes-item woocommerce-product-attributes-item--attribute_%ce%b1%ce%bd%ce%b1%ce%bc%ce%bf%ce%bd%ce%ad%cf%82-%ce%ba%cf%81%cf%8d%ce%bf%cf%85-%ce%b6%ce%b5%cf%83%cf%84%ce%bf%cf%8d-%ce%bd%ce%b5%cf%81%ce%bf%cf%8d-%cf%87%cf%81%ce%ae%cf%83%ce%b7%cf%82\" style=\"height: 24px;\">\n<th class=\"woocommerce-product-attributes-item__label\" style=\"height: 24px; width: 237.575px;\"><span style=\"color: #008000;\">Entr\u00e9e\/sortie eau sanitaire<\/span><\/th>\n<td class=\"woocommerce-product-attributes-item__value\" style=\"height: 24px; width: 705.425px;\">Tubes en laiton M \u00bd\u2019\u2019<\/td>\n<\/tr>\n<tr class=\"woocommerce-product-attributes-item woocommerce-product-attributes-item--attribute_%ce%b1%ce%bd%ce%b1%ce%bc%ce%bf%ce%bd%ce%ad%cf%82-%ce%ba%cf%81%cf%8d%ce%bf%cf%85-%ce%b6%ce%b5%cf%83%cf%84%ce%bf%cf%8d-%ce%bd%ce%b5%cf%81%ce%bf%cf%8d-%cf%87%cf%81%ce%ae%cf%83%ce%b7%cf%82\" style=\"height: 24px;\">\n<th class=\"woocommerce-product-attributes-item__label\" style=\"height: 24px; width: 237.575px;\"><span style=\"color: #008000;\">Entr\u00e9es soupape de s\u00e9curit\u00e9<\/span><\/th>\n<td class=\"woocommerce-product-attributes-item__value\" style=\"height: 24px; width: 705.425px;\">Tubes en laiton M \u00bd\u2019\u2019<\/td>\n<\/tr>\n<tr class=\"woocommerce-product-attributes-item woocommerce-product-attributes-item--attribute_%ce%b1%ce%bd%ce%b1%ce%bc%ce%bf%ce%bd%ce%ad%cf%82-%ce%ba%cf%81%cf%8d%ce%bf%cf%85-%ce%b6%ce%b5%cf%83%cf%84%ce%bf%cf%8d-%ce%bd%ce%b5%cf%81%ce%bf%cf%8d-%cf%87%cf%81%ce%ae%cf%83%ce%b7%cf%82\" style=\"height: 24.8px;\">\n<th class=\"woocommerce-product-attributes-item__label\" style=\"height: 24.8px; width: 237.575px;\"><span style=\"color: #008000;\">Isolation<\/span><\/th>\n<td class=\"woocommerce-product-attributes-item__value\" style=\"height: 24.8px; width: 705.425px;\">En polyur\u00e9thane expans\u00e9 d&rsquo;une densit\u00e9 de 52 kg\/m\u00b3,de 50 mm d&rsquo;\u00e9paisseur ,sans CFC.<\/td>\n<\/tr>\n<tr class=\"woocommerce-product-attributes-item woocommerce-product-attributes-item--attribute_%ce%b1%ce%bd%ce%b1%ce%bc%ce%bf%ce%bd%ce%ad%cf%82-%ce%ba%cf%81%cf%8d%ce%bf%cf%85-%ce%b6%ce%b5%cf%83%cf%84%ce%bf%cf%8d-%ce%bd%ce%b5%cf%81%ce%bf%cf%8d-%cf%87%cf%81%ce%ae%cf%83%ce%b7%cf%82\" style=\"height: 24.8px;\">\n<th class=\"woocommerce-product-attributes-item__label\" style=\"height: 24.8px; width: 237.575px;\"><span style=\"color: #008000;\">Conductivit\u00e9 thermique de l&rsquo;isolation<\/span><\/th>\n<td class=\"woocommerce-product-attributes-item__value\" style=\"height: 24.8px; width: 705.425px;\">\u03bb= 0,0180 W\/mK<\/td>\n<\/tr>\n<tr class=\"woocommerce-product-attributes-item woocommerce-product-attributes-item--attribute_%ce%b1%ce%bd%ce%b1%ce%bc%ce%bf%ce%bd%ce%ad%cf%82-%ce%ba%cf%81%cf%8d%ce%bf%cf%85-%ce%b6%ce%b5%cf%83%cf%84%ce%bf%cf%8d-%ce%bd%ce%b5%cf%81%ce%bf%cf%8d-%cf%87%cf%81%ce%ae%cf%83%ce%b7%cf%82\" style=\"height: 24.8px;\">\n<th class=\"woocommerce-product-attributes-item__label\" style=\"height: 24.8px; width: 237.575px;\"><span style=\"color: #008000;\"><strong>Rev\u00eatement ext\u00e9rieur <\/strong><\/span><\/th>\n<td class=\"woocommerce-product-attributes-item__value\" style=\"height: 24.8px; width: 705.425px;\">En aluminium, peinture \u00e9lectrostatique \u201cSeaside Class\u201d.<\/td>\n<\/tr>\n<tr class=\"woocommerce-product-attributes-item woocommerce-product-attributes-item--attribute_%ce%b1%ce%bd%ce%b1%ce%bc%ce%bf%ce%bd%ce%ad%cf%82-%ce%ba%cf%81%cf%8d%ce%bf%cf%85-%ce%b6%ce%b5%cf%83%cf%84%ce%bf%cf%8d-%ce%bd%ce%b5%cf%81%ce%bf%cf%8d-%cf%87%cf%81%ce%ae%cf%83%ce%b7%cf%82\" style=\"height: 24.8px;\">\n<th class=\"woocommerce-product-attributes-item__label\" style=\"height: 24.8px; width: 237.575px;\"><span style=\"color: #008000;\"><strong>Protection cathodique<\/strong><\/span><\/th>\n<td class=\"woocommerce-product-attributes-item__value\" style=\"height: 24.8px; width: 705.425px;\">Anode en magn\u00e9sium, diam\u00e8tre \u00d822mm et\u00a0 L=500mm<\/td>\n<\/tr>\n<tr class=\"woocommerce-product-attributes-item woocommerce-product-attributes-item--attribute_%ce%b1%ce%bd%ce%b1%ce%bc%ce%bf%ce%bd%ce%ad%cf%82-%ce%ba%cf%81%cf%8d%ce%bf%cf%85-%ce%b6%ce%b5%cf%83%cf%84%ce%bf%cf%8d-%ce%bd%ce%b5%cf%81%ce%bf%cf%8d-%cf%87%cf%81%ce%ae%cf%83%ce%b7%cf%82\" style=\"height: 24.8px;\">\n<th class=\"woocommerce-product-attributes-item__label\" style=\"height: 24.8px; width: 237.575px;\"><span style=\"color: #008000;\"><strong>Bride\u00a0 d&rsquo;inspection\u00a0<\/strong><\/span><\/th>\n<td class=\"woocommerce-product-attributes-item__value\" style=\"height: 24.8px; width: 705.425px;\">\n<table class=\"woocommerce-product-attributes shop_attributes\" style=\"width: 249.725px;\">\n<tbody>\n<tr class=\"woocommerce-product-attributes-item woocommerce-product-attributes-item--attribute_%cf%86%ce%bb%ce%ac%ce%bd%cf%84%ce%b6%ce%b1-%ce%ba%ce%b1%ce%b8%ce%b1%cf%81%ce%b9%cf%83%ce%bc%ce%bf%cf%8d-%ce%b1%ce%bd%cf%84%ce%af%cf%83%cf%84%ce%b1%cf%83%ce%b7%cf%82-%ce%b8%ce%b5%cf%81%ce%bc%ce%bf\">\n<td class=\"woocommerce-product-attributes-item__value\" style=\"width: 240.725px;\">\u00d8 140mm<\/td>\n<\/tr>\n<\/tbody>\n<\/table>\n<\/td>\n<\/tr>\n<tr class=\"woocommerce-product-attributes-item woocommerce-product-attributes-item--attribute_%ce%b1%ce%bd%ce%b1%ce%bc%ce%bf%ce%bd%ce%ad%cf%82-%ce%ba%cf%81%cf%8d%ce%bf%cf%85-%ce%b6%ce%b5%cf%83%cf%84%ce%bf%cf%8d-%ce%bd%ce%b5%cf%81%ce%bf%cf%8d-%cf%87%cf%81%ce%ae%cf%83%ce%b7%cf%82\" style=\"height: 24.8px;\">\n<th class=\"woocommerce-product-attributes-item__label\" style=\"height: 24.8px; width: 237.575px;\"><span style=\"color: #008000;\"><strong>R\u00e9sistance \u00e9lectrique<\/strong><\/span><\/th>\n<td class=\"woocommerce-product-attributes-item__value\" style=\"height: 24.8px; width: 705.425px;\">\u00a01.5 &#8211; 4 kW avec thermostat de s\u00e9curit\u00e9<\/td>\n<\/tr>\n<tr class=\"woocommerce-product-attributes-item woocommerce-product-attributes-item--attribute_%ce%b1%ce%bd%ce%b1%ce%bc%ce%bf%ce%bd%ce%ad%cf%82-%ce%ba%cf%81%cf%8d%ce%bf%cf%85-%ce%b6%ce%b5%cf%83%cf%84%ce%bf%cf%8d-%ce%bd%ce%b5%cf%81%ce%bf%cf%8d-%cf%87%cf%81%ce%ae%cf%83%ce%b7%cf%82\" style=\"height: 24.8px;\">\n<th class=\"woocommerce-product-attributes-item__label\" style=\"height: 24.8px; width: 237.575px;\"><span style=\"color: #008000;\"><strong>\u00c9changeur thermique suppl\u00e9mentaire<\/strong><\/span><\/th>\n<td class=\"woocommerce-product-attributes-item__value\" style=\"height: 24.8px; width: 705.425px;\">Pour le raccordement au circuit de chauffage ou \u00e0 la pompe \u00e0 chaleur<\/td>\n<\/tr>\n<\/tbody>\n<\/table>\n","protected":false},"featured_media":2054,"comment_status":"open","ping_status":"closed","template":"","meta":[],"product_brand":[],"product_cat":[57],"product_tag":[100,99,82],"class_list":{"0":"post-1582","1":"product","2":"type-product","3":"status-publish","4":"has-post-thumbnail","6":"product_cat-solar-water-heater-boiler","7":"product_tag-boiler","8":"product_tag-boiler--","9":"product_tag-glass","11":"first","12":"instock","13":"taxable","14":"shipping-taxable","15":"product-type-simple"},"_links":{"self":[{"href":"https:\/\/cosmosolar.com\/fr\/wp-json\/wp\/v2\/product\/1582","targetHints":{"allow":["GET"]}}],"collection":[{"href":"https:\/\/cosmosolar.com\/fr\/wp-json\/wp\/v2\/product"}],"about":[{"href":"https:\/\/cosmosolar.com\/fr\/wp-json\/wp\/v2\/types\/product"}],"replies":[{"embeddable":true,"href":"https:\/\/cosmosolar.com\/fr\/wp-json\/wp\/v2\/comments?post=1582"}],"wp:featuredmedia":[{"embeddable":true,"href":"https:\/\/cosmosolar.com\/fr\/wp-json\/wp\/v2\/media\/2054"}],"wp:attachment":[{"href":"https:\/\/cosmosolar.com\/fr\/wp-json\/wp\/v2\/media?parent=1582"}],"wp:term":[{"taxonomy":"product_brand","embeddable":true,"href":"https:\/\/cosmosolar.com\/fr\/wp-json\/wp\/v2\/product_brand?post=1582"},{"taxonomy":"product_cat","embeddable":true,"href":"https:\/\/cosmosolar.com\/fr\/wp-json\/wp\/v2\/product_cat?post=1582"},{"taxonomy":"product_tag","embeddable":true,"href":"https:\/\/cosmosolar.com\/fr\/wp-json\/wp\/v2\/product_tag?post=1582"}],"curies":[{"name":"wp","href":"https:\/\/api.w.org\/{rel}","templated":true}]}}