{"id":1573,"date":"2020-04-11T09:14:02","date_gmt":"2020-04-11T09:14:02","guid":{"rendered":"https:\/\/www.cosmosolar.com\/?post_type=product&#038;p=1573"},"modified":"2025-11-11T13:42:25","modified_gmt":"2025-11-11T11:42:25","slug":"%ce%b7%ce%bb%ce%b9%ce%b1%ce%ba%ce%bf%ce%af-%ce%b8%ce%b5%cf%81%ce%bc%ce%bf%cf%83%ce%af%cf%86%cf%89%ce%bd%ce%b5%cf%82-inox-inp-150-300-2","status":"publish","type":"product","link":"https:\/\/cosmosolar.com\/fr\/product\/%ce%b7%ce%bb%ce%b9%ce%b1%ce%ba%ce%bf%ce%af-%ce%b8%ce%b5%cf%81%ce%bc%ce%bf%cf%83%ce%af%cf%86%cf%89%ce%bd%ce%b5%cf%82-inox-inp-150-300-2\/","title":{"rendered":"Chauffe-eau solaires GAMME  | INP 150 \u2013 300 avec ballon INOX 316L"},"content":{"rendered":"<div class=\"wpb-content-wrapper\"><p>[vc_row][vc_column][vc_tta_accordion][vc_tta_section title=\u00a0\u00bbDocuments\u00a0\u00bb tab_id=\u00a0\u00bb1761317686441-a27310a9-4b8f\u00a0\u00bb][vc_column_text]<br \/>\n<h4 style='margin-top: 0px;'>INP WITH 316<\/h4><ul style='margin-left: 0px;'><\/ul><h4 style='margin-top: 15px;'>Datasheet<\/h4><ul style='margin-left: 20px;'><li><a href=\"https:\/\/cosmosolar.com\/wp-content\/uploads\/documents\/english\/SOLAR_WATER_HEATERS\/INP_WITH_316\/Datasheet\/SS_316L_solar_water_heater_UNIVERSAL_STRUCTURE_technical_data_sheet_DETAILS.pdf\" target=\"_blank\" rel=\"noopener\">\ud83d\udcc4 SS_316L_solar_water_heater_UNIVERSAL_STRUCTURE_technical_data_sheet_DETAILS.pdf<\/a><\/li><\/ul><h4 style='margin-top: 15px;'>Manual<\/h4><ul style='margin-left: 20px;'><li><a href=\"https:\/\/cosmosolar.com\/wp-content\/uploads\/documents\/english\/SOLAR_WATER_HEATERS\/INP_WITH_316\/Manual\/Installation_manual_universal_support_base.pdf\" target=\"_blank\" rel=\"noopener\">\ud83d\udcc4 Installation_manual_universal_support_base.pdf<\/a><\/li><\/ul><br \/>\n[\/vc_column_text][\/vc_tta_section][vc_tta_section title=\u00a0\u00bbDescription\u00a0\u00bb tab_id=\u00a0\u00bb1761317686455-d10a3957-cc5d\u00a0\u00bb][vc_column_text]<\/p>\n<table class=\"rtable rtable--flip\">\n<tbody>\n<tr>\n<th style=\"text-align: center;\"><strong>MOD\u00c8LE<\/strong><\/th>\n<th style=\"text-align: center;\"><strong>CAPTEUR<\/strong><\/th>\n<th style=\"text-align: center;\"><strong>Nombe de CAPTEURS\u00a0<\/strong><\/th>\n<th style=\"text-align: center;\"><strong>SURFACE BRUTE (m\u00b2)<\/strong><\/th>\n<\/tr>\n<tr>\n<td style=\"text-align: center;\"><strong>EINP 120\/2,00<\/strong><\/td>\n<td style=\"text-align: center;\">EPI 25 NV<\/td>\n<td style=\"text-align: center;\">1 x 2,00 m\u00b2<\/td>\n<td style=\"text-align: center;\">2,00<\/td>\n<\/tr>\n<tr>\n<td style=\"text-align: center;\"><strong>EINP 150\/2,00<\/strong><\/td>\n<td style=\"text-align: center;\">EPI 25 NV<\/td>\n<td style=\"text-align: center;\">1 x 2,00 m\u00b2<\/td>\n<td style=\"text-align: center;\">2,00<\/td>\n<\/tr>\n<tr>\n<td style=\"text-align: center;\"><strong>EINP 150\/2,24<\/strong><\/td>\n<td style=\"text-align: center;\">EPI 16 NV<\/td>\n<td style=\"text-align: center;\">1 x 2,24 m\u00b2<\/td>\n<td style=\"text-align: center;\">2,24<\/td>\n<\/tr>\n<tr>\n<td style=\"text-align: center;\"><strong>EINP 170\/2.24<\/strong><\/td>\n<td style=\"text-align: center;\">EPI 16 NV<\/td>\n<td style=\"text-align: center;\">1 x 2,24 m\u00b2<\/td>\n<td style=\"text-align: center;\">2,24<\/td>\n<\/tr>\n<tr>\n<td style=\"text-align: center;\"><strong>EINP 170\/2,53<\/strong><\/td>\n<td style=\"text-align: center;\">EPI 54 NV<\/td>\n<td style=\"text-align: center;\">1 x 2,53 m\u00b2<\/td>\n<td style=\"text-align: center;\">2,53<\/td>\n<\/tr>\n<tr>\n<td style=\"text-align: center;\"><strong>EINP 200\/2.24<\/strong><\/td>\n<td style=\"text-align: center;\">EPI 16 NV<\/td>\n<td style=\"text-align: center;\">1 x 2,24 m\u00b2<\/td>\n<td style=\"text-align: center;\">2,24<\/td>\n<\/tr>\n<tr>\n<td style=\"text-align: center;\"><strong>EINP 200\/2,53<\/strong><\/td>\n<td style=\"text-align: center;\">EPI 54 NV<\/td>\n<td style=\"text-align: center;\">1 x 2,53 m\u00b2<\/td>\n<td style=\"text-align: center;\">2,53<\/td>\n<\/tr>\n<tr>\n<td style=\"text-align: center;\"><strong>EINP 200\/4,00<\/strong><\/td>\n<td style=\"text-align: center;\">EPI 25 KL<\/td>\n<td style=\"text-align: center;\">2 x 2,00 m\u00b2<\/td>\n<td style=\"text-align: center;\">4,00<\/td>\n<\/tr>\n<tr>\n<td style=\"text-align: center;\"><strong>EINP 200\/5,06<\/strong><\/td>\n<td style=\"text-align: center;\">EPI 54 NV<\/td>\n<td style=\"text-align: center;\">2 x 2,53 m\u00b2<\/td>\n<td style=\"text-align: center;\">5,06<\/td>\n<\/tr>\n<tr>\n<td style=\"text-align: center;\"><strong>EINP 300\/3,00<\/strong><\/td>\n<td style=\"text-align: center;\">EPI 20 NV<\/td>\n<td style=\"text-align: center;\">2 x 1,50 m\u00b2<\/td>\n<td style=\"text-align: center;\">3,00<\/td>\n<\/tr>\n<tr>\n<td style=\"text-align: center;\"><strong>EINP 300\/4.00<\/strong><\/td>\n<td style=\"text-align: center;\">EPI 25 NV<\/td>\n<td style=\"text-align: center;\">2 x 2,00 m\u00b2<\/td>\n<td style=\"text-align: center;\">4,00<\/td>\n<\/tr>\n<tr>\n<td style=\"text-align: center;\"><strong>EINP 300\/4.48<\/strong><\/td>\n<td style=\"text-align: center;\">EPI 16 NV<\/td>\n<td style=\"text-align: center;\">2 x 2,24 m\u00b2<\/td>\n<td style=\"text-align: center;\">4,48<\/td>\n<\/tr>\n<tr>\n<td style=\"text-align: center;\"><strong>EINP 300\/5,06<\/strong><\/td>\n<td style=\"text-align: center;\">EPI 54 NV<\/td>\n<td style=\"text-align: center;\">2 x 2,53 m\u00b2<\/td>\n<td style=\"text-align: center;\">5,06<\/td>\n<\/tr>\n<tr>\n<td style=\"text-align: center;\"><strong>EINP 300\/7,59<\/strong><\/td>\n<td style=\"text-align: center;\">EPI 54 NV<\/td>\n<td style=\"text-align: center;\">3 x 2,53 m\u00b2<\/td>\n<td style=\"text-align: center;\">7,59<\/td>\n<\/tr>\n<\/tbody>\n<\/table>\n<p><img loading=\"lazy\" decoding=\"async\" class=\"wp-image-2075 size-medium aligncenter\" src=\"https:\/\/cosmosolar.com\/wp-content\/uploads\/2020\/04\/GLK-DIMENSIONS-286x300.jpg\" alt=\"\" width=\"286\" height=\"300\" srcset=\"https:\/\/cosmosolar.com\/wp-content\/uploads\/2020\/04\/GLK-DIMENSIONS-286x300.jpg 286w, https:\/\/cosmosolar.com\/wp-content\/uploads\/2020\/04\/GLK-DIMENSIONS-300x314.jpg 300w, https:\/\/cosmosolar.com\/wp-content\/uploads\/2020\/04\/GLK-DIMENSIONS.jpg 458w\" sizes=\"auto, (max-width: 286px) 100vw, 286px\" \/><\/p>\n<table class=\"rtable rtable--flip\">\n<tbody>\n<tr>\n<th style=\"text-align: center;\">MOD\u00c8LE<\/th>\n<th style=\"text-align: center;\"><strong>Nombre de CAPTEURS<\/strong><\/th>\n<th style=\"text-align: center;\"><strong>SURFACE BRUTE (m\u00b2)<\/strong><\/th>\n<th class=\"colspan2\" style=\"text-align: center;\" colspan=\"2\"><strong>\u00a0DIMENSIONS BALLON\u00a0 (mm)<\/strong><\/th>\n<th class=\"colspan3\" style=\"text-align: center;\" colspan=\"3\"><strong>\u00a0DIMENSIONS CAPTEUR (mm)<\/strong><\/th>\n<th style=\"text-align: center;\"><strong>(mm)<\/strong><\/th>\n<th style=\"text-align: center;\"><strong>(mm)<\/strong><\/th>\n<th style=\"text-align: center;\"><strong>(mm)<\/strong><\/th>\n<th style=\"text-align: center;\"><strong>POIDS \u00c0 VIDE (kg)<\/strong><\/th>\n<\/tr>\n<tr>\n<td style=\"text-align: center;\"><\/td>\n<td style=\"text-align: center;\"><\/td>\n<td style=\"text-align: center;\"><\/td>\n<td style=\"text-align: center;\"><strong>\u0391<\/strong><\/td>\n<td style=\"text-align: center;\"><strong>\u0392<\/strong><\/td>\n<td style=\"text-align: center;\"><strong>C<\/strong><\/td>\n<td style=\"text-align: center;\"><strong>D<\/strong><\/td>\n<td style=\"text-align: center;\"><strong>E<\/strong><\/td>\n<td style=\"text-align: center;\"><strong>Z<\/strong><\/td>\n<td style=\"text-align: center;\"><strong>H<\/strong><\/td>\n<td style=\"text-align: center;\"><strong>G<\/strong><\/td>\n<td style=\"text-align: center;\"><\/td>\n<\/tr>\n<tr>\n<td style=\"text-align: center;\"><strong>EINP 120\/2,00<\/strong><\/td>\n<td style=\"text-align: center;\">1 x 2,00<\/td>\n<td style=\"text-align: center;\">2,00<\/td>\n<td style=\"text-align: center;\">500<\/td>\n<td style=\"text-align: center;\">1120<\/td>\n<td style=\"text-align: center;\">1000<\/td>\n<td style=\"text-align: center;\">2000<\/td>\n<td style=\"text-align: center;\">85<\/td>\n<td style=\"text-align: center;\">2020<\/td>\n<td style=\"text-align: center;\">1865<\/td>\n<td style=\"text-align: center;\">860<\/td>\n<td style=\"text-align: center;\">110,50<\/td>\n<\/tr>\n<tr>\n<td style=\"text-align: center;\"><strong>EINP 150\/2,00<\/strong><\/td>\n<td style=\"text-align: center;\">1 x 2,00<\/td>\n<td style=\"text-align: center;\">2,00<\/td>\n<td style=\"text-align: center;\">500<\/td>\n<td style=\"text-align: center;\">1300<\/td>\n<td style=\"text-align: center;\">1000<\/td>\n<td style=\"text-align: center;\">2000<\/td>\n<td style=\"text-align: center;\">85<\/td>\n<td style=\"text-align: center;\">2020<\/td>\n<td style=\"text-align: center;\">1865<\/td>\n<td style=\"text-align: center;\">860<\/td>\n<td style=\"text-align: center;\">121,50<\/td>\n<\/tr>\n<tr>\n<td style=\"text-align: center;\"><strong>EINP 150\/2,24<\/strong><\/td>\n<td style=\"text-align: center;\">1 x 2,24<\/td>\n<td style=\"text-align: center;\">2,24<\/td>\n<td style=\"text-align: center;\">500<\/td>\n<td style=\"text-align: center;\">1300<\/td>\n<td style=\"text-align: center;\">1180<\/td>\n<td style=\"text-align: center;\">1900<\/td>\n<td style=\"text-align: center;\">85<\/td>\n<td style=\"text-align: center;\">2020<\/td>\n<td style=\"text-align: center;\">1865<\/td>\n<td style=\"text-align: center;\">860<\/td>\n<td style=\"text-align: center;\">124,10<\/td>\n<\/tr>\n<tr>\n<td style=\"text-align: center;\"><strong>EINP 170\/2.24<\/strong><\/td>\n<td style=\"text-align: center;\">1 x 2,24<\/td>\n<td style=\"text-align: center;\">2,24<\/td>\n<td style=\"text-align: center;\">580<\/td>\n<td style=\"text-align: center;\">1200<\/td>\n<td style=\"text-align: center;\">1180<\/td>\n<td style=\"text-align: center;\">1900<\/td>\n<td style=\"text-align: center;\">85<\/td>\n<td style=\"text-align: center;\">2020<\/td>\n<td style=\"text-align: center;\">1865<\/td>\n<td style=\"text-align: center;\">860<\/td>\n<td style=\"text-align: center;\">124,10<\/td>\n<\/tr>\n<tr>\n<td style=\"text-align: center;\"><strong>EINP 170\/2,53<\/strong><\/td>\n<td style=\"text-align: center;\">1 x 2,53<\/td>\n<td style=\"text-align: center;\">2,53<\/td>\n<td style=\"text-align: center;\">580<\/td>\n<td style=\"text-align: center;\">1200<\/td>\n<td style=\"text-align: center;\">1258<\/td>\n<td style=\"text-align: center;\">2000<\/td>\n<td style=\"text-align: center;\">85<\/td>\n<td style=\"text-align: center;\">2020<\/td>\n<td style=\"text-align: center;\">1865<\/td>\n<td style=\"text-align: center;\">860<\/td>\n<td style=\"text-align: center;\">127,90<\/td>\n<\/tr>\n<tr>\n<td style=\"text-align: center;\"><strong>EINP 200\/2.24<\/strong><\/td>\n<td style=\"text-align: center;\">1 x 2.24<\/td>\n<td style=\"text-align: center;\">2,24<\/td>\n<td style=\"text-align: center;\">580<\/td>\n<td style=\"text-align: center;\">1320<\/td>\n<td style=\"text-align: center;\">1180<\/td>\n<td style=\"text-align: center;\">1900<\/td>\n<td style=\"text-align: center;\">85<\/td>\n<td style=\"text-align: center;\">2130<\/td>\n<td style=\"text-align: center;\">1865<\/td>\n<td style=\"text-align: center;\">860<\/td>\n<td style=\"text-align: center;\">128,10<\/td>\n<\/tr>\n<tr>\n<td style=\"text-align: center;\"><strong>EINP 200\/2,53<\/strong><\/td>\n<td style=\"text-align: center;\">1 x 2,53<\/td>\n<td style=\"text-align: center;\">2,53<\/td>\n<td style=\"text-align: center;\">580<\/td>\n<td style=\"text-align: center;\">1320<\/td>\n<td style=\"text-align: center;\">1258<\/td>\n<td style=\"text-align: center;\">2000<\/td>\n<td style=\"text-align: center;\">85<\/td>\n<td style=\"text-align: center;\">2130<\/td>\n<td style=\"text-align: center;\">1865<\/td>\n<td style=\"text-align: center;\">860<\/td>\n<td style=\"text-align: center;\">170,20<\/td>\n<\/tr>\n<tr>\n<td style=\"text-align: center;\"><strong>EINP 200\/4,00<\/strong><\/td>\n<td style=\"text-align: center;\">2 x 2,00<\/td>\n<td style=\"text-align: center;\">4,00<\/td>\n<td style=\"text-align: center;\">580<\/td>\n<td style=\"text-align: center;\">1320<\/td>\n<td style=\"text-align: center;\">2100<\/td>\n<td style=\"text-align: center;\">2000<\/td>\n<td style=\"text-align: center;\">85<\/td>\n<td style=\"text-align: center;\">2130<\/td>\n<td style=\"text-align: center;\">1865<\/td>\n<td style=\"text-align: center;\">1040<\/td>\n<td style=\"text-align: center;\">170,20<\/td>\n<\/tr>\n<tr>\n<td style=\"text-align: center;\"><strong>EINP 200\/5,06<\/strong><\/td>\n<td style=\"text-align: center;\">2 x 2,53<\/td>\n<td style=\"text-align: center;\">5,06<\/td>\n<td style=\"text-align: center;\">580<\/td>\n<td style=\"text-align: center;\">1320<\/td>\n<td style=\"text-align: center;\">2616<\/td>\n<td style=\"text-align: center;\">2000<\/td>\n<td style=\"text-align: center;\">85<\/td>\n<td style=\"text-align: center;\">2130<\/td>\n<td style=\"text-align: center;\">1865<\/td>\n<td style=\"text-align: center;\">1040<\/td>\n<td style=\"text-align: center;\">181,00<\/td>\n<\/tr>\n<tr>\n<td style=\"text-align: center;\"><strong>EINP 300\/3,00<\/strong><\/td>\n<td style=\"text-align: center;\">2 x 1,50<\/td>\n<td style=\"text-align: center;\">3,00<\/td>\n<td style=\"text-align: center;\">580<\/td>\n<td style=\"text-align: center;\">1820<\/td>\n<td style=\"text-align: center;\">2100<\/td>\n<td style=\"text-align: center;\">1500<\/td>\n<td style=\"text-align: center;\">85<\/td>\n<td style=\"text-align: center;\">2130<\/td>\n<td style=\"text-align: center;\">1765<\/td>\n<td style=\"text-align: center;\">1040<\/td>\n<td style=\"text-align: center;\">176,50<\/td>\n<\/tr>\n<tr>\n<td style=\"text-align: center;\"><strong>EINP 300\/4.00<\/strong><\/td>\n<td style=\"text-align: center;\">2 x 2,00<\/td>\n<td style=\"text-align: center;\">4,00<\/td>\n<td style=\"text-align: center;\">580<\/td>\n<td style=\"text-align: center;\">1820<\/td>\n<td style=\"text-align: center;\">2100<\/td>\n<td style=\"text-align: center;\">2000<\/td>\n<td style=\"text-align: center;\">85<\/td>\n<td style=\"text-align: center;\">2130<\/td>\n<td style=\"text-align: center;\">1865<\/td>\n<td style=\"text-align: center;\">1040<\/td>\n<td style=\"text-align: center;\">190,50<\/td>\n<\/tr>\n<tr>\n<td style=\"text-align: center;\"><strong>EINP 300\/4.48<\/strong><\/td>\n<td style=\"text-align: center;\">2 x 2,24<\/td>\n<td style=\"text-align: center;\">4,48<\/td>\n<td style=\"text-align: center;\">580<\/td>\n<td style=\"text-align: center;\">1820<\/td>\n<td style=\"text-align: center;\">2460<\/td>\n<td style=\"text-align: center;\">1900<\/td>\n<td style=\"text-align: center;\">85<\/td>\n<td style=\"text-align: center;\">2130<\/td>\n<td style=\"text-align: center;\">1865<\/td>\n<td style=\"text-align: center;\">1040<\/td>\n<td style=\"text-align: center;\">195,70<\/td>\n<\/tr>\n<tr>\n<td style=\"text-align: center;\"><strong>EINP 300\/5,06<\/strong><\/td>\n<td style=\"text-align: center;\">2 x 2,53<\/td>\n<td style=\"text-align: center;\">5,06<\/td>\n<td style=\"text-align: center;\">580<\/td>\n<td style=\"text-align: center;\">1820<\/td>\n<td style=\"text-align: center;\">2616<\/td>\n<td style=\"text-align: center;\">2000<\/td>\n<td style=\"text-align: center;\">85<\/td>\n<td style=\"text-align: center;\">2130<\/td>\n<td style=\"text-align: center;\">1865<\/td>\n<td style=\"text-align: center;\">1040<\/td>\n<td style=\"text-align: center;\">203,50<\/td>\n<\/tr>\n<tr>\n<td style=\"text-align: center;\"><strong>EINP 300\/7,59<\/strong><\/td>\n<td style=\"text-align: center;\">3 x 2,53<\/td>\n<td style=\"text-align: center;\">7,59<\/td>\n<td style=\"text-align: center;\">580<\/td>\n<td style=\"text-align: center;\">1820<\/td>\n<td style=\"text-align: center;\">3974<\/td>\n<td style=\"text-align: center;\">2000<\/td>\n<td style=\"text-align: center;\">85<\/td>\n<td style=\"text-align: center;\">2130<\/td>\n<td style=\"text-align: center;\">1865<\/td>\n<td style=\"text-align: center;\">1040 + 860<\/td>\n<td style=\"text-align: center;\">260,00<\/td>\n<\/tr>\n<\/tbody>\n<\/table>\n<p>[\/vc_column_text][\/vc_tta_section][\/vc_tta_accordion][\/vc_column][\/vc_row]<\/p>\n<\/div>","protected":false},"excerpt":{"rendered":"<p>CARACT\u00c9RISTIQUES TECHNIQUES<\/p>\n<table class=\"woocommerce-product-attributes shop_attributes\">\n<tbody>\n<tr class=\"woocommerce-product-attributes-item woocommerce-product-attributes-item--attribute_%ce%b5%ce%be%cf%89%cf%84%ce%b5%cf%81%ce%b9%ce%ba%cf%8c-%cf%80%ce%b5%cf%81%ce%af%ce%b2%ce%bb%ce%b7%ce%bc%ce%b1-%ce%b8%ce%b5%cf%81%ce%bc%ce%bf%ce%b4%ce%bf%cf%87%ce%b5%ce%af%ce%bf%cf%85\" style=\"height: 56px;\">\n<th class=\"woocommerce-product-attributes-item__label\" style=\"height: 56px;\">\n<table class=\"woocommerce-product-attributes shop_attributes\">\n<tbody>\n<tr class=\"woocommerce-product-attributes-item woocommerce-product-attributes-item--attribute_%ce%b5%ce%be%cf%89%cf%84%ce%b5%cf%81%ce%b9%ce%ba%cf%8c-%cf%80%ce%b5%cf%81%ce%af%ce%b2%ce%bb%ce%b7%ce%bc%ce%b1-%ce%b8%ce%b5%cf%81%ce%bc%ce%bf%ce%b4%ce%bf%cf%87%ce%b5%ce%af%ce%bf%cf%85\">\n<th class=\"woocommerce-product-attributes-item__label\">Rev\u00eatement ext\u00e9rieur du ballon<\/th>\n<\/tr>\n<\/tbody>\n<\/table>\n<\/th>\n<td class=\"woocommerce-product-attributes-item__value\" style=\"height: 56px;\">En aluminium \u2013 peinture \u00e9lectrostatique (sea side class) pour une protection maximale aux r\u00e9gions c\u00f4ti\u00e8res<\/td>\n<\/tr>\n<tr class=\"woocommerce-product-attributes-item woocommerce-product-attributes-item--attribute_%cf%87%cf%81%cf%8e%ce%bc%ce%b1\" style=\"height: 24px;\">\n<th class=\"woocommerce-product-attributes-item__label\" style=\"height: 24px;\">Couleur<\/th>\n<td class=\"woocommerce-product-attributes-item__value\" style=\"height: 24px;\">RAL9006<\/td>\n<\/tr>\n<tr class=\"woocommerce-product-attributes-item woocommerce-product-attributes-item--attribute_%ce%b5%cf%83%cf%89%cf%84%ce%b5%cf%81%ce%b9%ce%ba%cf%8c-%ce%bc%ce%ad%cf%81%ce%bf%cf%82-%ce%b8%ce%b5%cf%81%ce%bc%ce%bf%ce%b4%ce%bf%cf%87%ce%b5%ce%af%ce%bf%cf%85\" style=\"height: 48px;\">\n<th class=\"woocommerce-product-attributes-item__label\" style=\"height: 48px;\">Partie int\u00e9rieure du ballon thermique<\/th>\n<td class=\"woocommerce-product-attributes-item__value\" style=\"height: 48px;\">En inox\u00a0 AISI 316L ,\u00e9paisseur\u00a0 2,0 mm<\/td>\n<\/tr>\n<tr class=\"woocommerce-product-attributes-item woocommerce-product-attributes-item--attribute_%ce%bc%ce%b1%ce%bd%ce%b4%cf%8d%ce%b1%cf%82-%ce%ba%ce%bb%ce%b5%ce%b9%cf%83%cf%84%ce%bf%cf%8d-%ce%ba%cf%85%ce%ba%ce%bb%cf%8e%ce%bc%ce%b1%cf%84%ce%bf%cf%82\" style=\"height: 48px;\">\n<th class=\"woocommerce-product-attributes-item__label\" style=\"height: 48px;\">Partie ext\u00e9rieure du ballon thermique (jacket)<\/th>\n<td class=\"woocommerce-product-attributes-item__value\" style=\"height: 48px;\">En inox AISI 316L, \u00e9paisseur 1,20 mm<\/td>\n<\/tr>\n<tr class=\"woocommerce-product-attributes-item woocommerce-product-attributes-item--attribute_%ce%bc%cf%8c%ce%bd%cf%89%cf%83%ce%b7-%ce%b8%ce%b5%cf%81%ce%bc%ce%bf%ce%b4%ce%bf%cf%87%ce%b5%ce%af%ce%bf%cf%85\" style=\"height: 48px;\">\n<th class=\"woocommerce-product-attributes-item__label\" style=\"height: 48px;\">Isolation du ballon<\/th>\n<td class=\"woocommerce-product-attributes-item__value\" style=\"height: 48px;\">\n<table class=\"woocommerce-product-attributes shop_attributes\">\n<tbody>\n<tr class=\"woocommerce-product-attributes-item woocommerce-product-attributes-item--attribute_%ce%bc%cf%8c%ce%bd%cf%89%cf%83%ce%b7-%ce%b8%ce%b5%cf%81%ce%bc%ce%bf%ce%b4%ce%bf%cf%87%ce%b5%ce%af%ce%bf%cf%85\">\n<td class=\"woocommerce-product-attributes-item__value\">En\u00a0 P.U. expans\u00e9e de haute densit\u00e9 (52 kg\/m\u00b3),\u00e9paisseur 50 mm et\u00a0 sans CFC<\/td>\n<\/tr>\n<\/tbody>\n<\/table>\n<\/td>\n<\/tr>\n<tr class=\"woocommerce-product-attributes-item woocommerce-product-attributes-item--attribute_%ce%ba%ce%b1%ce%b8%ce%bf%ce%b4%ce%b9%ce%ba%ce%ae-%cf%80%cf%81%ce%bf%cf%83%cf%84%ce%b1%cf%83%ce%af%ce%b1-%ce%b1%cf%80%cf%8c-%cf%84%ce%bf-%cf%86%ce%b1%ce%b9%ce%bd%cf%8c%ce%bc%ce%b5%ce%bd%ce%bf-%cf%84\" style=\"height: 24px;\">\n<th class=\"woocommerce-product-attributes-item__label\" style=\"height: 24px;\">Protection cathodique<\/th>\n<td class=\"woocommerce-product-attributes-item__value\" style=\"height: 24px;\">Anode en magn\u00e9sium, diam\u00e8tre \u220522mm et L = 500mm<\/td>\n<\/tr>\n<tr class=\"woocommerce-product-attributes-item woocommerce-product-attributes-item--attribute_%ce%b7%ce%bb%ce%b5%ce%ba%cf%84%cf%81%ce%b9%ce%ba%ce%ae-%ce%b1%ce%bd%cf%84%ce%af%cf%83%cf%84%ce%b1%cf%83%ce%b7\" style=\"height: 24px;\">\n<th class=\"woocommerce-product-attributes-item__label\" style=\"height: 24px;\">R\u00e9sistance \u00e9lectrique<\/th>\n<td class=\"woocommerce-product-attributes-item__value\" style=\"height: 24px;\">1,5 kW \u2013 4 kW avec thermostat de s\u00e9curit\u00e9, conform\u00e9ment \u00e0 la r\u00e9glementation locale<\/td>\n<\/tr>\n<tr class=\"woocommerce-product-attributes-item woocommerce-product-attributes-item--attribute_%ce%b5%ce%bd%ce%b1%ce%bb%ce%bb%ce%ac%ce%ba%cf%84%ce%b7%cf%82\" style=\"height: 24px;\">\n<th class=\"woocommerce-product-attributes-item__label\" style=\"height: 24px;\">Echangeur<\/th>\n<td class=\"woocommerce-product-attributes-item__value\" style=\"height: 24px;\">Sur demande, un serpentin sp\u00e9cial peut \u00eatre ajout\u00e9 pour le raccordement au syst\u00e8me de chauffage ou \u00e0 la pompe \u00e0 chaleur, \u00e9vitant ainsi l\u2019utilisation de l\u2019\u00e9l\u00e9ment \u00e9lectrique (lorsque l\u2019autre source fonctionne)<\/td>\n<\/tr>\n<tr class=\"woocommerce-product-attributes-item woocommerce-product-attributes-item--attribute_%cf%80%ce%bb%ce%b1%ce%af%cf%83%ce%b9%ce%bf-%cf%83%cf%85%ce%bb%ce%bb%ce%ad%ce%ba%cf%84%ce%b7\" style=\"height: 48px;\">\n<th class=\"woocommerce-product-attributes-item__label\" style=\"height: 48px;\">Cadre du capteur<\/th>\n<td class=\"woocommerce-product-attributes-item__value\" style=\"height: 48px;\">En alliage sp\u00e9cial d\u2019 aluminium [A1 Mg Si 0,5]\u00a0 avec traitement \u00e9lectrostatique de type \u201cSeaside Class\u201d (grade marin),pour une protection accrue dans tous les types de conditions climatiques ext\u00e9rieures.<\/td>\n<\/tr>\n<tr class=\"woocommerce-product-attributes-item woocommerce-product-attributes-item--attribute_%ce%b5%cf%80%ce%b9%ce%bb%ce%b5%ce%ba%cf%84%ce%b9%ce%ba%cf%8c%cf%82-%ce%b1%cf%80%ce%bf%cf%81%cf%81%ce%bf%cf%86%ce%b7%cf%84%ce%ae%cf%82-%cf%84%ce%b9%cf%84%ce%b1%ce%bd%ce%af%ce%bf%cf%85\" style=\"height: 72px;\">\n<th class=\"woocommerce-product-attributes-item__label\" style=\"height: 72px;\">Diffuseur<\/th>\n<td class=\"woocommerce-product-attributes-item__value\" style=\"height: 72px;\"><strong>ENERGON\u00b0<\/strong>\u00a0con\u00e7u sp\u00e9cialement\u00a0 pour optimiser\u00a0 la distribution de l\u2019eau et du fluide thermique. Augmente l\u2019efficacit\u00e9 du syst\u00e8me jusqu\u2019\u00e0 30 %.<\/td>\n<\/tr>\n<tr class=\"woocommerce-product-attributes-item woocommerce-product-attributes-item--attribute_%cf%83%cf%85%ce%bd%cf%84%ce%b5%ce%bb%ce%b5%cf%83%cf%84%ce%ae%cf%82-%ce%b1%cf%80%ce%bf%cf%81%cf%81%cf%8c%cf%86%ce%b7%cf%83%ce%b7%cf%82\" style=\"height: 48.4px;\">\n<th class=\"woocommerce-product-attributes-item__label\" style=\"height: 48.4px;\">Coefficient d\u2019absorption<\/th>\n<td class=\"woocommerce-product-attributes-item__value\" style=\"height: 48.4px;\">\u00a0\u03b1 \u2265 0.95 \u00b1 0.02<\/td>\n<\/tr>\n<tr class=\"woocommerce-product-attributes-item woocommerce-product-attributes-item--attribute_%cf%83%cf%85%ce%bd%cf%84%ce%b5%ce%bb%ce%b5%cf%83%cf%84%ce%ae%cf%82-%ce%b5%ce%ba%cf%80%ce%bf%ce%bc%cf%80%ce%ae%cf%82\" style=\"height: 48px;\">\n<th class=\"woocommerce-product-attributes-item__label\" style=\"height: 48px;\">Coefficient d\u2019\u00e9mission<\/th>\n<td class=\"woocommerce-product-attributes-item__value\" style=\"height: 48px;\">\u00a0\u03b5 \u2264 0.05 \u00b1 0.02<\/td>\n<\/tr>\n<tr class=\"woocommerce-product-attributes-item woocommerce-product-attributes-item--attribute_%ce%ac%ce%b8%cf%81%ce%b1%cf%85%cf%83%cf%84%ce%bf-%ce%ba%cf%81%cf%8d%cf%83%cf%84%ce%b1%ce%bb%ce%bb%ce%bf-%ce%b1%cf%83%cf%86%ce%b1%ce%bb%ce%b5%ce%af%ce%b1%cf%82\" style=\"height: 48px;\">\n<th class=\"woocommerce-product-attributes-item__label\" style=\"height: 48px;\">Verre de s\u00e9curit\u00e9<\/th>\n<td class=\"woocommerce-product-attributes-item__value\" style=\"height: 48px;\">\u00c9paisseur de 3,2 mm, avec une transmissivit\u00e9 de \u03c4 \u2265 0,90, faible teneur en fer, s\u00e9lectionn\u00e9 pour garantir une performance maximale du capteur<\/td>\n<\/tr>\n<tr class=\"woocommerce-product-attributes-item woocommerce-product-attributes-item--attribute_%ce%b2%ce%ac%cf%83%ce%b7-%ce%b7%ce%bb%ce%b9%ce%b1%ce%ba%ce%bf%cf%8d-%ce%b8%ce%b5%cf%81%ce%bc%ce%bf%cf%83%ce%af%cf%86%cf%89%ce%bd%ce%b1\" style=\"height: 48px;\">\n<th class=\"woocommerce-product-attributes-item__label\" style=\"height: 48px;\">Support du chauffe-eau solaire<\/th>\n<td class=\"woocommerce-product-attributes-item__value\" style=\"height: 48px;\">Fabriqu\u00e9 en acier galvanis\u00e9 \u00e0 chaud<\/td>\n<\/tr>\n<\/tbody>\n<\/table>\n","protected":false},"featured_media":2207,"comment_status":"open","ping_status":"closed","template":"","meta":[],"product_brand":[],"product_cat":[58],"product_tag":[91,96,95,74,75],"class_list":{"0":"post-1573","1":"product","2":"type-product","3":"status-publish","4":"has-post-thumbnail","6":"product_cat-hliakoi-thermosifones","7":"product_tag-inox","8":"product_tag-inp","9":"product_tag-inp-150-300","10":"product_tag-74","11":"product_tag-75","13":"first","14":"instock","15":"taxable","16":"shipping-taxable","17":"product-type-simple"},"_links":{"self":[{"href":"https:\/\/cosmosolar.com\/fr\/wp-json\/wp\/v2\/product\/1573","targetHints":{"allow":["GET"]}}],"collection":[{"href":"https:\/\/cosmosolar.com\/fr\/wp-json\/wp\/v2\/product"}],"about":[{"href":"https:\/\/cosmosolar.com\/fr\/wp-json\/wp\/v2\/types\/product"}],"replies":[{"embeddable":true,"href":"https:\/\/cosmosolar.com\/fr\/wp-json\/wp\/v2\/comments?post=1573"}],"wp:featuredmedia":[{"embeddable":true,"href":"https:\/\/cosmosolar.com\/fr\/wp-json\/wp\/v2\/media\/2207"}],"wp:attachment":[{"href":"https:\/\/cosmosolar.com\/fr\/wp-json\/wp\/v2\/media?parent=1573"}],"wp:term":[{"taxonomy":"product_brand","embeddable":true,"href":"https:\/\/cosmosolar.com\/fr\/wp-json\/wp\/v2\/product_brand?post=1573"},{"taxonomy":"product_cat","embeddable":true,"href":"https:\/\/cosmosolar.com\/fr\/wp-json\/wp\/v2\/product_cat?post=1573"},{"taxonomy":"product_tag","embeddable":true,"href":"https:\/\/cosmosolar.com\/fr\/wp-json\/wp\/v2\/product_tag?post=1573"}],"curies":[{"name":"wp","href":"https:\/\/api.w.org\/{rel}","templated":true}]}}