{"id":1563,"date":"2020-04-11T08:05:27","date_gmt":"2020-04-11T08:05:27","guid":{"rendered":"https:\/\/www.cosmosolar.com\/?post_type=product&#038;p=1563"},"modified":"2025-11-11T13:38:06","modified_gmt":"2025-11-11T11:38:06","slug":"%ce%b7%ce%bb%ce%b9%ce%b1%ce%ba%ce%bf%ce%af-%ce%b8%ce%b5%cf%81%ce%bc%ce%bf%cf%83%ce%af%cf%86%cf%89%ce%bd%ce%b5%cf%82-inox-glb-120-300","status":"publish","type":"product","link":"https:\/\/cosmosolar.com\/fr\/product\/%ce%b7%ce%bb%ce%b9%ce%b1%ce%ba%ce%bf%ce%af-%ce%b8%ce%b5%cf%81%ce%bc%ce%bf%cf%83%ce%af%cf%86%cf%89%ce%bd%ce%b5%cf%82-inox-glb-120-300\/","title":{"rendered":"Chauffe-eau solaires low profile INOX | INB 120 \u2013 300"},"content":{"rendered":"<div class=\"wpb-content-wrapper\"><p>[vc_row][vc_column][\/vc_column][\/vc_row][vc_row][vc_column][vc_tta_accordion active_section=\u00a0\u00bb2&Prime;][vc_tta_section title=\u00a0\u00bbDocuments\u00a0\u00bb tab_id=\u00a0\u00bb1663264266319-70e0fe24-5918&Prime;][vc_column_text]<h4 style='margin-top: 0px;'>INB<\/h4><ul style='margin-left: 0px;'><li><a href=\"https:\/\/cosmosolar.com\/wp-content\/uploads\/documents\/Solar\/INB\/CE_%CE%9C%CE%A0%CE%9F%CE%99%CE%9B%CE%95%CE%A1_%CE%97%CE%9B%CE%99%CE%91%CE%9A%CE%A9%CE%9D_INOX_BLIN__BLINP__BLINC_COSMOSOLAR_%CE%91%CE%92%CE%95%CE%95.pdf\" target=\"_blank\" rel=\"noopener\">\ud83d\udcc4 CE_\u039c\u03a0\u039f\u0399\u039b\u0395\u03a1_\u0397\u039b\u0399\u0391\u039a\u03a9\u039d_INOX_BLIN__BLINP__BLINC_COSMOSOLAR_\u0391\u0392\u0395\u0395.pdf<\/a><\/li><li><a href=\"https:\/\/cosmosolar.com\/wp-content\/uploads\/documents\/Solar\/INB\/MANUAL_GR%28GLB_%26_INB_%29_2019.pdf\" target=\"_blank\" rel=\"noopener\">\ud83d\udcc4 MANUAL_GR(GLB_&_INB_)_2019.pdf<\/a><\/li><li><a href=\"https:\/\/cosmosolar.com\/wp-content\/uploads\/documents\/Solar\/INB\/NEW_CE_INB_COSMOSOLAR.pdf\" target=\"_blank\" rel=\"noopener\">\ud83d\udcc4 NEW_CE_INB_COSMOSOLAR.pdf<\/a><\/li><li><a href=\"https:\/\/cosmosolar.com\/wp-content\/uploads\/documents\/Solar\/INB\/%CE%92%CE%91%CE%A3%CE%97_GLB300.mp4\" target=\"_blank\" rel=\"noopener\">\ud83c\udfac \u0392\u0391\u03a3\u0397_GLB300.mp4<\/a><\/li><\/ul><h4 style='margin-top: 15px;'>ENERGY LABEL<\/h4><ul style='margin-left: 20px;'><li><a href=\"https:\/\/cosmosolar.com\/wp-content\/uploads\/documents\/Solar\/INB\/ENERGY_LABEL\/120_BLIN_BLINP_BLINC.pdf\" target=\"_blank\" rel=\"noopener\">\ud83d\udcc4 120_BLIN_BLINP_BLINC.pdf<\/a><\/li><li><a href=\"https:\/\/cosmosolar.com\/wp-content\/uploads\/documents\/Solar\/INB\/ENERGY_LABEL\/150_BLIN_BLINP_BLINC.pdf\" target=\"_blank\" rel=\"noopener\">\ud83d\udcc4 150_BLIN_BLINP_BLINC.pdf<\/a><\/li><li><a href=\"https:\/\/cosmosolar.com\/wp-content\/uploads\/documents\/Solar\/INB\/ENERGY_LABEL\/200_BLIN_BLINP_BLINC.pdf\" target=\"_blank\" rel=\"noopener\">\ud83d\udcc4 200_BLIN_BLINP_BLINC.pdf<\/a><\/li><li><a href=\"https:\/\/cosmosolar.com\/wp-content\/uploads\/documents\/Solar\/INB\/ENERGY_LABEL\/300_BLIN_BLINP_BLINC.pdf\" target=\"_blank\" rel=\"noopener\">\ud83d\udcc4 300_BLIN_BLINP_BLINC.pdf<\/a><\/li><\/ul><h4 style='margin-top: 15px;'>\u0394\u03b5\u03bb\u03c4\u03af\u03bf \u03a0\u03c1\u03bf\u03ca\u03cc\u03bd\u03c4\u03bf\u03c2<\/h4><ul style='margin-left: 20px;'><li><a href=\"https:\/\/cosmosolar.com\/wp-content\/uploads\/documents\/Solar\/INB\/Product_Fiche\/DP_HL_S_INB150_2_30_%CE%9F%CE%A1%CE%99%CE%96.pdf\" target=\"_blank\" rel=\"noopener\">\ud83d\udcc4 DP_HL_S_INB150_2_30_\u039f\u03a1\u0399\u0396.pdf<\/a><\/li><li><a href=\"https:\/\/cosmosolar.com\/wp-content\/uploads\/documents\/Solar\/INB\/Product_Fiche\/DP_HL_S_INB200_3_06_%CE%9F%CE%A1%CE%99%CE%96.pdf\" target=\"_blank\" rel=\"noopener\">\ud83d\udcc4 DP_HL_S_INB200_3_06_\u039f\u03a1\u0399\u0396.pdf<\/a><\/li><li><a href=\"https:\/\/cosmosolar.com\/wp-content\/uploads\/documents\/Solar\/INB\/Product_Fiche\/DP_HL_S_INB200_4_00_%CE%9F%CE%A1%CE%99%CE%96.pdf\" target=\"_blank\" rel=\"noopener\">\ud83d\udcc4 DP_HL_S_INB200_4_00_\u039f\u03a1\u0399\u0396.pdf<\/a><\/li><li><a href=\"https:\/\/cosmosolar.com\/wp-content\/uploads\/documents\/Solar\/INB\/Product_Fiche\/DP_HL_S_INB300_4_00_%CE%9F%CE%A1%CE%99%CE%96.pdf\" target=\"_blank\" rel=\"noopener\">\ud83d\udcc4 DP_HL_S_INB300_4_00_\u039f\u03a1\u0399\u0396.pdf<\/a><\/li><li><a href=\"https:\/\/cosmosolar.com\/wp-content\/uploads\/documents\/Solar\/INB\/Product_Fiche\/DP_HL_S_IN%CE%92120_2_00_%CE%9F%CE%A1%CE%99%CE%96.pdf\" target=\"_blank\" rel=\"noopener\">\ud83d\udcc4 DP_HL_S_IN\u0392120_2_00_\u039f\u03a1\u0399\u0396.pdf<\/a><\/li><\/ul>[\/vc_column_text][\/vc_tta_section][vc_tta_section title=\u00a0\u00bbDescription\u00a0\u00bb tab_id=\u00a0\u00bb1663264266326-add60d58-cd4b\u00a0\u00bb][vc_column_text]<\/p>\n<table class=\"rtable rtable--flip\" style=\"\">\n<tbody>\n<tr style=\"\">\n<th style=\"\"><strong>MODELE<\/strong><\/th>\n<th style=\"\"><strong>CAPTEUR<\/strong><\/th>\n<th style=\"\">Nombre de CAPTEURS<\/th>\n<th style=\"\"><strong>SURFACE BRUTE (m\u00b2)<\/strong><\/th>\n<\/tr>\n<tr style=\"\">\n<td style=\"\">EINB 120\/2,00 HOR<\/td>\n<td style=\"\">EPI 25 NV<\/td>\n<td style=\"\">1 x 2,00 m\u00b2<\/td>\n<td style=\"\">2,00<\/td>\n<\/tr>\n<tr style=\"\">\n<td style=\"\">EINB 150\/2,24 HOR<\/td>\n<td style=\"\">EPI 16 NV<\/td>\n<td style=\"\">1 x 2,24 m\u00b2<\/td>\n<td style=\"\">2,24<\/td>\n<\/tr>\n<tr style=\"\">\n<td style=\"\">EINB 170\/2,53 VER<\/td>\n<td style=\"\">EPI 54 NV<\/td>\n<td style=\"\">1 x 2,53 m\u00b2<\/td>\n<td style=\"\">2,53<\/td>\n<\/tr>\n<tr style=\"\">\n<td style=\"\">EINB 200\/2,53 VER<\/td>\n<td style=\"\">EPI 54 NV<\/td>\n<td style=\"\">1 x 2,53 m\u00b2<\/td>\n<td style=\"\">2,53<\/td>\n<\/tr>\n<tr style=\"\">\n<td style=\"\">EINB 300\/4,00 VER<\/td>\n<td style=\"\">EPI 25 NV<\/td>\n<td style=\"\">2 x 2,00 m\u00b2<\/td>\n<td style=\"\">4,00<\/td>\n<\/tr>\n<tr style=\"\">\n<td style=\"\">EINB 300\/4,00 HOR<\/td>\n<td style=\"\">EPI 25 NV<\/td>\n<td style=\"\">2 x 2,00 m\u00b2<\/td>\n<td style=\"\">4,00<\/td>\n<\/tr>\n<\/tbody>\n<\/table>\n<p><img loading=\"lazy\" decoding=\"async\" width=\"1238\" height=\"426\" class=\"aligncenter wp-image-2073 size-full\" src=\"https:\/\/cosmosolar.com\/wp-content\/uploads\/2020\/04\/LOW-PROFILE-DIMENSIONS.jpg\" alt=\"\" srcset=\"https:\/\/cosmosolar.com\/wp-content\/uploads\/2020\/04\/LOW-PROFILE-DIMENSIONS.jpg 1238w, https:\/\/cosmosolar.com\/wp-content\/uploads\/2020\/04\/LOW-PROFILE-DIMENSIONS-300x103.jpg 300w, https:\/\/cosmosolar.com\/wp-content\/uploads\/2020\/04\/LOW-PROFILE-DIMENSIONS-600x206.jpg 600w, https:\/\/cosmosolar.com\/wp-content\/uploads\/2020\/04\/LOW-PROFILE-DIMENSIONS-1024x352.jpg 1024w, https:\/\/cosmosolar.com\/wp-content\/uploads\/2020\/04\/LOW-PROFILE-DIMENSIONS-768x264.jpg 768w\" sizes=\"auto, (max-width: 1238px) 100vw, 1238px\" \/><\/p>\n<table class=\"rtable rtable--flip\" style=\"\">\n<tbody>\n<tr>\n<th style=\"text-align: center;\"><strong>MODELE<\/strong><\/th>\n<th style=\"text-align: center;\"><strong>CAPTEUR<\/strong><\/th>\n<th style=\"text-align: center;\"><strong>Nombre de CAPTEURS<\/strong><\/th>\n<th class=\"colspan2\" style=\"text-align: center;\"><strong>SURFACE BRUTE (m\u00b2)<\/strong><\/th>\n<th class=\"colspan2\" style=\"text-align: center;\"><strong>\u00a0DIMENSIONS DU BALLLON (mm)<\/strong><\/th>\n<th class=\"colspan2\" style=\"text-align: center;\"><\/th>\n<th class=\"colspan3\" style=\"text-align: center;\"><strong>\u00a0DIMENSIONS DU CAPTEUR (mm)<\/strong><\/th>\n<th class=\"colspan3\" style=\"text-align: center;\"><\/th>\n<th class=\"colspan3\" style=\"text-align: center;\"><\/th>\n<th style=\"text-align: center;\"><strong>(mm)<\/strong><\/th>\n<th style=\"text-align: center;\"><strong>(mm)<\/strong><\/th>\n<th style=\"text-align: center;\"><strong>(mm)<\/strong><\/th>\n<\/tr>\n<tr>\n<td style=\"text-align: center;\"><\/td>\n<td style=\"text-align: center;\"><\/td>\n<td style=\"text-align: center;\"><\/td>\n<td style=\"text-align: center;\"><\/td>\n<td style=\"text-align: center;\"><strong>\u0391<\/strong><\/td>\n<td style=\"text-align: center;\"><strong>\u0392<\/strong><\/td>\n<td style=\"text-align: center;\"><strong>C<\/strong><\/td>\n<td style=\"text-align: center;\"><strong>D<\/strong><\/td>\n<td style=\"text-align: center;\"><strong>E<\/strong><\/td>\n<td style=\"text-align: center;\"><strong>F<\/strong><\/td>\n<td style=\"text-align: center;\"><strong>G<\/strong><\/td>\n<td style=\"text-align: center;\"><strong>H<\/strong><\/td>\n<\/tr>\n<tr>\n<td style=\"text-align: center;\">EINB 120\/2,00 HOR<\/td>\n<td style=\"text-align: center;\">EPI 25 NV<\/td>\n<td style=\"text-align: center;\">1<\/td>\n<td style=\"text-align: center;\">2,00<\/td>\n<td style=\"text-align: center;\">500<\/td>\n<td style=\"text-align: center;\">1120<\/td>\n<td style=\"text-align: center;\">1000<\/td>\n<td style=\"text-align: center;\">2000<\/td>\n<td style=\"text-align: center;\">85<\/td>\n<td style=\"text-align: center;\">860<\/td>\n<td style=\"text-align: center;\">1299<\/td>\n<td style=\"text-align: center;\">920<\/td>\n<\/tr>\n<tr>\n<td style=\"text-align: center;\">EINB 150\/2,24 HOR<\/td>\n<td style=\"text-align: center;\">EPI 16 NV<\/td>\n<td style=\"text-align: center;\">1<\/td>\n<td style=\"text-align: center;\">2,24<\/td>\n<td style=\"text-align: center;\">500<\/td>\n<td style=\"text-align: center;\">1300<\/td>\n<td style=\"text-align: center;\">1196<\/td>\n<td style=\"text-align: center;\">1900<\/td>\n<td style=\"text-align: center;\">85<\/td>\n<td style=\"text-align: center;\">860<\/td>\n<td style=\"text-align: center;\">1435<\/td>\n<td style=\"text-align: center;\">1100<\/td>\n<\/tr>\n<tr>\n<td style=\"text-align: center;\">EINB 170\/2,53 VER<\/td>\n<td style=\"text-align: center;\">EPI 54 NV<\/td>\n<td style=\"text-align: center;\">1<\/td>\n<td style=\"text-align: center;\">2,53<\/td>\n<td style=\"text-align: center;\">580<\/td>\n<td style=\"text-align: center;\">1200<\/td>\n<td style=\"text-align: center;\">2000<\/td>\n<td style=\"text-align: center;\">1258<\/td>\n<td style=\"text-align: center;\">85<\/td>\n<td style=\"text-align: center;\">860<\/td>\n<td style=\"text-align: center;\">1570<\/td>\n<td style=\"text-align: center;\">2050<\/td>\n<\/tr>\n<tr>\n<td style=\"text-align: center;\">EINB 200\/2,53 VER<\/td>\n<td style=\"text-align: center;\">EPI 54 NV<\/td>\n<td style=\"text-align: center;\">1<\/td>\n<td style=\"text-align: center;\">2,53<\/td>\n<td style=\"text-align: center;\">580<\/td>\n<td style=\"text-align: center;\">1320<\/td>\n<td style=\"text-align: center;\">2000<\/td>\n<td style=\"text-align: center;\">1258<\/td>\n<td style=\"text-align: center;\">85<\/td>\n<td style=\"text-align: center;\">860<\/td>\n<td style=\"text-align: center;\">1650<\/td>\n<td style=\"text-align: center;\">2050<\/td>\n<\/tr>\n<tr>\n<td style=\"text-align: center;\">EINB 300\/4,00 VER<\/td>\n<td style=\"text-align: center;\">EPI 25 NV<\/td>\n<td style=\"text-align: center;\">2<\/td>\n<td style=\"text-align: center;\">4,00<\/td>\n<td style=\"text-align: center;\">580<\/td>\n<td style=\"text-align: center;\">1820<\/td>\n<td style=\"text-align: center;\">2000<\/td>\n<td style=\"text-align: center;\">2100<\/td>\n<td style=\"text-align: center;\">85<\/td>\n<td style=\"text-align: center;\">1040<\/td>\n<td style=\"text-align: center;\">1650<\/td>\n<td style=\"text-align: center;\">2050<\/td>\n<\/tr>\n<tr>\n<td style=\"text-align: center;\">EINB 300\/4,00 HOR<\/td>\n<td style=\"text-align: center;\">EPI 25 NV<\/td>\n<td style=\"text-align: center;\">2<\/td>\n<td style=\"text-align: center;\">4,00<\/td>\n<td style=\"text-align: center;\">580<\/td>\n<td style=\"text-align: center;\">1820<\/td>\n<td style=\"text-align: center;\">1000<\/td>\n<td style=\"text-align: center;\">4444<\/td>\n<td style=\"text-align: center;\">85<\/td>\n<td style=\"text-align: center;\">1040<\/td>\n<td style=\"text-align: center;\">1299<\/td>\n<td style=\"text-align: center;\">1000<\/td>\n<\/tr>\n<\/tbody>\n<\/table>\n<p>[\/vc_column_text][\/vc_tta_section][\/vc_tta_accordion][\/vc_column][\/vc_row]<\/p>\n<\/div>","protected":false},"excerpt":{"rendered":"<table class=\"woocommerce-product-attributes shop_attributes\">\n<tbody>\n<tr class=\"woocommerce-product-attributes-item woocommerce-product-attributes-item--attribute_%ce%b5%ce%be%cf%89%cf%84%ce%b5%cf%81%ce%b9%ce%ba%cf%8c-%cf%80%ce%b5%cf%81%ce%af%ce%b2%ce%bb%ce%b7%ce%bc%ce%b1-%ce%b8%ce%b5%cf%81%ce%bc%ce%bf%ce%b4%ce%bf%cf%87%ce%b5%ce%af%ce%bf%cf%85\" style=\"height: 48px;\">\n<th class=\"woocommerce-product-attributes-item__label\" style=\"height: 48px;\">Rev\u00eatement ext\u00e9rieur du ballon<\/th>\n<td class=\"woocommerce-product-attributes-item__value\" style=\"height: 48px;\">En aluminium &#8211; peinture \u00e9lectrostatique (sea side class) pour une protection maximale aux r\u00e9gions c\u00f4ti\u00e8res<\/td>\n<\/tr>\n<tr class=\"woocommerce-product-attributes-item woocommerce-product-attributes-item--attribute_%cf%87%cf%81%cf%8e%ce%bc%ce%b1\" style=\"height: 24px;\">\n<th class=\"woocommerce-product-attributes-item__label\" style=\"height: 24px;\">Couleur<\/th>\n<td class=\"woocommerce-product-attributes-item__value\" style=\"height: 24px;\">RAL9006<\/td>\n<\/tr>\n<tr class=\"woocommerce-product-attributes-item woocommerce-product-attributes-item--attribute_%ce%b5%cf%83%cf%89%cf%84%ce%b5%cf%81%ce%b9%ce%ba%cf%8c-%ce%bc%ce%ad%cf%81%ce%bf%cf%82-%ce%b8%ce%b5%cf%81%ce%bc%ce%bf%ce%b4%ce%bf%cf%87%ce%b5%ce%af%ce%bf%cf%85\" style=\"height: 48px;\">\n<th class=\"woocommerce-product-attributes-item__label\" style=\"height: 48px;\">Partie int\u00e9rieure du ballon thermique<\/th>\n<td class=\"woocommerce-product-attributes-item__value\" style=\"height: 48px;\">En inox\u00a0 AISI 316L ,\u00e9paisseur\u00a0 2,0 mm<\/td>\n<\/tr>\n<tr class=\"woocommerce-product-attributes-item woocommerce-product-attributes-item--attribute_%ce%bc%ce%b1%ce%bd%ce%b4%cf%8d%ce%b1%cf%82-%ce%ba%ce%bb%ce%b5%ce%b9%cf%83%cf%84%ce%bf%cf%8d-%ce%ba%cf%85%ce%ba%ce%bb%cf%8e%ce%bc%ce%b1%cf%84%ce%bf%cf%82\" style=\"height: 48px;\">\n<th class=\"woocommerce-product-attributes-item__label\" style=\"height: 48px;\">Partie ext\u00e9rieure du ballon thermique (jacket)<\/th>\n<td class=\"woocommerce-product-attributes-item__value\" style=\"height: 48px;\">En inox AISI 316L, \u00e9paisseur 1,20 mm<\/td>\n<\/tr>\n<tr class=\"woocommerce-product-attributes-item woocommerce-product-attributes-item--attribute_%ce%bc%cf%8c%ce%bd%cf%89%cf%83%ce%b7-%ce%b8%ce%b5%cf%81%ce%bc%ce%bf%ce%b4%ce%bf%cf%87%ce%b5%ce%af%ce%bf%cf%85\" style=\"height: 24.4px;\">\n<th class=\"woocommerce-product-attributes-item__label\" style=\"height: 24.4px;\">Isolation du ballon<\/th>\n<td class=\"woocommerce-product-attributes-item__value\" style=\"height: 24.4px;\">En\u00a0 P.U. expans\u00e9e de haute densit\u00e9 (52 kg\/m\u00b3),\u00e9paisseur 50 mm et\u00a0 sans CFC<\/td>\n<\/tr>\n<tr class=\"woocommerce-product-attributes-item woocommerce-product-attributes-item--attribute_%ce%ba%ce%b1%ce%b8%ce%bf%ce%b4%ce%b9%ce%ba%ce%ae-%cf%80%cf%81%ce%bf%cf%83%cf%84%ce%b1%cf%83%ce%af%ce%b1-%ce%b1%cf%80%cf%8c-%cf%84%ce%bf-%cf%86%ce%b1%ce%b9%ce%bd%cf%8c%ce%bc%ce%b5%ce%bd%ce%bf-%cf%84\" style=\"height: 24px;\">\n<th class=\"woocommerce-product-attributes-item__label\" style=\"height: 24px;\">Protection cathodique<\/th>\n<td class=\"woocommerce-product-attributes-item__value\" style=\"height: 24px;\">Anode en magn\u00e9sium, diam\u00e8tre \u220522mm et L = 500mm<\/td>\n<\/tr>\n<tr class=\"woocommerce-product-attributes-item woocommerce-product-attributes-item--attribute_%ce%b7%ce%bb%ce%b5%ce%ba%cf%84%cf%81%ce%b9%ce%ba%ce%ae-%ce%b1%ce%bd%cf%84%ce%af%cf%83%cf%84%ce%b1%cf%83%ce%b7\" style=\"height: 24px;\">\n<th class=\"woocommerce-product-attributes-item__label\" style=\"height: 24px;\">R\u00e9sistance \u00e9lectrique<\/th>\n<td class=\"woocommerce-product-attributes-item__value\" style=\"height: 24px;\">1,5 kW &#8211; 4 kW avec thermostat de s\u00e9curit\u00e9, conform\u00e9ment \u00e0 la r\u00e9glementation locale<\/td>\n<\/tr>\n<tr class=\"woocommerce-product-attributes-item woocommerce-product-attributes-item--attribute_%ce%b5%ce%bd%ce%b1%ce%bb%ce%bb%ce%ac%ce%ba%cf%84%ce%b7%cf%82\" style=\"height: 24px;\">\n<th class=\"woocommerce-product-attributes-item__label\" style=\"height: 24px;\">Echangeur<\/th>\n<td class=\"woocommerce-product-attributes-item__value\" style=\"height: 24px;\">En option, un serpentin sp\u00e9cial peut \u00eatre ajout\u00e9 pour le raccordement au syst\u00e8me de chauffage ou \u00e0 la pompe \u00e0 chaleur, \u00e9vitant ainsi l&rsquo;utilisation de l&rsquo;\u00e9l\u00e9ment \u00e9lectrique (lorsque l&rsquo;autre source fonctionne)<\/td>\n<\/tr>\n<tr class=\"woocommerce-product-attributes-item woocommerce-product-attributes-item--attribute_%ce%b5%ce%b9%ce%b4%ce%b9%ce%ba%cf%8c%cf%82-%ce%b4%ce%b9%ce%b1%cf%83%ce%ba%ce%bf%cf%81%cf%80%ce%b9%cf%83%cf%84%ce%ae%cf%82\" style=\"height: 24px;\">\n<th class=\"woocommerce-product-attributes-item__label\" style=\"height: 24px;\">Diffuseur<\/th>\n<td class=\"woocommerce-product-attributes-item__value\" style=\"height: 24px;\"><strong>ENERGON\u00b0<\/strong>\u00a0con\u00e7u sp\u00e9cialement\u00a0 pour optimiser\u00a0 la distribution de l&rsquo;eau et du fluide thermique. Augmente l&rsquo;efficacit\u00e9 du syst\u00e8me jusqu&rsquo;\u00e0 30 %.<\/td>\n<\/tr>\n<tr class=\"woocommerce-product-attributes-item woocommerce-product-attributes-item--attribute_%cf%80%ce%bb%ce%b1%ce%af%cf%83%ce%b9%ce%bf-%cf%83%cf%85%ce%bb%ce%bb%ce%ad%ce%ba%cf%84%ce%b7\" style=\"height: 24px;\">\n<th class=\"woocommerce-product-attributes-item__label\" style=\"height: 24px;\">Cadre du capteur<\/th>\n<td class=\"woocommerce-product-attributes-item__value\" style=\"height: 24px;\">En alliage sp\u00e9cial d\u2019 aluminium [A1 Mg Si 0,5]\u00a0 avec traitement \u00e9lectrostatique de type \u201cSeaside Class\u201d (grade marin),pour une protection accrue dans tous les types de conditions climatiques ext\u00e9rieures.<\/td>\n<\/tr>\n<tr class=\"woocommerce-product-attributes-item woocommerce-product-attributes-item--attribute_%ce%b5%cf%80%ce%b9%ce%bb%ce%b5%ce%ba%cf%84%ce%b9%ce%ba%cf%8c%cf%82-%ce%b1%cf%80%ce%bf%cf%81%cf%81%ce%bf%cf%86%ce%b7%cf%84%ce%ae%cf%82-%cf%84%ce%b9%cf%84%ce%b1%ce%bd%ce%af%ce%bf%cf%85\" style=\"height: 72px;\">\n<th class=\"woocommerce-product-attributes-item__label\" style=\"height: 72px;\">Absorbeur s\u00e9lectif en Titane<\/th>\n<td class=\"woocommerce-product-attributes-item__value\" style=\"height: 72px;\">Sp\u00e9cialement trait\u00e9 sous vide, \u00e0 haute absorption et faible transmittance, tubes soud\u00e9s au laser, ce qui garantit la transmission imm\u00e9diate de l&rsquo;\u00e9nergie thermique.<\/td>\n<\/tr>\n<tr class=\"woocommerce-product-attributes-item woocommerce-product-attributes-item--attribute_%cf%83%cf%85%ce%bd%cf%84%ce%b5%ce%bb%ce%b5%cf%83%cf%84%ce%ae%cf%82-%ce%b1%cf%80%ce%bf%cf%81%cf%81%cf%8c%cf%86%ce%b7%cf%83%ce%b7%cf%82\" style=\"height: 48px;\">\n<th class=\"woocommerce-product-attributes-item__label\" style=\"height: 48px;\">Coefficient d&rsquo;absorption<\/th>\n<td class=\"woocommerce-product-attributes-item__value\" style=\"height: 48px;\">\u00a0\u03b1 \u2265 0.95 \u00b1 0.02<\/td>\n<\/tr>\n<tr class=\"woocommerce-product-attributes-item woocommerce-product-attributes-item--attribute_%cf%83%cf%85%ce%bd%cf%84%ce%b5%ce%bb%ce%b5%cf%83%cf%84%ce%ae%cf%82-%ce%b5%ce%ba%cf%80%ce%bf%ce%bc%cf%80%ce%ae%cf%82\" style=\"height: 24px;\">\n<th class=\"woocommerce-product-attributes-item__label\" style=\"height: 24px;\">Coefficient d&rsquo;\u00e9mission<\/th>\n<td class=\"woocommerce-product-attributes-item__value\" style=\"height: 24px;\">\u00a0\u03b5 \u2264 0.05 \u00b1 0.02<\/td>\n<\/tr>\n<tr class=\"woocommerce-product-attributes-item woocommerce-product-attributes-item--attribute_%ce%ac%ce%b8%cf%81%ce%b1%cf%85%cf%83%cf%84%ce%bf-%ce%ba%cf%81%cf%8d%cf%83%cf%84%ce%b1%ce%bb%ce%bb%ce%bf-%ce%b1%cf%83%cf%86%ce%b1%ce%bb%ce%b5%ce%af%ce%b1%cf%82\" style=\"height: 48px;\">\n<th class=\"woocommerce-product-attributes-item__label\" style=\"height: 48px;\">Verre de s\u00e9curit\u00e9<\/th>\n<td class=\"woocommerce-product-attributes-item__value\" style=\"height: 48px;\">\u00c9paisseur de 3,2 mm, avec une transmissivit\u00e9 de \u03c4 \u2265 0,90, faible teneur en fer, s\u00e9lectionn\u00e9 pour garantir une performance maximale du capteur.<\/td>\n<\/tr>\n<tr class=\"woocommerce-product-attributes-item woocommerce-product-attributes-item--attribute_%ce%b2%ce%ac%cf%83%ce%b7-%ce%b7%ce%bb%ce%b9%ce%b1%ce%ba%ce%bf%cf%8d-%ce%b8%ce%b5%cf%81%ce%bc%ce%bf%cf%83%ce%af%cf%86%cf%89%ce%bd%ce%b1\" style=\"height: 48px;\">\n<th class=\"woocommerce-product-attributes-item__label\" style=\"height: 48px;\">Support du chauffe-eau solaire<\/th>\n<td class=\"woocommerce-product-attributes-item__value\" style=\"height: 48px;\">Fabriqu\u00e9 en acier galvanis\u00e9 \u00e0 chaud.<\/td>\n<\/tr>\n<\/tbody>\n<\/table>\n","protected":false},"featured_media":1565,"comment_status":"open","ping_status":"closed","template":"","meta":[],"product_brand":[],"product_cat":[58],"product_tag":[84,83,91,74,75],"class_list":{"0":"post-1563","1":"product","2":"type-product","3":"status-publish","4":"has-post-thumbnail","6":"product_cat-hliakoi-thermosifones","7":"product_tag-glb","8":"product_tag-glb-120-300","9":"product_tag-inox","10":"product_tag-74","11":"product_tag-75","13":"first","14":"instock","15":"taxable","16":"shipping-taxable","17":"product-type-simple"},"_links":{"self":[{"href":"https:\/\/cosmosolar.com\/fr\/wp-json\/wp\/v2\/product\/1563","targetHints":{"allow":["GET"]}}],"collection":[{"href":"https:\/\/cosmosolar.com\/fr\/wp-json\/wp\/v2\/product"}],"about":[{"href":"https:\/\/cosmosolar.com\/fr\/wp-json\/wp\/v2\/types\/product"}],"replies":[{"embeddable":true,"href":"https:\/\/cosmosolar.com\/fr\/wp-json\/wp\/v2\/comments?post=1563"}],"wp:featuredmedia":[{"embeddable":true,"href":"https:\/\/cosmosolar.com\/fr\/wp-json\/wp\/v2\/media\/1565"}],"wp:attachment":[{"href":"https:\/\/cosmosolar.com\/fr\/wp-json\/wp\/v2\/media?parent=1563"}],"wp:term":[{"taxonomy":"product_brand","embeddable":true,"href":"https:\/\/cosmosolar.com\/fr\/wp-json\/wp\/v2\/product_brand?post=1563"},{"taxonomy":"product_cat","embeddable":true,"href":"https:\/\/cosmosolar.com\/fr\/wp-json\/wp\/v2\/product_cat?post=1563"},{"taxonomy":"product_tag","embeddable":true,"href":"https:\/\/cosmosolar.com\/fr\/wp-json\/wp\/v2\/product_tag?post=1563"}],"curies":[{"name":"wp","href":"https:\/\/api.w.org\/{rel}","templated":true}]}}