{"id":1557,"date":"2020-04-11T07:04:13","date_gmt":"2020-04-11T07:04:13","guid":{"rendered":"https:\/\/www.cosmosolar.com\/?post_type=product&#038;p=1557"},"modified":"2025-11-11T13:33:12","modified_gmt":"2025-11-11T11:33:12","slug":"%ce%b7%ce%bb%ce%b9%ce%b1%ce%ba%ce%bf%ce%af-%ce%b8%ce%b5%cf%81%ce%bc%ce%bf%cf%83%ce%af%cf%86%cf%89%ce%bd%ce%b5%cf%82-inox-cs-120-300-2","status":"publish","type":"product","link":"https:\/\/cosmosolar.com\/fr\/product\/%ce%b7%ce%bb%ce%b9%ce%b1%ce%ba%ce%bf%ce%af-%ce%b8%ce%b5%cf%81%ce%bc%ce%bf%cf%83%ce%af%cf%86%cf%89%ce%bd%ce%b5%cf%82-inox-cs-120-300-2\/","title":{"rendered":"Chauffe-eau solaires GAMME | CS 120 &#8211; 300  INOX _BALLONS INOX 316L"},"content":{"rendered":"<div class=\"wpb-content-wrapper\"><p>[vc_row][vc_column][\/vc_column][\/vc_row][vc_row][vc_column][vc_tta_accordion active_section=\u00a0\u00bb2&Prime;][vc_tta_section title=\u00a0\u00bbDocuments\u00a0\u00bb tab_id=\u00a0\u00bb1663265462876-16fb7749-c94e\u00a0\u00bb][vc_column_text]<h4 style='margin-top: 0px;'>CS_IS<\/h4><ul style='margin-left: 0px;'><li><a href=\"https:\/\/cosmosolar.com\/wp-content\/uploads\/documents\/Solar\/CS_IS\/CE_IS_COSMOSOLAR_SA__2022.pdf\" target=\"_blank\" rel=\"noopener\">\ud83d\udcc4 CE_IS_COSMOSOLAR_SA__2022.pdf<\/a><\/li><li><a href=\"https:\/\/cosmosolar.com\/wp-content\/uploads\/documents\/Solar\/CS_IS\/CE_%CE%9C%CE%A0%CE%9F%CE%99%CE%9B%CE%95%CE%A1_%CE%97%CE%9B%CE%99%CE%91%CE%9A%CE%A9%CE%9D_INOX_BLIN__BLINP__BLINC_COSMOSOLAR_%CE%91%CE%92%CE%95%CE%95.pdf\" target=\"_blank\" rel=\"noopener\">\ud83d\udcc4 CE_\u039c\u03a0\u039f\u0399\u039b\u0395\u03a1_\u0397\u039b\u0399\u0391\u039a\u03a9\u039d_INOX_BLIN__BLINP__BLINC_COSMOSOLAR_\u0391\u0392\u0395\u0395.pdf<\/a><\/li><li><a href=\"https:\/\/cosmosolar.com\/wp-content\/uploads\/documents\/Solar\/CS_IS\/MANUAL_CS-IS_GR_%281%29.pdf\" target=\"_blank\" rel=\"noopener\">\ud83d\udcc4 MANUAL_CS-IS_GR_(1).pdf<\/a><\/li><\/ul><h4 style='margin-top: 15px;'>ENERGY LABEL<\/h4><ul style='margin-left: 20px;'><li><a href=\"https:\/\/cosmosolar.com\/wp-content\/uploads\/documents\/Solar\/CS_IS\/ENERGY_LABEL\/120_BLIN_BLINP_BLINC.pdf\" target=\"_blank\" rel=\"noopener\">\ud83d\udcc4 120_BLIN_BLINP_BLINC.pdf<\/a><\/li><li><a href=\"https:\/\/cosmosolar.com\/wp-content\/uploads\/documents\/Solar\/CS_IS\/ENERGY_LABEL\/170_BLIN_BLINP_BLINC.pdf\" target=\"_blank\" rel=\"noopener\">\ud83d\udcc4 170_BLIN_BLINP_BLINC.pdf<\/a><\/li><li><a href=\"https:\/\/cosmosolar.com\/wp-content\/uploads\/documents\/Solar\/CS_IS\/ENERGY_LABEL\/200_BLIN_BLINP_BLINC.pdf\" target=\"_blank\" rel=\"noopener\">\ud83d\udcc4 200_BLIN_BLINP_BLINC.pdf<\/a><\/li><li><a href=\"https:\/\/cosmosolar.com\/wp-content\/uploads\/documents\/Solar\/CS_IS\/ENERGY_LABEL\/300_BLIN_BLINP_BLINC.pdf\" target=\"_blank\" rel=\"noopener\">\ud83d\udcc4 300_BLIN_BLINP_BLINC.pdf<\/a><\/li><\/ul><h4 style='margin-top: 15px;'>\u0394\u03b5\u03bb\u03c4\u03af\u03bf \u03a0\u03c1\u03bf\u03ca\u03cc\u03bd\u03c4\u03bf\u03c2<\/h4><ul style='margin-left: 20px;'><li><a href=\"https:\/\/cosmosolar.com\/wp-content\/uploads\/documents\/Solar\/CS_IS\/Product_Fiche\/DP_HL_S_CS120IS_2_00.pdf\" target=\"_blank\" rel=\"noopener\">\ud83d\udcc4 DP_HL_S_CS120IS_2_00.pdf<\/a><\/li><li><a href=\"https:\/\/cosmosolar.com\/wp-content\/uploads\/documents\/Solar\/CS_IS\/Product_Fiche\/DP_HL_S_CS170IS_2_52.pdf\" target=\"_blank\" rel=\"noopener\">\ud83d\udcc4 DP_HL_S_CS170IS_2_52.pdf<\/a><\/li><li><a href=\"https:\/\/cosmosolar.com\/wp-content\/uploads\/documents\/Solar\/CS_IS\/Product_Fiche\/DP_HL_S_CS200IS_3_00.pdf\" target=\"_blank\" rel=\"noopener\">\ud83d\udcc4 DP_HL_S_CS200IS_3_00.pdf<\/a><\/li><li><a href=\"https:\/\/cosmosolar.com\/wp-content\/uploads\/documents\/Solar\/CS_IS\/Product_Fiche\/DP_HL_S_CS300IS_4_00.pdf\" target=\"_blank\" rel=\"noopener\">\ud83d\udcc4 DP_HL_S_CS300IS_4_00.pdf<\/a><\/li><\/ul>[\/vc_column_text][\/vc_tta_section][vc_tta_section title=\u00a0\u00bb\u03a0\u03b5\u03c1\u03b9\u03b3\u03c1\u03b1\u03c6\u03ae\u00a0\u00bb tab_id=\u00a0\u00bb1663265462883-40fed802-e7db\u00a0\u00bb][vc_column_text]<\/p>\n<table class=\"rtable rtable--flip\">\n<thead>\n<tr>\n<th><strong>MOD\u00c8LE<\/strong><\/th>\n<th><strong>CAPTEUR<\/strong><\/th>\n<th><strong>Nombre de CAPTEURS<\/strong><\/th>\n<th><strong>SURFACE BRUTE\u00a0 \u00a0 \u00a0(m\u00b2)<\/strong><\/th>\n<\/tr>\n<\/thead>\n<tbody>\n<tr>\n<td>CS \u2013 120 IS<\/td>\n<td>EPI 25 CS<\/td>\n<td>1 x 2,00 m\u00b2<\/td>\n<td>2,00<\/td>\n<\/tr>\n<tr>\n<td>CS \u2013 170 IS<\/td>\n<td>EPI 54 CS<\/td>\n<td>1 x 2,52 m\u00b2<\/td>\n<td>2,52<\/td>\n<\/tr>\n<tr>\n<td>CS \u2013 200 IS<\/td>\n<td>EPI 56 CS<\/td>\n<td>1 x 3,00 m\u00b2<\/td>\n<td>3,00<\/td>\n<\/tr>\n<tr>\n<td>CS \u2013 300 IS<\/td>\n<td>EPI 25 CS<\/td>\n<td>2 x 2,00 m\u00b2<\/td>\n<td>4,00<\/td>\n<\/tr>\n<\/tbody>\n<\/table>\n<p><img loading=\"lazy\" decoding=\"async\" class=\"size-full wp-image-1531 aligncenter\" src=\"https:\/\/www.cosmosolar.com\/wp-content\/uploads\/2020\/04\/cs-texnika.jpg\" alt=\"\" width=\"395\" height=\"365\" srcset=\"https:\/\/cosmosolar.com\/wp-content\/uploads\/2020\/04\/cs-texnika.jpg 395w, https:\/\/cosmosolar.com\/wp-content\/uploads\/2020\/04\/cs-texnika-300x277.jpg 300w\" sizes=\"auto, (max-width: 395px) 100vw, 395px\" \/><\/p>\n<table class=\"rtable rtable--flip\" style=\"width: 739px;\">\n<thead>\n<tr>\n<th style=\"width: 63.95px;\"><strong>MOD\u00c8LE<\/strong><\/th>\n<th style=\"width: 117.05px;\"><strong>Nombre de CAPTEURS<\/strong><\/th>\n<th style=\"width: 59px;\"><strong>SURFACE BRUTE (m\u00b2)<\/strong><\/th>\n<th class=\"colspan2\" style=\"width: 110px;\" colspan=\"2\"><strong>\u00a0DIMENSIONS DU BALLON (mm)<\/strong><\/th>\n<th class=\"colspan2\" style=\"width: 110px;\" colspan=\"2\"><strong>\u00a0DIMENSIONS DU CAPTEUR (mm)<\/strong><\/th>\n<th style=\"width: 46px;\"><strong>(mm)<\/strong><\/th>\n<th style=\"width: 46px;\"><strong>(mm)<\/strong><\/th>\n<th style=\"width: 46px;\"><strong>(mm)<\/strong><\/th>\n<th style=\"width: 75px;\"><strong>POIDS \u00c0 VIDE (kg)<\/strong><\/th>\n<\/tr>\n<\/thead>\n<tbody>\n<tr>\n<td style=\"width: 63.95px;\"><\/td>\n<td style=\"width: 117.05px;\"><\/td>\n<td style=\"width: 59px;\"><\/td>\n<td style=\"width: 49px;\"><strong>\u0391<\/strong><\/td>\n<td style=\"width: 61px;\"><strong>\u0392<\/strong><\/td>\n<td style=\"width: 52px;\"><strong>C<\/strong><\/td>\n<td style=\"width: 58px;\"><strong>D<\/strong><\/td>\n<td style=\"width: 46px;\"><strong>E<\/strong><\/td>\n<td style=\"width: 46px;\"><strong>F<\/strong><\/td>\n<td style=\"width: 46px;\"><strong>G<\/strong><\/td>\n<td style=\"width: 75px;\"><\/td>\n<\/tr>\n<tr>\n<td style=\"width: 63.95px;\">CS \u2013 120 IS<\/td>\n<td style=\"width: 117.05px;\">1 x 2,00<\/td>\n<td style=\"width: 59px;\">2,00<\/td>\n<td style=\"width: 49px;\">500<\/td>\n<td style=\"width: 61px;\">1120<\/td>\n<td style=\"width: 52px;\">2110<\/td>\n<td style=\"width: 58px;\">1110<\/td>\n<td style=\"width: 46px;\">2130<\/td>\n<td style=\"width: 46px;\">860<\/td>\n<td style=\"width: 46px;\">1880<\/td>\n<td style=\"width: 75px;\">105,40<\/td>\n<\/tr>\n<tr>\n<td style=\"width: 63.95px;\">CS \u2013 170 IS<\/td>\n<td style=\"width: 117.05px;\">1 x 2,52<\/td>\n<td style=\"width: 59px;\">2,52<\/td>\n<td style=\"width: 49px;\">580<\/td>\n<td style=\"width: 61px;\">1200<\/td>\n<td style=\"width: 52px;\">2110<\/td>\n<td style=\"width: 58px;\">1370<\/td>\n<td style=\"width: 46px;\">2130<\/td>\n<td style=\"width: 46px;\">860<\/td>\n<td style=\"width: 46px;\">1880<\/td>\n<td style=\"width: 75px;\">122,90<\/td>\n<\/tr>\n<tr>\n<td style=\"width: 63.95px;\">CS \u2013 200 IS<\/td>\n<td style=\"width: 117.05px;\">1 x 3,00<\/td>\n<td style=\"width: 59px;\">3,00<\/td>\n<td style=\"width: 49px;\">580<\/td>\n<td style=\"width: 61px;\">1320<\/td>\n<td style=\"width: 52px;\">2110<\/td>\n<td style=\"width: 58px;\">1610<\/td>\n<td style=\"width: 46px;\">2130<\/td>\n<td style=\"width: 46px;\">860<\/td>\n<td style=\"width: 46px;\">1960<\/td>\n<td style=\"width: 75px;\">138,90<\/td>\n<\/tr>\n<tr>\n<td style=\"width: 63.95px;\">CS \u2013 300 IS<\/td>\n<td style=\"width: 117.05px;\">2 x 2,00<\/td>\n<td style=\"width: 59px;\">4,00<\/td>\n<td style=\"width: 49px;\">580<\/td>\n<td style=\"width: 61px;\">1820<\/td>\n<td style=\"width: 52px;\">2110<\/td>\n<td style=\"width: 58px;\">2320<\/td>\n<td style=\"width: 46px;\">2130<\/td>\n<td style=\"width: 46px;\">1040<\/td>\n<td style=\"width: 46px;\">1960<\/td>\n<td style=\"width: 75px;\">188,00<\/td>\n<\/tr>\n<\/tbody>\n<\/table>\n<p>[\/vc_column_text][\/vc_tta_section][\/vc_tta_accordion][\/vc_column][\/vc_row]<\/p>\n<\/div>","protected":false},"excerpt":{"rendered":"<p>CARACTERISTIQUES TECHNIQUES<\/p>\n<table class=\"woocommerce-product-attributes shop_attributes\">\n<tbody>\n<tr class=\"woocommerce-product-attributes-item woocommerce-product-attributes-item--attribute_%ce%b5%ce%be%cf%89%cf%84%ce%b5%cf%81%ce%b9%ce%ba%cf%8c-%cf%80%ce%b5%cf%81%ce%af%ce%b2%ce%bb%ce%b7%ce%bc%ce%b1-%ce%b8%ce%b5%cf%81%ce%bc%ce%bf%ce%b4%ce%bf%cf%87%ce%b5%ce%af%ce%bf%cf%85\" style=\"height: 48px;\">\n<th class=\"woocommerce-product-attributes-item__label\" style=\"height: 48px;\"><span style=\"font-weight: 400;\">Rev\u00eatement ext\u00e9rieur du ballon<\/span><\/th>\n<td class=\"woocommerce-product-attributes-item__value\" style=\"height: 48px;\">En aluminium \u2013 peinture \u00e9lectrostatique (sea side class) pour une protection maximale aux r\u00e9gions c\u00f4ti\u00e8res<\/td>\n<\/tr>\n<tr class=\"woocommerce-product-attributes-item woocommerce-product-attributes-item--attribute_%cf%87%cf%81%cf%8e%ce%bc%ce%b1\" style=\"height: 24px;\">\n<th class=\"woocommerce-product-attributes-item__label\" style=\"height: 24px;\"><span style=\"font-weight: 400;\">Couleur\u00a0<\/span><\/th>\n<td class=\"woocommerce-product-attributes-item__value\" style=\"height: 24px;\">RAL9006<\/td>\n<\/tr>\n<tr class=\"woocommerce-product-attributes-item woocommerce-product-attributes-item--attribute_%ce%b5%cf%83%cf%89%cf%84%ce%b5%cf%81%ce%b9%ce%ba%cf%8c-%ce%bc%ce%ad%cf%81%ce%bf%cf%82-%ce%b8%ce%b5%cf%81%ce%bc%ce%bf%ce%b4%ce%bf%cf%87%ce%b5%ce%af%ce%bf%cf%85\" style=\"height: 48px;\">\n<th class=\"woocommerce-product-attributes-item__label\" style=\"height: 48px;\"><span style=\"font-weight: 400;\">Partie int\u00e9rieure du ballon thermique<\/span><\/th>\n<td class=\"woocommerce-product-attributes-item__value\" style=\"height: 48px;\">En inox\u00a0 AISI 316L ,\u00e9paisseur\u00a0 2,0 mm<\/td>\n<\/tr>\n<tr class=\"woocommerce-product-attributes-item woocommerce-product-attributes-item--attribute_%ce%bc%ce%b1%ce%bd%ce%b4%cf%8d%ce%b1%cf%82-%ce%ba%ce%bb%ce%b5%ce%b9%cf%83%cf%84%ce%bf%cf%8d-%ce%ba%cf%85%ce%ba%ce%bb%cf%8e%ce%bc%ce%b1%cf%84%ce%bf%cf%82\" style=\"height: 48px;\">\n<th class=\"woocommerce-product-attributes-item__label\" style=\"height: 48px;\"><span style=\"font-weight: 400;\">Partie ext\u00e9rieure du ballon thermique (jacket)<\/span><\/th>\n<td class=\"woocommerce-product-attributes-item__value\" style=\"height: 48px;\">En inox AISI 316L, \u00e9paisseur 1,20 mm<\/td>\n<\/tr>\n<tr class=\"woocommerce-product-attributes-item woocommerce-product-attributes-item--attribute_%ce%bc%cf%8c%ce%bd%cf%89%cf%83%ce%b7-%ce%b8%ce%b5%cf%81%ce%bc%ce%bf%ce%b4%ce%bf%cf%87%ce%b5%ce%af%ce%bf%cf%85\" style=\"height: 24px;\">\n<th class=\"woocommerce-product-attributes-item__label\" style=\"height: 24px;\"><span style=\"font-weight: 400;\">Isolation du ballon<\/span><\/th>\n<td class=\"woocommerce-product-attributes-item__value\" style=\"height: 24px;\">En\u00a0 P.U. expans\u00e9e de haute densit\u00e9 (52 kg\/m\u00b3),\u00e9paisseur 50 mm et\u00a0 sans CFC<\/td>\n<\/tr>\n<tr class=\"woocommerce-product-attributes-item woocommerce-product-attributes-item--attribute_%ce%ba%ce%b1%ce%b8%ce%bf%ce%b4%ce%b9%ce%ba%ce%ae-%cf%80%cf%81%ce%bf%cf%83%cf%84%ce%b1%cf%83%ce%af%ce%b1\" style=\"height: 24px;\">\n<th class=\"woocommerce-product-attributes-item__label\" style=\"height: 24px;\"><span style=\"font-weight: 400;\">Protection cathodique<\/span><\/th>\n<td class=\"woocommerce-product-attributes-item__value\" style=\"height: 24px;\">Anode en magn\u00e9sium, diam\u00e8tre \u220522mm et L = 500mm<\/td>\n<\/tr>\n<tr class=\"woocommerce-product-attributes-item woocommerce-product-attributes-item--attribute_%ce%b7%ce%bb%ce%b5%ce%ba%cf%84%cf%81%ce%b9%ce%ba%ce%ae-%ce%b1%ce%bd%cf%84%ce%af%cf%83%cf%84%ce%b1%cf%83%ce%b7\" style=\"height: 24px;\">\n<th class=\"woocommerce-product-attributes-item__label\" style=\"height: 24px;\"><span style=\"font-weight: 400;\">R\u00e9sistance \u00e9lectrique<\/span><\/th>\n<td class=\"woocommerce-product-attributes-item__value\" style=\"height: 24px;\">1,5 kW \u2013 4 kW avec thermostat de s\u00e9curit\u00e9, conform\u00e9ment \u00e0 la r\u00e9glementation locale<\/td>\n<\/tr>\n<tr class=\"woocommerce-product-attributes-item woocommerce-product-attributes-item--attribute_%ce%b5%ce%bd%ce%b1%ce%bb%ce%bb%ce%ac%ce%ba%cf%84%ce%b7%cf%82\" style=\"height: 24.8px;\">\n<th class=\"woocommerce-product-attributes-item__label\" style=\"height: 24.8px;\"><span style=\"font-weight: 400;\">Echangeur<\/span><\/th>\n<td class=\"woocommerce-product-attributes-item__value\" style=\"height: 24.8px;\">Sur demande, un serpentin sp\u00e9cial peut \u00eatre ajout\u00e9 pour le raccordement au syst\u00e8me de chauffage ou \u00e0 la pompe \u00e0 chaleur<\/td>\n<\/tr>\n<tr class=\"woocommerce-product-attributes-item woocommerce-product-attributes-item--attribute_%ce%b5%ce%b9%ce%b4%ce%b9%ce%ba%cf%8c%cf%82-%ce%b4%ce%b9%ce%b1%cf%83%ce%ba%ce%bf%cf%81%cf%80%ce%b9%cf%83%cf%84%ce%ae%cf%82\" style=\"height: 24px;\">\n<th class=\"woocommerce-product-attributes-item__label\" style=\"height: 24px;\"><span style=\"font-weight: 400;\">Diffuseur<\/span><\/th>\n<td class=\"woocommerce-product-attributes-item__value\" style=\"height: 24px;\">\n<table class=\"woocommerce-product-attributes shop_attributes\">\n<tbody>\n<tr class=\"woocommerce-product-attributes-item woocommerce-product-attributes-item--attribute_%ce%b5%ce%b9%ce%b4%ce%b9%ce%ba%cf%8c%cf%82-%ce%b4%ce%b9%ce%b1%cf%83%ce%ba%ce%bf%cf%81%cf%80%ce%b9%cf%83%cf%84%ce%ae%cf%82\">\n<td class=\"woocommerce-product-attributes-item__value\">ENERGON\u00b0\u00a0con\u00e7u sp\u00e9cialement\u00a0 pour optimiser\u00a0 la distribution de l\u2019eau et du fluide thermique. Augmente l\u2019efficacit\u00e9 du syst\u00e8me jusqu\u2019\u00e0 30 %.<\/td>\n<\/tr>\n<\/tbody>\n<\/table>\n<\/td>\n<\/tr>\n<tr class=\"woocommerce-product-attributes-item woocommerce-product-attributes-item--attribute_%cf%80%ce%bb%ce%b1%ce%af%cf%83%ce%b9%ce%bf-%cf%83%cf%85%ce%bb%ce%bb%ce%ad%ce%ba%cf%84%ce%b7\" style=\"height: 24px;\">\n<th class=\"woocommerce-product-attributes-item__label\" style=\"height: 24px;\"><span style=\"font-weight: 400;\">Cadre du capteur<\/span><\/th>\n<td class=\"woocommerce-product-attributes-item__value\" style=\"height: 24px;\">En alliage sp\u00e9cial d\u2019 aluminium [A1 Mg Si 0,5]\u00a0 avec traitement \u00e9lectrostatique de type \u201cSeaside Class\u201d (grade marin),pour une protection accrue dans tous les types de conditions climatiques ext\u00e9rieures.<\/td>\n<\/tr>\n<tr class=\"woocommerce-product-attributes-item woocommerce-product-attributes-item--attribute_%ce%b5%cf%80%ce%b9%ce%bb%ce%b5%ce%ba%cf%84%ce%b9%ce%ba%cf%8c%cf%82-%ce%b1%cf%80%ce%bf%cf%81%cf%81%ce%bf%cf%86%ce%b7%cf%84%ce%ae%cf%82-%cf%84%ce%b9%cf%84%ce%b1%ce%bd%ce%af%ce%bf%cf%85\" style=\"height: 72px;\">\n<th class=\"woocommerce-product-attributes-item__label\" style=\"height: 72px;\"><span style=\"font-weight: 400;\">Absorbeur s\u00e9lectif en Titane<\/span><\/th>\n<td class=\"woocommerce-product-attributes-item__value\" style=\"height: 72px;\">Sp\u00e9cialement trait\u00e9 sous vide, \u00e0 haute absorption et faible transmittance, tubes soud\u00e9s au laser, ce qui garantit la transmission imm\u00e9diate de l\u2019\u00e9nergie thermique.<\/td>\n<\/tr>\n<tr class=\"woocommerce-product-attributes-item woocommerce-product-attributes-item--attribute_%cf%83%cf%85%ce%bd%cf%84%ce%b5%ce%bb%ce%b5%cf%83%cf%84%ce%ae%cf%82-%ce%b1%cf%80%ce%bf%cf%81%cf%81%cf%8c%cf%86%ce%b7%cf%83%ce%b7%cf%82\" style=\"height: 48px;\">\n<th class=\"woocommerce-product-attributes-item__label\" style=\"height: 48px;\"><span style=\"font-weight: 400;\">Coefficient d\u2019absorption<\/span><\/th>\n<td class=\"woocommerce-product-attributes-item__value\" style=\"height: 48px;\">\u03b1 \u2265 0.95 \u00b1 0.02<\/td>\n<\/tr>\n<tr class=\"woocommerce-product-attributes-item woocommerce-product-attributes-item--attribute_%cf%83%cf%85%ce%bd%cf%84%ce%b5%ce%bb%ce%b5%cf%83%cf%84%ce%ae%cf%82-%ce%b5%ce%ba%cf%80%ce%bf%ce%bc%cf%80%ce%ae%cf%82\" style=\"height: 24px;\">\n<th class=\"woocommerce-product-attributes-item__label\" style=\"height: 24px;\"><span style=\"font-weight: 400;\">Coefficient d\u2019\u00e9mission<\/span><\/th>\n<td class=\"woocommerce-product-attributes-item__value\" style=\"height: 24px;\">\u03b5 \u2264 0.05 \u00b1 0.02<\/td>\n<\/tr>\n<tr class=\"woocommerce-product-attributes-item woocommerce-product-attributes-item--attribute_%ce%ac%ce%b8%cf%81%ce%b1%cf%85%cf%83%cf%84%ce%bf-%ce%ba%cf%81%cf%8d%cf%83%cf%84%ce%b1%ce%bb%ce%bb%ce%bf-%ce%b1%cf%83%cf%86%ce%b1%ce%bb%ce%b5%ce%af%ce%b1%cf%82\" style=\"height: 48px;\">\n<th class=\"woocommerce-product-attributes-item__label\" style=\"height: 48px;\"><span style=\"font-weight: 400;\">Verre de s\u00e9curit\u00e9<\/span><\/th>\n<td class=\"woocommerce-product-attributes-item__value\" style=\"height: 48px;\">\u00c9paisseur de 4 mm, avec une transmissivit\u00e9 de \u03c4 \u2265 0,90, faible teneur en fer, s\u00e9lectionn\u00e9 pour garantir une performance maximale du capteur.<\/td>\n<\/tr>\n<tr class=\"woocommerce-product-attributes-item woocommerce-product-attributes-item--attribute_%ce%b2%ce%ac%cf%83%ce%b7-%ce%b7%ce%bb%ce%b9%ce%b1%ce%ba%ce%bf%cf%8d-%ce%b8%ce%b5%cf%81%ce%bc%ce%bf%cf%83%ce%af%cf%86%cf%89%ce%bd%ce%b1\" style=\"height: 48px;\">\n<th class=\"woocommerce-product-attributes-item__label\" style=\"height: 48px;\"><span style=\"font-weight: 400;\">Support du chauffe-eau solaire<\/span><\/th>\n<td class=\"woocommerce-product-attributes-item__value\" style=\"height: 48px;\">Support universel en aluminium<\/td>\n<\/tr>\n<tr class=\"woocommerce-product-attributes-item woocommerce-product-attributes-item--attribute_%cf%80%cf%81%ce%bf%cf%83%cf%84%ce%b1%cf%84%ce%b5%cf%85%cf%84%ce%b9%ce%ba%ce%ac-%ce%ba%ce%b1%ce%bb%cf%8d%ce%bc%ce%bc%ce%b1%cf%84%ce%b1\" style=\"height: 48px;\">\n<th class=\"woocommerce-product-attributes-item__label\" style=\"height: 48px;\"><span style=\"font-weight: 400;\">Caches lat\u00e9raux du capteur<\/span><\/th>\n<td class=\"woocommerce-product-attributes-item__value\" style=\"height: 48px;\">en aluminium pour un aspect plus esth\u00e9tique.<\/td>\n<\/tr>\n<\/tbody>\n<\/table>\n","protected":false},"featured_media":1559,"comment_status":"open","ping_status":"closed","template":"","meta":[],"product_brand":[],"product_cat":[58],"product_tag":[92,81,91,74,75],"class_list":{"0":"post-1557","1":"product","2":"type-product","3":"status-publish","4":"has-post-thumbnail","6":"product_cat-hliakoi-thermosifones","7":"product_tag-cs","8":"product_tag-cs-120-300","9":"product_tag-inox","10":"product_tag-74","11":"product_tag-75","13":"first","14":"instock","15":"taxable","16":"shipping-taxable","17":"product-type-simple"},"_links":{"self":[{"href":"https:\/\/cosmosolar.com\/fr\/wp-json\/wp\/v2\/product\/1557","targetHints":{"allow":["GET"]}}],"collection":[{"href":"https:\/\/cosmosolar.com\/fr\/wp-json\/wp\/v2\/product"}],"about":[{"href":"https:\/\/cosmosolar.com\/fr\/wp-json\/wp\/v2\/types\/product"}],"replies":[{"embeddable":true,"href":"https:\/\/cosmosolar.com\/fr\/wp-json\/wp\/v2\/comments?post=1557"}],"wp:featuredmedia":[{"embeddable":true,"href":"https:\/\/cosmosolar.com\/fr\/wp-json\/wp\/v2\/media\/1559"}],"wp:attachment":[{"href":"https:\/\/cosmosolar.com\/fr\/wp-json\/wp\/v2\/media?parent=1557"}],"wp:term":[{"taxonomy":"product_brand","embeddable":true,"href":"https:\/\/cosmosolar.com\/fr\/wp-json\/wp\/v2\/product_brand?post=1557"},{"taxonomy":"product_cat","embeddable":true,"href":"https:\/\/cosmosolar.com\/fr\/wp-json\/wp\/v2\/product_cat?post=1557"},{"taxonomy":"product_tag","embeddable":true,"href":"https:\/\/cosmosolar.com\/fr\/wp-json\/wp\/v2\/product_tag?post=1557"}],"curies":[{"name":"wp","href":"https:\/\/api.w.org\/{rel}","templated":true}]}}