{"id":1540,"date":"2020-04-10T16:49:48","date_gmt":"2020-04-10T16:49:48","guid":{"rendered":"https:\/\/www.cosmosolar.com\/?post_type=product&#038;p=1540"},"modified":"2025-11-24T16:59:03","modified_gmt":"2025-11-24T14:59:03","slug":"%ce%b7%ce%bb%ce%b9%ce%b1%ce%ba%ce%bf%ce%af-%ce%b8%ce%b5%cf%81%ce%bc%ce%bf%cf%83%ce%af%cf%86%cf%89%ce%bd%ce%b5%cf%82-glass-gld-150-300","status":"publish","type":"product","link":"https:\/\/cosmosolar.com\/fr\/product\/%ce%b7%ce%bb%ce%b9%ce%b1%ce%ba%ce%bf%ce%af-%ce%b8%ce%b5%cf%81%ce%bc%ce%bf%cf%83%ce%af%cf%86%cf%89%ce%bd%ce%b5%cf%82-glass-gld-150-300\/","title":{"rendered":"Chauffe-eau solaires GAMME | GLK120 \u2013 300 BALLONS \u00c0 DOUBLE \u00c9MAILLAGE"},"content":{"rendered":"<div class=\"wpb-content-wrapper\"><p>[vc_row][vc_column][\/vc_column][\/vc_row][vc_row][vc_column][vc_tta_accordion active_section=\u00a0\u00bb2&Prime;][vc_tta_section title=\u00a0\u00bbDocuments\u00a0\u00bb tab_id=\u00a0\u00bb1663265238915-f8ed9f62-68e4&Prime;][vc_column_text]<h4 style='margin-top: 0px;'>GLD<\/h4><ul style='margin-left: 0px;'><li><a href=\"https:\/\/cosmosolar.com\/wp-content\/uploads\/documents\/Solar\/GLD\/CE_%CE%9C%CE%A0%CE%9F%CE%99%CE%9B%CE%95%CE%A1_%CE%97%CE%9B%CE%99%CE%91%CE%9A%CE%A9%CE%9D_GLASS_BLGL__BLGLD__BLGLC_COSMOSOLAR_ABEE.pdf\" target=\"_blank\" rel=\"noopener\">\ud83d\udcc4 CE_\u039c\u03a0\u039f\u0399\u039b\u0395\u03a1_\u0397\u039b\u0399\u0391\u039a\u03a9\u039d_GLASS_BLGL__BLGLD__BLGLC_COSMOSOLAR_ABEE.pdf<\/a><\/li><li><a href=\"https:\/\/cosmosolar.com\/wp-content\/uploads\/documents\/Solar\/GLD\/MANUAL_%CE%97%CE%9B%CE%99%CE%91%CE%9A%CE%A9%CE%9D_GLD_%26_INP_2021.pdf\" target=\"_blank\" rel=\"noopener\">\ud83d\udcc4 MANUAL_\u0397\u039b\u0399\u0391\u039a\u03a9\u039d_GLD_&_INP_2021.pdf<\/a><\/li><li><a href=\"https:\/\/cosmosolar.com\/wp-content\/uploads\/documents\/Solar\/GLD\/NEW_CE_GLD_COSMOSOLAR.pdf\" target=\"_blank\" rel=\"noopener\">\ud83d\udcc4 NEW_CE_GLD_COSMOSOLAR.pdf<\/a><\/li><li><a href=\"https:\/\/cosmosolar.com\/wp-content\/uploads\/documents\/Solar\/GLD\/%CE%92%CE%91%CE%A3%CE%97_%CE%A4%CE%91%CE%A1%CE%91%CE%A4%CE%A3%CE%91%CE%A3_%CE%9A%CE%91%CE%99_%CE%9A%CE%95%CE%A1%CE%91%CE%9C%CE%9F%CE%A3%CE%9A%CE%95%CE%A0%CE%97%CE%A3.mp4\" target=\"_blank\" rel=\"noopener\">\ud83c\udfac \u0392\u0391\u03a3\u0397_\u03a4\u0391\u03a1\u0391\u03a4\u03a3\u0391\u03a3_\u039a\u0391\u0399_\u039a\u0395\u03a1\u0391\u039c\u039f\u03a3\u039a\u0395\u03a0\u0397\u03a3.mp4<\/a><\/li><\/ul><h4 style='margin-top: 15px;'>ENERGY_LABEL<\/h4><ul style='margin-left: 20px;'><li><a href=\"https:\/\/cosmosolar.com\/wp-content\/uploads\/documents\/Solar\/GLD\/ENERGY_LABEL\/150L_BLGQS_BLGL_BLGLD_BLGLC.pdf\" target=\"_blank\" rel=\"noopener\">\ud83d\udcc4 150L_BLGQS_BLGL_BLGLD_BLGLC.pdf<\/a><\/li><li><a href=\"https:\/\/cosmosolar.com\/wp-content\/uploads\/documents\/Solar\/GLD\/ENERGY_LABEL\/170L_BLGQS_BLGL_BLGLD_BLGLC.pdf\" target=\"_blank\" rel=\"noopener\">\ud83d\udcc4 170L_BLGQS_BLGL_BLGLD_BLGLC.pdf<\/a><\/li><li><a href=\"https:\/\/cosmosolar.com\/wp-content\/uploads\/documents\/Solar\/GLD\/ENERGY_LABEL\/200L_BLGQS_BLGL_BLGLD_BLGLC.pdf\" target=\"_blank\" rel=\"noopener\">\ud83d\udcc4 200L_BLGQS_BLGL_BLGLD_BLGLC.pdf<\/a><\/li><li><a href=\"https:\/\/cosmosolar.com\/wp-content\/uploads\/documents\/Solar\/GLD\/ENERGY_LABEL\/300L_BLGQS_BLGL_BLGLD_BLGLC.pdf\" target=\"_blank\" rel=\"noopener\">\ud83d\udcc4 300L_BLGQS_BLGL_BLGLD_BLGLC.pdf<\/a><\/li><\/ul><h4 style='margin-top: 15px;'>Product_Fiche<\/h4><ul style='margin-left: 20px;'><li><a href=\"https:\/\/cosmosolar.com\/wp-content\/uploads\/documents\/Solar\/GLD\/Product_Fiche\/DP_HL_S_GLD150_2_30.pdf\" target=\"_blank\" rel=\"noopener\">\ud83d\udcc4 DP_HL_S_GLD150_2_30.pdf<\/a><\/li><li><a href=\"https:\/\/cosmosolar.com\/wp-content\/uploads\/documents\/Solar\/GLD\/Product_Fiche\/DP_HL_S_GLD170_2_58.pdf\" target=\"_blank\" rel=\"noopener\">\ud83d\udcc4 DP_HL_S_GLD170_2_58.pdf<\/a><\/li><li><a href=\"https:\/\/cosmosolar.com\/wp-content\/uploads\/documents\/Solar\/GLD\/Product_Fiche\/DP_HL_S_GLD200_3_06.pdf\" target=\"_blank\" rel=\"noopener\">\ud83d\udcc4 DP_HL_S_GLD200_3_06.pdf<\/a><\/li><li><a href=\"https:\/\/cosmosolar.com\/wp-content\/uploads\/documents\/Solar\/GLD\/Product_Fiche\/DP_HL_S_GLD200_4_10.pdf\" target=\"_blank\" rel=\"noopener\">\ud83d\udcc4 DP_HL_S_GLD200_4_10.pdf<\/a><\/li><li><a href=\"https:\/\/cosmosolar.com\/wp-content\/uploads\/documents\/Solar\/GLD\/Product_Fiche\/DP_HL_S_GLD300_4_60.pdf\" target=\"_blank\" rel=\"noopener\">\ud83d\udcc4 DP_HL_S_GLD300_4_60.pdf<\/a><\/li><\/ul>[\/vc_column_text][\/vc_tta_section][vc_tta_section title=\u00a0\u00bbDescription\u00a0\u00bb tab_id=\u00a0\u00bb1663265238922-db7db638-1430&Prime;][vc_column_text]<\/p>\n<table class=\"rtable rtable--flip\">\n<thead>\n<tr>\n<th>MOD\u00c8LE<\/th>\n<th><strong>CAPTEUR<\/strong><\/th>\n<th><strong>Nombre de CAPTEURS<\/strong><\/th>\n<th><strong>SURFACE BRUTE (m\u00b2)<\/strong><\/th>\n<\/tr>\n<\/thead>\n<tbody>\n<tr>\n<td><strong>EGLK 120\/2,00<\/strong><\/td>\n<td>EPI 25 NV<\/td>\n<td>1 x 2,00 m\u00b2<\/td>\n<td>2,00<\/td>\n<\/tr>\n<tr>\n<td><strong>EGLK 150\/2,00<\/strong><\/td>\n<td>EPI 25 NV<\/td>\n<td>1 x 2,00 m\u00b2<\/td>\n<td>2,00<\/td>\n<\/tr>\n<tr>\n<td><strong>EGLK 150\/2,24<\/strong><\/td>\n<td>EPI 16 NV<\/td>\n<td>1 x 2,24 m\u00b2<\/td>\n<td>2,24<\/td>\n<\/tr>\n<tr>\n<td><strong>EGLK 170\/2.24<\/strong><\/td>\n<td>EPI 16 NV<\/td>\n<td>1 x 2,24 m\u00b2<\/td>\n<td>2,24<\/td>\n<\/tr>\n<tr>\n<td><strong>EGLK 170\/2,53<\/strong><\/td>\n<td>EPI 54 NV<\/td>\n<td>1 x 2,53 m\u00b2<\/td>\n<td>2,53<\/td>\n<\/tr>\n<tr>\n<td><strong>EGLK 200\/2.24<\/strong><\/td>\n<td>EPI 16 NV<\/td>\n<td>1 x 2,24 m\u00b2<\/td>\n<td>2,24<\/td>\n<\/tr>\n<tr>\n<td><strong>EGLK 200\/2,53<\/strong><\/td>\n<td>EPI 54 NV<\/td>\n<td>1 x 2,53 m\u00b2<\/td>\n<td>2,53<\/td>\n<\/tr>\n<tr>\n<td><strong>EGLK 200\/4,00<\/strong><\/td>\n<td>EPI 25 KL<\/td>\n<td>2 x 2,00 m\u00b2<\/td>\n<td>4,00<\/td>\n<\/tr>\n<tr>\n<td><strong>EGLK 200\/5,06<\/strong><\/td>\n<td>EPI 54 NV<\/td>\n<td>2 x 2,53 m\u00b2<\/td>\n<td>5,06<\/td>\n<\/tr>\n<tr>\n<td><strong>ELGK 300\/3,00<\/strong><\/td>\n<td>EPI 20 NV<\/td>\n<td>2 x 1,50 m\u00b2<\/td>\n<td>3,00<\/td>\n<\/tr>\n<tr>\n<td><strong>EGLK 300\/4.00<\/strong><\/td>\n<td>EPI 25 NV<\/td>\n<td>2 x 2,00 m\u00b2<\/td>\n<td>4,00<\/td>\n<\/tr>\n<tr>\n<td><strong>EGLK 300\/4.48<\/strong><\/td>\n<td>EPI 16 NV<\/td>\n<td>2 x 2,24 m\u00b2<\/td>\n<td>4,48<\/td>\n<\/tr>\n<tr>\n<td><strong>EGLK 300\/5,06<\/strong><\/td>\n<td>EPI 54 NV<\/td>\n<td>2 x 2,53 m\u00b2<\/td>\n<td>5,06<\/td>\n<\/tr>\n<tr>\n<td><strong>EGLK 300\/7,59<\/strong><\/td>\n<td>EPI 54 NV<\/td>\n<td>3 x 2,53 m\u00b2<\/td>\n<td>7,59<\/td>\n<\/tr>\n<\/tbody>\n<\/table>\n<table class=\"rtable rtable--flip\">\n<thead>\n<tr>\n<th><strong>MOD\u00c8LE<\/strong><\/th>\n<th><strong>Nombre de CAPTEURS<\/strong><\/th>\n<th><strong>SURFACE BRUTE (m\u00b2)<\/strong><\/th>\n<th class=\"colspan2\" colspan=\"2\"><strong>\u00a0DIMENSIONS DU BALLON (mm)<\/strong><\/th>\n<th class=\"colspan3\" colspan=\"3\"><strong>\u00a0DIMENSIONS DU CAPTEUR (mm)<\/strong><\/th>\n<th><strong>(mm)<\/strong><\/th>\n<th><strong>(mm)<\/strong><\/th>\n<th><strong>(mm)<\/strong><\/th>\n<th><strong>POIDS \u00c0 VIDE (kg)<\/strong><\/th>\n<\/tr>\n<\/thead>\n<tbody>\n<tr>\n<td><\/td>\n<td><\/td>\n<td><\/td>\n<td><strong>\u0391<\/strong><\/td>\n<td><strong>\u0392<\/strong><\/td>\n<td><strong>C<\/strong><\/td>\n<td><strong>D<\/strong><\/td>\n<td><strong>E<\/strong><\/td>\n<td><strong>Z<\/strong><\/td>\n<td><strong>H<\/strong><\/td>\n<td><strong>G<\/strong><\/td>\n<td><\/td>\n<\/tr>\n<tr>\n<td><strong>EGLK 120\/2,00<\/strong><\/td>\n<td>1 x 2,00<\/td>\n<td>2,00<\/td>\n<td>500<\/td>\n<td>1120<\/td>\n<td>1000<\/td>\n<td>2000<\/td>\n<td>85<\/td>\n<td>2020<\/td>\n<td>1865<\/td>\n<td>860<\/td>\n<td>110,50<\/td>\n<\/tr>\n<tr>\n<td><strong>EGLK 150\/2,00<\/strong><\/td>\n<td>1 x 2,00<\/td>\n<td>2,00<\/td>\n<td>500<\/td>\n<td>1300<\/td>\n<td>1000<\/td>\n<td>2000<\/td>\n<td>85<\/td>\n<td>2020<\/td>\n<td>1865<\/td>\n<td>860<\/td>\n<td>121,50<\/td>\n<\/tr>\n<tr>\n<td><strong>EGLK 150\/2,24<\/strong><\/td>\n<td>1 x 2,24<\/td>\n<td>2,24<\/td>\n<td>500<\/td>\n<td>1300<\/td>\n<td>1180<\/td>\n<td>1900<\/td>\n<td>85<\/td>\n<td>2020<\/td>\n<td>1865<\/td>\n<td>860<\/td>\n<td>124,10<\/td>\n<\/tr>\n<tr>\n<td><strong>EGLK 170\/2.24<\/strong><\/td>\n<td>1 x 2,24<\/td>\n<td>2,24<\/td>\n<td>580<\/td>\n<td>1200<\/td>\n<td>1180<\/td>\n<td>1900<\/td>\n<td>85<\/td>\n<td>2020<\/td>\n<td>1865<\/td>\n<td>860<\/td>\n<td>124,10<\/td>\n<\/tr>\n<tr>\n<td><strong>EGLK 170\/2,53<\/strong><\/td>\n<td>1 x 2,53<\/td>\n<td>2,53<\/td>\n<td>580<\/td>\n<td>1200<\/td>\n<td>1258<\/td>\n<td>2000<\/td>\n<td>85<\/td>\n<td>2020<\/td>\n<td>1865<\/td>\n<td>860<\/td>\n<td>127,90<\/td>\n<\/tr>\n<tr>\n<td><strong>EGLK 200\/2.24<\/strong><\/td>\n<td>1 x 2.24<\/td>\n<td>2,24<\/td>\n<td>580<\/td>\n<td>1320<\/td>\n<td>1180<\/td>\n<td>1900<\/td>\n<td>85<\/td>\n<td>2130<\/td>\n<td>1865<\/td>\n<td>860<\/td>\n<td>128,10<\/td>\n<\/tr>\n<tr>\n<td><strong>EGLK 200\/2,53<\/strong><\/td>\n<td>1 x 2,53<\/td>\n<td>2,53<\/td>\n<td>580<\/td>\n<td>1320<\/td>\n<td>1258<\/td>\n<td>2000<\/td>\n<td>85<\/td>\n<td>2130<\/td>\n<td>1865<\/td>\n<td>860<\/td>\n<td>170,20<\/td>\n<\/tr>\n<tr>\n<td><strong>EGLK 200\/4,00<\/strong><\/td>\n<td>2 x 2,00<\/td>\n<td>4,00<\/td>\n<td>580<\/td>\n<td>1320<\/td>\n<td>2100<\/td>\n<td>2000<\/td>\n<td>85<\/td>\n<td>2130<\/td>\n<td>1865<\/td>\n<td>1040<\/td>\n<td>170,20<\/td>\n<\/tr>\n<tr>\n<td><strong>EGLK 200\/5,06<\/strong><\/td>\n<td>2 x 2,53<\/td>\n<td>5,06<\/td>\n<td>580<\/td>\n<td>1320<\/td>\n<td>2616<\/td>\n<td>2000<\/td>\n<td>85<\/td>\n<td>2130<\/td>\n<td>1865<\/td>\n<td>1040<\/td>\n<td>181,00<\/td>\n<\/tr>\n<tr>\n<td><strong>ELGK 300\/3,00<\/strong><\/td>\n<td>2 x 1,50<\/td>\n<td>3,00<\/td>\n<td>580<\/td>\n<td>1820<\/td>\n<td>2100<\/td>\n<td>1500<\/td>\n<td>85<\/td>\n<td>2130<\/td>\n<td>1765<\/td>\n<td>1040<\/td>\n<td>176,50<\/td>\n<\/tr>\n<tr>\n<td><strong>EGLK 300\/4.00<\/strong><\/td>\n<td>2 x 2,00<\/td>\n<td>4,00<\/td>\n<td>580<\/td>\n<td>1820<\/td>\n<td>2100<\/td>\n<td>2000<\/td>\n<td>85<\/td>\n<td>2130<\/td>\n<td>1865<\/td>\n<td>1040<\/td>\n<td>190,50<\/td>\n<\/tr>\n<tr>\n<td><strong>EGLK 300\/4.48<\/strong><\/td>\n<td>2 x 2,24<\/td>\n<td>4,48<\/td>\n<td>580<\/td>\n<td>1820<\/td>\n<td>2460<\/td>\n<td>1900<\/td>\n<td>85<\/td>\n<td>2130<\/td>\n<td>1865<\/td>\n<td>1040<\/td>\n<td>195,70<\/td>\n<\/tr>\n<tr>\n<td><strong>EGLK 300\/5,06<\/strong><\/td>\n<td>2 x 2,53<\/td>\n<td>5,06<\/td>\n<td>580<\/td>\n<td>1820<\/td>\n<td>2616<\/td>\n<td>2000<\/td>\n<td>85<\/td>\n<td>2130<\/td>\n<td>1865<\/td>\n<td>1040<\/td>\n<td>203,50<\/td>\n<\/tr>\n<tr>\n<td><strong>EGLK 300\/7,59<\/strong><\/td>\n<td>3 x 2,53<\/td>\n<td>7,59<\/td>\n<td>580<\/td>\n<td>1820<\/td>\n<td>3974<\/td>\n<td>2000<\/td>\n<td>85<\/td>\n<td>2130<\/td>\n<td>1865<\/td>\n<td>1040 + 860<\/td>\n<td>260,00<\/td>\n<\/tr>\n<\/tbody>\n<\/table>\n<p><img loading=\"lazy\" decoding=\"async\" width=\"461\" height=\"471\" class=\"size-full wp-image-2436 aligncenter\" src=\"https:\/\/cosmosolar.com\/wp-content\/uploads\/2020\/04\/GLD-temp-1.jpg\" alt=\"\" srcset=\"https:\/\/cosmosolar.com\/wp-content\/uploads\/2020\/04\/GLD-temp-1.jpg 461w, https:\/\/cosmosolar.com\/wp-content\/uploads\/2020\/04\/GLD-temp-1-294x300.jpg 294w, https:\/\/cosmosolar.com\/wp-content\/uploads\/2020\/04\/GLD-temp-1-300x307.jpg 300w\" sizes=\"auto, (max-width: 461px) 100vw, 461px\" \/>[\/vc_column_text][\/vc_tta_section][\/vc_tta_accordion][\/vc_column][\/vc_row]<\/p>\n<\/div>","protected":false},"excerpt":{"rendered":"<div class=\"woocommerce-product-details__short-description\">\n<table class=\"woocommerce-product-attributes shop_attributes\">\n<tbody>\n<tr class=\"woocommerce-product-attributes-item woocommerce-product-attributes-item--attribute_%ce%b5%ce%be%cf%89%cf%84%ce%b5%cf%81%ce%b9%ce%ba%cf%8c-%cf%80%ce%b5%cf%81%ce%af%ce%b2%ce%bb%ce%b7%ce%bc%ce%b1-%ce%b8%ce%b5%cf%81%ce%bc%ce%bf%ce%b4%ce%bf%cf%87%ce%b5%ce%af%ce%bf%cf%85\" style=\"height: 58px;\">\n<th class=\"woocommerce-product-attributes-item__label\" >Enveloppe ext\u00e9rieure du ballon<\/th>\n<td class=\"woocommerce-product-attributes-item__value\" >En aluminium \u2013 peinture \u00e9lectrostatique (sea side class) pour une protection maximale aux r\u00e9gions c\u00f4ti\u00e8res<\/td>\n<\/tr>\n<tr class=\"woocommerce-product-attributes-item woocommerce-product-attributes-item--attribute_%cf%87%cf%81%cf%8e%ce%bc%ce%b1\" style=\"height: 29px;\">\n<th class=\"woocommerce-product-attributes-item__label\" >Couleur<\/th>\n<td class=\"woocommerce-product-attributes-item__value\" >RAL9006<\/td>\n<\/tr>\n<tr class=\"woocommerce-product-attributes-item woocommerce-product-attributes-item--attribute_%ce%b5%cf%83%cf%89%cf%84%ce%b5%cf%81%ce%b9%ce%ba%cf%8c-%ce%bc%ce%ad%cf%81%ce%bf%cf%82-%ce%b8%ce%b5%cf%81%ce%bc%ce%bf%ce%b4%ce%bf%cf%87%ce%b5%ce%af%ce%bf%cf%85\" style=\"height: 58px;\">\n<th class=\"woocommerce-product-attributes-item__label\" >Partie int\u00e9rieure du ballon<\/th>\n<td class=\"woocommerce-product-attributes-item__value\" >En acier de faible teneur en oxyde de fer, avec une addition de TITANE , \u00e9paisseur de 3mm, proteg\u00e9 par une double vitrification selon DIN 4753, cuisson \u00e0 860\u00baC.<\/td>\n<\/tr>\n<tr class=\"woocommerce-product-attributes-item woocommerce-product-attributes-item--attribute_%ce%bc%ce%b1%ce%bd%ce%b4%cf%8d%ce%b1%cf%82-%ce%ba%ce%bb%ce%b5%ce%b9%cf%83%cf%84%ce%bf%cf%8d-%ce%ba%cf%85%ce%ba%ce%bb%cf%8e%ce%bc%ce%b1%cf%84%ce%bf%cf%82\" style=\"height: 58px;\">\n<th class=\"woocommerce-product-attributes-item__label\" >Partie ext\u00e9rieure du ballon thermique (jacket)<\/th>\n<td class=\"woocommerce-product-attributes-item__value\" >En acier de faible teneur en oxyde de fer , \u00e9paisseur 1.5mm<\/td>\n<\/tr>\n<tr class=\"woocommerce-product-attributes-item woocommerce-product-attributes-item--attribute_%ce%bc%cf%8c%ce%bd%cf%89%cf%83%ce%b7-%ce%b8%ce%b5%cf%81%ce%bc%ce%bf%ce%b4%ce%bf%cf%87%ce%b5%ce%af%ce%bf%cf%85\" style=\"height: 29px;\">\n<th class=\"woocommerce-product-attributes-item__label\" >Isolation du ballon<\/th>\n<td class=\"woocommerce-product-attributes-item__value\" >\u00a0P.U. expansive de haute densit\u00e9 (52kgr\/m\u00b3), \u00e9paisseur de 50mm, sans CFC.<\/td>\n<\/tr>\n<tr class=\"woocommerce-product-attributes-item woocommerce-product-attributes-item--attribute_%ce%ba%ce%b1%ce%b8%ce%bf%ce%b4%ce%b9%ce%ba%ce%ae-%cf%80%cf%81%ce%bf%cf%83%cf%84%ce%b1%cf%83%ce%af%ce%b1-%ce%b1%cf%80%cf%8c-%cf%84%ce%bf-%cf%86%ce%b1%ce%b9%ce%bd%cf%8c%ce%bc%ce%b5%ce%bd%ce%bf-%cf%84\" style=\"height: 29px;\">\n<th class=\"woocommerce-product-attributes-item__label\" >Protection cathodique<\/th>\n<td class=\"woocommerce-product-attributes-item__value\" >Anode en\u00a0 magn\u00e9sium ,diam\u00e8tre \u220522mm et L = 500mm<\/td>\n<\/tr>\n<tr class=\"woocommerce-product-attributes-item woocommerce-product-attributes-item--attribute_%ce%b7%ce%bb%ce%b5%ce%ba%cf%84%cf%81%ce%b9%ce%ba%ce%ae-%ce%b1%ce%bd%cf%84%ce%af%cf%83%cf%84%ce%b1%cf%83%ce%b7\" style=\"height: 29px;\">\n<th class=\"woocommerce-product-attributes-item__label\" >R\u00e9sistance \u00e9lectrique<\/th>\n<td class=\"woocommerce-product-attributes-item__value\" >1,5 kW \u2013 4 kW avec thermostat de s\u00e9curit\u00e9, conform\u00e9ment \u00e0 la r\u00e9glementation locale<\/td>\n<\/tr>\n<tr class=\"woocommerce-product-attributes-item woocommerce-product-attributes-item--attribute_%ce%b5%ce%bd%ce%b1%ce%bb%ce%bb%ce%ac%ce%ba%cf%84%ce%b7%cf%82\" style=\"height: 58px;\">\n<th class=\"woocommerce-product-attributes-item__label\" >\u00c9changeur<\/th>\n<td class=\"woocommerce-product-attributes-item__value\" >En option, un serpentin sp\u00e9cial peut \u00eatre ajout\u00e9 pour le raccordement au syst\u00e8me de chauffage ou \u00e0 la pompe \u00e0 chaleur, en profitant ainsi de l&rsquo;\u00e9nergie d\u00e9j\u00e0 existante<\/td>\n<\/tr>\n<tr class=\"woocommerce-product-attributes-item woocommerce-product-attributes-item--attribute_%ce%b5%ce%b9%ce%b4%ce%b9%ce%ba%cf%8c%cf%82-%ce%b4%ce%b9%ce%b1%cf%83%ce%ba%ce%bf%cf%81%cf%80%ce%b9%cf%83%cf%84%ce%ae%cf%82-energon\" style=\"height: 58px;\">\n<th class=\"woocommerce-product-attributes-item__label\" >Diffuseur<\/th>\n<td class=\"woocommerce-product-attributes-item__value\" ><strong>ENERGON\u00b0<\/strong>\u00a0con\u00e7u sp\u00e9cialement\u00a0 pour optimiser\u00a0 la distribution de l\u2019eau et du fluide thermique. Augmente l\u2019efficacit\u00e9 du syst\u00e8me jusqu\u2019\u00e0 30 %<\/td>\n<\/tr>\n<tr class=\"woocommerce-product-attributes-item woocommerce-product-attributes-item--attribute_%cf%80%ce%bb%ce%b1%ce%af%cf%83%ce%b9%ce%bf-%cf%83%cf%85%ce%bb%ce%bb%ce%ad%ce%ba%cf%84%ce%b7\" style=\"height: 58px;\">\n<th class=\"woocommerce-product-attributes-item__label\" >Cadre du capteur<\/th>\n<td class=\"woocommerce-product-attributes-item__value\" >En alliage sp\u00e9cial d\u2019 aluminium [A1 Mg Si 0,5]\u00a0 avec traitement \u00e9lectrostatique de type \u201cSeaside Class\u201d (grade marin),pour une protection accrue dans tous les types de conditions climatiques ext\u00e9rieures.<\/td>\n<\/tr>\n<tr class=\"woocommerce-product-attributes-item woocommerce-product-attributes-item--attribute_%ce%b5%cf%80%ce%b9%ce%bb%ce%b5%ce%ba%cf%84%ce%b9%ce%ba%cf%8c%cf%82-%ce%b1%cf%80%ce%bf%cf%81%cf%81%ce%bf%cf%86%ce%b7%cf%84%ce%ae%cf%82-%cf%84%ce%b9%cf%84%ce%b1%ce%bd%ce%af%ce%bf%cf%85\" style=\"height: 58px;\">\n<th class=\"woocommerce-product-attributes-item__label\" >Absorbeur s\u00e9lectif en Titane<\/th>\n<td class=\"woocommerce-product-attributes-item__value\" >Sp\u00e9cialement trait\u00e9 sous vide, \u00e0 haute absorption et faible transmittance, tubes soud\u00e9s au laser, ce qui garantit la transmission imm\u00e9diate de l\u2019\u00e9nergie thermique<\/td>\n<\/tr>\n<tr class=\"woocommerce-product-attributes-item woocommerce-product-attributes-item--attribute_%cf%83%cf%85%ce%bd%cf%84%ce%b5%ce%bb%ce%b5%cf%83%cf%84%ce%ae%cf%82-%ce%b1%cf%80%ce%bf%cf%81%cf%81%cf%8c%cf%86%ce%b7%cf%83%ce%b7%cf%82\" style=\"height: 29px;\">\n<th class=\"woocommerce-product-attributes-item__label\" >Coefficiant d\u2019absorption<\/th>\n<td class=\"woocommerce-product-attributes-item__value\" >\u00a0\u03b1 \u2265 0.95 \u00b1 0.02<\/td>\n<\/tr>\n<tr class=\"woocommerce-product-attributes-item woocommerce-product-attributes-item--attribute_%cf%83%cf%85%ce%bd%cf%84%ce%b5%ce%bb%ce%b5%cf%83%cf%84%ce%ae%cf%82-%ce%b5%ce%ba%cf%80%ce%bf%ce%bc%cf%80%ce%ae%cf%82\" style=\"height: 29px;\">\n<th class=\"woocommerce-product-attributes-item__label\" >Coefficiant\u00a0 d\u2019\u00e9mission<\/th>\n<td class=\"woocommerce-product-attributes-item__value\" >\u00a0\u03b5 \u2264 0.05 \u00b1 0.02<\/td>\n<\/tr>\n<tr class=\"woocommerce-product-attributes-item woocommerce-product-attributes-item--attribute_%ce%ac%ce%b8%cf%81%ce%b1%cf%85%cf%83%cf%84%ce%bf-%ce%ba%cf%81%cf%8d%cf%83%cf%84%ce%b1%ce%bb%ce%bb%ce%bf-%ce%b1%cf%83%cf%86%ce%b1%ce%bb%ce%b5%ce%af%ce%b1%cf%82\" style=\"height: 58px;\">\n<th class=\"woocommerce-product-attributes-item__label\" >Verre de s\u00e9curit\u00e9<\/th>\n<td class=\"woocommerce-product-attributes-item__value\" >\u00c9paisseur de 3,2 mm, avec une transmissivit\u00e9 de \u03c4 \u2265 0,90, faible teneur en fer, s\u00e9lectionn\u00e9 pour garantir une performance maximale du capteur<\/td>\n<\/tr>\n<tr class=\"woocommerce-product-attributes-item woocommerce-product-attributes-item--attribute_%ce%b2%ce%ac%cf%83%ce%b7-%ce%b7%ce%bb%ce%b9%ce%b1%ce%ba%ce%bf%cf%8d-%ce%b8%ce%b5%cf%81%ce%bc%ce%bf%cf%83%ce%af%cf%86%cf%89%ce%bd%ce%b1\" style=\"height: 74.075px;\">\n<th class=\"woocommerce-product-attributes-item__label\" >Support du chauffe-eau solaire<\/th>\n<td class=\"woocommerce-product-attributes-item__value\" >Fabriqu\u00e9 en acier galvanis\u00e9 \u00e0 chaud.<\/td>\n<\/tr>\n<\/tbody>\n<\/table>\n<\/div>\n","protected":false},"featured_media":2207,"comment_status":"open","ping_status":"closed","template":"","meta":[],"product_brand":[],"product_cat":[58],"product_tag":[82,86,85,74,75],"class_list":{"0":"post-1540","1":"product","2":"type-product","3":"status-publish","4":"has-post-thumbnail","6":"product_cat-hliakoi-thermosifones","7":"product_tag-glass","8":"product_tag-gld","9":"product_tag-gld-150-300","10":"product_tag-74","11":"product_tag-75","13":"first","14":"instock","15":"taxable","16":"shipping-taxable","17":"product-type-simple"},"_links":{"self":[{"href":"https:\/\/cosmosolar.com\/fr\/wp-json\/wp\/v2\/product\/1540","targetHints":{"allow":["GET"]}}],"collection":[{"href":"https:\/\/cosmosolar.com\/fr\/wp-json\/wp\/v2\/product"}],"about":[{"href":"https:\/\/cosmosolar.com\/fr\/wp-json\/wp\/v2\/types\/product"}],"replies":[{"embeddable":true,"href":"https:\/\/cosmosolar.com\/fr\/wp-json\/wp\/v2\/comments?post=1540"}],"wp:featuredmedia":[{"embeddable":true,"href":"https:\/\/cosmosolar.com\/fr\/wp-json\/wp\/v2\/media\/2207"}],"wp:attachment":[{"href":"https:\/\/cosmosolar.com\/fr\/wp-json\/wp\/v2\/media?parent=1540"}],"wp:term":[{"taxonomy":"product_brand","embeddable":true,"href":"https:\/\/cosmosolar.com\/fr\/wp-json\/wp\/v2\/product_brand?post=1540"},{"taxonomy":"product_cat","embeddable":true,"href":"https:\/\/cosmosolar.com\/fr\/wp-json\/wp\/v2\/product_cat?post=1540"},{"taxonomy":"product_tag","embeddable":true,"href":"https:\/\/cosmosolar.com\/fr\/wp-json\/wp\/v2\/product_tag?post=1540"}],"curies":[{"name":"wp","href":"https:\/\/api.w.org\/{rel}","templated":true}]}}