{"id":1535,"date":"2020-04-10T15:51:43","date_gmt":"2020-04-10T15:51:43","guid":{"rendered":"https:\/\/www.cosmosolar.com\/?post_type=product&#038;p=1535"},"modified":"2025-11-11T13:00:25","modified_gmt":"2025-11-11T11:00:25","slug":"%ce%b7%ce%bb%ce%b9%ce%b1%ce%ba%ce%bf%ce%af-%ce%b8%ce%b5%cf%81%ce%bc%ce%bf%cf%83%ce%af%cf%86%cf%89%ce%bd%ce%b5%cf%82-glass-glb-120-300","status":"publish","type":"product","link":"https:\/\/cosmosolar.com\/fr\/product\/%ce%b7%ce%bb%ce%b9%ce%b1%ce%ba%ce%bf%ce%af-%ce%b8%ce%b5%cf%81%ce%bc%ce%bf%cf%83%ce%af%cf%86%cf%89%ce%bd%ce%b5%cf%82-glass-glb-120-300\/","title":{"rendered":"Chauffe &#8211; eau solaires low profile GLASS | GLB 120 \u2013 300 BALLONS \u00c0 DOUBLE \u00c9MAILLAGE"},"content":{"rendered":"<div class=\"wpb-content-wrapper\"><p>[vc_row][vc_column][vc_tta_accordion][vc_tta_section title=\u00a0\u00bbDocuments\u00a0\u00bb tab_id=\u00a0\u00bb1761317686441-a27310a9-4b8f\u00a0\u00bb][vc_column_text]<br \/>\n<h4 style='margin-top: 0px;'>LOW PROFILE GLB<\/h4><ul style='margin-left: 0px;'><\/ul><h4 style='margin-top: 15px;'>Datasheet<\/h4><ul style='margin-left: 20px;'><li><a href=\"https:\/\/cosmosolar.com\/wp-content\/uploads\/documents\/english\/SOLAR_WATER_HEATERS\/LOW_PROFILE_GLB\/Datasheet\/solar_water_heater_COSMOSOLAR_LOW_PROFILE_technical_data_sheet.pdf\" target=\"_blank\" rel=\"noopener\">\ud83d\udcc4 solar_water_heater_COSMOSOLAR_LOW_PROFILE_technical_data_sheet.pdf<\/a><\/li><\/ul><h4 style='margin-top: 15px;'>Manual<\/h4><ul style='margin-left: 20px;'><li><a href=\"https:\/\/cosmosolar.com\/wp-content\/uploads\/documents\/english\/SOLAR_WATER_HEATERS\/LOW_PROFILE_GLB\/Manual\/LOW_PROFILE_3-LANG.pdf\" target=\"_blank\" rel=\"noopener\">\ud83d\udcc4 LOW_PROFILE_3-LANG.pdf<\/a><\/li><\/ul><br \/>\n[\/vc_column_text][\/vc_tta_section][vc_tta_section title=\u00a0\u00bbDescription\u00a0\u00bb tab_id=\u00a0\u00bb1761317686455-d10a3957-cc5d\u00a0\u00bb][vc_column_text]<\/p>\n<table class=\"rtable rtable--flip\">\n<thead>\n<tr>\n<th style=\"text-align: center;\"><strong>MOD\u00c8LE<\/strong><\/th>\n<th style=\"text-align: center;\"><strong>CAPTEUR<\/strong><\/th>\n<th style=\"text-align: center;\"><strong>Nombre de CAPTEURS<\/strong><\/th>\n<th style=\"text-align: center;\"><strong>SURFACE BRUTE (m\u00b2)<\/strong><\/th>\n<\/tr>\n<\/thead>\n<tbody>\n<tr>\n<td style=\"text-align: center;\">EGLB 120\/2,00 HOR<\/td>\n<td style=\"text-align: center;\">EPI 25 NV<\/td>\n<td style=\"text-align: center;\">1 x 2,00 m\u00b2<\/td>\n<td style=\"text-align: center;\">2,00<\/td>\n<\/tr>\n<tr>\n<td style=\"text-align: center;\">EGLB 150\/2,24 HOR<\/td>\n<td style=\"text-align: center;\">EPI 16 NV<\/td>\n<td style=\"text-align: center;\">1 x 2,24 m\u00b2<\/td>\n<td style=\"text-align: center;\">2,24<\/td>\n<\/tr>\n<tr>\n<td style=\"text-align: center;\">EGLB 170\/2,53 VER<\/td>\n<td style=\"text-align: center;\">EPI 54 NV<\/td>\n<td style=\"text-align: center;\">1 x 2,53 m\u00b2<\/td>\n<td style=\"text-align: center;\">2,53<\/td>\n<\/tr>\n<tr>\n<td style=\"text-align: center;\">EGLB 200\/2,53 VER<\/td>\n<td style=\"text-align: center;\">EPI 54 NV<\/td>\n<td style=\"text-align: center;\">1 x 2,53 m\u00b2<\/td>\n<td style=\"text-align: center;\">2,53<\/td>\n<\/tr>\n<tr>\n<td style=\"text-align: center;\">EGLB 300\/4,00 VER<\/td>\n<td style=\"text-align: center;\">EPI 25 NV<\/td>\n<td style=\"text-align: center;\">2 x 2,00 m\u00b2<\/td>\n<td style=\"text-align: center;\">4,00<\/td>\n<\/tr>\n<tr>\n<td style=\"text-align: center;\">EGLB 300\/4,00 HOR<\/td>\n<td style=\"text-align: center;\">EPI 25 NV<\/td>\n<td style=\"text-align: center;\">2 x 2,00 m\u00b2<\/td>\n<td style=\"text-align: center;\">4,00<\/td>\n<\/tr>\n<\/tbody>\n<\/table>\n<p><img loading=\"lazy\" decoding=\"async\" width=\"1238\" height=\"426\" class=\"aligncenter wp-image-2073 size-full\" src=\"https:\/\/cosmosolar.com\/wp-content\/uploads\/2020\/04\/LOW-PROFILE-DIMENSIONS.jpg\" alt=\"\" srcset=\"https:\/\/cosmosolar.com\/wp-content\/uploads\/2020\/04\/LOW-PROFILE-DIMENSIONS.jpg 1238w, https:\/\/cosmosolar.com\/wp-content\/uploads\/2020\/04\/LOW-PROFILE-DIMENSIONS-300x103.jpg 300w, https:\/\/cosmosolar.com\/wp-content\/uploads\/2020\/04\/LOW-PROFILE-DIMENSIONS-600x206.jpg 600w, https:\/\/cosmosolar.com\/wp-content\/uploads\/2020\/04\/LOW-PROFILE-DIMENSIONS-1024x352.jpg 1024w, https:\/\/cosmosolar.com\/wp-content\/uploads\/2020\/04\/LOW-PROFILE-DIMENSIONS-768x264.jpg 768w\" sizes=\"auto, (max-width: 1238px) 100vw, 1238px\" \/><\/p>\n<table class=\"rtable rtable--flip\">\n<thead>\n<tr>\n<th style=\"text-align: center;\"><strong>MOD\u00c8LE<\/strong><\/th>\n<th style=\"text-align: center;\"><strong>CAPTEUR<\/strong><\/th>\n<th style=\"text-align: center;\"><strong>Nombre de CAPTEURS<\/strong><\/th>\n<th class=\"colspan2\" style=\"text-align: center;\"><strong>SURFACE BRUTE (m\u00b2)<\/strong><\/th>\n<th class=\"colspan2\" style=\"text-align: center;\" colspan=\"2\"><strong>\u00a0DIMENSIONS\u00a0 \u00a0 BALLON\u00a0 (mm)<\/strong><\/th>\n<th class=\"colspan3\" style=\"text-align: center;\" colspan=\"3\"><strong>\u00a0DIMENSIONS\u00a0 CAPTEUR (mm)<\/strong><\/th>\n<th style=\"text-align: center;\"><strong>(mm)<\/strong><\/th>\n<th style=\"text-align: center;\"><strong>(mm)<\/strong><\/th>\n<th style=\"text-align: center;\"><strong>(mm)<\/strong><\/th>\n<\/tr>\n<\/thead>\n<tbody>\n<tr>\n<td style=\"text-align: center;\"><\/td>\n<td style=\"text-align: center;\"><\/td>\n<td style=\"text-align: center;\"><\/td>\n<td style=\"text-align: center;\"><\/td>\n<td style=\"text-align: center;\"><strong>\u0391<\/strong><\/td>\n<td style=\"text-align: center;\"><strong>\u0392<\/strong><\/td>\n<td style=\"text-align: center;\"><strong>C<\/strong><\/td>\n<td style=\"text-align: center;\"><strong>D<\/strong><\/td>\n<td style=\"text-align: center;\"><strong>E<\/strong><\/td>\n<td style=\"text-align: center;\"><strong>F<\/strong><\/td>\n<td style=\"text-align: center;\"><strong>G<\/strong><\/td>\n<td style=\"text-align: center;\"><strong>H<\/strong><\/td>\n<td><\/td>\n<\/tr>\n<tr>\n<td style=\"text-align: center;\">EGLB 120\/2,00 HOR<\/td>\n<td style=\"text-align: center;\">EPI 25 NV<\/td>\n<td style=\"text-align: center;\">1<\/td>\n<td style=\"text-align: center;\">2,00<\/td>\n<td style=\"text-align: center;\">500<\/td>\n<td style=\"text-align: center;\">1120<\/td>\n<td style=\"text-align: center;\">1000<\/td>\n<td style=\"text-align: center;\">2000<\/td>\n<td style=\"text-align: center;\">85<\/td>\n<td style=\"text-align: center;\">860<\/td>\n<td style=\"text-align: center;\">1299<\/td>\n<td style=\"text-align: center;\">920<\/td>\n<\/tr>\n<tr>\n<td style=\"text-align: center;\">EGLB 150\/2,24 HOR<\/td>\n<td style=\"text-align: center;\">EPI 16 NV<\/td>\n<td style=\"text-align: center;\">1<\/td>\n<td style=\"text-align: center;\">2,24<\/td>\n<td style=\"text-align: center;\">500<\/td>\n<td style=\"text-align: center;\">1300<\/td>\n<td style=\"text-align: center;\">1196<\/td>\n<td style=\"text-align: center;\">1900<\/td>\n<td style=\"text-align: center;\">85<\/td>\n<td style=\"text-align: center;\">860<\/td>\n<td style=\"text-align: center;\">1435<\/td>\n<td style=\"text-align: center;\">1100<\/td>\n<\/tr>\n<tr>\n<td style=\"text-align: center;\">EGLB 170\/2,53 VER<\/td>\n<td style=\"text-align: center;\">EPI 54 NV<\/td>\n<td style=\"text-align: center;\">1<\/td>\n<td style=\"text-align: center;\">2,53<\/td>\n<td style=\"text-align: center;\">580<\/td>\n<td style=\"text-align: center;\">1200<\/td>\n<td style=\"text-align: center;\">2000<\/td>\n<td style=\"text-align: center;\">1258<\/td>\n<td style=\"text-align: center;\">85<\/td>\n<td style=\"text-align: center;\">860<\/td>\n<td style=\"text-align: center;\">1570<\/td>\n<td style=\"text-align: center;\">2050<\/td>\n<\/tr>\n<tr>\n<td style=\"text-align: center;\">EGLB 200\/2,53 VER<\/td>\n<td style=\"text-align: center;\">EPI 54 NV<\/td>\n<td style=\"text-align: center;\">1<\/td>\n<td style=\"text-align: center;\">2,53<\/td>\n<td style=\"text-align: center;\">580<\/td>\n<td style=\"text-align: center;\">1320<\/td>\n<td style=\"text-align: center;\">2000<\/td>\n<td style=\"text-align: center;\">1258<\/td>\n<td style=\"text-align: center;\">85<\/td>\n<td style=\"text-align: center;\">860<\/td>\n<td style=\"text-align: center;\">1650<\/td>\n<td style=\"text-align: center;\">2050<\/td>\n<\/tr>\n<tr>\n<td style=\"text-align: center;\">EGLB 300\/4,00 VER<\/td>\n<td style=\"text-align: center;\">EPI 25 NV<\/td>\n<td style=\"text-align: center;\">2<\/td>\n<td style=\"text-align: center;\">4,00<\/td>\n<td style=\"text-align: center;\">580<\/td>\n<td style=\"text-align: center;\">1820<\/td>\n<td style=\"text-align: center;\">2000<\/td>\n<td style=\"text-align: center;\">2100<\/td>\n<td style=\"text-align: center;\">85<\/td>\n<td style=\"text-align: center;\">1040<\/td>\n<td style=\"text-align: center;\">1650<\/td>\n<td style=\"text-align: center;\">2050<\/td>\n<\/tr>\n<tr>\n<td style=\"text-align: center;\">EGLB 300\/4,00 HOR<\/td>\n<td style=\"text-align: center;\">EPI 25 NV<\/td>\n<td style=\"text-align: center;\">2<\/td>\n<td style=\"text-align: center;\">4,00<\/td>\n<td style=\"text-align: center;\">580<\/td>\n<td style=\"text-align: center;\">1820<\/td>\n<td style=\"text-align: center;\">1000<\/td>\n<td style=\"text-align: center;\">4444<\/td>\n<td style=\"text-align: center;\">85<\/td>\n<td style=\"text-align: center;\">1040<\/td>\n<td style=\"text-align: center;\">1299<\/td>\n<td style=\"text-align: center;\">1000<\/td>\n<\/tr>\n<\/tbody>\n<\/table>\n<p>[\/vc_column_text][\/vc_tta_section][\/vc_tta_accordion][\/vc_column][\/vc_row]<\/p>\n<\/div>","protected":false},"excerpt":{"rendered":"<table class=\"woocommerce-product-attributes shop_attributes\" style=\"width: 749.688px; height: 837px;\">\n<tbody>\n<tr class=\"woocommerce-product-attributes-item woocommerce-product-attributes-item--attribute_%ce%b5%ce%be%cf%89%cf%84%ce%b5%cf%81%ce%b9%ce%ba%cf%8c-%cf%80%ce%b5%cf%81%ce%af%ce%b2%ce%bb%ce%b7%ce%bc%ce%b1-%ce%b8%ce%b5%cf%81%ce%bc%ce%bf%ce%b4%ce%bf%cf%87%ce%b5%ce%af%ce%bf%cf%85\">\n<th class=\"woocommerce-product-attributes-item__label\" style=\"width: 179px;\">Enveloppe ext\u00e9rieure du ballon<\/th>\n<td class=\"woocommerce-product-attributes-item__value\" style=\"width: 556.688px;\">En aluminium \u2013 peinture \u00e9lectrostatique (sea side class) pour une protection maximale aux r\u00e9gions c\u00f4ti\u00e8res<\/td>\n<\/tr>\n<tr class=\"woocommerce-product-attributes-item woocommerce-product-attributes-item--attribute_%cf%87%cf%81%cf%8e%ce%bc%ce%b1\">\n<th class=\"woocommerce-product-attributes-item__label\" style=\"width: 179px;\">Couleur<\/th>\n<td class=\"woocommerce-product-attributes-item__value\" style=\"width: 556.688px;\">RAL9006<\/td>\n<\/tr>\n<tr class=\"woocommerce-product-attributes-item woocommerce-product-attributes-item--attribute_%ce%b5%cf%83%cf%89%cf%84%ce%b5%cf%81%ce%b9%ce%ba%cf%8c-%ce%bc%ce%ad%cf%81%ce%bf%cf%82-%ce%b8%ce%b5%cf%81%ce%bc%ce%bf%ce%b4%ce%bf%cf%87%ce%b5%ce%af%ce%bf%cf%85\">\n<th class=\"woocommerce-product-attributes-item__label\" style=\"width: 179px;\">Partie int\u00e9rieure du ballon<\/th>\n<td class=\"woocommerce-product-attributes-item__value\" style=\"width: 556.688px;\">En acier de faible teneur en oxyde de fer, avec une addition de TITANE , \u00e9paisseur de 3mm, proteg\u00e9 par une double vitrification selon DIN 4753, cuisson \u00e0 860\u00baC.<\/td>\n<\/tr>\n<tr class=\"woocommerce-product-attributes-item woocommerce-product-attributes-item--attribute_%ce%bc%ce%b1%ce%bd%ce%b4%cf%8d%ce%b1%cf%82-%ce%ba%ce%bb%ce%b5%ce%b9%cf%83%cf%84%ce%bf%cf%8d-%ce%ba%cf%85%ce%ba%ce%bb%cf%8e%ce%bc%ce%b1%cf%84%ce%bf%cf%82\">\n<th class=\"woocommerce-product-attributes-item__label\" style=\"width: 179px;\">Partie ext\u00e9rieure du ballon thermique (jacket)<\/th>\n<td class=\"woocommerce-product-attributes-item__value\" style=\"width: 556.688px;\">En acier de faible teneur en oxyde de fer , \u00e9paisseur 1.5mm<\/td>\n<\/tr>\n<tr class=\"woocommerce-product-attributes-item woocommerce-product-attributes-item--attribute_%ce%bc%cf%8c%ce%bd%cf%89%cf%83%ce%b7-%ce%b8%ce%b5%cf%81%ce%bc%ce%bf%ce%b4%ce%bf%cf%87%ce%b5%ce%af%ce%bf%cf%85\">\n<th class=\"woocommerce-product-attributes-item__label\" style=\"width: 179px;\">Isolation du ballon<\/th>\n<td class=\"woocommerce-product-attributes-item__value\" style=\"width: 556.688px;\">\u00a0P.U. expansive de haute densit\u00e9 (52kgr\/m\u00b3), \u00e9paisseur de 50mm, sans CFC.<\/td>\n<\/tr>\n<tr class=\"woocommerce-product-attributes-item woocommerce-product-attributes-item--attribute_%ce%ba%ce%b1%ce%b8%ce%bf%ce%b4%ce%b9%ce%ba%ce%ae-%cf%80%cf%81%ce%bf%cf%83%cf%84%ce%b1%cf%83%ce%af%ce%b1-%ce%b1%cf%80%cf%8c-%cf%84%ce%bf-%cf%86%ce%b1%ce%b9%ce%bd%cf%8c%ce%bc%ce%b5%ce%bd%ce%bf-%cf%84\">\n<th class=\"woocommerce-product-attributes-item__label\" style=\"width: 179px;\">Protection cathodique<\/th>\n<td class=\"woocommerce-product-attributes-item__value\" style=\"width: 556.688px;\">Anode en\u00a0 magn\u00e9sium ,diam\u00e8tre \u220522mm et L = 500mm<\/td>\n<\/tr>\n<tr class=\"woocommerce-product-attributes-item woocommerce-product-attributes-item--attribute_%ce%b7%ce%bb%ce%b5%ce%ba%cf%84%cf%81%ce%b9%ce%ba%ce%ae-%ce%b1%ce%bd%cf%84%ce%af%cf%83%cf%84%ce%b1%cf%83%ce%b7\">\n<th class=\"woocommerce-product-attributes-item__label\" style=\"width: 179px;\">R\u00e9sistance \u00e9lectrique<\/th>\n<td class=\"woocommerce-product-attributes-item__value\" style=\"width: 556.688px;\">1,5 kW \u2013 4 kW avec thermostat de s\u00e9curit\u00e9, conform\u00e9ment \u00e0 la r\u00e9glementation locale<\/td>\n<\/tr>\n<tr class=\"woocommerce-product-attributes-item woocommerce-product-attributes-item--attribute_%ce%b5%ce%bd%ce%b1%ce%bb%ce%bb%ce%ac%ce%ba%cf%84%ce%b7%cf%82\">\n<th class=\"woocommerce-product-attributes-item__label\" style=\"width: 179px;\">Echangeur<\/th>\n<td class=\"woocommerce-product-attributes-item__value\" style=\"width: 556.688px;\">En option, un serpentin sp\u00e9cial peut \u00eatre ajout\u00e9 pour le raccordement au syst\u00e8me de chauffage ou \u00e0 la pompe \u00e0 chaleur, \u00e9vitant ainsi l\u2019utilisation de l\u2019\u00e9l\u00e9ment \u00e9lectrique (lorsque l\u2019autre source fonctionne)<\/td>\n<\/tr>\n<tr class=\"woocommerce-product-attributes-item woocommerce-product-attributes-item--attribute_%ce%b5%ce%b9%ce%b4%ce%b9%ce%ba%cf%8c%cf%82-%ce%b4%ce%b9%ce%b1%cf%83%ce%ba%ce%bf%cf%81%cf%80%ce%b9%cf%83%cf%84%ce%ae%cf%82-energon\">\n<th class=\"woocommerce-product-attributes-item__label\" style=\"width: 179px;\">Diffuseur<\/th>\n<td class=\"woocommerce-product-attributes-item__value\" style=\"width: 556.688px;\"><strong>ENERGON\u00b0<\/strong> con\u00e7u sp\u00e9cialement\u00a0 pour optimiser\u00a0 la distribution de l\u2019eau et du fluide thermique. Augmente l\u2019efficacit\u00e9 du syst\u00e8me jusqu\u2019\u00e0 30 %<\/td>\n<\/tr>\n<tr class=\"woocommerce-product-attributes-item woocommerce-product-attributes-item--attribute_%cf%80%ce%bb%ce%b1%ce%af%cf%83%ce%b9%ce%bf-%cf%83%cf%85%ce%bb%ce%bb%ce%ad%ce%ba%cf%84%ce%b7\">\n<th class=\"woocommerce-product-attributes-item__label\" style=\"width: 179px;\">Cadre du capteur<\/th>\n<td class=\"woocommerce-product-attributes-item__value\" style=\"width: 556.688px;\">En alliage sp\u00e9cial d\u2019 aluminium [A1 Mg Si 0,5]\u00a0 avec traitement \u00e9lectrostatique de type \u201cSeaside Class\u201d (grade marin),pour une protection accrue dans tous les types de conditions climatiques ext\u00e9rieures.<\/td>\n<\/tr>\n<tr class=\"woocommerce-product-attributes-item woocommerce-product-attributes-item--attribute_%ce%b5%cf%80%ce%b9%ce%bb%ce%b5%ce%ba%cf%84%ce%b9%ce%ba%cf%8c%cf%82-%ce%b1%cf%80%ce%bf%cf%81%cf%81%ce%bf%cf%86%ce%b7%cf%84%ce%ae%cf%82-%cf%84%ce%b9%cf%84%ce%b1%ce%bd%ce%af%ce%bf%cf%85\">\n<th class=\"woocommerce-product-attributes-item__label\" style=\"width: 179px;\">Absorbeur s\u00e9lectif en Titane<\/th>\n<td class=\"woocommerce-product-attributes-item__value\" style=\"width: 556.688px;\">Sp\u00e9cialement trait\u00e9 sous vide, \u00e0 haute absorption et faible transmittance, tubes soud\u00e9s au laser, ce qui garantit la transmission imm\u00e9diate de l\u2019\u00e9nergie thermique<\/td>\n<\/tr>\n<tr class=\"woocommerce-product-attributes-item woocommerce-product-attributes-item--attribute_%cf%83%cf%85%ce%bd%cf%84%ce%b5%ce%bb%ce%b5%cf%83%cf%84%ce%ae%cf%82-%ce%b1%cf%80%ce%bf%cf%81%cf%81%cf%8c%cf%86%ce%b7%cf%83%ce%b7%cf%82\">\n<th class=\"woocommerce-product-attributes-item__label\" style=\"width: 179px;\">Coefficiant d&rsquo;absorption<\/th>\n<td class=\"woocommerce-product-attributes-item__value\" style=\"width: 556.688px;\">\u00a0\u03b1 \u2265 0.95 \u00b1 0.02<\/td>\n<\/tr>\n<tr class=\"woocommerce-product-attributes-item woocommerce-product-attributes-item--attribute_%cf%83%cf%85%ce%bd%cf%84%ce%b5%ce%bb%ce%b5%cf%83%cf%84%ce%ae%cf%82-%ce%b5%ce%ba%cf%80%ce%bf%ce%bc%cf%80%ce%ae%cf%82\">\n<th class=\"woocommerce-product-attributes-item__label\" style=\"width: 179px;\">Coefficiant\u00a0 d&rsquo;\u00e9mission<\/th>\n<td class=\"woocommerce-product-attributes-item__value\" style=\"width: 556.688px;\">\u00a0\u03b5 \u2264 0.05 \u00b1 0.02<\/td>\n<\/tr>\n<tr class=\"woocommerce-product-attributes-item woocommerce-product-attributes-item--attribute_%ce%ac%ce%b8%cf%81%ce%b1%cf%85%cf%83%cf%84%ce%bf-%ce%ba%cf%81%cf%8d%cf%83%cf%84%ce%b1%ce%bb%ce%bb%ce%bf-%ce%b1%cf%83%cf%86%ce%b1%ce%bb%ce%b5%ce%af%ce%b1%cf%82\">\n<th class=\"woocommerce-product-attributes-item__label\" style=\"width: 179px;\">Verre de s\u00e9curit\u00e9<\/th>\n<td class=\"woocommerce-product-attributes-item__value\" style=\"width: 556.688px;\">\u00c9paisseur de 3,2 mm, avec une transmissivit\u00e9 de \u03c4 \u2265 0,90, faible teneur en fer, s\u00e9lectionn\u00e9 pour garantir une performance maximale du capteur<\/td>\n<\/tr>\n<tr class=\"woocommerce-product-attributes-item woocommerce-product-attributes-item--attribute_%ce%b2%ce%ac%cf%83%ce%b7-%ce%b7%ce%bb%ce%b9%ce%b1%ce%ba%ce%bf%cf%8d-%ce%b8%ce%b5%cf%81%ce%bc%ce%bf%cf%83%ce%af%cf%86%cf%89%ce%bd%ce%b1\">\n<th class=\"woocommerce-product-attributes-item__label\" style=\"width: 179px;\">Support du chauffe-eau solaire<\/th>\n<td class=\"woocommerce-product-attributes-item__value\" style=\"width: 556.688px;\">Fabriqu\u00e9 en acier galvanis\u00e9 \u00e0 chaud.<\/td>\n<\/tr>\n<\/tbody>\n<\/table>\n","protected":false},"featured_media":1536,"comment_status":"open","ping_status":"closed","template":"","meta":[],"product_brand":[],"product_cat":[58],"product_tag":[82,84,83,74,75],"class_list":{"0":"post-1535","1":"product","2":"type-product","3":"status-publish","4":"has-post-thumbnail","6":"product_cat-hliakoi-thermosifones","7":"product_tag-glass","8":"product_tag-glb","9":"product_tag-glb-120-300","10":"product_tag-74","11":"product_tag-75","13":"first","14":"instock","15":"taxable","16":"shipping-taxable","17":"product-type-simple"},"_links":{"self":[{"href":"https:\/\/cosmosolar.com\/fr\/wp-json\/wp\/v2\/product\/1535","targetHints":{"allow":["GET"]}}],"collection":[{"href":"https:\/\/cosmosolar.com\/fr\/wp-json\/wp\/v2\/product"}],"about":[{"href":"https:\/\/cosmosolar.com\/fr\/wp-json\/wp\/v2\/types\/product"}],"replies":[{"embeddable":true,"href":"https:\/\/cosmosolar.com\/fr\/wp-json\/wp\/v2\/comments?post=1535"}],"wp:featuredmedia":[{"embeddable":true,"href":"https:\/\/cosmosolar.com\/fr\/wp-json\/wp\/v2\/media\/1536"}],"wp:attachment":[{"href":"https:\/\/cosmosolar.com\/fr\/wp-json\/wp\/v2\/media?parent=1535"}],"wp:term":[{"taxonomy":"product_brand","embeddable":true,"href":"https:\/\/cosmosolar.com\/fr\/wp-json\/wp\/v2\/product_brand?post=1535"},{"taxonomy":"product_cat","embeddable":true,"href":"https:\/\/cosmosolar.com\/fr\/wp-json\/wp\/v2\/product_cat?post=1535"},{"taxonomy":"product_tag","embeddable":true,"href":"https:\/\/cosmosolar.com\/fr\/wp-json\/wp\/v2\/product_tag?post=1535"}],"curies":[{"name":"wp","href":"https:\/\/api.w.org\/{rel}","templated":true}]}}