{"id":8,"date":"2015-11-27T16:59:39","date_gmt":"2015-11-27T16:59:39","guid":{"rendered":"https:\/\/themes.webdevia.com\/solar-wp\/?page_id=8"},"modified":"2025-10-23T11:39:43","modified_gmt":"2025-10-23T09:39:43","slug":"contact","status":"publish","type":"page","link":"https:\/\/cosmosolar.com\/fr\/contact\/","title":{"rendered":"Contact"},"content":{"rendered":"<div class=\"wpb-content-wrapper\"><p>[vc_row][vc_column css=\u00a0\u00bb.vc_custom_1494255998128{padding-right: 15px !important;padding-left: 15px !important;}\u00a0\u00bb]\n<div class=\"wpcf7 no-js\" id=\"wpcf7-f701-o1\" lang=\"en-US\" dir=\"ltr\" data-wpcf7-id=\"701\">\n<div class=\"screen-reader-response\"><p role=\"status\" aria-live=\"polite\" aria-atomic=\"true\"><\/p> <ul><\/ul><\/div>\n<form action=\"\/fr\/wp-json\/wp\/v2\/pages\/8#wpcf7-f701-o1\" method=\"post\" class=\"wpcf7-form init\" aria-label=\"Contact form\" novalidate=\"novalidate\" data-status=\"init\">\n<fieldset class=\"hidden-fields-container\"><input type=\"hidden\" name=\"_wpcf7\" value=\"701\" \/><input type=\"hidden\" name=\"_wpcf7_version\" value=\"6.1.5\" \/><input type=\"hidden\" name=\"_wpcf7_locale\" value=\"en_US\" \/><input type=\"hidden\" name=\"_wpcf7_unit_tag\" value=\"wpcf7-f701-o1\" \/><input type=\"hidden\" name=\"_wpcf7_container_post\" value=\"0\" \/><input type=\"hidden\" name=\"_wpcf7_posted_data_hash\" value=\"\" \/><input type=\"hidden\" name=\"lang\" value=\"fr\" \/>\n<\/fieldset>\n<div class=\"large-4 columns\">\n\t<p><label for=\"namefield\" style=\"color:#000000;\">Pr\u00e9nom<\/label><br \/>\n<span class=\"wpcf7-form-control-wrap\" data-name=\"your-name1\"><input size=\"40\" maxlength=\"400\" class=\"wpcf7-form-control wpcf7-text wpcf7-validates-as-required\" id=\"namefield\" aria-required=\"true\" aria-invalid=\"false\" placeholder=\"Pr\u00e9nom\" value=\"\" type=\"text\" name=\"your-name1\" \/><\/span>\n\t<\/p>\n<\/div>\n<div class=\"large-4 columns\">\n\t<p><label for=\"surnamefield\" style=\"color:#000000;\">Nom de famille<\/label><br \/>\n<span class=\"wpcf7-form-control-wrap\" data-name=\"your-name2\"><input size=\"40\" maxlength=\"400\" class=\"wpcf7-form-control wpcf7-text wpcf7-validates-as-required\" id=\"surnamefield\" aria-required=\"true\" aria-invalid=\"false\" placeholder=\"Nom de famille\" value=\"\" type=\"text\" name=\"your-name2\" \/><\/span>\n\t<\/p>\n<\/div>\n<div class=\"large-4 columns\">\n\t<p><label for=\"emailfield\" style=\"color:#000000;\">e-mail<\/label><br \/>\n<span class=\"wpcf7-form-control-wrap\" data-name=\"your-email\"><input size=\"40\" maxlength=\"400\" class=\"wpcf7-form-control wpcf7-email wpcf7-validates-as-required wpcf7-text wpcf7-validates-as-email\" id=\"emailfield\" aria-required=\"true\" aria-invalid=\"false\" placeholder=\"e-mail\" value=\"\" type=\"email\" name=\"your-email\" \/><\/span>\n\t<\/p>\n<\/div>\n<div class=\"large-12 columns\">\n\t<p><label for=\"messagefield\" style=\"color:#000000;\">Votre message<\/label><br \/>\n<span class=\"wpcf7-form-control-wrap\" data-name=\"your-message\"><textarea cols=\"40\" rows=\"10\" maxlength=\"2000\" class=\"wpcf7-form-control wpcf7-textarea\" id=\"messagefield\" aria-invalid=\"false\" placeholder=\"Votre message\" name=\"your-message\"><\/textarea><\/span>\n\t<\/p>\n<\/div>\n<div class=\"large-4 columns text-center\">\n\t<p>&nbsp;\n\t<\/p>\n<\/div>\n<div class=\"large-4 columns text-center\">\n\t<p><label for=\"captchafield\" style=\"color:#000000;\">Veuillez saisir le code de l'image:<\/label><br \/>\n<input type=\"hidden\" name=\"_wpcf7_captcha_challenge_captcha-1\" value=\"2048962520\" \/><img loading=\"lazy\" decoding=\"async\" class=\"wpcf7-form-control wpcf7-captchac wpcf7-captcha-captcha-1\" width=\"72\" height=\"24\" alt=\"captcha\" src=\"https:\/\/cosmosolar.com\/wp-content\/uploads\/wpcf7_captcha\/2048962520.png\" \/><span class=\"wpcf7-form-control-wrap\" data-name=\"captcha-1\"><input size=\"40\" class=\"wpcf7-form-control wpcf7-captchar\" id=\"captchafield\" autocomplete=\"off\" aria-invalid=\"false\" value=\"\" type=\"text\" name=\"captcha-1\" \/><\/span><br \/>\n<input class=\"wpcf7-form-control wpcf7-submit has-spinner button small\" type=\"submit\" value=\"Envoyer\" \/>\n\t<\/p>\n<\/div>\n<div class=\"large-4 columns text-center\">\n\t<p>&nbsp;\n\t<\/p>\n<\/div><div class=\"wpcf7-response-output\" aria-hidden=\"true\"><\/div>\n<\/form>\n<\/div>\n[vc_separator][\/vc_column][\/vc_row][vc_row full_width=\u00a0\u00bbstretch_row\u00a0\u00bb css=\u00a0\u00bb.vc_custom_1577764083214{margin-bottom: 0px !important;}\u00a0\u00bb][vc_column][vc_column_text css_animation=\u00a0\u00bbfadeIn\u00a0\u00bb]<strong> SI\u00c8GE SOCIAL <\/strong>: rue Drey &#8211; Pylh Dervenochorion, Gr\u00e8ce<\/p>\n<p><strong>BRANCHE\u00a0 ATH\u00c8NES <\/strong>: 12 Areopoleos, Kifissia PC 14564,Ath\u00e8nes,Gr\u00e8ce<\/p>\n<p><strong> T\u00e9l <\/strong>: +30 210 3479414<\/p>\n<p><strong> E-mail <\/strong>: info@cosmosolar.com<\/p>\n<p><strong> BRANCHE ITALIE <\/strong>: Cosmosolar Via Ecetra 28 Frosinone 03100, Italie<\/p>\n<p><strong> T\u00e9l <\/strong>.: +39077 5188 1314[\/vc_column_text][vc_separator][\/vc_column][\/vc_row][vc_row][vc_column width=\u00a0\u00bb1\/2&Prime;][vc_column_text]<\/p>\n<p style=\"text-align: center;\"><strong>Branche Ath\u00e8nes<\/strong><\/p>\n<p>[\/vc_column_text][vc_gmaps link=\u00a0\u00bb#E-8_JTNDaWZyYW1lJTIwc3JjJTNEJTIyaHR0cHMlM0ElMkYlMkZ3d3cuZ29vZ2xlLmNvbSUyRm1hcHMlMkZlbWJlZCUzRnBiJTNEJTIxMW0xOCUyMTFtMTIlMjExbTMlMjExZDMxMzkuNjcxNzEyMDkzMzEwNCUyMTJkMjMuODAyMTE4NDE1OTk1NTUlMjEzZDM4LjEwMTMwNDU3OTcwMTM0JTIxMm0zJTIxMWYwJTIxMmYwJTIxM2YwJTIxM20yJTIxMWkxMDI0JTIxMmk3NjglMjE0ZjEzLjElMjEzbTMlMjExbTIlMjExczB4MTRhMTlmYTk1YzkzNjgzMyUyNTNBMHgzOGVjZDFmNTkxZTIyMjY2JTIxMnp6cEhQZ2M2MXpyX1BnTS1NenJ2T3RjLUp6NElnTVRJc0lNNmF6cmZQaHM2NXo0UE91YzZzSURFME5TQTJOQSUyMTVlMCUyMTNtMiUyMTFzZWwlMjEyc2dyJTIxNHYxNTc3NzY0MTY1NzY4JTIxNW0yJTIxMXNlbCUyMTJzZ3IlMjIlMjB3aWR0aCUzRCUyMjYwMCUyMiUyMGhlaWdodCUzRCUyMjQ1MCUyMiUyMGZyYW1lYm9yZGVyJTNEJTIyMCUyMiUyMHN0eWxlJTNEJTIyYm9yZGVyJTNBMCUzQiUyMiUyMGFsbG93ZnVsbHNjcmVlbiUzRCUyMiUyMiUzRSUzQyUyRmlmcmFtZSUzRQ==\u00a0\u00bb][\/vc_column][vc_column width=\u00a0\u00bb1\/2&Prime;][vc_column_text]<\/p>\n<p style=\"text-align: center;\"><strong>Installation industrielle\u00a0 &#8211; Si\u00e8ge social <\/strong><\/p>\n<p>[\/vc_column_text][vc_gmaps link=\u00a0\u00bb#E-8_JTNDaWZyYW1lJTIwc3JjJTNEJTIyaHR0cHMlM0ElMkYlMkZ3d3cuZ29vZ2xlLmNvbSUyRm1hcHMlMkZlbWJlZCUzRnBiJTNEJTIxMW0xOCUyMTFtMTIlMjExbTMlMjExZDYyNjkuNjQ4NTk1NDQwNTI0JTIxMmQyMy40OTE3OTQ3MjkxMDQwMzYlMjEzZDM4LjIxMzk3NTcxODcyNzU3NSUyMTJtMyUyMTFmMCUyMTJmMCUyMTNmMCUyMTNtMiUyMTFpMTAyNCUyMTJpNzY4JTIxNGYxMy4xJTIxM20zJTIxMW0yJTIxMXMweDE0YTEwNzQ3YWI2NDc2NjMlMjUzQTB4ODEyMWRjZmI4NWYwZGZiYiUyMTJzQ09TTU9TT0xBUiUyNTIwTFREJTIxNWUwJTIxM20yJTIxMXNlbCUyMTJzZ3IlMjE0djE1Nzc3NjQyNDQ3MjAlMjE1bTIlMjExc2VsJTIxMnNnciUyMiUyMHdpZHRoJTNEJTIyNjAwJTIyJTIwaGVpZ2h0JTNEJTIyNDUwJTIyJTIwZnJhbWVib3JkZXIlM0QlMjIwJTIyJTIwc3R5bGUlM0QlMjJib3JkZXIlM0EwJTNCJTIyJTIwYWxsb3dmdWxsc2NyZWVuJTNEJTIyJTIyJTNFJTNDJTJGaWZyYW1lJTNF\u00a0\u00bb][\/vc_column][\/vc_row][vc_row][vc_column][vc_separator][\/vc_column][\/vc_row][vc_row][vc_column width=\u00a0\u00bb1\/2&Prime;][vc_column_text]<\/p>\n<p style=\"text-align: center;\"><strong>Branche Italie<br \/>\n<\/strong><\/p>\n<p>[\/vc_column_text][vc_gmaps link=\u00a0\u00bb#E-8_JTNDaWZyYW1lJTIwc3JjJTNEJTIyaHR0cHMlM0ElMkYlMkZ3d3cuZ29vZ2xlLmNvbSUyRm1hcHMlMkZlbWJlZCUzRnBiJTNEJTIxMW0xOCUyMTFtMTIlMjExbTMlMjExZDI5ODIuOTQxMTA3NDQ4MTk2NCUyMTJkMTMuMjk5MTA2NzE2MDYwMTMyJTIxM2Q0MS42MTM3ODUxNzkyNDQwMSUyMTJtMyUyMTFmMCUyMTJmMCUyMTNmMCUyMTNtMiUyMTFpMTAyNCUyMTJpNzY4JTIxNGYxMy4xJTIxM20zJTIxMW0yJTIxMXMweDEzMjU0NGNlMWZkZmNiMDUlMjUzQTB4NTI1ZDc4ZDRkNzJmMmUzZSUyMTJzVmlhJTI1MjBFY2V0cmElMjUyQyUyNTIwMjglMjUyQyUyNTIwMDMxMDAlMjUyMEZyb3Npbm9uZSUyNTIwRlIlMjUyQyUyNTIwSXRhbHklMjE1ZTAlMjEzbTIlMjExc2VuJTIxMnNnciUyMTR2MTU5OTMyNjYxODU5MyUyMTVtMiUyMTFzZW4lMjEyc2dyJTIyJTIwd2lkdGglM0QlMjI2MDAlMjIlMjBoZWlnaHQlM0QlMjI0NTAlMjIlMjBmcmFtZWJvcmRlciUzRCUyMjAlMjIlMjBzdHlsZSUzRCUyMmJvcmRlciUzQTAlM0IlMjIlMjBhbGxvd2Z1bGxzY3JlZW4lM0QlMjIlMjIlMjBhcmlhLWhpZGRlbiUzRCUyMmZhbHNlJTIyJTIwdGFiaW5kZXglM0QlMjIwJTIyJTNFJTNDJTJGaWZyYW1lJTNF\u00a0\u00bb][\/vc_column][\/vc_row]<\/p>\n<\/div>","protected":false},"excerpt":{"rendered":"<p>[vc_row][vc_column css=\u00a0\u00bb.vc_custom_1494255998128{padding-right: 15px !important;padding-left: 15px !important;}\u00a0\u00bb][vc_separator][\/vc_column][\/vc_row][vc_row full_width=\u00a0\u00bbstretch_row\u00a0\u00bb css=\u00a0\u00bb.vc_custom_1577764083214{margin-bottom: 0px !important;}\u00a0\u00bb][vc_column][vc_column_text css_animation=\u00a0\u00bbfadeIn\u00a0\u00bb] SI\u00c8GE SOCIAL : rue Drey &#8211; Pylh Dervenochorion, Gr\u00e8ce BRANCHE\u00a0 ATH\u00c8NES : 12 Areopoleos, Kifissia PC 14564,Ath\u00e8nes,Gr\u00e8ce T\u00e9l : +30 210 3479414 E-mail : info@cosmosolar.com BRANCHE ITALIE : Cosmosolar Via Ecetra 28 Frosinone 03100, Italie T\u00e9l .: +39077 5188 1314[\/vc_column_text][vc_separator][\/vc_column][\/vc_row][vc_row][vc_column width=\u00a0\u00bb1\/2&Prime;][vc_column_text] Branche Ath\u00e8nes [\/vc_column_text][vc_gmaps [&hellip;]<\/p>\n","protected":false},"author":1,"featured_media":0,"parent":0,"menu_order":0,"comment_status":"closed","ping_status":"closed","template":"","meta":{"footnotes":""},"class_list":["post-8","page","type-page","status-publish","hentry"],"_links":{"self":[{"href":"https:\/\/cosmosolar.com\/fr\/wp-json\/wp\/v2\/pages\/8","targetHints":{"allow":["GET"]}}],"collection":[{"href":"https:\/\/cosmosolar.com\/fr\/wp-json\/wp\/v2\/pages"}],"about":[{"href":"https:\/\/cosmosolar.com\/fr\/wp-json\/wp\/v2\/types\/page"}],"author":[{"embeddable":true,"href":"https:\/\/cosmosolar.com\/fr\/wp-json\/wp\/v2\/users\/1"}],"replies":[{"embeddable":true,"href":"https:\/\/cosmosolar.com\/fr\/wp-json\/wp\/v2\/comments?post=8"}],"version-history":[{"count":42,"href":"https:\/\/cosmosolar.com\/fr\/wp-json\/wp\/v2\/pages\/8\/revisions"}],"predecessor-version":[{"id":2720,"href":"https:\/\/cosmosolar.com\/fr\/wp-json\/wp\/v2\/pages\/8\/revisions\/2720"}],"wp:attachment":[{"href":"https:\/\/cosmosolar.com\/fr\/wp-json\/wp\/v2\/media?parent=8"}],"curies":[{"name":"wp","href":"https:\/\/api.w.org\/{rel}","templated":true}]}}