{"id":1183,"date":"2015-11-27T16:59:22","date_gmt":"2015-11-27T16:59:22","guid":{"rendered":"https:\/\/themes.webdevia.com\/solar-wp\/?page_id=6"},"modified":"2025-10-23T13:09:11","modified_gmt":"2025-10-23T11:09:11","slug":"about-us","status":"publish","type":"page","link":"https:\/\/cosmosolar.com\/fr\/about-us\/","title":{"rendered":"La soci\u00e9t\u00e9"},"content":{"rendered":"<div class=\"wpb-content-wrapper\"><p>[vc_row css=\u00a0\u00bb.vc_custom_1451949788277{margin-top: 100px !important;margin-bottom: 0px !important;}\u00a0\u00bb][vc_column]\r\n\r\n<div class=\" animated \" data-animated=bounceIn>\r\n  <div class=\"large-12 columns  animated  wd-title-section_c\" data-animated=bounceIn>\r\n      <h2>COSMOSOLAR SA<\/h2>\r\n        <h5>PR\u00c9SENCE DYNAMIQUE SUR LE MARCH\u00c9 EUROP\u00c9EN ET MONDIAL DE L'\u00c9NERGIE SOLAIRE<\/h5>\r\n    \r\n  <\/div>\r\n<\/div>\r\n\r\n  \r\n[\/vc_column][\/vc_row][vc_row css=\u00a0\u00bb.vc_custom_1451949798661{margin-top: 0px !important;margin-bottom: 110px !important;}\u00a0\u00bb][vc_column][vc_single_image image=\u00a0\u00bb1368&Prime; img_size=\u00a0\u00bb570&#215;370&Prime; alignment=\u00a0\u00bbcenter\u00a0\u00bb style=\u00a0\u00bbvc_box_shadow\u00a0\u00bb css_animation=\u00a0\u00bbfadeInLeft\u00a0\u00bb][vc_column_text css_animation=\u00a0\u00bbfadeInRight\u00a0\u00bb]<strong>COSMOSOLAR SA <\/strong>a \u00e9t\u00e9 fond\u00e9e en 2005 par Efthymios Spanos, succ\u00e9dant \u00e0 la soci\u00e9t\u00e9 E. Spanos &#8211; Skyland, fond\u00e9e en 1985.<\/p>\n<p>Elle dispose d&rsquo;\u00e9quipements de production modernes\u00a0 et un savoir-faire \u00e9lev\u00e9 :\u00a0 dans des installations priv\u00e9es de 13000 m2, dans la r\u00e9gion de Pyli Dervenochorion, en B\u00e9otie, le but reste toujours les produits solaires thermiques de haute performance .Deux succursales, une \u00e0\u00a0 Ath\u00e8nes, Areopoleos 12 Kifissia, et une \u00e0 Frosinone, en Italie, \u00e9levent les standards de qualit\u00e9, ayant comme priorit\u00e9 la satisfaction du client.<\/p>\n<p>Elle poss\u00e8de l&rsquo;un des plus grands r\u00e9seaux comerciaux\u00a0 en Gr\u00e8ce et des activit\u00e9s d&rsquo;exportation vers l&rsquo;Italie, l&rsquo;Espagne, le Portugal, la France, Malte, Chypre, l&rsquo;Allemagne, l&rsquo;Autriche, la Pologne, la Roumanie, la Croatie, la Serbie, le Mont\u00e9n\u00e9gro, la Bosnie-Herz\u00e9govine, l&rsquo;Albanie,le Maroc, l&rsquo;Alg\u00e9rie, la Tunisie,l&rsquo; Am\u00e9rique centrale,\u00a0 le Chili, l&rsquo;Uruagay, les DROM-COM, l&rsquo; Arabie saoudite, les Emirats Arabes Unis,le Liban, La Jordanie, la Nouvelle-Z\u00e9lande et l&rsquo; Australie.<\/p>\n<p><strong> COSMOSOLAR SA <\/strong>, une des entreprises les plus dynamiques dans le secteur des syst\u00e8mes solaires thermiques , fabrique des capteurs \u00e0 haut rendement et vous propose des solutions compl\u00e8tes pour pouvoir\u00a0 mettre en \u0153uvre tous vos projets: installation de\u00a0 chauffe-eau solaire thermique,\u00a0 syst\u00e8mes centraux \u00e0 circulation forc\u00e9e,support du\u00a0 chauffage avec r\u00e9servoirs d&rsquo;inertie en combinaison avec chaudi\u00e8re fioul, chaudi\u00e8re \u00e9lectrique, chaudi\u00e8re bois, chaudi\u00e8re \u00e0 granul\u00e9s et pompe \u00e0 chaleur , des solutions qui permettent une \u00e9norme \u00e9conomie \u00e9nerg\u00e9tique\u00a0 et qui r\u00e9pondent aux exigences \u00e9lev\u00e9es du march\u00e9 mondial.<\/p>\n<p>Tous les produits sont test\u00e9s et certifi\u00e9s par les\u00a0 plus grands laboratoires grecs et \u00e9trangers et r\u00e9pondent aux normes europ\u00e9ennes les plus strictes. <strong>COSMOSOLAR SA <\/strong>couvre tous les besoins des consommateurs, en gardant\u00a0 comme objectif pour la fabrication de ses\u00a0 produits, leur fonctionnement efficace, \u00e9conomique et toujours\u00a0 \u00e0 la pointe de la technologie. Nos produits r\u00e9pondent aux besoins du march\u00e9 depuis de nombreuses ann\u00e9es, avec des applications dans les m\u00e9nages, les h\u00f4tels, les h\u00f4pitaux, les grands b\u00e2timents publics, les \u00e9coles, les unit\u00e9s industrielles, les locaux commerciaux et partout o\u00f9 il y a\u00a0 n\u00e9cessit\u00e9 d&rsquo; installation de syst\u00e8mes solaires fiables.<\/p>\n<p>Visant \u00e0 \u00e9conomiser l&rsquo;\u00e9nergie, r\u00e9duire la pollution, augmenter l&rsquo;efficacit\u00e9 des syst\u00e8mes solaires thermiques,<strong>COSMOSOLAR SA <\/strong>contribue \u00e0 l&rsquo;effort\u00a0 pour un environnement plus propre .[\/vc_column_text][\/vc_column][\/vc_row]<\/p>\n<\/div>","protected":false},"excerpt":{"rendered":"<p>[vc_row css=\u00a0\u00bb.vc_custom_1451949788277{margin-top: 100px !important;margin-bottom: 0px !important;}\u00a0\u00bb][vc_column][\/vc_column][\/vc_row][vc_row css=\u00a0\u00bb.vc_custom_1451949798661{margin-top: 0px !important;margin-bottom: 110px !important;}\u00a0\u00bb][vc_column][vc_single_image image=\u00a0\u00bb1368&Prime; img_size=\u00a0\u00bb570&#215;370&Prime; alignment=\u00a0\u00bbcenter\u00a0\u00bb style=\u00a0\u00bbvc_box_shadow\u00a0\u00bb css_animation=\u00a0\u00bbfadeInLeft\u00a0\u00bb][vc_column_text css_animation=\u00a0\u00bbfadeInRight\u00a0\u00bb]COSMOSOLAR SA a \u00e9t\u00e9 fond\u00e9e en 2005 par Efthymios Spanos, succ\u00e9dant \u00e0 la soci\u00e9t\u00e9 E. Spanos &#8211; Skyland, fond\u00e9e en 1985. Elle dispose d&rsquo;\u00e9quipements de production modernes\u00a0 et un savoir-faire \u00e9lev\u00e9 :\u00a0 dans des installations priv\u00e9es de 13000 m2, [&hellip;]<\/p>\n","protected":false},"author":1,"featured_media":0,"parent":0,"menu_order":0,"comment_status":"closed","ping_status":"closed","template":"","meta":{"footnotes":""},"class_list":["post-1183","page","type-page","status-publish","hentry"],"_links":{"self":[{"href":"https:\/\/cosmosolar.com\/fr\/wp-json\/wp\/v2\/pages\/1183","targetHints":{"allow":["GET"]}}],"collection":[{"href":"https:\/\/cosmosolar.com\/fr\/wp-json\/wp\/v2\/pages"}],"about":[{"href":"https:\/\/cosmosolar.com\/fr\/wp-json\/wp\/v2\/types\/page"}],"author":[{"embeddable":true,"href":"https:\/\/cosmosolar.com\/fr\/wp-json\/wp\/v2\/users\/1"}],"replies":[{"embeddable":true,"href":"https:\/\/cosmosolar.com\/fr\/wp-json\/wp\/v2\/comments?post=1183"}],"version-history":[{"count":54,"href":"https:\/\/cosmosolar.com\/fr\/wp-json\/wp\/v2\/pages\/1183\/revisions"}],"predecessor-version":[{"id":2727,"href":"https:\/\/cosmosolar.com\/fr\/wp-json\/wp\/v2\/pages\/1183\/revisions\/2727"}],"wp:attachment":[{"href":"https:\/\/cosmosolar.com\/fr\/wp-json\/wp\/v2\/media?parent=1183"}],"curies":[{"name":"wp","href":"https:\/\/api.w.org\/{rel}","templated":true}]}}